{"id":10,"date":"2020-04-27T16:56:30","date_gmt":"2020-04-27T14:56:30","guid":{"rendered":"https:\/\/eramon.de\/?page_id=10"},"modified":"2026-01-30T11:24:47","modified_gmt":"2026-01-30T10:24:47","slug":"netzwerk-management-system-oder-software-fuer-netzwerk-management-eramon","status":"publish","type":"page","link":"https:\/\/eramon.de\/de\/","title":{"rendered":"Home"},"content":{"rendered":"<div class=\"wpb-content-wrapper\"><p>[vc_row full_width=&#8220;stretch_row&#8220; bg_type=&#8220;image&#8220; bg_override=&#8220;full&#8220; css=&#8220;.vc_custom_1613979305376{margin-top: -70px !important;padding-top: 40px !important;padding-bottom: 40px !important;background-position: center !important;background-repeat: no-repeat !important;background-size: cover !important;}&#8220; el_class=&#8220;heading-padding&#8220;][vc_column css=&#8220;.vc_custom_1613404885588{padding-top: 0px !important;}&#8220;][vc_row_inner][vc_column_inner][\/vc_column_inner][\/vc_row_inner][\/vc_column][\/vc_row][vc_row content_placement=&#8220;middle&#8220; bg_type=&#8220;bg_color&#8220; bg_override=&#8220;full&#8220; bg_color_value=&#8220;rgba(214,214,214,0.3)&#8220; el_class=&#8220;single-color-bg&#8220;][vc_column css=&#8220;.vc_custom_1613665583123{padding-bottom: 35px !important;}&#8220;][vc_row_inner][vc_column_inner width=&#8220;1\/2&#8243;]<div class=\"ult-spacer spacer-69e8cc68a276c\" data-id=\"69e8cc68a276c\" data-height=\"25\" data-height-mobile=\"20\" data-height-tab=\"20\" data-height-tab-portrait=\"20\" data-height-mobile-landscape=\"20\" style=\"clear:both;display:block;\"><\/div><div id=\"ultimate-heading-219469e8cc68a27dc\" class=\"uvc-heading ult-adjust-bottom-margin ultimate-heading-219469e8cc68a27dc uvc-8134 \" data-hspacer=\"line_only\"  data-halign=\"left\" style=\"text-align:left\"><div class=\"uvc-main-heading ult-responsive\"  data-ultimate-target='.uvc-heading.ultimate-heading-219469e8cc68a27dc h3'  data-responsive-json-new='{\"font-size\":\"desktop:20px;\",\"line-height\":\"desktop:20px;\"}' ><h3 style=\"--font-weight:theme;color:#000000;margin-bottom:20px;\">Eramon Grundkonzept<\/h3><\/div><div class=\"uvc-heading-spacer line_only\" style=\"margin-bottom:20px;height:2px;\"><span class=\"uvc-headings-line\" style=\"border-style:solid;border-bottom-width:2px;border-color:#cad30b;width:102px;\"><\/span><\/div><\/div>[vc_column_text el_class=&#8220;concept-text&#8220;]<\/p>\n<div class=\"col2 col-xs-12 col-md-6\">\n<div class=\"tiny-html\" style=\"text-align: left;\">\n<p>In einer digitalen Welt sind Datennetzwerke das zentrale Nervensystem. Eines der wichtigsten Elemente stellt dabei das Netzwerk Management System oder Software f\u00fcr Netzwerk Management dar. Hier\u00fcber wird die Funktionalit\u00e4t \u00fcberwacht und gesteuert. Es sollte Hersteller-\u00fcbergreifend sein und m\u00f6glichst viele Funktionen auf einer Plattform abbilden.<\/p>\n<\/div>\n<\/div>\n<p>[\/vc_column_text]<style type=\"text\/css\" data-type=\"the7_shortcodes-inline-css\">#default-btn-2b35a56a83b2bb43151e7cda6afd2f4b.ico-right-side > i {\n  margin-right: 0px;\n  margin-left: 8px;\n}\n#default-btn-2b35a56a83b2bb43151e7cda6afd2f4b > i {\n  margin-right: 8px;\n}<\/style><div class=\"btn-align-left\"><a href=\"\/de\/produkt\/\" class=\"default-btn-shortcode dt-btn dt-btn-m link-hover-off product-button \" id=\"default-btn-2b35a56a83b2bb43151e7cda6afd2f4b\" style=\"width:152px;\" title=\"Das Produkt\"><span>ZUM PRODUKT<\/span><\/a><\/div><div class=\"ult-spacer spacer-69e8cc68a2922\" data-id=\"69e8cc68a2922\" data-height=\"0\" data-height-mobile=\"60\" data-height-tab=\"0\" data-height-tab-portrait=\"0\" data-height-mobile-landscape=\"60\" style=\"clear:both;display:block;\"><\/div>[\/vc_column_inner][\/vc_row_inner][\/vc_column][\/vc_row][vc_row full_width=&#8220;stretch_row&#8220; el_class=&#8220;triangle-bg rm-relative layer-position&#8220;][vc_column][vc_row_inner el_class=&#8220;fcaps-container&#8220;][vc_column_inner width=&#8220;1\/2&#8243;]<div class=\"ult-spacer spacer-69e8cc68a293e\" data-id=\"69e8cc68a293e\" data-height=\"20\" data-height-mobile=\"0\" data-height-tab=\"0\" data-height-tab-portrait=\"0\" data-height-mobile-landscape=\"0\" style=\"clear:both;display:block;\"><\/div>[vc_raw_html el_class=&#8220;fcaps-menu&#8220;]JTVCRkNBUFNfZGUlNUQ=[\/vc_raw_html][\/vc_column_inner][vc_column_inner width=&#8220;1\/2&#8243;]<div class=\"ult-spacer spacer-69e8cc68a2954\" data-id=\"69e8cc68a2954\" data-height=\"30\" data-height-mobile=\"20\" data-height-tab=\"50\" data-height-tab-portrait=\"50\" data-height-mobile-landscape=\"20\" style=\"clear:both;display:block;\"><\/div><div id=\"ultimate-heading-873269e8cc68a2987\" class=\"uvc-heading ult-adjust-bottom-margin ultimate-heading-873269e8cc68a2987 uvc-1932 \" data-hspacer=\"line_only\"  data-halign=\"left\" style=\"text-align:left\"><div class=\"uvc-main-heading ult-responsive\"  data-ultimate-target='.uvc-heading.ultimate-heading-873269e8cc68a2987 h3'  data-responsive-json-new='{\"font-size\":\"desktop:20px;\",\"line-height\":\"desktop:20px;\"}' ><h3 style=\"--font-weight:theme;color:#241f0c;margin-bottom:20px;\">Individuell \u2022 Zuverl\u00e4ssig \u2022 Transparent<\/h3><\/div><div class=\"uvc-heading-spacer line_only\" style=\"margin-bottom:20px;height:2px;\"><span class=\"uvc-headings-line\" style=\"border-style:solid;border-bottom-width:2px;border-color:#cad30b;width:102px;\"><\/span><\/div><\/div>[vc_column_text css=&#8220;&#8220;]Vor diesem Hintergrund wurde ERAMON (Netzwerk Management System oder Software f\u00fcr Netzwerk Management) entwickelt. Anhand des Unified Netzwerk Management Ansatzes, vereinfachen sich die entsprechenden Prozesse und steigern damit die Verf\u00fcgbarkeit und die Betriebssicherheit. Das Wechseln zwischen verschiedenen Anwendungen entf\u00e4llt.<\/p>\n<p>Komplexe Aufgaben wie <a href=\"https:\/\/de.wikipedia.org\/wiki\/St%C3%B6rungsmanagement\">Fault Management<\/a>, <a href=\"https:\/\/de.wikipedia.org\/wiki\/Konfigurationsmanagement\">Configuration Management<\/a>, <a href=\"https:\/\/en.wikipedia.org\/wiki\/Management_accounting\">Accounting Management<\/a>, <a href=\"https:\/\/eramon.de\/de\/produkt\/anwendungsmodule\/performance-management\/\">Performance Management<\/a> und <a href=\"https:\/\/de.wikipedia.org\/wiki\/Sicherheitsmanagement\">Security Management<\/a> sind auf der ERAMON Plattform integriert und transparent darstellbar. Dadurch wird die Arbeit der verantwortlichen IT-Administratoren erheblich erleichtert. Individuell erforderliche Anpassungen sind jederzeit m\u00f6glich.[\/vc_column_text][\/vc_column_inner][\/vc_row_inner][vc_single_image image=&#8220;1429&#8243; img_size=&#8220;1152&#215;951&#8243; image_hovers=&#8220;false&#8220; el_class=&#8220;triangle-bg-img&#8220;][\/vc_column][\/vc_row][vc_row][vc_column]<div class=\"ult-spacer spacer-69e8cc68a29c1\" data-id=\"69e8cc68a29c1\" data-height=\"100\" data-height-mobile=\"50\" data-height-tab=\"100\" data-height-tab-portrait=\"100\" data-height-mobile-landscape=\"50\" style=\"clear:both;display:block;\"><\/div><div id=\"ultimate-heading-165569e8cc68a29ec\" class=\"uvc-heading ult-adjust-bottom-margin ultimate-heading-165569e8cc68a29ec uvc-9276 \" data-hspacer=\"line_only\"  data-halign=\"center\" style=\"text-align:center\"><div class=\"uvc-main-heading ult-responsive\"  data-ultimate-target='.uvc-heading.ultimate-heading-165569e8cc68a29ec h3'  data-responsive-json-new='{\"font-size\":\"desktop:20px;\",\"line-height\":\"desktop:20px;\"}' ><h3 style=\"--font-weight:theme;color:#241f0c;margin-bottom:20px;\">Zertifiziert und Zuverl\u00e4ssig<\/h3><\/div><div class=\"uvc-heading-spacer line_only\" style=\"margin-bottom:32px;height:2px;\"><span class=\"uvc-headings-line\" style=\"border-style:solid;border-bottom-width:2px;border-color:#cad30b;width:102px;\"><\/span><\/div><\/div>[\/vc_column][\/vc_row][vc_row][vc_column width=&#8220;1\/2&#8243;][vc_column_text css=&#8220;.vc_custom_1719914517719{padding-top: 30px !important;padding-bottom: 30px !important;}&#8220;]Die Zertifizierungen nach ISO 9001 und ISO 27001 unterstreichen unsere Bestrebungen nach Qualit\u00e4t und Sicherheit f\u00fcr unsere Kunden.[\/vc_column_text][\/vc_column][vc_column width=&#8220;1\/2&#8243;][vc_single_image image=&#8220;2859&#8243; img_size=&#8220;full&#8220; alignment=&#8220;center&#8220; css=&#8220;&#8220; image_hovers=&#8220;false&#8220;][\/vc_column][\/vc_row][vc_row content_placement=&#8220;middle&#8220; css=&#8220;.vc_custom_1613581074313{padding-bottom: 50px !important;}&#8220;][vc_column]<div class=\"ult-spacer spacer-69e8cc68a2a1a\" data-id=\"69e8cc68a2a1a\" data-height=\"100\" data-height-mobile=\"50\" data-height-tab=\"100\" data-height-tab-portrait=\"100\" data-height-mobile-landscape=\"50\" style=\"clear:both;display:block;\"><\/div><div id=\"ultimate-heading-582469e8cc68a2a41\" class=\"uvc-heading ult-adjust-bottom-margin ultimate-heading-582469e8cc68a2a41 uvc-4025 \" data-hspacer=\"line_only\"  data-halign=\"center\" style=\"text-align:center\"><div class=\"uvc-main-heading ult-responsive\"  data-ultimate-target='.uvc-heading.ultimate-heading-582469e8cc68a2a41 h3'  data-responsive-json-new='{\"font-size\":\"desktop:20px;\",\"line-height\":\"desktop:20px;\"}' ><h3 style=\"--font-weight:theme;color:#241f0c;margin-bottom:20px;\">Kunden die bereits auf ERAMON vertrauen<\/h3><\/div><div class=\"uvc-heading-spacer line_only\" style=\"margin-bottom:32px;height:2px;\"><span class=\"uvc-headings-line\" style=\"border-style:solid;border-bottom-width:2px;border-color:#cad30b;width:102px;\"><\/span><\/div><\/div>[vc_row_inner][vc_column_inner width=&#8220;1\/3&#8243;][vc_single_image image=&#8220;392&#8243; img_size=&#8220;full&#8220; alignment=&#8220;center&#8220; el_class=&#8220;referenz&#8220;][\/vc_column_inner][vc_column_inner width=&#8220;1\/3&#8243;]<div class=\"ult-spacer spacer-69e8cc68a2a6c\" data-id=\"69e8cc68a2a6c\" data-height=\"0\" data-height-mobile=\"20\" data-height-tab=\"0\" data-height-tab-portrait=\"0\" data-height-mobile-landscape=\"20\" style=\"clear:both;display:block;\"><\/div>[vc_single_image image=&#8220;2007&#8243; img_size=&#8220;medium&#8220; alignment=&#8220;center&#8220; el_class=&#8220;referenz&#8220;][\/vc_column_inner][vc_column_inner width=&#8220;1\/3&#8243;]<div class=\"ult-spacer spacer-69e8cc68a2a7f\" data-id=\"69e8cc68a2a7f\" data-height=\"0\" data-height-mobile=\"20\" data-height-tab=\"20\" data-height-tab-portrait=\"20\" data-height-mobile-landscape=\"20\" style=\"clear:both;display:block;\"><\/div>[vc_single_image image=&#8220;993&#8243; img_size=&#8220;full&#8220; alignment=&#8220;center&#8220; el_class=&#8220;referenz&#8220;][\/vc_column_inner][\/vc_row_inner][vc_empty_space height=&#8220;46px&#8220;][vc_column_text]<\/p>\n<div class=\"col2 col-xs-12 col-md-6\">\n<div class=\"tiny-html\" style=\"text-align: center;\"><a href=\"\/de\/referenzen\/\">Sehen Sie sich hier weitere Referenzen an. &gt;&gt;<\/a><\/div>\n<\/div>\n<p>[\/vc_column_text][\/vc_column][\/vc_row]<\/p>\n<\/div>","protected":false},"excerpt":{"rendered":"<p>[vc_row full_width=&#8220;stretch_row&#8220; bg_type=&#8220;image&#8220; bg_override=&#8220;full&#8220; css=&#8220;.vc_custom_1613979305376{margin-top: -70px !important;padding-top: 40px !important;padding-bottom: 40px !important;background-position: center !important;background-repeat: no-repeat !important;background-size: cover !important;}&#8220; el_class=&#8220;heading-padding&#8220;][vc_column css=&#8220;.vc_custom_1613404885588{padding-top: 0px !important;}&#8220;][vc_row_inner][vc_column_inner][\/vc_column_inner][\/vc_row_inner][\/vc_column][\/vc_row][vc_row content_placement=&#8220;middle&#8220; bg_type=&#8220;bg_color&#8220; bg_override=&#8220;full&#8220; bg_color_value=&#8220;rgba(214,214,214,0.3)&#8220; el_class=&#8220;single-color-bg&#8220;][vc_column css=&#8220;.vc_custom_1613665583123{padding-bottom: 35px !important;}&#8220;][vc_row_inner][vc_column_inner width=&#8220;1\/2&#8243;][vc_column_text el_class=&#8220;concept-text&#8220;] In einer digitalen Welt sind Datennetzwerke das zentrale Nervensystem. Eines der wichtigsten Elemente stellt dabei das Netzwerk Management System oder Software f\u00fcr Netzwerk Management&hellip;<\/p>\n","protected":false},"author":2,"featured_media":1455,"parent":0,"menu_order":0,"comment_status":"closed","ping_status":"closed","template":"","meta":{"_monsterinsights_skip_tracking":false,"_monsterinsights_sitenote_active":false,"_monsterinsights_sitenote_note":"","_monsterinsights_sitenote_category":0,"footnotes":""},"class_list":["post-10","page","type-page","status-publish","has-post-thumbnail","hentry","description-off"],"yoast_head":"<!-- This site is optimized with the Yoast SEO plugin v27.4 - https:\/\/yoast.com\/product\/yoast-seo-wordpress\/ -->\n<title>Netzwerk Management System | Software Netzwerk Management<\/title>\n<meta name=\"description\" content=\"ERAMON das integrierte und homogene Netzwerk Management System oder Software f\u00fcr Netzwerk Management. f\u00fcr WAN-\/LAN- &amp; IT-Infrastrukturen.\" \/>\n<meta name=\"robots\" content=\"index, follow, max-snippet:-1, max-image-preview:large, max-video-preview:-1\" \/>\n<link rel=\"canonical\" href=\"https:\/\/eramon.de\/de\/\" \/>\n<meta property=\"og:locale\" content=\"de_DE\" \/>\n<meta property=\"og:type\" content=\"article\" \/>\n<meta property=\"og:title\" content=\"Software f\u00fcr Netzwerkmanagement-Systeme | ERAMON GmbH\" \/>\n<meta property=\"og:description\" content=\"ERAMON bietet individuelle Netzwerkmanagement-L\u00f6sungen und Support f\u00fcr WAN-\/LAN- &amp; IT-Infrastrukturen durch flexible und schl\u00fcsselfertige Module\" \/>\n<meta property=\"og:url\" content=\"https:\/\/eramon.de\/de\/\" \/>\n<meta property=\"og:site_name\" content=\"ERAMON\" \/>\n<meta property=\"article:modified_time\" content=\"2026-01-30T10:24:47+00:00\" \/>\n<meta property=\"og:image\" content=\"https:\/\/eramon.de\/wp-content\/uploads\/2021\/02\/eramon-logo@2x-2.png\" \/>\n\t<meta property=\"og:image:width\" content=\"612\" \/>\n\t<meta property=\"og:image:height\" content=\"224\" \/>\n\t<meta property=\"og:image:type\" content=\"image\/png\" \/>\n<meta name=\"twitter:card\" content=\"summary_large_image\" \/>\n<meta name=\"twitter:title\" content=\"Software f\u00fcr Netzwerkmanagement-Systeme | ERAMON GmbH\" \/>\n<meta name=\"twitter:description\" content=\"ERAMON bietet individuelle Netzwerkmanagement-L\u00f6sungen und Support f\u00fcr WAN-\/LAN- &amp; IT-Infrastrukturen durch flexible und schl\u00fcsselfertige Module\" \/>\n<meta name=\"twitter:label1\" content=\"Gesch\u00e4tzte Lesezeit\" \/>\n\t<meta name=\"twitter:data1\" content=\"7\u00a0Minuten\" \/>\n<script type=\"application\/ld+json\" class=\"yoast-schema-graph\">{\"@context\":\"https:\\\/\\\/schema.org\",\"@graph\":[{\"@type\":\"WebPage\",\"@id\":\"https:\\\/\\\/eramon.de\\\/de\\\/\",\"url\":\"https:\\\/\\\/eramon.de\\\/de\\\/\",\"name\":\"Netzwerk Management System | Software Netzwerk Management\",\"isPartOf\":{\"@id\":\"https:\\\/\\\/eramon.de\\\/de\\\/#website\"},\"primaryImageOfPage\":{\"@id\":\"https:\\\/\\\/eramon.de\\\/de\\\/#primaryimage\"},\"image\":{\"@id\":\"https:\\\/\\\/eramon.de\\\/de\\\/#primaryimage\"},\"thumbnailUrl\":\"https:\\\/\\\/eramon.de\\\/wp-content\\\/uploads\\\/2021\\\/02\\\/eramon-logo@2x-2.png\",\"datePublished\":\"2020-04-27T14:56:30+00:00\",\"dateModified\":\"2026-01-30T10:24:47+00:00\",\"description\":\"ERAMON das integrierte und homogene Netzwerk Management System oder Software f\u00fcr Netzwerk Management. f\u00fcr WAN-\\\/LAN- & IT-Infrastrukturen.\",\"breadcrumb\":{\"@id\":\"https:\\\/\\\/eramon.de\\\/de\\\/#breadcrumb\"},\"inLanguage\":\"de\",\"potentialAction\":[{\"@type\":\"ReadAction\",\"target\":[\"https:\\\/\\\/eramon.de\\\/de\\\/\"]}]},{\"@type\":\"ImageObject\",\"inLanguage\":\"de\",\"@id\":\"https:\\\/\\\/eramon.de\\\/de\\\/#primaryimage\",\"url\":\"https:\\\/\\\/eramon.de\\\/wp-content\\\/uploads\\\/2021\\\/02\\\/eramon-logo@2x-2.png\",\"contentUrl\":\"https:\\\/\\\/eramon.de\\\/wp-content\\\/uploads\\\/2021\\\/02\\\/eramon-logo@2x-2.png\",\"width\":612,\"height\":224,\"caption\":\"Netzwerk Management System oder Software f\u00fcr Netzwerk Management\"},{\"@type\":\"BreadcrumbList\",\"@id\":\"https:\\\/\\\/eramon.de\\\/de\\\/#breadcrumb\",\"itemListElement\":[{\"@type\":\"ListItem\",\"position\":1,\"name\":\"Startseite\",\"item\":\"https:\\\/\\\/eramon.de\\\/de\\\/\"},{\"@type\":\"ListItem\",\"position\":2,\"name\":\"Home\"}]},{\"@type\":\"WebSite\",\"@id\":\"https:\\\/\\\/eramon.de\\\/de\\\/#website\",\"url\":\"https:\\\/\\\/eramon.de\\\/de\\\/\",\"name\":\"ERAMON\",\"description\":\"Network Management\",\"publisher\":{\"@id\":\"https:\\\/\\\/eramon.de\\\/de\\\/#organization\"},\"potentialAction\":[{\"@type\":\"SearchAction\",\"target\":{\"@type\":\"EntryPoint\",\"urlTemplate\":\"https:\\\/\\\/eramon.de\\\/de\\\/?s={search_term_string}\"},\"query-input\":{\"@type\":\"PropertyValueSpecification\",\"valueRequired\":true,\"valueName\":\"search_term_string\"}}],\"inLanguage\":\"de\"},{\"@type\":\"Organization\",\"@id\":\"https:\\\/\\\/eramon.de\\\/de\\\/#organization\",\"name\":\"ERAMON GmbH\",\"url\":\"https:\\\/\\\/eramon.de\\\/de\\\/\",\"logo\":{\"@type\":\"ImageObject\",\"inLanguage\":\"de\",\"@id\":\"https:\\\/\\\/eramon.de\\\/de\\\/#\\\/schema\\\/logo\\\/image\\\/\",\"url\":\"https:\\\/\\\/eramon.de\\\/wp-content\\\/uploads\\\/2021\\\/02\\\/eramon-logo@2x-2.png\",\"contentUrl\":\"https:\\\/\\\/eramon.de\\\/wp-content\\\/uploads\\\/2021\\\/02\\\/eramon-logo@2x-2.png\",\"width\":612,\"height\":224,\"caption\":\"ERAMON GmbH\"},\"image\":{\"@id\":\"https:\\\/\\\/eramon.de\\\/de\\\/#\\\/schema\\\/logo\\\/image\\\/\"},\"sameAs\":[\"https:\\\/\\\/www.linkedin.com\\\/company\\\/eramon-gmbh\\\/\"]}]}<\/script>\n<!-- \/ Yoast SEO plugin. -->","yoast_head_json":{"title":"Netzwerk Management System | Software Netzwerk Management","description":"ERAMON das integrierte und homogene Netzwerk Management System oder Software f\u00fcr Netzwerk Management. f\u00fcr WAN-\/LAN- & IT-Infrastrukturen.","robots":{"index":"index","follow":"follow","max-snippet":"max-snippet:-1","max-image-preview":"max-image-preview:large","max-video-preview":"max-video-preview:-1"},"canonical":"https:\/\/eramon.de\/de\/","og_locale":"de_DE","og_type":"article","og_title":"Software f\u00fcr Netzwerkmanagement-Systeme | ERAMON GmbH","og_description":"ERAMON bietet individuelle Netzwerkmanagement-L\u00f6sungen und Support f\u00fcr WAN-\/LAN- & IT-Infrastrukturen durch flexible und schl\u00fcsselfertige Module","og_url":"https:\/\/eramon.de\/de\/","og_site_name":"ERAMON","article_modified_time":"2026-01-30T10:24:47+00:00","og_image":[{"width":612,"height":224,"url":"https:\/\/eramon.de\/wp-content\/uploads\/2021\/02\/eramon-logo@2x-2.png","type":"image\/png"}],"twitter_card":"summary_large_image","twitter_title":"Software f\u00fcr Netzwerkmanagement-Systeme | ERAMON GmbH","twitter_description":"ERAMON bietet individuelle Netzwerkmanagement-L\u00f6sungen und Support f\u00fcr WAN-\/LAN- & IT-Infrastrukturen durch flexible und schl\u00fcsselfertige Module","twitter_misc":{"Gesch\u00e4tzte Lesezeit":"7\u00a0Minuten"},"schema":{"@context":"https:\/\/schema.org","@graph":[{"@type":"WebPage","@id":"https:\/\/eramon.de\/de\/","url":"https:\/\/eramon.de\/de\/","name":"Netzwerk Management System | Software Netzwerk Management","isPartOf":{"@id":"https:\/\/eramon.de\/de\/#website"},"primaryImageOfPage":{"@id":"https:\/\/eramon.de\/de\/#primaryimage"},"image":{"@id":"https:\/\/eramon.de\/de\/#primaryimage"},"thumbnailUrl":"https:\/\/eramon.de\/wp-content\/uploads\/2021\/02\/eramon-logo@2x-2.png","datePublished":"2020-04-27T14:56:30+00:00","dateModified":"2026-01-30T10:24:47+00:00","description":"ERAMON das integrierte und homogene Netzwerk Management System oder Software f\u00fcr Netzwerk Management. f\u00fcr WAN-\/LAN- & IT-Infrastrukturen.","breadcrumb":{"@id":"https:\/\/eramon.de\/de\/#breadcrumb"},"inLanguage":"de","potentialAction":[{"@type":"ReadAction","target":["https:\/\/eramon.de\/de\/"]}]},{"@type":"ImageObject","inLanguage":"de","@id":"https:\/\/eramon.de\/de\/#primaryimage","url":"https:\/\/eramon.de\/wp-content\/uploads\/2021\/02\/eramon-logo@2x-2.png","contentUrl":"https:\/\/eramon.de\/wp-content\/uploads\/2021\/02\/eramon-logo@2x-2.png","width":612,"height":224,"caption":"Netzwerk Management System oder Software f\u00fcr Netzwerk Management"},{"@type":"BreadcrumbList","@id":"https:\/\/eramon.de\/de\/#breadcrumb","itemListElement":[{"@type":"ListItem","position":1,"name":"Startseite","item":"https:\/\/eramon.de\/de\/"},{"@type":"ListItem","position":2,"name":"Home"}]},{"@type":"WebSite","@id":"https:\/\/eramon.de\/de\/#website","url":"https:\/\/eramon.de\/de\/","name":"ERAMON","description":"Network Management","publisher":{"@id":"https:\/\/eramon.de\/de\/#organization"},"potentialAction":[{"@type":"SearchAction","target":{"@type":"EntryPoint","urlTemplate":"https:\/\/eramon.de\/de\/?s={search_term_string}"},"query-input":{"@type":"PropertyValueSpecification","valueRequired":true,"valueName":"search_term_string"}}],"inLanguage":"de"},{"@type":"Organization","@id":"https:\/\/eramon.de\/de\/#organization","name":"ERAMON GmbH","url":"https:\/\/eramon.de\/de\/","logo":{"@type":"ImageObject","inLanguage":"de","@id":"https:\/\/eramon.de\/de\/#\/schema\/logo\/image\/","url":"https:\/\/eramon.de\/wp-content\/uploads\/2021\/02\/eramon-logo@2x-2.png","contentUrl":"https:\/\/eramon.de\/wp-content\/uploads\/2021\/02\/eramon-logo@2x-2.png","width":612,"height":224,"caption":"ERAMON GmbH"},"image":{"@id":"https:\/\/eramon.de\/de\/#\/schema\/logo\/image\/"},"sameAs":["https:\/\/www.linkedin.com\/company\/eramon-gmbh\/"]}]}},"_links":{"self":[{"href":"https:\/\/eramon.de\/de\/wp-json\/wp\/v2\/pages\/10","targetHints":{"allow":["GET"]}}],"collection":[{"href":"https:\/\/eramon.de\/de\/wp-json\/wp\/v2\/pages"}],"about":[{"href":"https:\/\/eramon.de\/de\/wp-json\/wp\/v2\/types\/page"}],"author":[{"embeddable":true,"href":"https:\/\/eramon.de\/de\/wp-json\/wp\/v2\/users\/2"}],"replies":[{"embeddable":true,"href":"https:\/\/eramon.de\/de\/wp-json\/wp\/v2\/comments?post=10"}],"version-history":[{"count":60,"href":"https:\/\/eramon.de\/de\/wp-json\/wp\/v2\/pages\/10\/revisions"}],"predecessor-version":[{"id":3514,"href":"https:\/\/eramon.de\/de\/wp-json\/wp\/v2\/pages\/10\/revisions\/3514"}],"wp:featuredmedia":[{"embeddable":true,"href":"https:\/\/eramon.de\/de\/wp-json\/wp\/v2\/media\/1455"}],"wp:attachment":[{"href":"https:\/\/eramon.de\/de\/wp-json\/wp\/v2\/media?parent=10"}],"curies":[{"name":"wp","href":"https:\/\/api.w.org\/{rel}","templated":true}]}}