{"id":1001,"date":"2021-02-23T17:32:33","date_gmt":"2021-02-23T16:32:33","guid":{"rendered":"https:\/\/eramon.de\/?page_id=1001"},"modified":"2024-11-15T10:54:03","modified_gmt":"2024-11-15T09:54:03","slug":"news","status":"publish","type":"page","link":"https:\/\/eramon.de\/de\/news\/","title":{"rendered":"News"},"content":{"rendered":"<div class=\"wpb-content-wrapper\"><p>[vc_row][vc_column]<div id=\"ultimate-heading-783569eb84636a72e\" class=\"uvc-heading ult-adjust-bottom-margin ultimate-heading-783569eb84636a72e uvc-9380 \" data-hspacer=\"line_only\"  data-halign=\"left\" style=\"text-align:left\"><div class=\"uvc-main-heading ult-responsive\"  data-ultimate-target='.uvc-heading.ultimate-heading-783569eb84636a72e h1'  data-responsive-json-new='{\"font-size\":\"desktop:25px;\",\"line-height\":\"desktop:25px;\"}' ><h1 style=\"--font-weight:theme;color:#241f0c;margin-bottom:20px;\">News und Pressemitteilungen<\/h1><\/div><div class=\"uvc-heading-spacer line_only\" style=\"margin-bottom:32px;height:2px;\"><span class=\"uvc-headings-line\" style=\"border-style:solid;border-bottom-width:2px;border-color:#cad30b;width:102px;\"><\/span><\/div><\/div>[\/vc_column][\/vc_row][vc_row full_height=&#8220;yes&#8220; columns_placement=&#8220;top&#8220; equal_height=&#8220;yes&#8220;][vc_column width=&#8220;1\/3&#8243;]<div class=\"ult-spacer spacer-69eb84636a80e\" data-id=\"69eb84636a80e\" data-height=\"50\" data-height-mobile=\"10\" data-height-tab=\"10\" data-height-tab-portrait=\"10\" data-height-mobile-landscape=\"10\" style=\"clear:both;display:block;\"><\/div>[vc_single_image image=&#8220;2859&#8243; img_size=&#8220;full&#8220; alignment=&#8220;center&#8220; onclick=&#8220;custom_link&#8220; css=&#8220;&#8220; image_hovers=&#8220;false&#8220; link=&#8220;https:\/\/eramon.de\/de\/iso-9001-und-iso-27001-zertifizierungen\/&#8220;]<div class=\"ult-spacer spacer-69eb84636a86c\" data-id=\"69eb84636a86c\" data-height=\"50\" data-height-mobile=\"10\" data-height-tab=\"10\" data-height-tab-portrait=\"10\" data-height-mobile-landscape=\"10\" style=\"clear:both;display:block;\"><\/div>[vc_cta h2=&#8220;ISO 9001 und ISO 27001 Zertifizierungen&#8220; shape=&#8220;square&#8220; add_button=&#8220;bottom&#8220; btn_title=&#8220;Mehr erfahren&#8220; btn_shape=&#8220;round&#8220; btn_align=&#8220;left&#8220; btn_i_align=&#8220;right&#8220; btn_i_icon_fontawesome=&#8220;fas fa-angle-right&#8220; css=&#8220;.vc_custom_1731664259914{margin-top: -30px !important;}&#8220; btn_add_icon=&#8220;true&#8220; btn_link=&#8220;url:https%3A%2F%2Feramon.de%2Fde%2Fiso-9001-und-iso-27001-zertifizierungen%2F|title:ISO%209001%20und%20ISO%2027001%20Zertifizierungen&#8220;]<span class=\"outlook-search-highlight\" data-markjs=\"true\"><strong>Augsburg, den 08. Juli 2024<\/strong> &#8211; Der Netzwerkmanagement-Spezialist ERAMON<\/span>\u00a0gibt bekannt, dass das Unternehmen offiziell nach den internationalen Standards ISO 9001 und ISO 27001 zertifiziert ist.[\/vc_cta][\/vc_column][vc_column width=&#8220;1\/3&#8243;][vc_single_image image=&#8220;2549&#8243; img_size=&#8220;380&#215;240&#8243; alignment=&#8220;center&#8220; onclick=&#8220;custom_link&#8220; image_hovers=&#8220;false&#8220; link=&#8220;https:\/\/eramon.de\/de\/eramon-fuer-den-eaward-2023-nominiert\/&#8220;][vc_cta h2=&#8220;ERAMON f\u00fcr den eAWARD 2023 nominiert&#8220; shape=&#8220;square&#8220; add_button=&#8220;bottom&#8220; btn_title=&#8220;Mehr erfahren&#8220; btn_shape=&#8220;round&#8220; btn_align=&#8220;left&#8220; btn_i_align=&#8220;right&#8220; btn_i_icon_fontawesome=&#8220;fas fa-angle-right&#8220; css=&#8220;.vc_custom_1694081685827{margin-top: -30px !important;}&#8220; btn_add_icon=&#8220;true&#8220; btn_link=&#8220;url:https%3A%2F%2Feramon.de%2Fde%2Feramon-fuer-den-eaward-2023-nominiert%2F|title:ERAMON%20f%C3%BCr%20den%20eAWARD%202023%20nominiert&#8220;]<strong>Augsburg, den 07. September 2023 &#8211;<\/strong> ERAMON erh\u00e4lt Nominierung f\u00fcr den eAWARD 2023 in der Kategorie &#8222;Services und Prozesse&#8220; \u2013 Besondere Anerkennung f\u00fcr das Projekt &#8222;Premium Reporting&#8220;[\/vc_cta][\/vc_column][vc_column width=&#8220;1\/3&#8243;][vc_single_image image=&#8220;2165&#8243; img_size=&#8220;380&#215;240&#8243; alignment=&#8220;center&#8220; onclick=&#8220;custom_link&#8220; image_hovers=&#8220;false&#8220; link=&#8220;https:\/\/eramon.de\/de\/eramon-premium-reporting-uebersichtlich-zielgerichtet-und-kompatibel-mit-allen-etablierten-netzwerkherstellern\/&#8220;][vc_cta h2=&#8220;ERAMON Premium Reporting \u2013 \u00dcbersichtlich, zielgerichtet und kompatibel mit allen etablierten Netzwerkherstellern&#8220; shape=&#8220;square&#8220; add_button=&#8220;bottom&#8220; btn_title=&#8220;Mehr erfahren&#8220; btn_shape=&#8220;round&#8220; btn_align=&#8220;left&#8220; btn_i_align=&#8220;right&#8220; btn_i_icon_fontawesome=&#8220;fas fa-angle-right&#8220; css=&#8220;.vc_custom_1684760216414{margin-top: -30px !important;}&#8220; btn_add_icon=&#8220;true&#8220; btn_link=&#8220;url:https%3A%2F%2Feramon.de%2Fde%2Feramon-premium-reporting-uebersichtlich-zielgerichtet-und-kompatibel-mit-allen-etablierten-netzwerkherstellern%2F|title:ERAMON%20Premium%20Reporting%20%E2%80%93%20%C3%9Cbersichtlich%2C%20zielgerichtet%20und%20kompatibel%20mit%20allen%20etablierten%20Netzwerkherstellern&#8220;]<strong>Augsburg, den 22.05.2023 &#8211;<\/strong> Die \u00dcbersicht zu behalten ist das A und O beim Netzwerkmanagement. Dabei kommt es nicht nur auf Aktualit\u00e4t und Qualit\u00e4t der Daten an. Um eine aussagekr\u00e4ftige Analyse aller Netzwerkmetriken und -aktivit\u00e4ten zu erstellen, spielt die Zusammensetzung und Darstellung aller eingehenden Messwerte eine entscheidende Rolle.[\/vc_cta][\/vc_column][\/vc_row][vc_row full_height=&#8220;yes&#8220; columns_placement=&#8220;top&#8220; equal_height=&#8220;yes&#8220;][vc_column width=&#8220;1\/3&#8243;][vc_single_image image=&#8220;2180&#8243; img_size=&#8220;380&#215;240&#8243; alignment=&#8220;center&#8220; onclick=&#8220;custom_link&#8220; css=&#8220;&#8220; image_hovers=&#8220;false&#8220; link=&#8220;https:\/\/eramon.de\/de\/eramon-3-0-netzwerkmanagement-loesung-bietet-neue-features-und-brandneues-design\/&#8220;][vc_cta h2=&#8220;ERAMON 3.0 &#8211; Netzwerkmanagement-L\u00f6sung bietet neue Features und brandneues Design&#8220; shape=&#8220;square&#8220; add_button=&#8220;bottom&#8220; btn_title=&#8220;Mehr erfahren&#8220; btn_shape=&#8220;round&#8220; btn_align=&#8220;left&#8220; btn_i_align=&#8220;right&#8220; btn_i_icon_fontawesome=&#8220;fas fa-angle-right&#8220; css=&#8220;.vc_custom_1683295938441{margin-top: -30px !important;}&#8220; btn_add_icon=&#8220;true&#8220; btn_link=&#8220;url:https%3A%2F%2Feramon.de%2Fde%2Feramon-3-0-netzwerkmanagement-loesung-bietet-neue-features-und-brandneues-design%2F|title:ERAMON%203.0%20-%20Netzwerkmanagement-L%C3%B6sung%20bietet%20neue%20Features%20und%20brandneues%20Design&#8220;]<strong>Augsburg, den 23.03.2023 \u2013 <\/strong>ERAMON, der Augsburger Experte f\u00fcr hersteller-\u00fcbergreifendes Netzwerkmanagement, hat seine bew\u00e4hrte Software mit neuen Features und einem modernen Design erweitert.[\/vc_cta][\/vc_column][vc_column width=&#8220;1\/3&#8243;][vc_single_image image=&#8220;1846&#8243; img_size=&#8220;380&#215;240&#8243; alignment=&#8220;center&#8220; onclick=&#8220;custom_link&#8220; css=&#8220;&#8220; image_hovers=&#8220;false&#8220; link=&#8220;https:\/\/eramon.de\/de\/cisco-sicherheitsluecke-schliessen\/&#8220;][vc_cta h2=&#8220;Patches f\u00fcr Cisco-Router: Sicherheitsl\u00fccken schlie\u00dfen mit einem guten Netzwerkmanagement&#8220; shape=&#8220;square&#8220; add_button=&#8220;bottom&#8220; btn_title=&#8220;Mehr erfahren&#8220; btn_shape=&#8220;round&#8220; btn_align=&#8220;left&#8220; btn_i_align=&#8220;right&#8220; btn_i_icon_fontawesome=&#8220;fas fa-angle-right&#8220; css=&#8220;.vc_custom_1729794458964{margin-top: -30px !important;}&#8220; btn_add_icon=&#8220;true&#8220; btn_link=&#8220;url:https%3A%2F%2Feramon.de%2Fde%2Fcisco-sicherheitsluecke-schliessen%2F|title:Patches%20f%C3%BCr%20Cisco-Router%3A%20Sicherheitsl%C3%BCcken%20schlie%C3%9Fen%20mit%20einem%20guten%20Netzwerkmanagement&#8220;]<strong>Augsburg, den 06.08.2021 \u2013 <\/strong>Der Netzwerkger\u00e4tehersteller Cisco hat gestern einen Patch f\u00fcr einige Router der \u201eSmall Business\u201c-Serie herausgegeben. Der Patch schlie\u00dft eine Sicherheitsl\u00fccke.[\/vc_cta][\/vc_column][vc_column width=&#8220;1\/3&#8243;][vc_single_image image=&#8220;1669&#8243; img_size=&#8220;380&#215;240&#8243; alignment=&#8220;center&#8220; onclick=&#8220;custom_link&#8220; image_hovers=&#8220;false&#8220; link=&#8220;https:\/\/eramon.de\/de\/eramon-tritt-dem-bundesverband-breitbandkommunikation-e-v-breko-bei\/&#8220;][vc_cta h2=&#8220;ERAMON tritt Bundesverband Breitbandkommunikation e.V. (BREKO) bei&#8220; shape=&#8220;square&#8220; add_button=&#8220;bottom&#8220; btn_title=&#8220;Mehr erfahren&#8220; btn_shape=&#8220;round&#8220; btn_align=&#8220;left&#8220; btn_i_align=&#8220;right&#8220; btn_i_icon_fontawesome=&#8220;fas fa-angle-right&#8220; css=&#8220;.vc_custom_1629299955034{margin-top: -30px !important;}&#8220; btn_add_icon=&#8220;true&#8220; btn_link=&#8220;url:https%3A%2F%2Feramon.de%2Fde%2Feramon-tritt-dem-bundesverband-breitbandkommunikation-e-v-breko-bei%2F|title:ERAMON%20tritt%20dem%20BREKO%20Verband%20bei&#8220;]<strong>Augsburg, den 29. April 2021 &#8211; <\/strong>Der Glasfaserausbau ist eines der wichtigsten und zukunftstr\u00e4chtigsten Projekte der Digitalisierung in Deutschland. Daher ist es f\u00fcr ERAMON ein folgerichtiger Schritt.[\/vc_cta][\/vc_column][\/vc_row][vc_row full_height=&#8220;yes&#8220; columns_placement=&#8220;top&#8220; equal_height=&#8220;yes&#8220;][vc_column width=&#8220;1\/3&#8243;][vc_single_image image=&#8220;1540&#8243; img_size=&#8220;380&#215;240&#8243; alignment=&#8220;center&#8220; onclick=&#8220;custom_link&#8220; image_hovers=&#8220;false&#8220; link=&#8220;https:\/\/eramon.de\/de\/eramon-strukturiert-vertrieb-neu\/&#8220;][vc_cta h2=&#8220;ERAMON strukturiert Vertrieb neu und sucht nach passenden Channel Partnern&#8220; shape=&#8220;square&#8220; add_button=&#8220;bottom&#8220; btn_title=&#8220;Mehr erfahren&#8220; btn_shape=&#8220;round&#8220; btn_align=&#8220;left&#8220; btn_i_align=&#8220;right&#8220; btn_i_icon_fontawesome=&#8220;fas fa-angle-right&#8220; css=&#8220;.vc_custom_1629299976762{margin-top: -30px !important;}&#8220; btn_add_icon=&#8220;true&#8220; btn_link=&#8220;url:https%3A%2F%2Feramon.de%2Fde%2Feramon-strukturiert-vertrieb-neu%2F|title:ERAMON%20strukturiert%20Vertrieb%20neu&#8220;]<strong>Augsburg, den 22. Februar 2021 &#8211; <\/strong>ERAMON, Spezialist im Bereich Netzwerkmanagement f\u00fcr WAN-, LAN- und IT-Infrastrukturen, m\u00f6chte sein Wachstum auf dem deutschen Markt vorantreiben.[\/vc_cta][\/vc_column][vc_column width=&#8220;1\/3&#8243;][\/vc_column][vc_column width=&#8220;1\/3&#8243;][\/vc_column][\/vc_row]<\/p>\n<\/div>","protected":false},"excerpt":{"rendered":"<p>[vc_row][vc_column][\/vc_column][\/vc_row][vc_row full_height=&#8220;yes&#8220; columns_placement=&#8220;top&#8220; equal_height=&#8220;yes&#8220;][vc_column width=&#8220;1\/3&#8243;][vc_single_image image=&#8220;2859&#8243; img_size=&#8220;full&#8220; alignment=&#8220;center&#8220; onclick=&#8220;custom_link&#8220; css=&#8220;&#8220; image_hovers=&#8220;false&#8220; link=&#8220;https:\/\/eramon.de\/de\/iso-9001-und-iso-27001-zertifizierungen\/&#8220;][vc_cta h2=&#8220;ISO 9001 und ISO 27001 Zertifizierungen&#8220; shape=&#8220;square&#8220; add_button=&#8220;bottom&#8220; btn_title=&#8220;Mehr erfahren&#8220; btn_shape=&#8220;round&#8220; btn_align=&#8220;left&#8220; btn_i_align=&#8220;right&#8220; btn_i_icon_fontawesome=&#8220;fas fa-angle-right&#8220; css=&#8220;.vc_custom_1731664259914{margin-top: -30px !important;}&#8220; btn_add_icon=&#8220;true&#8220; btn_link=&#8220;url:https%3A%2F%2Feramon.de%2Fde%2Fiso-9001-und-iso-27001-zertifizierungen%2F|title:ISO%209001%20und%20ISO%2027001%20Zertifizierungen&#8220;]Augsburg, den 08. Juli 2024 &#8211; Der Netzwerkmanagement-Spezialist ERAMON\u00a0gibt bekannt, dass das Unternehmen offiziell nach den internationalen Standards ISO 9001 und ISO 27001 zertifiziert&hellip;<\/p>\n","protected":false},"author":2,"featured_media":0,"parent":0,"menu_order":0,"comment_status":"closed","ping_status":"closed","template":"","meta":{"_monsterinsights_skip_tracking":false,"_monsterinsights_sitenote_active":false,"_monsterinsights_sitenote_note":"","_monsterinsights_sitenote_category":0,"footnotes":""},"class_list":["post-1001","page","type-page","status-publish","hentry","description-off"],"yoast_head":"<!-- This site is optimized with the Yoast SEO plugin v27.4 - https:\/\/yoast.com\/product\/yoast-seo-wordpress\/ -->\n<title>News - ERAMON<\/title>\n<meta name=\"description\" content=\"News zu ERAMON, dem integrierten und homogenen Netzwerkmanagement-System f\u00fcr WAN-\/LAN- &amp; IT-Infrastrukturen\" \/>\n<meta name=\"robots\" content=\"index, follow, max-snippet:-1, max-image-preview:large, max-video-preview:-1\" \/>\n<link rel=\"canonical\" href=\"https:\/\/eramon.de\/de\/news\/\" \/>\n<meta property=\"og:locale\" content=\"de_DE\" \/>\n<meta property=\"og:type\" content=\"article\" \/>\n<meta property=\"og:title\" content=\"News - ERAMON\" \/>\n<meta property=\"og:description\" content=\"News zu ERAMON, dem integrierten und homogenen Netzwerkmanagement-System f\u00fcr WAN-\/LAN- &amp; IT-Infrastrukturen\" \/>\n<meta property=\"og:url\" content=\"https:\/\/eramon.de\/de\/news\/\" \/>\n<meta property=\"og:site_name\" content=\"ERAMON\" \/>\n<meta property=\"article:modified_time\" content=\"2024-11-15T09:54:03+00:00\" \/>\n<meta name=\"twitter:card\" content=\"summary_large_image\" \/>\n<meta name=\"twitter:label1\" content=\"Gesch\u00e4tzte Lesezeit\" \/>\n\t<meta name=\"twitter:data1\" content=\"3\u00a0Minuten\" \/>\n<script type=\"application\/ld+json\" class=\"yoast-schema-graph\">{\"@context\":\"https:\\\/\\\/schema.org\",\"@graph\":[{\"@type\":\"WebPage\",\"@id\":\"https:\\\/\\\/eramon.de\\\/de\\\/news\\\/\",\"url\":\"https:\\\/\\\/eramon.de\\\/de\\\/news\\\/\",\"name\":\"News - ERAMON\",\"isPartOf\":{\"@id\":\"https:\\\/\\\/eramon.de\\\/de\\\/#website\"},\"datePublished\":\"2021-02-23T16:32:33+00:00\",\"dateModified\":\"2024-11-15T09:54:03+00:00\",\"description\":\"News zu ERAMON, dem integrierten und homogenen Netzwerkmanagement-System f\u00fcr WAN-\\\/LAN- & IT-Infrastrukturen\",\"breadcrumb\":{\"@id\":\"https:\\\/\\\/eramon.de\\\/de\\\/news\\\/#breadcrumb\"},\"inLanguage\":\"de\",\"potentialAction\":[{\"@type\":\"ReadAction\",\"target\":[\"https:\\\/\\\/eramon.de\\\/de\\\/news\\\/\"]}]},{\"@type\":\"BreadcrumbList\",\"@id\":\"https:\\\/\\\/eramon.de\\\/de\\\/news\\\/#breadcrumb\",\"itemListElement\":[{\"@type\":\"ListItem\",\"position\":1,\"name\":\"Startseite\",\"item\":\"https:\\\/\\\/eramon.de\\\/de\\\/\"},{\"@type\":\"ListItem\",\"position\":2,\"name\":\"News\"}]},{\"@type\":\"WebSite\",\"@id\":\"https:\\\/\\\/eramon.de\\\/de\\\/#website\",\"url\":\"https:\\\/\\\/eramon.de\\\/de\\\/\",\"name\":\"ERAMON\",\"description\":\"Network Management\",\"publisher\":{\"@id\":\"https:\\\/\\\/eramon.de\\\/de\\\/#organization\"},\"potentialAction\":[{\"@type\":\"SearchAction\",\"target\":{\"@type\":\"EntryPoint\",\"urlTemplate\":\"https:\\\/\\\/eramon.de\\\/de\\\/?s={search_term_string}\"},\"query-input\":{\"@type\":\"PropertyValueSpecification\",\"valueRequired\":true,\"valueName\":\"search_term_string\"}}],\"inLanguage\":\"de\"},{\"@type\":\"Organization\",\"@id\":\"https:\\\/\\\/eramon.de\\\/de\\\/#organization\",\"name\":\"ERAMON GmbH\",\"url\":\"https:\\\/\\\/eramon.de\\\/de\\\/\",\"logo\":{\"@type\":\"ImageObject\",\"inLanguage\":\"de\",\"@id\":\"https:\\\/\\\/eramon.de\\\/de\\\/#\\\/schema\\\/logo\\\/image\\\/\",\"url\":\"https:\\\/\\\/eramon.de\\\/wp-content\\\/uploads\\\/2021\\\/02\\\/eramon-logo@2x-2.png\",\"contentUrl\":\"https:\\\/\\\/eramon.de\\\/wp-content\\\/uploads\\\/2021\\\/02\\\/eramon-logo@2x-2.png\",\"width\":612,\"height\":224,\"caption\":\"ERAMON GmbH\"},\"image\":{\"@id\":\"https:\\\/\\\/eramon.de\\\/de\\\/#\\\/schema\\\/logo\\\/image\\\/\"},\"sameAs\":[\"https:\\\/\\\/www.linkedin.com\\\/company\\\/eramon-gmbh\\\/\"]}]}<\/script>\n<!-- \/ Yoast SEO plugin. -->","yoast_head_json":{"title":"News - ERAMON","description":"News zu ERAMON, dem integrierten und homogenen Netzwerkmanagement-System f\u00fcr WAN-\/LAN- & IT-Infrastrukturen","robots":{"index":"index","follow":"follow","max-snippet":"max-snippet:-1","max-image-preview":"max-image-preview:large","max-video-preview":"max-video-preview:-1"},"canonical":"https:\/\/eramon.de\/de\/news\/","og_locale":"de_DE","og_type":"article","og_title":"News - ERAMON","og_description":"News zu ERAMON, dem integrierten und homogenen Netzwerkmanagement-System f\u00fcr WAN-\/LAN- & IT-Infrastrukturen","og_url":"https:\/\/eramon.de\/de\/news\/","og_site_name":"ERAMON","article_modified_time":"2024-11-15T09:54:03+00:00","twitter_card":"summary_large_image","twitter_misc":{"Gesch\u00e4tzte Lesezeit":"3\u00a0Minuten"},"schema":{"@context":"https:\/\/schema.org","@graph":[{"@type":"WebPage","@id":"https:\/\/eramon.de\/de\/news\/","url":"https:\/\/eramon.de\/de\/news\/","name":"News - ERAMON","isPartOf":{"@id":"https:\/\/eramon.de\/de\/#website"},"datePublished":"2021-02-23T16:32:33+00:00","dateModified":"2024-11-15T09:54:03+00:00","description":"News zu ERAMON, dem integrierten und homogenen Netzwerkmanagement-System f\u00fcr WAN-\/LAN- & IT-Infrastrukturen","breadcrumb":{"@id":"https:\/\/eramon.de\/de\/news\/#breadcrumb"},"inLanguage":"de","potentialAction":[{"@type":"ReadAction","target":["https:\/\/eramon.de\/de\/news\/"]}]},{"@type":"BreadcrumbList","@id":"https:\/\/eramon.de\/de\/news\/#breadcrumb","itemListElement":[{"@type":"ListItem","position":1,"name":"Startseite","item":"https:\/\/eramon.de\/de\/"},{"@type":"ListItem","position":2,"name":"News"}]},{"@type":"WebSite","@id":"https:\/\/eramon.de\/de\/#website","url":"https:\/\/eramon.de\/de\/","name":"ERAMON","description":"Network Management","publisher":{"@id":"https:\/\/eramon.de\/de\/#organization"},"potentialAction":[{"@type":"SearchAction","target":{"@type":"EntryPoint","urlTemplate":"https:\/\/eramon.de\/de\/?s={search_term_string}"},"query-input":{"@type":"PropertyValueSpecification","valueRequired":true,"valueName":"search_term_string"}}],"inLanguage":"de"},{"@type":"Organization","@id":"https:\/\/eramon.de\/de\/#organization","name":"ERAMON GmbH","url":"https:\/\/eramon.de\/de\/","logo":{"@type":"ImageObject","inLanguage":"de","@id":"https:\/\/eramon.de\/de\/#\/schema\/logo\/image\/","url":"https:\/\/eramon.de\/wp-content\/uploads\/2021\/02\/eramon-logo@2x-2.png","contentUrl":"https:\/\/eramon.de\/wp-content\/uploads\/2021\/02\/eramon-logo@2x-2.png","width":612,"height":224,"caption":"ERAMON GmbH"},"image":{"@id":"https:\/\/eramon.de\/de\/#\/schema\/logo\/image\/"},"sameAs":["https:\/\/www.linkedin.com\/company\/eramon-gmbh\/"]}]}},"_links":{"self":[{"href":"https:\/\/eramon.de\/de\/wp-json\/wp\/v2\/pages\/1001","targetHints":{"allow":["GET"]}}],"collection":[{"href":"https:\/\/eramon.de\/de\/wp-json\/wp\/v2\/pages"}],"about":[{"href":"https:\/\/eramon.de\/de\/wp-json\/wp\/v2\/types\/page"}],"author":[{"embeddable":true,"href":"https:\/\/eramon.de\/de\/wp-json\/wp\/v2\/users\/2"}],"replies":[{"embeddable":true,"href":"https:\/\/eramon.de\/de\/wp-json\/wp\/v2\/comments?post=1001"}],"version-history":[{"count":34,"href":"https:\/\/eramon.de\/de\/wp-json\/wp\/v2\/pages\/1001\/revisions"}],"predecessor-version":[{"id":3281,"href":"https:\/\/eramon.de\/de\/wp-json\/wp\/v2\/pages\/1001\/revisions\/3281"}],"wp:attachment":[{"href":"https:\/\/eramon.de\/de\/wp-json\/wp\/v2\/media?parent=1001"}],"curies":[{"name":"wp","href":"https:\/\/api.w.org\/{rel}","templated":true}]}}