{"id":1062,"date":"2021-02-19T09:59:06","date_gmt":"2021-02-19T08:59:06","guid":{"rendered":"https:\/\/eramon.de\/?page_id=1062"},"modified":"2024-11-05T20:25:50","modified_gmt":"2024-11-05T19:25:50","slug":"fcaps","status":"publish","type":"page","link":"https:\/\/eramon.de\/de\/produkt\/fcaps\/","title":{"rendered":"FCAPS"},"content":{"rendered":"<div class=\"wpb-content-wrapper\"><p>[vc_row css=&#8220;.vc_custom_1614670647796{padding-bottom: 20px !important;}&#8220;][vc_column][vc_raw_html]JTNDYSUyMGNsYXNzJTNEJTIyYW5jaG9yUG9zJTIyJTIwaWQlM0QlMjJmY2FwcyUyMiUzRSUzQyUyRmElM0U=[\/vc_raw_html]<div id=\"ultimate-heading-972869eb8463e136b\" class=\"uvc-heading ult-adjust-bottom-margin ultimate-heading-972869eb8463e136b uvc-6104 \" data-hspacer=\"line_only\"  data-halign=\"left\" style=\"text-align:left\"><div class=\"uvc-main-heading ult-responsive\"  data-ultimate-target='.uvc-heading.ultimate-heading-972869eb8463e136b h1'  data-responsive-json-new='{\"font-size\":\"desktop:25px;\",\"line-height\":\"desktop:25px;\"}' ><h1 style=\"--font-weight:theme;color:#241f0c;margin-bottom:20px;\">FCAPS<\/h1><\/div><div class=\"uvc-heading-spacer line_only\" style=\"margin-bottom:32px;height:2px;\"><span class=\"uvc-headings-line\" style=\"border-style:solid;border-bottom-width:2px;border-color:#cad30b;width:102px;\"><\/span><\/div><\/div>[\/vc_column][\/vc_row][vc_row][vc_column][vc_column_text css=&#8220;&#8220;]FCAPS ist ein Standardmodell, das die wesentlichen Punkte des Netzwerkmanagements beschreibt. Die Anwendung jeder Komponente auf die spezifische Netzwerkarchitektur einer Organisation kann jedoch f\u00fcr Netzwerkadministratoren eine erhebliche Herausforderung darstellen. ERAMON geht auf dieses Bed\u00fcrfnis ein, indem es Module anbietet, die auf jeden Aspekt des FCAPS-Modells zugeschnitten sind. So hilft ERAMON Administratoren, ihre Arbeitsabl\u00e4ufe zu optimieren und alle Bereiche der Netzwerkleistung effektiv zu verwalten.<\/p>\n<p>Gerne stehen wir Ihnen auch pers\u00f6nlich zur Verf\u00fcgung, nehmen Sie einfach <a href=\"https:\/\/eramon.de\/de\/kontakt\/\">Kontakt<\/a> mit uns auf.[\/vc_column_text][\/vc_column][\/vc_row][vc_row][vc_column]<div class=\"ult-spacer spacer-69eb8463e1404\" data-id=\"69eb8463e1404\" data-height=\"56\" data-height-mobile=\"0\" data-height-tab=\"0\" data-height-tab-portrait=\"0\" data-height-mobile-landscape=\"0\" style=\"clear:both;display:block;\"><\/div>[\/vc_column][\/vc_row][vc_row][vc_column width=&#8220;1\/6&#8243;][\/vc_column][vc_column width=&#8220;2\/3&#8243;][vc_raw_html]JTVCRkNBUFNfZGUlNUQ=[\/vc_raw_html][\/vc_column][vc_column width=&#8220;1\/6&#8243;][\/vc_column][\/vc_row][vc_row][vc_column]<div class=\"ult-spacer spacer-69eb8463e1434\" data-id=\"69eb8463e1434\" data-height=\"56\" data-height-mobile=\"0\" data-height-tab=\"0\" data-height-tab-portrait=\"0\" data-height-mobile-landscape=\"0\" style=\"clear:both;display:block;\"><\/div>[\/vc_column][\/vc_row][vc_row][vc_column][vc_raw_html]JTNDYSUyMGNsYXNzJTNEJTIyYW5jaG9yUG9zJTIyJTIwaWQlM0QlMjJmYXVsdCUyMiUzRSUzQyUyRmElM0U=[\/vc_raw_html]<div id=\"ultimate-heading-8769eb8463e146c\" class=\"uvc-heading ult-adjust-bottom-margin ultimate-heading-8769eb8463e146c uvc-2309 \" data-hspacer=\"no_spacer\"  data-halign=\"center\" style=\"text-align:center\"><div class=\"uvc-heading-spacer no_spacer\" style=\"top\"><\/div><div class=\"uvc-main-heading ult-responsive\"  data-ultimate-target='.uvc-heading.ultimate-heading-8769eb8463e146c h5'  data-responsive-json-new='{\"font-size\":\"desktop:40px;\",\"line-height\":\"\"}' ><h5 style=\"--font-weight:theme;color:#cad30b;\">Fault Management<\/h5><\/div><\/div>[vc_empty_space][vc_column_text]Im Funktionsbereich Fault-Management sp\u00fcrt der Administrator Netzwerkprobleme auf und korrigiert diese entsprechend. Auch werden potenzielle, k\u00fcnftige Probleme identifiziert. Die zust\u00e4ndigen Personen leiten die erforderlichen Schritte ein, damit sich die Fehler nicht wiederholen k\u00f6nnen. Durch den Einsatz von Fault-Management wird eine hohe Betriebsbereitschaft des Netzwerks sichergestellt und die Downtime wird minimiert. ERAMON bietet die erforderlichen Funktionen in den folgenden Modulen:[\/vc_column_text][vc_column_text]<a href=\"https:\/\/eramon.de\/de\/produkt\/anwendungsmodule\/operations\/\">Operations<\/a><\/p>\n<p><a href=\"https:\/\/eramon.de\/de\/produkt\/anwendungsmodule\/proaktives-management\/\">Proaktives Management<\/a><\/p>\n<p><a href=\"https:\/\/eramon.de\/de\/produkt\/anwendungsmodule\/topology-view\/\">Topology View<\/a><\/p>\n<p><a href=\"https:\/\/eramon.de\/de\/produkt\/anwendungsmodule\/reporting\/\">Reporting<\/a>[\/vc_column_text][\/vc_column][\/vc_row][vc_row][vc_column]<div class=\"ult-spacer spacer-69eb8463e14b4\" data-id=\"69eb8463e14b4\" data-height=\"56\" data-height-mobile=\"0\" data-height-tab=\"0\" data-height-tab-portrait=\"0\" data-height-mobile-landscape=\"0\" style=\"clear:both;display:block;\"><\/div>[\/vc_column][\/vc_row][vc_row][vc_column][vc_raw_html]JTNDYSUyMGNsYXNzJTNEJTIyYW5jaG9yUG9zJTIyJTIwaWQlM0QlMjJjb25maWd1cmF0aW9uJTIyJTNFJTNDJTJGYSUzRQ==[\/vc_raw_html]<div id=\"ultimate-heading-865469eb8463e14e7\" class=\"uvc-heading ult-adjust-bottom-margin ultimate-heading-865469eb8463e14e7 uvc-807 \" data-hspacer=\"no_spacer\"  data-halign=\"center\" style=\"text-align:center\"><div class=\"uvc-heading-spacer no_spacer\" style=\"top\"><\/div><div class=\"uvc-main-heading ult-responsive\"  data-ultimate-target='.uvc-heading.ultimate-heading-865469eb8463e14e7 h5'  data-responsive-json-new='{\"font-size\":\"desktop:40px;\",\"line-height\":\"\"}' ><h5 style=\"--font-weight:theme;color:#cad30b;\">Configuration Management<\/h5><\/div><\/div>[vc_empty_space][vc_column_text]Ein effektives Configuration Management stellt sicher, dass Devices, basierend auf den aktuell g\u00fcltigen Richtlinien, die korrekte Konfiguration beinhalten. Es bietet zudem einen Mechanismus f\u00fcr eine schnelle R\u00fcckkehr zum Betrieb fehlerhafter Devices, da ein effektives Management-Tool die Konfigurationen aller Devices separat speichert und vorh\u00e4lt. Im Configuration Management ist auch die Inventarisierung der Ausstattung der entsprechenden Ger\u00e4te festgehalten. Es dient als Grundlage daf\u00fcr, dass sich die Programme immer auf dem neuesten Stand befinden. Mit den folgenden ERAMON Modulen decken Sie diesen Bereich vollumf\u00e4nglich ab:[\/vc_column_text][vc_column_text]<a href=\"https:\/\/eramon.de\/de\/produkt\/anwendungsmodule\/provisioning\/\">Provisioning<\/a><\/p>\n<p><a href=\"https:\/\/eramon.de\/de\/produkt\/anwendungsmodule\/config-compliance-check\/\">Config Compliance Check<\/a><\/p>\n<p><a href=\"https:\/\/eramon.de\/de\/produkt\/anwendungsmodule\/asset-management\/\">Asset Management<\/a><\/p>\n<p><a href=\"https:\/\/eramon.de\/de\/produkt\/anwendungsmodule\/carrier-management\/\">Carrier Management<\/a><\/p>\n<p><a href=\"https:\/\/eramon.de\/de\/produkt\/anwendungsmodule\/ip-address-management-ipam\/\">IP Adress Management<\/a>[\/vc_column_text][\/vc_column][\/vc_row][vc_row][vc_column]<div class=\"ult-spacer spacer-69eb8463e1529\" data-id=\"69eb8463e1529\" data-height=\"56\" data-height-mobile=\"0\" data-height-tab=\"0\" data-height-tab-portrait=\"0\" data-height-mobile-landscape=\"0\" style=\"clear:both;display:block;\"><\/div>[\/vc_column][\/vc_row][vc_row][vc_column][vc_raw_html]JTNDYSUyMGNsYXNzJTNEJTIyYW5jaG9yUG9zJTIyJTIwaWQlM0QlMjJhY2NvdW50aW5nJTIyJTNFJTNDJTJGYSUzRQ==[\/vc_raw_html]<div id=\"ultimate-heading-211969eb8463e155a\" class=\"uvc-heading ult-adjust-bottom-margin ultimate-heading-211969eb8463e155a uvc-5421 \" data-hspacer=\"no_spacer\"  data-halign=\"center\" style=\"text-align:center\"><div class=\"uvc-heading-spacer no_spacer\" style=\"top\"><\/div><div class=\"uvc-main-heading ult-responsive\"  data-ultimate-target='.uvc-heading.ultimate-heading-211969eb8463e155a h5'  data-responsive-json-new='{\"font-size\":\"desktop:40px;\",\"line-height\":\"\"}' ><h5 style=\"--font-weight:theme;color:#cad30b;\">Accounting Management<\/h5><\/div><\/div>[vc_empty_space][vc_column_text]In der Accounting-Stufe, vereinzelt auch Administration genannt, geht es um die optimale Verteilung der Ressourcen, damit alle Netzwerkanwender auf die f\u00fcr sie vorgesehenen Kapazit\u00e4ten entsprechend zugreifen k\u00f6nnen. Wie der Name schon ausdr\u00fcckt, dreht es sich in dieser Stufe auch um eine pr\u00e4zise Darstellung der genutzten Dienste und Leistungen. Durch die Integration der erforderlichen Funktionen auf <strong>einer<\/strong> Plattform, bietet ERAMON eine umfangreiche Auswahl an Reporting- und Berechnungsm\u00f6glichkeiten in den folgenden Modulen:[\/vc_column_text][vc_column_text]<a href=\"https:\/\/eramon.de\/de\/produkt\/anwendungsmodule\/traffic-analyse\/\">Traffic-Analyse<\/a><\/p>\n<p><a href=\"https:\/\/eramon.de\/de\/produkt\/anwendungsmodule\/performance-management\/\">Performance Management<\/a><\/p>\n<p><a href=\"https:\/\/eramon.de\/de\/produkt\/anwendungsmodule\/reporting\/\">Reporting<\/a>[\/vc_column_text][\/vc_column][\/vc_row][vc_row][vc_column]<div class=\"ult-spacer spacer-69eb8463e1599\" data-id=\"69eb8463e1599\" data-height=\"56\" data-height-mobile=\"0\" data-height-tab=\"0\" data-height-tab-portrait=\"0\" data-height-mobile-landscape=\"0\" style=\"clear:both;display:block;\"><\/div>[\/vc_column][\/vc_row][vc_row][vc_column][vc_raw_html]JTNDYSUyMGNsYXNzJTNEJTIyYW5jaG9yUG9zJTIyJTIwaWQlM0QlMjJwZXJmb3JtYW5jZSUyMiUzRSUzQyUyRmElM0U=[\/vc_raw_html]<div id=\"ultimate-heading-913969eb8463e15c9\" class=\"uvc-heading ult-adjust-bottom-margin ultimate-heading-913969eb8463e15c9 uvc-8092 \" data-hspacer=\"no_spacer\"  data-halign=\"center\" style=\"text-align:center\"><div class=\"uvc-heading-spacer no_spacer\" style=\"top\"><\/div><div class=\"uvc-main-heading ult-responsive\"  data-ultimate-target='.uvc-heading.ultimate-heading-913969eb8463e15c9 h5'  data-responsive-json-new='{\"font-size\":\"desktop:40px;\",\"line-height\":\"\"}' ><h5 style=\"--font-weight:theme;color:#cad30b;\">Performance Management<\/h5><\/div><\/div>[vc_empty_space][vc_column_text]Die \u00dcberwachung der Netzwerk-Performance ist ein kritischer Bestandteil des Managements. Es beinhaltet die proaktive Analyse der Netzwerkaktivit\u00e4t und liefert somit entscheidende Informationen f\u00fcr relevante \u00f6konomische Entscheidungen \u2013 die Planung als auch den laufenden Betrieb betreffend. Vermeiden Sie Engp\u00e4sse, bevor sie eintreten. Dazu dienen die folgenden Module:[\/vc_column_text][vc_column_text]<a href=\"https:\/\/eramon.de\/de\/produkt\/anwendungsmodule\/performance-management\/\">Performance Management<\/a><\/p>\n<p><a href=\"https:\/\/eramon.de\/de\/produkt\/anwendungsmodule\/sla\/\">SLA Reporting<\/a><\/p>\n<p><a href=\"https:\/\/eramon.de\/de\/produkt\/anwendungsmodule\/reporting\/\">Reporting<\/a>[\/vc_column_text][\/vc_column][\/vc_row][vc_row][vc_column]<div class=\"ult-spacer spacer-69eb8463e1614\" data-id=\"69eb8463e1614\" data-height=\"56\" data-height-mobile=\"0\" data-height-tab=\"0\" data-height-tab-portrait=\"0\" data-height-mobile-landscape=\"0\" style=\"clear:both;display:block;\"><\/div>[\/vc_column][\/vc_row][vc_row][vc_column][vc_raw_html]JTNDYSUyMGNsYXNzJTNEJTIyYW5jaG9yUG9zJTIyJTIwaWQlM0QlMjJzZWN1cml0eSUyMiUzRSUzQyUyRmElM0U=[\/vc_raw_html]<div id=\"ultimate-heading-809369eb8463e165b\" class=\"uvc-heading ult-adjust-bottom-margin ultimate-heading-809369eb8463e165b uvc-9560 \" data-hspacer=\"no_spacer\"  data-halign=\"center\" style=\"text-align:center\"><div class=\"uvc-heading-spacer no_spacer\" style=\"top\"><\/div><div class=\"uvc-main-heading ult-responsive\"  data-ultimate-target='.uvc-heading.ultimate-heading-809369eb8463e165b h5'  data-responsive-json-new='{\"font-size\":\"desktop:40px;\",\"line-height\":\"\"}' ><h5 style=\"--font-weight:theme;color:#cad30b;\">Security Management<\/h5><\/div><div class=\"uvc-sub-heading ult-responsive\"  data-ultimate-target='.uvc-heading.ultimate-heading-809369eb8463e165b .uvc-sub-heading '  data-responsive-json-new='{\"font-size\":\"desktop:16px;\",\"line-height\":\"\"}'  style=\"font-weight:normal;color:#241f0c;\"><\/p>\n<h5><\/div><\/div>[vc_empty_space][vc_column_text]<\/h5>\n<div id=\"mw-content-text\" class=\"mw-content-ltr\" dir=\"ltr\" lang=\"de\">\n<div class=\"mw-parser-output\">\n<p>Die Sicherheit komplexer Netzwerke kann nicht durch ein einzelnes Produkt gew\u00e4hrleistet werden, vielmehr ist es ein Zusammenspiel unterschiedlicher Mechanismen. Einer davon liegt beim Netzwerkmanagement an sich, dessen Fokus die Trennung von Rollen und Verantwortlichkeiten der Administratoren und Nutzer sowie die Nachvollziehbarkeit ihrer vorgenommenen \u00c4nderungen ist. ERAMON bietet verschiedene Mechanismen und Module zur Gew\u00e4hrleistung der Sicherheit:<\/p>\n<\/div>\n<\/div>\n<p>[\/vc_column_text][vc_column_text]<a href=\"https:\/\/eramon.de\/de\/produkt\/basis-modul\/\">Basis-Modul<\/a><\/p>\n<p><a href=\"https:\/\/eramon.de\/de\/produkt\/anwendungsmodule\/provisioning\/\">Provisioning<\/a><\/p>\n<p><a href=\"https:\/\/eramon.de\/de\/produkt\/anwendungsmodule\/mandantenfaehigkeit\/\">Mandantenf\u00e4higkeit<\/a><\/p>\n<p><a href=\"https:\/\/eramon.de\/de\/produkt\/anwendungsmodule\/config-compliance-check\/\">Config Compliance Check<\/a><\/p>\n<p><a href=\"https:\/\/eramon.de\/de\/produkt\/anwendungsmodule\/kundenportal\/\">Kundenportal<\/a>[\/vc_column_text][\/vc_column][\/vc_row]<\/p>\n<\/div>","protected":false},"excerpt":{"rendered":"<p>[vc_row css=&#8220;.vc_custom_1614670647796{padding-bottom: 20px !important;}&#8220;][vc_column][vc_raw_html]JTNDYSUyMGNsYXNzJTNEJTIyYW5jaG9yUG9zJTIyJTIwaWQlM0QlMjJmY2FwcyUyMiUzRSUzQyUyRmElM0U=[\/vc_raw_html][\/vc_column][\/vc_row][vc_row][vc_column][vc_column_text css=&#8220;&#8220;]FCAPS ist ein Standardmodell, das die wesentlichen Punkte des Netzwerkmanagements beschreibt. Die Anwendung jeder Komponente auf die spezifische Netzwerkarchitektur einer Organisation kann jedoch f\u00fcr Netzwerkadministratoren eine erhebliche Herausforderung darstellen. ERAMON geht auf dieses Bed\u00fcrfnis ein, indem es Module anbietet, die auf jeden Aspekt des FCAPS-Modells zugeschnitten sind. So hilft ERAMON Administratoren,&hellip;<\/p>\n","protected":false},"author":6,"featured_media":1434,"parent":12,"menu_order":0,"comment_status":"closed","ping_status":"closed","template":"","meta":{"_monsterinsights_skip_tracking":false,"_monsterinsights_sitenote_active":false,"_monsterinsights_sitenote_note":"","_monsterinsights_sitenote_category":0,"footnotes":""},"class_list":["post-1062","page","type-page","status-publish","has-post-thumbnail","hentry","description-off"],"yoast_head":"<!-- This site is optimized with the Yoast SEO plugin v27.4 - https:\/\/yoast.com\/product\/yoast-seo-wordpress\/ -->\n<title>Wie setze ich FCAPS richtig ein? - ERAMON<\/title>\n<meta name=\"description\" content=\"Sie orientieren sich am FCAPS Modell? Wir zeigen Ihnen welche Module Sie f\u00fcr welchen FCAPS Bereich ben\u00f6tigen\" \/>\n<meta name=\"robots\" content=\"index, follow, max-snippet:-1, max-image-preview:large, max-video-preview:-1\" \/>\n<link rel=\"canonical\" href=\"https:\/\/eramon.de\/de\/produkt\/fcaps\/\" \/>\n<meta property=\"og:locale\" content=\"de_DE\" \/>\n<meta property=\"og:type\" content=\"article\" \/>\n<meta property=\"og:title\" content=\"Wie setze ich FCAPS richtig ein? - ERAMON\" \/>\n<meta property=\"og:description\" content=\"Sie orientieren sich am FCAPS Modell? Wir zeigen Ihnen welche Module Sie f\u00fcr welchen FCAPS Bereich ben\u00f6tigen\" \/>\n<meta property=\"og:url\" content=\"https:\/\/eramon.de\/de\/produkt\/fcaps\/\" \/>\n<meta property=\"og:site_name\" content=\"ERAMON\" \/>\n<meta property=\"article:modified_time\" content=\"2024-11-05T19:25:50+00:00\" \/>\n<meta property=\"og:image\" content=\"https:\/\/eramon.de\/wp-content\/uploads\/2021\/02\/Startseite-FCAPS-Circle-neu-504x500_transparent-e1674665394877.png\" \/>\n\t<meta property=\"og:image:width\" content=\"171\" \/>\n\t<meta property=\"og:image:height\" content=\"170\" \/>\n\t<meta property=\"og:image:type\" content=\"image\/png\" \/>\n<meta name=\"twitter:card\" content=\"summary_large_image\" \/>\n<meta name=\"twitter:label1\" content=\"Gesch\u00e4tzte Lesezeit\" \/>\n\t<meta name=\"twitter:data1\" content=\"4\u00a0Minuten\" \/>\n<script type=\"application\/ld+json\" class=\"yoast-schema-graph\">{\"@context\":\"https:\\\/\\\/schema.org\",\"@graph\":[{\"@type\":\"WebPage\",\"@id\":\"https:\\\/\\\/eramon.de\\\/de\\\/produkt\\\/fcaps\\\/\",\"url\":\"https:\\\/\\\/eramon.de\\\/de\\\/produkt\\\/fcaps\\\/\",\"name\":\"Wie setze ich FCAPS richtig ein? - ERAMON\",\"isPartOf\":{\"@id\":\"https:\\\/\\\/eramon.de\\\/de\\\/#website\"},\"primaryImageOfPage\":{\"@id\":\"https:\\\/\\\/eramon.de\\\/de\\\/produkt\\\/fcaps\\\/#primaryimage\"},\"image\":{\"@id\":\"https:\\\/\\\/eramon.de\\\/de\\\/produkt\\\/fcaps\\\/#primaryimage\"},\"thumbnailUrl\":\"https:\\\/\\\/eramon.de\\\/wp-content\\\/uploads\\\/2021\\\/02\\\/Startseite-FCAPS-Circle-neu-504x500_transparent-e1674665394877.png\",\"datePublished\":\"2021-02-19T08:59:06+00:00\",\"dateModified\":\"2024-11-05T19:25:50+00:00\",\"description\":\"Sie orientieren sich am FCAPS Modell? Wir zeigen Ihnen welche Module Sie f\u00fcr welchen FCAPS Bereich ben\u00f6tigen\",\"breadcrumb\":{\"@id\":\"https:\\\/\\\/eramon.de\\\/de\\\/produkt\\\/fcaps\\\/#breadcrumb\"},\"inLanguage\":\"de\",\"potentialAction\":[{\"@type\":\"ReadAction\",\"target\":[\"https:\\\/\\\/eramon.de\\\/de\\\/produkt\\\/fcaps\\\/\"]}]},{\"@type\":\"ImageObject\",\"inLanguage\":\"de\",\"@id\":\"https:\\\/\\\/eramon.de\\\/de\\\/produkt\\\/fcaps\\\/#primaryimage\",\"url\":\"https:\\\/\\\/eramon.de\\\/wp-content\\\/uploads\\\/2021\\\/02\\\/Startseite-FCAPS-Circle-neu-504x500_transparent-e1674665394877.png\",\"contentUrl\":\"https:\\\/\\\/eramon.de\\\/wp-content\\\/uploads\\\/2021\\\/02\\\/Startseite-FCAPS-Circle-neu-504x500_transparent-e1674665394877.png\",\"width\":171,\"height\":170},{\"@type\":\"BreadcrumbList\",\"@id\":\"https:\\\/\\\/eramon.de\\\/de\\\/produkt\\\/fcaps\\\/#breadcrumb\",\"itemListElement\":[{\"@type\":\"ListItem\",\"position\":1,\"name\":\"Startseite\",\"item\":\"https:\\\/\\\/eramon.de\\\/de\\\/\"},{\"@type\":\"ListItem\",\"position\":2,\"name\":\"Das Produkt\",\"item\":\"https:\\\/\\\/eramon.de\\\/de\\\/produkt\\\/\"},{\"@type\":\"ListItem\",\"position\":3,\"name\":\"FCAPS\"}]},{\"@type\":\"WebSite\",\"@id\":\"https:\\\/\\\/eramon.de\\\/de\\\/#website\",\"url\":\"https:\\\/\\\/eramon.de\\\/de\\\/\",\"name\":\"ERAMON\",\"description\":\"Network Management\",\"publisher\":{\"@id\":\"https:\\\/\\\/eramon.de\\\/de\\\/#organization\"},\"potentialAction\":[{\"@type\":\"SearchAction\",\"target\":{\"@type\":\"EntryPoint\",\"urlTemplate\":\"https:\\\/\\\/eramon.de\\\/de\\\/?s={search_term_string}\"},\"query-input\":{\"@type\":\"PropertyValueSpecification\",\"valueRequired\":true,\"valueName\":\"search_term_string\"}}],\"inLanguage\":\"de\"},{\"@type\":\"Organization\",\"@id\":\"https:\\\/\\\/eramon.de\\\/de\\\/#organization\",\"name\":\"ERAMON GmbH\",\"url\":\"https:\\\/\\\/eramon.de\\\/de\\\/\",\"logo\":{\"@type\":\"ImageObject\",\"inLanguage\":\"de\",\"@id\":\"https:\\\/\\\/eramon.de\\\/de\\\/#\\\/schema\\\/logo\\\/image\\\/\",\"url\":\"https:\\\/\\\/eramon.de\\\/wp-content\\\/uploads\\\/2021\\\/02\\\/eramon-logo@2x-2.png\",\"contentUrl\":\"https:\\\/\\\/eramon.de\\\/wp-content\\\/uploads\\\/2021\\\/02\\\/eramon-logo@2x-2.png\",\"width\":612,\"height\":224,\"caption\":\"ERAMON GmbH\"},\"image\":{\"@id\":\"https:\\\/\\\/eramon.de\\\/de\\\/#\\\/schema\\\/logo\\\/image\\\/\"},\"sameAs\":[\"https:\\\/\\\/www.linkedin.com\\\/company\\\/eramon-gmbh\\\/\"]}]}<\/script>\n<!-- \/ Yoast SEO plugin. -->","yoast_head_json":{"title":"Wie setze ich FCAPS richtig ein? - ERAMON","description":"Sie orientieren sich am FCAPS Modell? Wir zeigen Ihnen welche Module Sie f\u00fcr welchen FCAPS Bereich ben\u00f6tigen","robots":{"index":"index","follow":"follow","max-snippet":"max-snippet:-1","max-image-preview":"max-image-preview:large","max-video-preview":"max-video-preview:-1"},"canonical":"https:\/\/eramon.de\/de\/produkt\/fcaps\/","og_locale":"de_DE","og_type":"article","og_title":"Wie setze ich FCAPS richtig ein? - ERAMON","og_description":"Sie orientieren sich am FCAPS Modell? Wir zeigen Ihnen welche Module Sie f\u00fcr welchen FCAPS Bereich ben\u00f6tigen","og_url":"https:\/\/eramon.de\/de\/produkt\/fcaps\/","og_site_name":"ERAMON","article_modified_time":"2024-11-05T19:25:50+00:00","og_image":[{"width":171,"height":170,"url":"https:\/\/eramon.de\/wp-content\/uploads\/2021\/02\/Startseite-FCAPS-Circle-neu-504x500_transparent-e1674665394877.png","type":"image\/png"}],"twitter_card":"summary_large_image","twitter_misc":{"Gesch\u00e4tzte Lesezeit":"4\u00a0Minuten"},"schema":{"@context":"https:\/\/schema.org","@graph":[{"@type":"WebPage","@id":"https:\/\/eramon.de\/de\/produkt\/fcaps\/","url":"https:\/\/eramon.de\/de\/produkt\/fcaps\/","name":"Wie setze ich FCAPS richtig ein? - ERAMON","isPartOf":{"@id":"https:\/\/eramon.de\/de\/#website"},"primaryImageOfPage":{"@id":"https:\/\/eramon.de\/de\/produkt\/fcaps\/#primaryimage"},"image":{"@id":"https:\/\/eramon.de\/de\/produkt\/fcaps\/#primaryimage"},"thumbnailUrl":"https:\/\/eramon.de\/wp-content\/uploads\/2021\/02\/Startseite-FCAPS-Circle-neu-504x500_transparent-e1674665394877.png","datePublished":"2021-02-19T08:59:06+00:00","dateModified":"2024-11-05T19:25:50+00:00","description":"Sie orientieren sich am FCAPS Modell? Wir zeigen Ihnen welche Module Sie f\u00fcr welchen FCAPS Bereich ben\u00f6tigen","breadcrumb":{"@id":"https:\/\/eramon.de\/de\/produkt\/fcaps\/#breadcrumb"},"inLanguage":"de","potentialAction":[{"@type":"ReadAction","target":["https:\/\/eramon.de\/de\/produkt\/fcaps\/"]}]},{"@type":"ImageObject","inLanguage":"de","@id":"https:\/\/eramon.de\/de\/produkt\/fcaps\/#primaryimage","url":"https:\/\/eramon.de\/wp-content\/uploads\/2021\/02\/Startseite-FCAPS-Circle-neu-504x500_transparent-e1674665394877.png","contentUrl":"https:\/\/eramon.de\/wp-content\/uploads\/2021\/02\/Startseite-FCAPS-Circle-neu-504x500_transparent-e1674665394877.png","width":171,"height":170},{"@type":"BreadcrumbList","@id":"https:\/\/eramon.de\/de\/produkt\/fcaps\/#breadcrumb","itemListElement":[{"@type":"ListItem","position":1,"name":"Startseite","item":"https:\/\/eramon.de\/de\/"},{"@type":"ListItem","position":2,"name":"Das Produkt","item":"https:\/\/eramon.de\/de\/produkt\/"},{"@type":"ListItem","position":3,"name":"FCAPS"}]},{"@type":"WebSite","@id":"https:\/\/eramon.de\/de\/#website","url":"https:\/\/eramon.de\/de\/","name":"ERAMON","description":"Network Management","publisher":{"@id":"https:\/\/eramon.de\/de\/#organization"},"potentialAction":[{"@type":"SearchAction","target":{"@type":"EntryPoint","urlTemplate":"https:\/\/eramon.de\/de\/?s={search_term_string}"},"query-input":{"@type":"PropertyValueSpecification","valueRequired":true,"valueName":"search_term_string"}}],"inLanguage":"de"},{"@type":"Organization","@id":"https:\/\/eramon.de\/de\/#organization","name":"ERAMON GmbH","url":"https:\/\/eramon.de\/de\/","logo":{"@type":"ImageObject","inLanguage":"de","@id":"https:\/\/eramon.de\/de\/#\/schema\/logo\/image\/","url":"https:\/\/eramon.de\/wp-content\/uploads\/2021\/02\/eramon-logo@2x-2.png","contentUrl":"https:\/\/eramon.de\/wp-content\/uploads\/2021\/02\/eramon-logo@2x-2.png","width":612,"height":224,"caption":"ERAMON GmbH"},"image":{"@id":"https:\/\/eramon.de\/de\/#\/schema\/logo\/image\/"},"sameAs":["https:\/\/www.linkedin.com\/company\/eramon-gmbh\/"]}]}},"_links":{"self":[{"href":"https:\/\/eramon.de\/de\/wp-json\/wp\/v2\/pages\/1062","targetHints":{"allow":["GET"]}}],"collection":[{"href":"https:\/\/eramon.de\/de\/wp-json\/wp\/v2\/pages"}],"about":[{"href":"https:\/\/eramon.de\/de\/wp-json\/wp\/v2\/types\/page"}],"author":[{"embeddable":true,"href":"https:\/\/eramon.de\/de\/wp-json\/wp\/v2\/users\/6"}],"replies":[{"embeddable":true,"href":"https:\/\/eramon.de\/de\/wp-json\/wp\/v2\/comments?post=1062"}],"version-history":[{"count":70,"href":"https:\/\/eramon.de\/de\/wp-json\/wp\/v2\/pages\/1062\/revisions"}],"predecessor-version":[{"id":3205,"href":"https:\/\/eramon.de\/de\/wp-json\/wp\/v2\/pages\/1062\/revisions\/3205"}],"up":[{"embeddable":true,"href":"https:\/\/eramon.de\/de\/wp-json\/wp\/v2\/pages\/12"}],"wp:featuredmedia":[{"embeddable":true,"href":"https:\/\/eramon.de\/de\/wp-json\/wp\/v2\/media\/1434"}],"wp:attachment":[{"href":"https:\/\/eramon.de\/de\/wp-json\/wp\/v2\/media?parent=1062"}],"curies":[{"name":"wp","href":"https:\/\/api.w.org\/{rel}","templated":true}]}}