{"id":1127,"date":"2021-02-19T17:39:47","date_gmt":"2021-02-19T16:39:47","guid":{"rendered":"https:\/\/eramon.de\/?page_id=1127"},"modified":"2024-10-25T20:51:48","modified_gmt":"2024-10-25T18:51:48","slug":"reporting","status":"publish","type":"page","link":"https:\/\/eramon.de\/de\/produkt\/anwendungsmodule\/reporting\/","title":{"rendered":"Reporting"},"content":{"rendered":"<div class=\"wpb-content-wrapper\"><p>[vc_row][vc_column]<div id=\"ultimate-heading-983269eb84532ae8d\" class=\"uvc-heading ult-adjust-bottom-margin ultimate-heading-983269eb84532ae8d uvc-778 \" data-hspacer=\"line_only\"  data-halign=\"left\" style=\"text-align:left\"><div class=\"uvc-main-heading ult-responsive\"  data-ultimate-target='.uvc-heading.ultimate-heading-983269eb84532ae8d h1'  data-responsive-json-new='{\"font-size\":\"desktop:25px;\",\"line-height\":\"desktop:25px;\"}' ><h1 style=\"--font-weight:theme;color:#241f0c;margin-bottom:20px;\">Reporting<\/h1><\/div><div class=\"uvc-heading-spacer line_only\" style=\"margin-bottom:32px;height:2px;\"><span class=\"uvc-headings-line\" style=\"border-style:solid;border-bottom-width:2px;border-color:#cad30b;width:102px;\"><\/span><\/div><\/div><div id=\"ultimate-heading-591869eb84532af39\" class=\"uvc-heading ult-adjust-bottom-margin ultimate-heading-591869eb84532af39 uvc-7063 \" data-hspacer=\"line_only\"  data-halign=\"left\" style=\"text-align:left\"><div class=\"uvc-main-heading ult-responsive\"  data-ultimate-target='.uvc-heading.ultimate-heading-591869eb84532af39 h3'  data-responsive-json-new='{\"font-size\":\"desktop:20px;\",\"line-height\":\"desktop:20px;\"}' ><h3 style=\"--font-weight:theme;color:#241f0c;margin-bottom:20px;\">Ihr Nutzen<\/h3><\/div><div class=\"uvc-heading-spacer line_only\" style=\"margin-bottom:32px;height:2px;\"><span class=\"uvc-headings-line\" style=\"border-style:solid;border-bottom-width:2px;border-color:#b4b4b4;width:51px;\"><\/span><\/div><\/div><div class=\"standard-arrow\"><ul>\n<li>Sie k\u00f6nnen Ihre eigenen Dashboards gestalten<\/li>\n<li>Sie bestimmen die Kombination der im Reporting vorhandenen Daten<\/li>\n<li>Sie k\u00f6nnen die Netzwerkdaten in Echtzeit analysieren<\/li>\n<li>Erstellen Sie Pixel-Perfect Reports<\/li>\n<\/ul>\n<\/div>[vc_empty_space]<div id=\"ultimate-heading-29569eb84532b036\" class=\"uvc-heading ult-adjust-bottom-margin ultimate-heading-29569eb84532b036 uvc-6690 \" data-hspacer=\"line_only\"  data-halign=\"left\" style=\"text-align:left\"><div class=\"uvc-main-heading ult-responsive\"  data-ultimate-target='.uvc-heading.ultimate-heading-29569eb84532b036 h3'  data-responsive-json-new='{\"font-size\":\"desktop:20px;\",\"line-height\":\"desktop:20px;\"}' ><h3 style=\"--font-weight:theme;color:#241f0c;margin-bottom:20px;\">Premium Reporting<\/h3><\/div><div class=\"uvc-heading-spacer line_only\" style=\"margin-bottom:32px;height:2px;\"><span class=\"uvc-headings-line\" style=\"border-style:solid;border-bottom-width:2px;border-color:#b4b4b4;width:51px;\"><\/span><\/div><\/div>[vc_column_text]<strong>\u201eNutzen Sie die Datenanalyse des Premium Reportings, um Ihre Netzwerkmanagement-Prozesse zu optimieren.\u201c<\/strong>[\/vc_column_text]<div id=\"ultimate-heading-694369eb84532b099\" class=\"uvc-heading ult-adjust-bottom-margin ultimate-heading-694369eb84532b099 uvc-3463 \" data-hspacer=\"no_spacer\"  data-halign=\"left\" style=\"text-align:left\"><div class=\"uvc-heading-spacer no_spacer\" style=\"top\"><\/div><div class=\"uvc-main-heading ult-responsive\"  data-ultimate-target='.uvc-heading.ultimate-heading-694369eb84532b099 h5'  data-responsive-json-new='{\"font-size\":\"desktop:16px;\",\"line-height\":\"desktop:16px;\"}' ><h5 style=\"font-weight:bold;color:#241f0c;margin-bottom:20px;\">Ad-Hoc Ansichten und Analysen<\/h5><\/div><\/div>[vc_single_image image=&#8220;2189&#8243; img_size=&#8220;full&#8220; alignment=&#8220;center&#8220;][vc_column_text]<strong>Echte Self-Service Analyseans\u00e4tze:<\/strong> Vor nicht allzu langer Zeit wurde Business Intelligence (BI) Software vornehmlich von Data Analysten verwendet, da die Durchf\u00fchrung von Datenabfragen und deren Analysen sowie die Erstellung von Berichten sehr komplex war. Dank des neuen Self-Service Ansatzes mit benutzerfreundlicher <strong>Drag &amp; Drop Oberfl\u00e4che<\/strong> und einer intuitiven Bedienbarkeit kann nun jeder Anwender selbstst\u00e4ndig komplexe Daten <strong>in Echtzeit analysieren<\/strong> und erfolgskritische Fragen ad-hoc beantworten. Dies spart wertvolle Zeit und erm\u00f6glicht eine Verlagerung der BI Kompetenz in die Fachabteilung und somit zu den tats\u00e4chlichen Entscheidungstr\u00e4gern, welches unter anderem zu einer <strong>h\u00f6heren Akzeptanz<\/strong> und <strong>besseren Analyse-Ergebnissen<\/strong> f\u00fchrt.[\/vc_column_text][vc_empty_space]<div id=\"ultimate-heading-544669eb84532b0f4\" class=\"uvc-heading ult-adjust-bottom-margin ultimate-heading-544669eb84532b0f4 uvc-6952 \" data-hspacer=\"no_spacer\"  data-halign=\"left\" style=\"text-align:left\"><div class=\"uvc-heading-spacer no_spacer\" style=\"top\"><\/div><div class=\"uvc-main-heading ult-responsive\"  data-ultimate-target='.uvc-heading.ultimate-heading-544669eb84532b0f4 h5'  data-responsive-json-new='{\"font-size\":\"desktop:16px;\",\"line-height\":\"desktop:16px;\"}' ><h5 style=\"font-weight:bold;color:#241f0c;margin-bottom:20px;\">Dashboards und automatisiertes Reporting<\/h5><\/div><\/div>[vc_single_image image=&#8220;2198&#8243; img_size=&#8220;full&#8220; alignment=&#8220;center&#8220;][vc_column_text]<strong>Flexibilit\u00e4t erh\u00f6hen:<\/strong> Eine gro\u00dfe Auswahl an <strong>Visualisierungstypen<\/strong> und die <strong>freie Kombination<\/strong> von Daten erlauben es Ihnen, weg von statischen Auswertungen, Ihre Analyse-Prozesse neu zu denken. Sie ben\u00f6tigen eine aktuelle \u00dcbersicht? Kein Problem, Sie greifen einfach auf Ihr <strong>individuelles Dashboard<\/strong> zu. Sie m\u00f6chten, dass jeden Morgen um 8 Uhr unterschiedliche Stakeholder aktuelle Zahlen erhalten? Erstellen Sie <strong>individuelle Berichte<\/strong> und versenden diese <strong>automatisiert<\/strong>.[\/vc_column_text][vc_empty_space]<div id=\"ultimate-heading-750769eb84532b157\" class=\"uvc-heading ult-adjust-bottom-margin ultimate-heading-750769eb84532b157 uvc-1225 \" data-hspacer=\"no_spacer\"  data-halign=\"left\" style=\"text-align:left\"><div class=\"uvc-heading-spacer no_spacer\" style=\"top\"><\/div><div class=\"uvc-main-heading ult-responsive\"  data-ultimate-target='.uvc-heading.ultimate-heading-750769eb84532b157 h5'  data-responsive-json-new='{\"font-size\":\"desktop:16px;\",\"line-height\":\"desktop:16px;\"}' ><h5 style=\"font-weight:bold;color:#241f0c;margin-bottom:20px;\">Datenquellen<\/h5><\/div><\/div>[vc_single_image image=&#8220;2200&#8243; img_size=&#8220;full&#8220; alignment=&#8220;center&#8220;][vc_column_text]<strong>Schneller Zugriff auf alle relevanten Daten:<\/strong> Wir integrieren Ihnen <strong>verschiedene Datenquellen<\/strong> in ein zentrales Tool, so dass Sie umfassende Analysen durchf\u00fchren k\u00f6nnen. Dies vermeidet eine isolierte Verwendung einzelner Datenquellen und Sie k\u00f6nnen jederzeit <strong>das gro\u00dfe Ganze betrachten<\/strong>.[\/vc_column_text][vc_empty_space][\/vc_column][\/vc_row][vc_row][vc_column]<div id=\"ultimate-heading-900669eb84532b1a5\" class=\"uvc-heading ult-adjust-bottom-margin ultimate-heading-900669eb84532b1a5 uvc-7560 \" data-hspacer=\"line_only\"  data-halign=\"left\" style=\"text-align:left\"><div class=\"uvc-main-heading ult-responsive\"  data-ultimate-target='.uvc-heading.ultimate-heading-900669eb84532b1a5 h3'  data-responsive-json-new='{\"font-size\":\"desktop:20px;\",\"line-height\":\"desktop:20px;\"}' ><h3 style=\"--font-weight:theme;color:#241f0c;margin-bottom:20px;\">Standard Reporting<\/h3><\/div><div class=\"uvc-heading-spacer line_only\" style=\"margin-bottom:32px;height:2px;\"><span class=\"uvc-headings-line\" style=\"border-style:solid;border-bottom-width:2px;border-color:#b4b4b4;width:51px;\"><\/span><\/div><\/div>[vc_column_text]Im Standard Reporting wird zwischen zwei verschiedenen Reportarten unterschieden. Vorgefertigte Reports sind fix in der Oberfl\u00e4che integrierte Seiten. Mit dem Standard Reporter hingegen, kann der User Berichte in vorgegebener Struktur erstellen, diese bez\u00fcglich des Inhalts anpassen und automatisiert versenden.[\/vc_column_text]<div class=\"standard-arrow\"><p><strong>Vorgefertigte Reports<\/strong><\/p>\n<ul>\n<li>Carrier<\/li>\n<li><a href=\"https:\/\/eramon.de\/de\/produkt\/anwendungsmodule\/sla\/\">SLA<\/a><\/li>\n<li>VLAN<\/li>\n<li>Devices<\/li>\n<li>Performance<\/li>\n<li>EPM<\/li>\n<\/ul>\n<p>&nbsp;<\/p>\n<p><strong>Standard Reporter<\/strong><\/p>\n<p>Die Standard-Reports lassen sich direkt manuell ausf\u00fchren oder zeitgesteuert und automatisiert per E-Mail versenden oder auf einem definierbaren Share ablegen.<\/p>\n<p>F\u00fcr den Versand sind die Ausgabeformate PDF und CSV vorgesehen.<\/p>\n<p>&nbsp;<\/p>\n<p>Folgende Reporttypen stehen zur Verf\u00fcgung:<\/p>\n<ul>\n<li><a href=\"https:\/\/eramon.de\/de\/produkt\/anwendungsmodule\/performance-management\/\">EPM<\/a><\/li>\n<li>VLAN-Report (Devices)<\/li>\n<li>VLAN-Report (Endger\u00e4te)<\/li>\n<li>VLAN-Report (Ports)<\/li>\n<\/ul>\n<p>&nbsp;<\/p>\n<p>Je nach Bericht lassen sich Parameter einstellen und Inhalte erg\u00e4nzen, wie z. B.<\/p>\n<ul>\n<li>Device<\/li>\n<li>Device-Gruppe<\/li>\n<li>Port<\/li>\n<li>Port-Gruppe<\/li>\n<li>Kunden<\/li>\n<li>Performance-Messungen<\/li>\n<li>Daten-Aggregationsstufe<\/li>\n<li>u. v. m.<\/li>\n<\/ul>\n<\/div>[vc_empty_space height=&#8220;40px&#8220;][\/vc_column][\/vc_row]<\/p>\n<\/div>","protected":false},"excerpt":{"rendered":"<p>[vc_row][vc_column][vc_empty_space][vc_column_text]\u201eNutzen Sie die Datenanalyse des Premium Reportings, um Ihre Netzwerkmanagement-Prozesse zu optimieren.\u201c[\/vc_column_text][vc_single_image image=&#8220;2189&#8243; img_size=&#8220;full&#8220; alignment=&#8220;center&#8220;][vc_column_text]Echte Self-Service Analyseans\u00e4tze: Vor nicht allzu langer Zeit wurde Business Intelligence (BI) Software vornehmlich von Data Analysten verwendet, da die Durchf\u00fchrung von Datenabfragen und deren Analysen sowie die Erstellung von Berichten sehr komplex war. Dank des neuen Self-Service Ansatzes mit benutzerfreundlicher&hellip;<\/p>\n","protected":false},"author":6,"featured_media":0,"parent":254,"menu_order":0,"comment_status":"closed","ping_status":"closed","template":"","meta":{"_monsterinsights_skip_tracking":false,"_monsterinsights_sitenote_active":false,"_monsterinsights_sitenote_note":"","_monsterinsights_sitenote_category":0,"footnotes":""},"class_list":["post-1127","page","type-page","status-publish","hentry","description-off"],"yoast_head":"<!-- This site is optimized with the Yoast SEO plugin v27.4 - https:\/\/yoast.com\/product\/yoast-seo-wordpress\/ -->\n<title>Reporting im Netzwerk-Management - ERAMON<\/title>\n<meta name=\"description\" content=\"Selbstst\u00e4ndige Netzwerkanalyse und umfassendes Reporting mit ERAMON - optimieren Sie Ihr Netzwerk-Management.\" \/>\n<meta name=\"robots\" content=\"index, follow, max-snippet:-1, max-image-preview:large, max-video-preview:-1\" \/>\n<link rel=\"canonical\" href=\"https:\/\/eramon.de\/de\/produkt\/anwendungsmodule\/reporting\/\" \/>\n<meta property=\"og:locale\" content=\"de_DE\" \/>\n<meta property=\"og:type\" content=\"article\" \/>\n<meta property=\"og:title\" content=\"Reporting im Netzwerk-Management - ERAMON\" \/>\n<meta property=\"og:description\" content=\"Selbstst\u00e4ndige Netzwerkanalyse und umfassendes Reporting mit ERAMON - optimieren Sie Ihr Netzwerk-Management.\" \/>\n<meta property=\"og:url\" content=\"https:\/\/eramon.de\/de\/produkt\/anwendungsmodule\/reporting\/\" \/>\n<meta property=\"og:site_name\" content=\"ERAMON\" \/>\n<meta property=\"article:modified_time\" content=\"2024-10-25T18:51:48+00:00\" \/>\n<meta name=\"twitter:card\" content=\"summary_large_image\" \/>\n<meta name=\"twitter:label1\" content=\"Gesch\u00e4tzte Lesezeit\" \/>\n\t<meta name=\"twitter:data1\" content=\"4\u00a0Minuten\" \/>\n<script type=\"application\/ld+json\" class=\"yoast-schema-graph\">{\"@context\":\"https:\\\/\\\/schema.org\",\"@graph\":[{\"@type\":\"WebPage\",\"@id\":\"https:\\\/\\\/eramon.de\\\/de\\\/produkt\\\/anwendungsmodule\\\/reporting\\\/\",\"url\":\"https:\\\/\\\/eramon.de\\\/de\\\/produkt\\\/anwendungsmodule\\\/reporting\\\/\",\"name\":\"Reporting im Netzwerk-Management - ERAMON\",\"isPartOf\":{\"@id\":\"https:\\\/\\\/eramon.de\\\/de\\\/#website\"},\"datePublished\":\"2021-02-19T16:39:47+00:00\",\"dateModified\":\"2024-10-25T18:51:48+00:00\",\"description\":\"Selbstst\u00e4ndige Netzwerkanalyse und umfassendes Reporting mit ERAMON - optimieren Sie Ihr Netzwerk-Management.\",\"breadcrumb\":{\"@id\":\"https:\\\/\\\/eramon.de\\\/de\\\/produkt\\\/anwendungsmodule\\\/reporting\\\/#breadcrumb\"},\"inLanguage\":\"de\",\"potentialAction\":[{\"@type\":\"ReadAction\",\"target\":[\"https:\\\/\\\/eramon.de\\\/de\\\/produkt\\\/anwendungsmodule\\\/reporting\\\/\"]}]},{\"@type\":\"BreadcrumbList\",\"@id\":\"https:\\\/\\\/eramon.de\\\/de\\\/produkt\\\/anwendungsmodule\\\/reporting\\\/#breadcrumb\",\"itemListElement\":[{\"@type\":\"ListItem\",\"position\":1,\"name\":\"Startseite\",\"item\":\"https:\\\/\\\/eramon.de\\\/de\\\/\"},{\"@type\":\"ListItem\",\"position\":2,\"name\":\"Das Produkt\",\"item\":\"https:\\\/\\\/eramon.de\\\/de\\\/produkt\\\/\"},{\"@type\":\"ListItem\",\"position\":3,\"name\":\"Anwendungsmodule\",\"item\":\"https:\\\/\\\/eramon.de\\\/de\\\/produkt\\\/anwendungsmodule\\\/\"},{\"@type\":\"ListItem\",\"position\":4,\"name\":\"Reporting\"}]},{\"@type\":\"WebSite\",\"@id\":\"https:\\\/\\\/eramon.de\\\/de\\\/#website\",\"url\":\"https:\\\/\\\/eramon.de\\\/de\\\/\",\"name\":\"ERAMON\",\"description\":\"Network Management\",\"publisher\":{\"@id\":\"https:\\\/\\\/eramon.de\\\/de\\\/#organization\"},\"potentialAction\":[{\"@type\":\"SearchAction\",\"target\":{\"@type\":\"EntryPoint\",\"urlTemplate\":\"https:\\\/\\\/eramon.de\\\/de\\\/?s={search_term_string}\"},\"query-input\":{\"@type\":\"PropertyValueSpecification\",\"valueRequired\":true,\"valueName\":\"search_term_string\"}}],\"inLanguage\":\"de\"},{\"@type\":\"Organization\",\"@id\":\"https:\\\/\\\/eramon.de\\\/de\\\/#organization\",\"name\":\"ERAMON GmbH\",\"url\":\"https:\\\/\\\/eramon.de\\\/de\\\/\",\"logo\":{\"@type\":\"ImageObject\",\"inLanguage\":\"de\",\"@id\":\"https:\\\/\\\/eramon.de\\\/de\\\/#\\\/schema\\\/logo\\\/image\\\/\",\"url\":\"https:\\\/\\\/eramon.de\\\/wp-content\\\/uploads\\\/2021\\\/02\\\/eramon-logo@2x-2.png\",\"contentUrl\":\"https:\\\/\\\/eramon.de\\\/wp-content\\\/uploads\\\/2021\\\/02\\\/eramon-logo@2x-2.png\",\"width\":612,\"height\":224,\"caption\":\"ERAMON GmbH\"},\"image\":{\"@id\":\"https:\\\/\\\/eramon.de\\\/de\\\/#\\\/schema\\\/logo\\\/image\\\/\"},\"sameAs\":[\"https:\\\/\\\/www.linkedin.com\\\/company\\\/eramon-gmbh\\\/\"]}]}<\/script>\n<!-- \/ Yoast SEO plugin. -->","yoast_head_json":{"title":"Reporting im Netzwerk-Management - ERAMON","description":"Selbstst\u00e4ndige Netzwerkanalyse und umfassendes Reporting mit ERAMON - optimieren Sie Ihr Netzwerk-Management.","robots":{"index":"index","follow":"follow","max-snippet":"max-snippet:-1","max-image-preview":"max-image-preview:large","max-video-preview":"max-video-preview:-1"},"canonical":"https:\/\/eramon.de\/de\/produkt\/anwendungsmodule\/reporting\/","og_locale":"de_DE","og_type":"article","og_title":"Reporting im Netzwerk-Management - ERAMON","og_description":"Selbstst\u00e4ndige Netzwerkanalyse und umfassendes Reporting mit ERAMON - optimieren Sie Ihr Netzwerk-Management.","og_url":"https:\/\/eramon.de\/de\/produkt\/anwendungsmodule\/reporting\/","og_site_name":"ERAMON","article_modified_time":"2024-10-25T18:51:48+00:00","twitter_card":"summary_large_image","twitter_misc":{"Gesch\u00e4tzte Lesezeit":"4\u00a0Minuten"},"schema":{"@context":"https:\/\/schema.org","@graph":[{"@type":"WebPage","@id":"https:\/\/eramon.de\/de\/produkt\/anwendungsmodule\/reporting\/","url":"https:\/\/eramon.de\/de\/produkt\/anwendungsmodule\/reporting\/","name":"Reporting im Netzwerk-Management - ERAMON","isPartOf":{"@id":"https:\/\/eramon.de\/de\/#website"},"datePublished":"2021-02-19T16:39:47+00:00","dateModified":"2024-10-25T18:51:48+00:00","description":"Selbstst\u00e4ndige Netzwerkanalyse und umfassendes Reporting mit ERAMON - optimieren Sie Ihr Netzwerk-Management.","breadcrumb":{"@id":"https:\/\/eramon.de\/de\/produkt\/anwendungsmodule\/reporting\/#breadcrumb"},"inLanguage":"de","potentialAction":[{"@type":"ReadAction","target":["https:\/\/eramon.de\/de\/produkt\/anwendungsmodule\/reporting\/"]}]},{"@type":"BreadcrumbList","@id":"https:\/\/eramon.de\/de\/produkt\/anwendungsmodule\/reporting\/#breadcrumb","itemListElement":[{"@type":"ListItem","position":1,"name":"Startseite","item":"https:\/\/eramon.de\/de\/"},{"@type":"ListItem","position":2,"name":"Das Produkt","item":"https:\/\/eramon.de\/de\/produkt\/"},{"@type":"ListItem","position":3,"name":"Anwendungsmodule","item":"https:\/\/eramon.de\/de\/produkt\/anwendungsmodule\/"},{"@type":"ListItem","position":4,"name":"Reporting"}]},{"@type":"WebSite","@id":"https:\/\/eramon.de\/de\/#website","url":"https:\/\/eramon.de\/de\/","name":"ERAMON","description":"Network Management","publisher":{"@id":"https:\/\/eramon.de\/de\/#organization"},"potentialAction":[{"@type":"SearchAction","target":{"@type":"EntryPoint","urlTemplate":"https:\/\/eramon.de\/de\/?s={search_term_string}"},"query-input":{"@type":"PropertyValueSpecification","valueRequired":true,"valueName":"search_term_string"}}],"inLanguage":"de"},{"@type":"Organization","@id":"https:\/\/eramon.de\/de\/#organization","name":"ERAMON GmbH","url":"https:\/\/eramon.de\/de\/","logo":{"@type":"ImageObject","inLanguage":"de","@id":"https:\/\/eramon.de\/de\/#\/schema\/logo\/image\/","url":"https:\/\/eramon.de\/wp-content\/uploads\/2021\/02\/eramon-logo@2x-2.png","contentUrl":"https:\/\/eramon.de\/wp-content\/uploads\/2021\/02\/eramon-logo@2x-2.png","width":612,"height":224,"caption":"ERAMON GmbH"},"image":{"@id":"https:\/\/eramon.de\/de\/#\/schema\/logo\/image\/"},"sameAs":["https:\/\/www.linkedin.com\/company\/eramon-gmbh\/"]}]}},"_links":{"self":[{"href":"https:\/\/eramon.de\/de\/wp-json\/wp\/v2\/pages\/1127","targetHints":{"allow":["GET"]}}],"collection":[{"href":"https:\/\/eramon.de\/de\/wp-json\/wp\/v2\/pages"}],"about":[{"href":"https:\/\/eramon.de\/de\/wp-json\/wp\/v2\/types\/page"}],"author":[{"embeddable":true,"href":"https:\/\/eramon.de\/de\/wp-json\/wp\/v2\/users\/6"}],"replies":[{"embeddable":true,"href":"https:\/\/eramon.de\/de\/wp-json\/wp\/v2\/comments?post=1127"}],"version-history":[{"count":49,"href":"https:\/\/eramon.de\/de\/wp-json\/wp\/v2\/pages\/1127\/revisions"}],"predecessor-version":[{"id":2753,"href":"https:\/\/eramon.de\/de\/wp-json\/wp\/v2\/pages\/1127\/revisions\/2753"}],"up":[{"embeddable":true,"href":"https:\/\/eramon.de\/de\/wp-json\/wp\/v2\/pages\/254"}],"wp:attachment":[{"href":"https:\/\/eramon.de\/de\/wp-json\/wp\/v2\/media?parent=1127"}],"curies":[{"name":"wp","href":"https:\/\/api.w.org\/{rel}","templated":true}]}}