{"id":12,"date":"2020-04-27T16:56:43","date_gmt":"2020-04-27T14:56:43","guid":{"rendered":"https:\/\/eramon.de\/?page_id=12"},"modified":"2025-11-17T17:13:59","modified_gmt":"2025-11-17T16:13:59","slug":"produkt","status":"publish","type":"page","link":"https:\/\/eramon.de\/de\/produkt\/","title":{"rendered":"Das Produkt"},"content":{"rendered":"<div class=\"wpb-content-wrapper\"><p>[vc_row][vc_column][vc_row_inner][vc_column_inner width=&#8220;1\/5&#8243;]<div class=\"ult-spacer spacer-69eb8400b1226\" data-id=\"69eb8400b1226\" data-height=\"0\" data-height-mobile=\"60\" data-height-tab=\"0\" data-height-tab-portrait=\"0\" data-height-mobile-landscape=\"60\" style=\"clear:both;display:block;\"><\/div>[vc_single_image image=&#8220;2105&#8243; img_size=&#8220;full&#8220; alignment=&#8220;center&#8220; onclick=&#8220;custom_link&#8220; css=&#8220;&#8220; image_hovers=&#8220;false&#8220; link=&#8220;https:\/\/eramon.de\/produktuebersicht\/architektur\/&#8220;]<div class=\"ult-spacer spacer-69eb8400b1270\" data-id=\"69eb8400b1270\" data-height=\"59\" data-height-mobile=\"0\" data-height-tab=\"59\" data-height-tab-portrait=\"59\" data-height-mobile-landscape=\"0\" style=\"clear:both;display:block;\"><\/div><div id=\"ultimate-heading-923969eb8400b12de\" class=\"uvc-heading ult-adjust-bottom-margin ultimate-heading-923969eb8400b12de uvc-7679 fixed-subtext-height\" data-hspacer=\"line_only\"  data-halign=\"center\" style=\"text-align:center\"><div class=\"uvc-main-heading ult-responsive\"  data-ultimate-target='.uvc-heading.ultimate-heading-923969eb8400b12de h3'  data-responsive-json-new='{\"font-size\":\"desktop:18px;\",\"line-height\":\"desktop:18px;\"}' ><h3 style=\"--font-weight:theme;color:#241f0c;margin-bottom:10px;\">Architektur<\/h3><\/div><div class=\"uvc-heading-spacer line_only\" style=\"margin-bottom:10px;height:2px;\"><span class=\"uvc-headings-line\" style=\"border-style:solid;border-bottom-width:2px;border-color:#cad30b;width:102px;\"><\/span><\/div><\/div><style type=\"text\/css\" data-type=\"the7_shortcodes-inline-css\">#default-btn-5036e44ab86e199fc22d3f658aa2936c.ico-right-side > i {\n  margin-right: 0px;\n  margin-left: 0px;\n}\n#default-btn-5036e44ab86e199fc22d3f658aa2936c > i {\n  margin-right: 0px;\n}<\/style><div class=\"btn-align-center\"><a href=\"https:\/\/eramon.de\/produktuebersicht\/architektur\/\" class=\"default-btn-shortcode dt-btn dt-btn-s link-hover-off \" id=\"default-btn-5036e44ab86e199fc22d3f658aa2936c\"><i class=\"icomoon-the7-font-the7-arrow-07\"><\/i><span><\/span><\/a><\/div>[\/vc_column_inner][vc_column_inner width=&#8220;1\/5&#8243;]<div class=\"ult-spacer spacer-69eb8400b1459\" data-id=\"69eb8400b1459\" data-height=\"0\" data-height-mobile=\"60\" data-height-tab=\"0\" data-height-tab-portrait=\"0\" data-height-mobile-landscape=\"60\" style=\"clear:both;display:block;\"><\/div>[vc_single_image image=&#8220;1330&#8243; img_size=&#8220;full&#8220; alignment=&#8220;center&#8220; onclick=&#8220;custom_link&#8220; css=&#8220;&#8220; image_hovers=&#8220;false&#8220; link=&#8220;https:\/\/eramon.de\/de\/produkt\/basis-modul\/&#8220;]<div id=\"ultimate-heading-457169eb8400b14a0\" class=\"uvc-heading ult-adjust-bottom-margin ultimate-heading-457169eb8400b14a0 uvc-8683 fixed-subtext-height\" data-hspacer=\"line_only\"  data-halign=\"center\" style=\"text-align:center\"><div class=\"uvc-main-heading ult-responsive\"  data-ultimate-target='.uvc-heading.ultimate-heading-457169eb8400b14a0 h3'  data-responsive-json-new='{\"font-size\":\"desktop:18px;\",\"line-height\":\"desktop:18px;\"}' ><h3 style=\"--font-weight:theme;color:#241f0c;margin-bottom:10px;\">Basis-Modul<\/h3><\/div><div class=\"uvc-heading-spacer line_only\" style=\"margin-bottom:10px;height:2px;\"><span class=\"uvc-headings-line\" style=\"border-style:solid;border-bottom-width:2px;border-color:#cad30b;width:102px;\"><\/span><\/div><\/div><style type=\"text\/css\" data-type=\"the7_shortcodes-inline-css\">#default-btn-711220e1e06b1a7f7b6a494afa116ded.ico-right-side > i {\n  margin-right: 0px;\n  margin-left: 0px;\n}\n#default-btn-711220e1e06b1a7f7b6a494afa116ded > i {\n  margin-right: 0px;\n}<\/style><div class=\"btn-align-center\"><a href=\"https:\/\/eramon.de\/de\/produkt\/basis-modul\/\" class=\"default-btn-shortcode dt-btn dt-btn-s link-hover-off \" id=\"default-btn-711220e1e06b1a7f7b6a494afa116ded\" title=\"Basis-Modul\"><i class=\"icomoon-the7-font-the7-arrow-07\"><\/i><span><\/span><\/a><\/div>[\/vc_column_inner][vc_column_inner width=&#8220;1\/5&#8243;]<div class=\"ult-spacer spacer-69eb8400b155e\" data-id=\"69eb8400b155e\" data-height=\"0\" data-height-mobile=\"60\" data-height-tab=\"0\" data-height-tab-portrait=\"0\" data-height-mobile-landscape=\"60\" style=\"clear:both;display:block;\"><\/div>[vc_single_image image=&#8220;2108&#8243; img_size=&#8220;full&#8220; alignment=&#8220;center&#8220; onclick=&#8220;custom_link&#8220; css=&#8220;&#8220; image_hovers=&#8220;false&#8220; link=&#8220;https:\/\/eramon.de\/produktuebersicht\/anwendungsmodule\/&#8220;]<div id=\"ultimate-heading-414869eb8400b159b\" class=\"uvc-heading ult-adjust-bottom-margin ultimate-heading-414869eb8400b159b uvc-4550 fixed-subtext-height\" data-hspacer=\"line_only\"  data-halign=\"center\" style=\"text-align:center\"><div class=\"uvc-main-heading ult-responsive\"  data-ultimate-target='.uvc-heading.ultimate-heading-414869eb8400b159b h3'  data-responsive-json-new='{\"font-size\":\"desktop:18px;\",\"line-height\":\"desktop:18px;\"}' ><h3 style=\"--font-weight:theme;color:#241f0c;margin-bottom:10px;\">Module<\/h3><\/div><div class=\"uvc-heading-spacer line_only\" style=\"margin-bottom:10px;height:2px;\"><span class=\"uvc-headings-line\" style=\"border-style:solid;border-bottom-width:2px;border-color:#cad30b;width:102px;\"><\/span><\/div><\/div><style type=\"text\/css\" data-type=\"the7_shortcodes-inline-css\">#default-btn-e4946e8cbe87da3c55db8faae7d6a412.ico-right-side > i {\n  margin-right: 0px;\n  margin-left: 0px;\n}\n#default-btn-e4946e8cbe87da3c55db8faae7d6a412 > i {\n  margin-right: 0px;\n}<\/style><div class=\"btn-align-center\"><a href=\"https:\/\/eramon.de\/produktuebersicht\/anwendungsmodule\/\" class=\"default-btn-shortcode dt-btn dt-btn-s link-hover-off \" id=\"default-btn-e4946e8cbe87da3c55db8faae7d6a412\"><i class=\"icomoon-the7-font-the7-arrow-07\"><\/i><span><\/span><\/a><\/div>[\/vc_column_inner][vc_column_inner width=&#8220;1\/5&#8243;]<div class=\"ult-spacer spacer-69eb8400b1643\" data-id=\"69eb8400b1643\" data-height=\"0\" data-height-mobile=\"60\" data-height-tab=\"0\" data-height-tab-portrait=\"0\" data-height-mobile-landscape=\"60\" style=\"clear:both;display:block;\"><\/div>[vc_single_image image=&#8220;1347&#8243; img_size=&#8220;full&#8220; alignment=&#8220;center&#8220; onclick=&#8220;custom_link&#8220; css=&#8220;.vc_custom_1731510422920{padding-bottom: 0px !important;}&#8220; image_hovers=&#8220;false&#8220; link=&#8220;\/de\/produkt\/unterschied\/&#8220;]<div class=\"ult-spacer spacer-69eb8400b1668\" data-id=\"69eb8400b1668\" data-height=\"28\" data-height-mobile=\"0\" data-height-tab=\"28\" data-height-tab-portrait=\"28\" data-height-mobile-landscape=\"0\" style=\"clear:both;display:block;\"><\/div><div id=\"ultimate-heading-89469eb8400b169f\" class=\"uvc-heading ult-adjust-bottom-margin ultimate-heading-89469eb8400b169f uvc-834 fixed-subtext-height\" data-hspacer=\"line_only\"  data-halign=\"center\" style=\"text-align:center\"><div class=\"uvc-main-heading ult-responsive\"  data-ultimate-target='.uvc-heading.ultimate-heading-89469eb8400b169f h3'  data-responsive-json-new='{\"font-size\":\"desktop:18px;\",\"line-height\":\"desktop:18px;\"}' ><h3 style=\"--font-weight:theme;color:#241f0c;margin-bottom:10px;\">Der Unterschied<\/h3><\/div><div class=\"uvc-heading-spacer line_only\" style=\"margin-bottom:10px;height:2px;\"><span class=\"uvc-headings-line\" style=\"border-style:solid;border-bottom-width:2px;border-color:#cad30b;width:102px;\"><\/span><\/div><\/div><style type=\"text\/css\" data-type=\"the7_shortcodes-inline-css\">#default-btn-53c9218eaac692998f8b72c4ffe6311d.ico-right-side > i {\n  margin-right: 0px;\n  margin-left: 0px;\n}\n#default-btn-53c9218eaac692998f8b72c4ffe6311d > i {\n  margin-right: 0px;\n}<\/style><div class=\"btn-align-center\"><a href=\"\/de\/produkt\/unterschied\/\" class=\"default-btn-shortcode dt-btn dt-btn-s link-hover-off \" id=\"default-btn-53c9218eaac692998f8b72c4ffe6311d\" title=\"Der Unterschied\"><i class=\"icomoon-the7-font-the7-arrow-07\"><\/i><span><\/span><\/a><\/div>[\/vc_column_inner][vc_column_inner width=&#8220;1\/5&#8243;]<div class=\"ult-spacer spacer-69eb8400b1740\" data-id=\"69eb8400b1740\" data-height=\"0\" data-height-mobile=\"60\" data-height-tab=\"0\" data-height-tab-portrait=\"0\" data-height-mobile-landscape=\"60\" style=\"clear:both;display:block;\"><\/div>[vc_single_image image=&#8220;1434&#8243; img_size=&#8220;full&#8220; alignment=&#8220;center&#8220; onclick=&#8220;custom_link&#8220; css=&#8220;.vc_custom_1731510449666{padding-bottom: 0px !important;}&#8220; image_hovers=&#8220;false&#8220; link=&#8220;https:\/\/eramon.de\/de\/produkt\/fcaps\/&#8220;]<div id=\"ultimate-heading-450969eb8400b1779\" class=\"uvc-heading ult-adjust-bottom-margin ultimate-heading-450969eb8400b1779 uvc-8663 fixed-subtext-height\" data-hspacer=\"line_only\"  data-halign=\"center\" style=\"text-align:center\"><div class=\"uvc-main-heading ult-responsive\"  data-ultimate-target='.uvc-heading.ultimate-heading-450969eb8400b1779 h3'  data-responsive-json-new='{\"font-size\":\"desktop:18px;\",\"line-height\":\"desktop:18px;\"}' ><h3 style=\"--font-weight:theme;color:#241f0c;margin-bottom:10px;\">FCAPS<\/h3><\/div><div class=\"uvc-heading-spacer line_only\" style=\"margin-bottom:10px;height:2px;\"><span class=\"uvc-headings-line\" style=\"border-style:solid;border-bottom-width:2px;border-color:#cad30b;width:102px;\"><\/span><\/div><\/div><style type=\"text\/css\" data-type=\"the7_shortcodes-inline-css\">#default-btn-e78577d9c3887296c8cdcaceeb56aa4f.ico-right-side > i {\n  margin-right: 0px;\n  margin-left: 0px;\n}\n#default-btn-e78577d9c3887296c8cdcaceeb56aa4f > i {\n  margin-right: 0px;\n}<\/style><div class=\"btn-align-center\"><a href=\"https:\/\/eramon.de\/de\/produkt\/fcaps\/\" class=\"default-btn-shortcode dt-btn dt-btn-s link-hover-off \" id=\"default-btn-e78577d9c3887296c8cdcaceeb56aa4f\" title=\"Der Unterschied\"><i class=\"icomoon-the7-font-the7-arrow-07\"><\/i><span><\/span><\/a><\/div>[\/vc_column_inner][\/vc_row_inner][\/vc_column][\/vc_row][vc_row][vc_column width=&#8220;1\/2&#8243;]<div class=\"ult-spacer spacer-69eb8400b181d\" data-id=\"69eb8400b181d\" data-height=\"200\" data-height-mobile=\"30\" data-height-tab=\"30\" data-height-tab-portrait=\"30\" data-height-mobile-landscape=\"30\" style=\"clear:both;display:block;\"><\/div>[vc_raw_html css=&#8220;&#8220;]JTVCZXZwX2VtYmVkX3ZpZGVvJTIwdXJsJTNEJTIyaHR0cHMlM0ElMkYlMkZ3d3cuZXJhbW9uLmRlJTJGd3AtY29udGVudCUyRnVwbG9hZHMlMkYyMDI0JTJGMTElMkZFUkFNT04lMjBFbW90aW9ucyUyMENhbXBhaWduLm1wNCUyMiU1RA==[\/vc_raw_html][\/vc_column][vc_column width=&#8220;1\/2&#8243;]<div class=\"ult-spacer spacer-69eb8400b1840\" data-id=\"69eb8400b1840\" data-height=\"100\" data-height-mobile=\"10\" data-height-tab=\"10\" data-height-tab-portrait=\"10\" data-height-mobile-landscape=\"10\" style=\"clear:both;display:block;\"><\/div>[vc_text_separator title=&#8220;Warum ERAMON?&#8220; css=&#8220;&#8220;][vc_column_text css=&#8220;&#8220;]Die spezifischen Anforderungen k\u00f6nnen je nach den Bed\u00fcrfnissen und Zielen des Unternehmens variieren, aus diesem Grund sind die Funktionen <a href=\"https:\/\/de.wikipedia.org\/wiki\/Modularit%C3%A4t\">modular<\/a> zusammengefasst und k\u00f6nnen separat bestellt werden. Dies und die M\u00f6glichkeit eigenes Customizing erhalten zu k\u00f6nnen macht <a href=\"https:\/\/eramon.de\/de\/\">ERAMON<\/a> f\u00fcr Sie zu einem flexiblen Werkzeug f\u00fcr Ihr Netzwerk Management. So l\u00e4sst sich das Netzwerk Management optimal an Ihre individuellen Unternehmensziele anpassen.<\/p>\n<p>Das Netzwerk Management mit ERAMON bietet mehr als nur Basisfunktionen. Durch umfassende Analysen und \u00fcbersichtliche Auswertungen gewinnen Administratoren wertvolle Einblicke in die Netzwerk-Performance und k\u00f6nnen potenzielle Probleme fr\u00fchzeitig erkennen und beheben. Die intelligente Struktur der Software erm\u00f6glicht eine einfache Integration in bestehende Systeme, was den Implementierungsaufwand minimiert und die Benutzerfreundlichkeit maximiert.<\/p>\n<p>Mit ERAMON setzen Unternehmen auf ein zukunftssicheres Netzwerk Management, das ihre spezifischen Anforderungen erf\u00fcllt und flexibel mit dem Unternehmen wachsen kann. So wird das Netzwerk zu einem stabilen R\u00fcckgrat der Unternehmens-IT, das zuverl\u00e4ssig, sicher und effizient betrieben werden kann.&#8220;[\/vc_column_text][\/vc_column][\/vc_row][vc_row bg_type=&#8220;bg_color&#8220; bg_color_value=&#8220;#ededed&#8220;][vc_column width=&#8220;2\/3&#8243;]<div id=\"ultimate-heading-638369eb8400b18a3\" class=\"uvc-heading ult-adjust-bottom-margin ultimate-heading-638369eb8400b18a3 uvc-4593 fixed-subtext-height\" data-hspacer=\"no_spacer\"  data-halign=\"left\" style=\"text-align:left\"><div class=\"uvc-heading-spacer no_spacer\" style=\"top\"><\/div><div class=\"uvc-main-heading ult-responsive\"  data-ultimate-target='.uvc-heading.ultimate-heading-638369eb8400b18a3 h3'  data-responsive-json-new='{\"font-size\":\"desktop:18px;\",\"line-height\":\"desktop:18px;\"}' ><h3 style=\"--font-weight:theme;color:#241f0c;margin-bottom:10px;\">Erste Schritte mit ERAMON - Ihr Netzwerk Management System<\/h3><\/div><\/div><div class=\"ult-spacer spacer-69eb8400b18fe\" data-id=\"69eb8400b18fe\" data-height=\"20\" data-height-mobile=\"10\" data-height-tab=\"10\" data-height-tab-portrait=\"10\" data-height-mobile-landscape=\"10\" style=\"clear:both;display:block;\"><\/div><style type=\"text\/css\" data-type=\"the7_shortcodes-inline-css\">#default-btn-1e4a76a1a00ef89311709338c31898d9.ico-right-side > i {\n  margin-right: 0px;\n  margin-left: 10px;\n}\n#default-btn-1e4a76a1a00ef89311709338c31898d9 > i {\n  margin-right: 10px;\n}<\/style><a href=\"https:\/\/eramon.de\/de\/produkt\/anwendungsmodule\/\" class=\"default-btn-shortcode dt-btn dt-btn-m link-hover-off ico-right-side product-button btn-inline-left \" id=\"default-btn-1e4a76a1a00ef89311709338c31898d9\" title=\"Anwendungsmodule\"><span>Lerne mehr \u00fcber die umfangreichen Funktionen<\/span><i class=\"icomoon-the7-font-the7-arrow-11\"><\/i><\/a><div class=\"ult-spacer spacer-69eb8400b19a2\" data-id=\"69eb8400b19a2\" data-height=\"20\" data-height-mobile=\"10\" data-height-tab=\"10\" data-height-tab-portrait=\"10\" data-height-mobile-landscape=\"10\" style=\"clear:both;display:block;\"><\/div><style type=\"text\/css\" data-type=\"the7_shortcodes-inline-css\">#default-btn-97be4e6252785d60f125404a76769d3f.ico-right-side > i {\n  margin-right: 0px;\n  margin-left: 10px;\n}\n#default-btn-97be4e6252785d60f125404a76769d3f > i {\n  margin-right: 10px;\n}<\/style><a href=\"https:\/\/eramon.de\/de\/kontakt\/\" class=\"default-btn-shortcode dt-btn dt-btn-m link-hover-off ico-right-side product-button btn-inline-left \" id=\"default-btn-97be4e6252785d60f125404a76769d3f\" title=\"Kontakt\"><span>Angebot oder Demo anfordern<\/span><i class=\"icomoon-the7-font-the7-arrow-11\"><\/i><\/a>[\/vc_column][vc_column width=&#8220;1\/3&#8243;]<div id=\"ultimate-heading-945769eb8400b1a54\" class=\"uvc-heading ult-adjust-bottom-margin ultimate-heading-945769eb8400b1a54 uvc-4822 fixed-subtext-height\" data-hspacer=\"line_only\"  data-halign=\"left\" style=\"text-align:left\"><div class=\"uvc-main-heading ult-responsive\"  data-ultimate-target='.uvc-heading.ultimate-heading-945769eb8400b1a54 h3'  data-responsive-json-new='{\"font-size\":\"desktop:18px;\",\"line-height\":\"desktop:18px;\"}' ><h3 style=\"--font-weight:theme;color:#241f0c;margin-bottom:10px;\">Sprechen Sie uns an.<\/h3><\/div><div class=\"uvc-heading-spacer line_only\" style=\"margin-bottom:10px;height:2px;\"><span class=\"uvc-headings-line\" style=\"border-style:solid;border-bottom-width:2px;border-color:#cad30b;width:102px;\"><\/span><\/div><\/div>[vc_column_text css=&#8220;&#8220;]ERAMON GmbH<br \/>\nWelserstr. 11<br \/>\n86368 Gersthofen<\/p>\n<p>Tel: +49-821-2498-200<\/p>\n<p>E-Mail: <a href=\"mailto:info@eramon.de\">info@eramon.de<\/a>[\/vc_column_text][\/vc_column][\/vc_row]<\/p>\n<\/div>","protected":false},"excerpt":{"rendered":"<p>[vc_row][vc_column][vc_row_inner][vc_column_inner width=&#8220;1\/5&#8243;][vc_single_image image=&#8220;2105&#8243; img_size=&#8220;full&#8220; alignment=&#8220;center&#8220; onclick=&#8220;custom_link&#8220; css=&#8220;&#8220; image_hovers=&#8220;false&#8220; link=&#8220;https:\/\/eramon.de\/produktuebersicht\/architektur\/&#8220;][\/vc_column_inner][vc_column_inner width=&#8220;1\/5&#8243;][vc_single_image image=&#8220;1330&#8243; img_size=&#8220;full&#8220; alignment=&#8220;center&#8220; onclick=&#8220;custom_link&#8220; css=&#8220;&#8220; image_hovers=&#8220;false&#8220; link=&#8220;https:\/\/eramon.de\/de\/produkt\/basis-modul\/&#8220;][\/vc_column_inner][vc_column_inner width=&#8220;1\/5&#8243;][vc_single_image image=&#8220;2108&#8243; img_size=&#8220;full&#8220; alignment=&#8220;center&#8220; onclick=&#8220;custom_link&#8220; css=&#8220;&#8220; image_hovers=&#8220;false&#8220; link=&#8220;https:\/\/eramon.de\/produktuebersicht\/anwendungsmodule\/&#8220;][\/vc_column_inner][vc_column_inner width=&#8220;1\/5&#8243;][vc_single_image image=&#8220;1347&#8243; img_size=&#8220;full&#8220; alignment=&#8220;center&#8220; onclick=&#8220;custom_link&#8220; css=&#8220;.vc_custom_1731510422920{padding-bottom: 0px !important;}&#8220; image_hovers=&#8220;false&#8220; link=&#8220;\/de\/produkt\/unterschied\/&#8220;][\/vc_column_inner][vc_column_inner width=&#8220;1\/5&#8243;][vc_single_image image=&#8220;1434&#8243; img_size=&#8220;full&#8220; alignment=&#8220;center&#8220; onclick=&#8220;custom_link&#8220; css=&#8220;.vc_custom_1731510449666{padding-bottom: 0px !important;}&#8220; image_hovers=&#8220;false&#8220; link=&#8220;https:\/\/eramon.de\/de\/produkt\/fcaps\/&#8220;][\/vc_column_inner][\/vc_row_inner][\/vc_column][\/vc_row][vc_row][vc_column width=&#8220;1\/2&#8243;][vc_raw_html css=&#8220;&#8220;]JTVCZXZwX2VtYmVkX3ZpZGVvJTIwdXJsJTNEJTIyaHR0cHMlM0ElMkYlMkZ3d3cuZXJhbW9uLmRlJTJGd3AtY29udGVudCUyRnVwbG9hZHMlMkYyMDI0JTJGMTElMkZFUkFNT04lMjBFbW90aW9ucyUyMENhbXBhaWduLm1wNCUyMiU1RA==[\/vc_raw_html][\/vc_column][vc_column width=&#8220;1\/2&#8243;][vc_text_separator title=&#8220;Warum ERAMON?&#8220; css=&#8220;&#8220;][vc_column_text css=&#8220;&#8220;]Die spezifischen Anforderungen k\u00f6nnen&hellip;<\/p>\n","protected":false},"author":2,"featured_media":0,"parent":0,"menu_order":0,"comment_status":"closed","ping_status":"closed","template":"","meta":{"_monsterinsights_skip_tracking":false,"_monsterinsights_sitenote_active":false,"_monsterinsights_sitenote_note":"","_monsterinsights_sitenote_category":0,"footnotes":""},"class_list":["post-12","page","type-page","status-publish","hentry","description-off"],"yoast_head":"<!-- This site is optimized with the Yoast SEO plugin v27.4 - https:\/\/yoast.com\/product\/yoast-seo-wordpress\/ -->\n<title>Netzwerk Management-Software f\u00fcr IT-Infrastrukturen<\/title>\n<meta name=\"description\" content=\"Die ERAMON Netzwerk-Management Software kombiniert anpassbare Module mit leistungsstarken Standard-Funktionen f\u00fcr flexible L\u00f6sungen.\" \/>\n<meta name=\"robots\" content=\"index, follow, max-snippet:-1, max-image-preview:large, max-video-preview:-1\" \/>\n<link rel=\"canonical\" href=\"https:\/\/eramon.de\/de\/produkt\/\" \/>\n<meta property=\"og:locale\" content=\"de_DE\" \/>\n<meta property=\"og:type\" content=\"article\" \/>\n<meta property=\"og:title\" content=\"Netzwerkmanagement-Software f\u00fcr IT-Infrastruktur | ERAMON GmbH\" \/>\n<meta property=\"og:description\" content=\"ERAMON bietet eine Software-Kombination aus individuellen &amp; anpassungsf\u00e4higen Modulen mit integrierten Standard-Funktionen f\u00fcr Ihre IT-Infrastruktur\" \/>\n<meta property=\"og:url\" content=\"https:\/\/eramon.de\/de\/produkt\/\" \/>\n<meta property=\"og:site_name\" content=\"ERAMON\" \/>\n<meta property=\"article:modified_time\" content=\"2025-11-17T16:13:59+00:00\" \/>\n<meta name=\"twitter:card\" content=\"summary_large_image\" \/>\n<meta name=\"twitter:title\" content=\"Netzwerkmanagement-Software f\u00fcr IT-Infrastruktur | ERAMON GmbH\" \/>\n<meta name=\"twitter:description\" content=\"ERAMON bietet eine Software-Kombination aus individuellen &amp; anpassungsf\u00e4higen Modulen mit integrierten Standard-Funktionen f\u00fcr Ihre IT-Infrastruktur\" \/>\n<meta name=\"twitter:label1\" content=\"Gesch\u00e4tzte Lesezeit\" \/>\n\t<meta name=\"twitter:data1\" content=\"4\u00a0Minuten\" \/>\n<script type=\"application\/ld+json\" class=\"yoast-schema-graph\">{\"@context\":\"https:\\\/\\\/schema.org\",\"@graph\":[{\"@type\":\"WebPage\",\"@id\":\"https:\\\/\\\/eramon.de\\\/de\\\/produkt\\\/\",\"url\":\"https:\\\/\\\/eramon.de\\\/de\\\/produkt\\\/\",\"name\":\"Netzwerk Management-Software f\u00fcr IT-Infrastrukturen\",\"isPartOf\":{\"@id\":\"https:\\\/\\\/eramon.de\\\/de\\\/#website\"},\"datePublished\":\"2020-04-27T14:56:43+00:00\",\"dateModified\":\"2025-11-17T16:13:59+00:00\",\"description\":\"Die ERAMON Netzwerk-Management Software kombiniert anpassbare Module mit leistungsstarken Standard-Funktionen f\u00fcr flexible L\u00f6sungen.\",\"breadcrumb\":{\"@id\":\"https:\\\/\\\/eramon.de\\\/de\\\/produkt\\\/#breadcrumb\"},\"inLanguage\":\"de\",\"potentialAction\":[{\"@type\":\"ReadAction\",\"target\":[\"https:\\\/\\\/eramon.de\\\/de\\\/produkt\\\/\"]}]},{\"@type\":\"BreadcrumbList\",\"@id\":\"https:\\\/\\\/eramon.de\\\/de\\\/produkt\\\/#breadcrumb\",\"itemListElement\":[{\"@type\":\"ListItem\",\"position\":1,\"name\":\"Startseite\",\"item\":\"https:\\\/\\\/eramon.de\\\/de\\\/\"},{\"@type\":\"ListItem\",\"position\":2,\"name\":\"Das Produkt\"}]},{\"@type\":\"WebSite\",\"@id\":\"https:\\\/\\\/eramon.de\\\/de\\\/#website\",\"url\":\"https:\\\/\\\/eramon.de\\\/de\\\/\",\"name\":\"ERAMON\",\"description\":\"Network Management\",\"publisher\":{\"@id\":\"https:\\\/\\\/eramon.de\\\/de\\\/#organization\"},\"potentialAction\":[{\"@type\":\"SearchAction\",\"target\":{\"@type\":\"EntryPoint\",\"urlTemplate\":\"https:\\\/\\\/eramon.de\\\/de\\\/?s={search_term_string}\"},\"query-input\":{\"@type\":\"PropertyValueSpecification\",\"valueRequired\":true,\"valueName\":\"search_term_string\"}}],\"inLanguage\":\"de\"},{\"@type\":\"Organization\",\"@id\":\"https:\\\/\\\/eramon.de\\\/de\\\/#organization\",\"name\":\"ERAMON GmbH\",\"url\":\"https:\\\/\\\/eramon.de\\\/de\\\/\",\"logo\":{\"@type\":\"ImageObject\",\"inLanguage\":\"de\",\"@id\":\"https:\\\/\\\/eramon.de\\\/de\\\/#\\\/schema\\\/logo\\\/image\\\/\",\"url\":\"https:\\\/\\\/eramon.de\\\/wp-content\\\/uploads\\\/2021\\\/02\\\/eramon-logo@2x-2.png\",\"contentUrl\":\"https:\\\/\\\/eramon.de\\\/wp-content\\\/uploads\\\/2021\\\/02\\\/eramon-logo@2x-2.png\",\"width\":612,\"height\":224,\"caption\":\"ERAMON GmbH\"},\"image\":{\"@id\":\"https:\\\/\\\/eramon.de\\\/de\\\/#\\\/schema\\\/logo\\\/image\\\/\"},\"sameAs\":[\"https:\\\/\\\/www.linkedin.com\\\/company\\\/eramon-gmbh\\\/\"]}]}<\/script>\n<!-- \/ Yoast SEO plugin. -->","yoast_head_json":{"title":"Netzwerk Management-Software f\u00fcr IT-Infrastrukturen","description":"Die ERAMON Netzwerk-Management Software kombiniert anpassbare Module mit leistungsstarken Standard-Funktionen f\u00fcr flexible L\u00f6sungen.","robots":{"index":"index","follow":"follow","max-snippet":"max-snippet:-1","max-image-preview":"max-image-preview:large","max-video-preview":"max-video-preview:-1"},"canonical":"https:\/\/eramon.de\/de\/produkt\/","og_locale":"de_DE","og_type":"article","og_title":"Netzwerkmanagement-Software f\u00fcr IT-Infrastruktur | ERAMON GmbH","og_description":"ERAMON bietet eine Software-Kombination aus individuellen & anpassungsf\u00e4higen Modulen mit integrierten Standard-Funktionen f\u00fcr Ihre IT-Infrastruktur","og_url":"https:\/\/eramon.de\/de\/produkt\/","og_site_name":"ERAMON","article_modified_time":"2025-11-17T16:13:59+00:00","twitter_card":"summary_large_image","twitter_title":"Netzwerkmanagement-Software f\u00fcr IT-Infrastruktur | ERAMON GmbH","twitter_description":"ERAMON bietet eine Software-Kombination aus individuellen & anpassungsf\u00e4higen Modulen mit integrierten Standard-Funktionen f\u00fcr Ihre IT-Infrastruktur","twitter_misc":{"Gesch\u00e4tzte Lesezeit":"4\u00a0Minuten"},"schema":{"@context":"https:\/\/schema.org","@graph":[{"@type":"WebPage","@id":"https:\/\/eramon.de\/de\/produkt\/","url":"https:\/\/eramon.de\/de\/produkt\/","name":"Netzwerk Management-Software f\u00fcr IT-Infrastrukturen","isPartOf":{"@id":"https:\/\/eramon.de\/de\/#website"},"datePublished":"2020-04-27T14:56:43+00:00","dateModified":"2025-11-17T16:13:59+00:00","description":"Die ERAMON Netzwerk-Management Software kombiniert anpassbare Module mit leistungsstarken Standard-Funktionen f\u00fcr flexible L\u00f6sungen.","breadcrumb":{"@id":"https:\/\/eramon.de\/de\/produkt\/#breadcrumb"},"inLanguage":"de","potentialAction":[{"@type":"ReadAction","target":["https:\/\/eramon.de\/de\/produkt\/"]}]},{"@type":"BreadcrumbList","@id":"https:\/\/eramon.de\/de\/produkt\/#breadcrumb","itemListElement":[{"@type":"ListItem","position":1,"name":"Startseite","item":"https:\/\/eramon.de\/de\/"},{"@type":"ListItem","position":2,"name":"Das Produkt"}]},{"@type":"WebSite","@id":"https:\/\/eramon.de\/de\/#website","url":"https:\/\/eramon.de\/de\/","name":"ERAMON","description":"Network Management","publisher":{"@id":"https:\/\/eramon.de\/de\/#organization"},"potentialAction":[{"@type":"SearchAction","target":{"@type":"EntryPoint","urlTemplate":"https:\/\/eramon.de\/de\/?s={search_term_string}"},"query-input":{"@type":"PropertyValueSpecification","valueRequired":true,"valueName":"search_term_string"}}],"inLanguage":"de"},{"@type":"Organization","@id":"https:\/\/eramon.de\/de\/#organization","name":"ERAMON GmbH","url":"https:\/\/eramon.de\/de\/","logo":{"@type":"ImageObject","inLanguage":"de","@id":"https:\/\/eramon.de\/de\/#\/schema\/logo\/image\/","url":"https:\/\/eramon.de\/wp-content\/uploads\/2021\/02\/eramon-logo@2x-2.png","contentUrl":"https:\/\/eramon.de\/wp-content\/uploads\/2021\/02\/eramon-logo@2x-2.png","width":612,"height":224,"caption":"ERAMON GmbH"},"image":{"@id":"https:\/\/eramon.de\/de\/#\/schema\/logo\/image\/"},"sameAs":["https:\/\/www.linkedin.com\/company\/eramon-gmbh\/"]}]}},"_links":{"self":[{"href":"https:\/\/eramon.de\/de\/wp-json\/wp\/v2\/pages\/12","targetHints":{"allow":["GET"]}}],"collection":[{"href":"https:\/\/eramon.de\/de\/wp-json\/wp\/v2\/pages"}],"about":[{"href":"https:\/\/eramon.de\/de\/wp-json\/wp\/v2\/types\/page"}],"author":[{"embeddable":true,"href":"https:\/\/eramon.de\/de\/wp-json\/wp\/v2\/users\/2"}],"replies":[{"embeddable":true,"href":"https:\/\/eramon.de\/de\/wp-json\/wp\/v2\/comments?post=12"}],"version-history":[{"count":36,"href":"https:\/\/eramon.de\/de\/wp-json\/wp\/v2\/pages\/12\/revisions"}],"predecessor-version":[{"id":3508,"href":"https:\/\/eramon.de\/de\/wp-json\/wp\/v2\/pages\/12\/revisions\/3508"}],"wp:attachment":[{"href":"https:\/\/eramon.de\/de\/wp-json\/wp\/v2\/media?parent=12"}],"curies":[{"name":"wp","href":"https:\/\/api.w.org\/{rel}","templated":true}]}}