{"id":1245,"date":"2021-01-25T11:52:59","date_gmt":"2021-01-25T10:52:59","guid":{"rendered":"https:\/\/eramon.de\/?page_id=1245"},"modified":"2024-11-04T14:08:00","modified_gmt":"2024-11-04T13:08:00","slug":"user-story-raitec-netzwerkmanagement","status":"publish","type":"page","link":"https:\/\/eramon.de\/de\/referenzen-und-kunden\/user-story-raitec-netzwerkmanagement\/","title":{"rendered":"RAITEC IT Services Netzwerkmanagement Erfahrungsbericht"},"content":{"rendered":"<div class=\"wpb-content-wrapper\"><p>[vc_row][vc_column]<div id=\"ultimate-heading-456169eb99beec3a7\" class=\"uvc-heading ult-adjust-bottom-margin ultimate-heading-456169eb99beec3a7 uvc-4893 \" data-hspacer=\"line_only\"  data-halign=\"left\" style=\"text-align:left\"><div class=\"uvc-main-heading ult-responsive\"  data-ultimate-target='.uvc-heading.ultimate-heading-456169eb99beec3a7 h1'  data-responsive-json-new='{\"font-size\":\"desktop:25px;\",\"line-height\":\"desktop:25px;\"}' ><h1 style=\"--font-weight:theme;color:#241f0c;margin-bottom:20px;\">Eine leistungsstarke Netzwerkmanagement-Software gepaart mit direktem Kundenservice<\/h1><\/div><div class=\"uvc-heading-spacer line_only\" style=\"margin-bottom:32px;height:2px;\"><span class=\"uvc-headings-line\" style=\"border-style:solid;border-bottom-width:2px;border-color:#cad30b;width:102px;\"><\/span><\/div><\/div>[\/vc_column][\/vc_row][vc_row][vc_column width=&#8220;2\/3&#8243;][vc_column_text css=&#8220;&#8220;]<span style=\"font-weight: 400;\">Die<\/span><a href=\"https:\/\/www.raitec.at\/de\/home.html\"> <span style=\"font-weight: 400;\">RAITEC IT Services<\/span><\/a><span style=\"font-weight: 400;\"> ist eines der gr\u00f6\u00dften und erfolgreichsten Informatik-Systemh\u00e4user \u00d6sterreichs mit Standorten in Linz, Innsbruck und Salzburg. Den Hauptgesch\u00e4ftszweig der RAITEC IT Services bilden der Rechenzentrumsbetrieb und der Betrieb dezentraler Hard- und Software-Strukturen f\u00fcr Banken zur Abwicklung aller Gesch\u00e4ftsbereiche. Hauptkunden sind die Raiffeisenbankengruppen Ober\u00f6sterreich, Tirol und Salzburg. Mit den Hypothekenbanken Ober\u00f6sterreich und Salzburg wurden Kooperationsvertr\u00e4ge geschlossen.<\/span><\/p>\n<p><span style=\"font-weight: 400;\">Seit 2011 setzen wir bei RAITEC IT Services das ERAMON-System f\u00fcr die Netzwerkmanagement-Themen Fault Management, Performance Management, Provisioning und Inventory ein. So haben wir es geschafft, den Gro\u00dfteil der unterschiedlichen Management Tools abzul\u00f6sen und die Aufgaben der Abteilung Netzwerk auf einer Plattform zu konsolidieren. Die Synergieeffekte daraus ergaben erhebliche Kostenersparnisse.<\/span><\/p>\n<p><span style=\"font-weight: 400;\">\u00a0<\/span><\/p>\n<h3><b>Die f\u00fcr uns wichtigsten Vorteile der eingesetzten Netzwerkmanagement-Module:<\/b><\/h3>\n<ol>\n<li style=\"font-weight: 400;\" aria-level=\"1\"><span style=\"font-weight: 400;\">Mit dem Modul \u201e<\/span><a href=\"https:\/\/eramon.de\/de\/produkt\/anwendungsmodule\/provisioning\/\"><span style=\"font-weight: 400;\">Provisioning<\/span><\/a><span style=\"font-weight: 400;\">\u201c des ERAMON Systems sind wir heute in der Lage, \u00c4nderungen an den mehr als 3.500 Ger\u00e4te\/21.500 Ports unseres Netzes <\/span><b>innerhalb k\u00fcrzester Zeit<\/b><span style=\"font-weight: 400;\"> zu konfigurieren. Dies resultierte in einer deutlichen Steigerung unserer <\/span><b>Zeiteffizienz<\/b><span style=\"font-weight: 400;\">. Dadurch k\u00f6nnen wir auf Anforderungen aus unterschiedlichen Unternehmensbereichen wie Security, Access and Authorization, Baselining, Quality of Service und dem Management direkt und zeitnah reagieren.<\/span><span style=\"font-weight: 400;\"><br \/>\n<\/span><span style=\"font-weight: 400;\">Alternative Konfigurationen oder Ideen lassen sich sehr einfach und mit geringem Risiko ausrollen, da jede Anpassung sofort wieder auf ihre urspr\u00fcngliche Einstellung zur\u00fcckgesetzt werden kann.<\/span><span style=\"font-weight: 400;\"><br \/>\n<\/span><span style=\"font-weight: 400;\">Zus\u00e4tzlich bietet das Modul \u201e<\/span><a href=\"https:\/\/eramon.de\/de\/produkt\/anwendungsmodule\/provisioning\/\"><span style=\"font-weight: 400;\">Provisioning<\/span><\/a><span style=\"font-weight: 400;\">\u201c die M\u00f6glichkeit f\u00fcr<\/span><b> automatisiertes Netzwerkmanagement<\/b><span style=\"font-weight: 400;\">.<\/span><\/li>\n<li style=\"font-weight: 400;\" aria-level=\"1\"><span style=\"font-weight: 400;\">Zur Gew\u00e4hrleistung hoher <\/span><b>Betriebssicherheit<\/b><span style=\"font-weight: 400;\"> bietet das Modul \u201e<\/span><a href=\"https:\/\/eramon.de\/de\/produkt\/anwendungsmodule\/config-compliance-check\/\"><span style=\"font-weight: 400;\">Config Compliance Check<\/span><\/a><span style=\"font-weight: 400;\">\u201c eine erhebliche Entlastung. Jedes Ger\u00e4t kann, sowohl durch Gruppen- als auch Einzelpr\u00fcfung, vollautomatisch auf durchg\u00e4ngige Konformit\u00e4t der Konfiguration anhand definierter Vorgaben gepr\u00fcft werden.<\/span><\/li>\n<li style=\"font-weight: 400;\" aria-level=\"1\"><span style=\"font-weight: 400;\">Den <\/span><b>operativen Zustand unseres Netzwerks<\/b><span style=\"font-weight: 400;\"> haben wir durch korrelierte Events sowie in Verbindung mit Daten aus dem Modul \u201e<\/span><a href=\"https:\/\/eramon.de\/de\/produkt\/anwendungsmodule\/performance-management\/\"><span style=\"font-weight: 400;\">Performance Management<\/span><\/a><span style=\"font-weight: 400;\">\u201c jederzeit aktuell und \u00fcbersichtlich im Blick.<\/span><span style=\"font-weight: 400;\"><br \/>\n<\/span><span style=\"font-weight: 400;\">Von uns definierte Threshold-Werte unterst\u00fctzen dabei die Steuerung dieses wichtigen Instruments und bedienen weitere Alarmierungsmechanismen wie SMS oder E-Mail.<\/span><\/li>\n<li style=\"font-weight: 400;\" aria-level=\"1\"><span style=\"font-weight: 400;\">Das Modul \u201e<\/span><a href=\"https:\/\/eramon.de\/de\/produkt\/anwendungsmodule\/topology-view\/\"><span style=\"font-weight: 400;\">Topology View<\/span><\/a><span style=\"font-weight: 400;\">\u201c bietet eine <\/span><b>geografische \u00dcbersicht<\/b><span style=\"font-weight: 400;\"> des in Echtzeit automatisch aktualisierten Zustands unseres Netzes und erm\u00f6glicht mit seiner grafischen Oberfl\u00e4che einen optimalen \u00dcberblick \u00fcber relevante Informationen.<\/span><\/li>\n<li style=\"font-weight: 400;\" aria-level=\"1\"><span style=\"font-weight: 400;\">Gerade im Bankengesch\u00e4ft ist eine<\/span><b> Compliance-konforme Verwaltung<\/b><span style=\"font-weight: 400;\"> des Netzwerks von herausragender Bedeutung. Durch das Modul \u201e<\/span><a href=\"https:\/\/eramon.de\/de\/produkt\/anwendungsmodule\/asset-management\/\"><span style=\"font-weight: 400;\">Asset Management<\/span><\/a><span style=\"font-weight: 400;\">\u201c steht uns heute jederzeit der aktuelle Status aller aktiven und passiven Ger\u00e4te zur Verf\u00fcgung. Neben der Auflistung verbauter Module werden auch die Softwarest\u00e4nde der Ger\u00e4te ausgegeben.<\/span><span style=\"font-weight: 400;\"><br \/>\n<\/span><span style=\"font-weight: 400;\">In Verbindung mit dem Modul \u201e<\/span><a href=\"https:\/\/eramon.de\/de\/produkt\/anwendungsmodule\/config-compliance-check\/\"><span style=\"font-weight: 400;\">Config Compliance Check<\/span><\/a><span style=\"font-weight: 400;\">\u201c erhalten wir <\/span><b>auf Knopfdruck alle Audit-relevanten Informationen.<\/b><\/li>\n<\/ol>\n<p><span style=\"font-weight: 400;\">Der Support \u2013 eine sehr wichtige Komponente: Wir bei RAITEC IT Services legen besonderen Wert darauf, einen <\/span><strong>Ansprechpartner direkt beim Hersteller<\/strong><span style=\"font-weight: 400;\"> zu haben, mit dem wir unsere Anforderungen besprechen k\u00f6nnen. Mit ERAMON haben wir einen Partner gefunden, der unsere Anforderungen erf\u00fcllt: S\u00e4mtliche unserer Support-Anfragen werden kompetent, schnell (meist noch am selben Tag) und transparent bearbeitet.<\/span>[\/vc_column_text][\/vc_column][vc_column width=&#8220;1\/3&#8243;][vc_single_image image=&#8220;2007&#8243; img_size=&#8220;full&#8220; alignment=&#8220;right&#8220;][\/vc_column][\/vc_row]<\/p>\n<\/div>","protected":false},"excerpt":{"rendered":"<p>[vc_row][vc_column][\/vc_column][\/vc_row][vc_row][vc_column width=&#8220;2\/3&#8243;][vc_column_text css=&#8220;&#8220;]Die RAITEC IT Services ist eines der gr\u00f6\u00dften und erfolgreichsten Informatik-Systemh\u00e4user \u00d6sterreichs mit Standorten in Linz, Innsbruck und Salzburg. Den Hauptgesch\u00e4ftszweig der RAITEC IT Services bilden der Rechenzentrumsbetrieb und der Betrieb dezentraler Hard- und Software-Strukturen f\u00fcr Banken zur Abwicklung aller Gesch\u00e4ftsbereiche. Hauptkunden sind die Raiffeisenbankengruppen Ober\u00f6sterreich, Tirol und Salzburg. Mit den Hypothekenbanken Ober\u00f6sterreich&hellip;<\/p>\n","protected":false},"author":6,"featured_media":1304,"parent":269,"menu_order":0,"comment_status":"closed","ping_status":"closed","template":"","meta":{"_monsterinsights_skip_tracking":false,"_monsterinsights_sitenote_active":false,"_monsterinsights_sitenote_note":"","_monsterinsights_sitenote_category":0,"footnotes":""},"class_list":["post-1245","page","type-page","status-publish","has-post-thumbnail","hentry","description-off"],"yoast_head":"<!-- This site is optimized with the Yoast SEO plugin v27.4 - https:\/\/yoast.com\/product\/yoast-seo-wordpress\/ -->\n<title>RAITEC IT Services Netzwerkmanagement Erfahrungsbericht - ERAMON<\/title>\n<meta name=\"description\" content=\"Lesen Sie, welche Erfahrungen RAITEC IT gesammelt und mit welchen Modulen sie ihr Netzwerkmanagement vereinfacht haben.\" \/>\n<meta name=\"robots\" content=\"index, follow, max-snippet:-1, max-image-preview:large, max-video-preview:-1\" \/>\n<link rel=\"canonical\" href=\"https:\/\/eramon.de\/de\/referenzen-und-kunden\/user-story-raitec-netzwerkmanagement\/\" \/>\n<meta property=\"og:locale\" content=\"de_DE\" \/>\n<meta property=\"og:type\" content=\"article\" \/>\n<meta property=\"og:title\" content=\"RAITEC IT Services Netzwerkmanagement Erfahrungsbericht - ERAMON\" \/>\n<meta property=\"og:description\" content=\"Lesen Sie, welche Erfahrungen RAITEC IT gesammelt und mit welchen Modulen sie ihr Netzwerkmanagement vereinfacht haben.\" \/>\n<meta property=\"og:url\" content=\"https:\/\/eramon.de\/de\/referenzen-und-kunden\/user-story-raitec-netzwerkmanagement\/\" \/>\n<meta property=\"og:site_name\" content=\"ERAMON\" \/>\n<meta property=\"article:modified_time\" content=\"2024-11-04T13:08:00+00:00\" \/>\n<meta property=\"og:image\" content=\"https:\/\/eramon.de\/wp-content\/uploads\/2021\/01\/Logo-GRZ-Transparent-1.png\" \/>\n\t<meta property=\"og:image:width\" content=\"1280\" \/>\n\t<meta property=\"og:image:height\" content=\"490\" \/>\n\t<meta property=\"og:image:type\" content=\"image\/png\" \/>\n<meta name=\"twitter:card\" content=\"summary_large_image\" \/>\n<meta name=\"twitter:label1\" content=\"Gesch\u00e4tzte Lesezeit\" \/>\n\t<meta name=\"twitter:data1\" content=\"3\u00a0Minuten\" \/>\n<script type=\"application\/ld+json\" class=\"yoast-schema-graph\">{\"@context\":\"https:\\\/\\\/schema.org\",\"@graph\":[{\"@type\":\"WebPage\",\"@id\":\"https:\\\/\\\/eramon.de\\\/de\\\/referenzen-und-kunden\\\/user-story-raitec-netzwerkmanagement\\\/\",\"url\":\"https:\\\/\\\/eramon.de\\\/de\\\/referenzen-und-kunden\\\/user-story-raitec-netzwerkmanagement\\\/\",\"name\":\"RAITEC IT Services Netzwerkmanagement Erfahrungsbericht - ERAMON\",\"isPartOf\":{\"@id\":\"https:\\\/\\\/eramon.de\\\/de\\\/#website\"},\"primaryImageOfPage\":{\"@id\":\"https:\\\/\\\/eramon.de\\\/de\\\/referenzen-und-kunden\\\/user-story-raitec-netzwerkmanagement\\\/#primaryimage\"},\"image\":{\"@id\":\"https:\\\/\\\/eramon.de\\\/de\\\/referenzen-und-kunden\\\/user-story-raitec-netzwerkmanagement\\\/#primaryimage\"},\"thumbnailUrl\":\"https:\\\/\\\/eramon.de\\\/wp-content\\\/uploads\\\/2021\\\/01\\\/Logo-GRZ-Transparent-1.png\",\"datePublished\":\"2021-01-25T10:52:59+00:00\",\"dateModified\":\"2024-11-04T13:08:00+00:00\",\"description\":\"Lesen Sie, welche Erfahrungen RAITEC IT gesammelt und mit welchen Modulen sie ihr Netzwerkmanagement vereinfacht haben.\",\"breadcrumb\":{\"@id\":\"https:\\\/\\\/eramon.de\\\/de\\\/referenzen-und-kunden\\\/user-story-raitec-netzwerkmanagement\\\/#breadcrumb\"},\"inLanguage\":\"de\",\"potentialAction\":[{\"@type\":\"ReadAction\",\"target\":[\"https:\\\/\\\/eramon.de\\\/de\\\/referenzen-und-kunden\\\/user-story-raitec-netzwerkmanagement\\\/\"]}]},{\"@type\":\"ImageObject\",\"inLanguage\":\"de\",\"@id\":\"https:\\\/\\\/eramon.de\\\/de\\\/referenzen-und-kunden\\\/user-story-raitec-netzwerkmanagement\\\/#primaryimage\",\"url\":\"https:\\\/\\\/eramon.de\\\/wp-content\\\/uploads\\\/2021\\\/01\\\/Logo-GRZ-Transparent-1.png\",\"contentUrl\":\"https:\\\/\\\/eramon.de\\\/wp-content\\\/uploads\\\/2021\\\/01\\\/Logo-GRZ-Transparent-1.png\",\"width\":1280,\"height\":490,\"caption\":\"GRZ Logo Kunde\"},{\"@type\":\"BreadcrumbList\",\"@id\":\"https:\\\/\\\/eramon.de\\\/de\\\/referenzen-und-kunden\\\/user-story-raitec-netzwerkmanagement\\\/#breadcrumb\",\"itemListElement\":[{\"@type\":\"ListItem\",\"position\":1,\"name\":\"Startseite\",\"item\":\"https:\\\/\\\/eramon.de\\\/de\\\/\"},{\"@type\":\"ListItem\",\"position\":2,\"name\":\"Referenzen\",\"item\":\"https:\\\/\\\/eramon.de\\\/de\\\/referenzen-und-kunden\\\/\"},{\"@type\":\"ListItem\",\"position\":3,\"name\":\"RAITEC IT Services Netzwerkmanagement Erfahrungsbericht\"}]},{\"@type\":\"WebSite\",\"@id\":\"https:\\\/\\\/eramon.de\\\/de\\\/#website\",\"url\":\"https:\\\/\\\/eramon.de\\\/de\\\/\",\"name\":\"ERAMON\",\"description\":\"Network Management\",\"publisher\":{\"@id\":\"https:\\\/\\\/eramon.de\\\/de\\\/#organization\"},\"potentialAction\":[{\"@type\":\"SearchAction\",\"target\":{\"@type\":\"EntryPoint\",\"urlTemplate\":\"https:\\\/\\\/eramon.de\\\/de\\\/?s={search_term_string}\"},\"query-input\":{\"@type\":\"PropertyValueSpecification\",\"valueRequired\":true,\"valueName\":\"search_term_string\"}}],\"inLanguage\":\"de\"},{\"@type\":\"Organization\",\"@id\":\"https:\\\/\\\/eramon.de\\\/de\\\/#organization\",\"name\":\"ERAMON GmbH\",\"url\":\"https:\\\/\\\/eramon.de\\\/de\\\/\",\"logo\":{\"@type\":\"ImageObject\",\"inLanguage\":\"de\",\"@id\":\"https:\\\/\\\/eramon.de\\\/de\\\/#\\\/schema\\\/logo\\\/image\\\/\",\"url\":\"https:\\\/\\\/eramon.de\\\/wp-content\\\/uploads\\\/2021\\\/02\\\/eramon-logo@2x-2.png\",\"contentUrl\":\"https:\\\/\\\/eramon.de\\\/wp-content\\\/uploads\\\/2021\\\/02\\\/eramon-logo@2x-2.png\",\"width\":612,\"height\":224,\"caption\":\"ERAMON GmbH\"},\"image\":{\"@id\":\"https:\\\/\\\/eramon.de\\\/de\\\/#\\\/schema\\\/logo\\\/image\\\/\"},\"sameAs\":[\"https:\\\/\\\/www.linkedin.com\\\/company\\\/eramon-gmbh\\\/\"]}]}<\/script>\n<!-- \/ Yoast SEO plugin. -->","yoast_head_json":{"title":"RAITEC IT Services Netzwerkmanagement Erfahrungsbericht - ERAMON","description":"Lesen Sie, welche Erfahrungen RAITEC IT gesammelt und mit welchen Modulen sie ihr Netzwerkmanagement vereinfacht haben.","robots":{"index":"index","follow":"follow","max-snippet":"max-snippet:-1","max-image-preview":"max-image-preview:large","max-video-preview":"max-video-preview:-1"},"canonical":"https:\/\/eramon.de\/de\/referenzen-und-kunden\/user-story-raitec-netzwerkmanagement\/","og_locale":"de_DE","og_type":"article","og_title":"RAITEC IT Services Netzwerkmanagement Erfahrungsbericht - ERAMON","og_description":"Lesen Sie, welche Erfahrungen RAITEC IT gesammelt und mit welchen Modulen sie ihr Netzwerkmanagement vereinfacht haben.","og_url":"https:\/\/eramon.de\/de\/referenzen-und-kunden\/user-story-raitec-netzwerkmanagement\/","og_site_name":"ERAMON","article_modified_time":"2024-11-04T13:08:00+00:00","og_image":[{"width":1280,"height":490,"url":"https:\/\/eramon.de\/wp-content\/uploads\/2021\/01\/Logo-GRZ-Transparent-1.png","type":"image\/png"}],"twitter_card":"summary_large_image","twitter_misc":{"Gesch\u00e4tzte Lesezeit":"3\u00a0Minuten"},"schema":{"@context":"https:\/\/schema.org","@graph":[{"@type":"WebPage","@id":"https:\/\/eramon.de\/de\/referenzen-und-kunden\/user-story-raitec-netzwerkmanagement\/","url":"https:\/\/eramon.de\/de\/referenzen-und-kunden\/user-story-raitec-netzwerkmanagement\/","name":"RAITEC IT Services Netzwerkmanagement Erfahrungsbericht - ERAMON","isPartOf":{"@id":"https:\/\/eramon.de\/de\/#website"},"primaryImageOfPage":{"@id":"https:\/\/eramon.de\/de\/referenzen-und-kunden\/user-story-raitec-netzwerkmanagement\/#primaryimage"},"image":{"@id":"https:\/\/eramon.de\/de\/referenzen-und-kunden\/user-story-raitec-netzwerkmanagement\/#primaryimage"},"thumbnailUrl":"https:\/\/eramon.de\/wp-content\/uploads\/2021\/01\/Logo-GRZ-Transparent-1.png","datePublished":"2021-01-25T10:52:59+00:00","dateModified":"2024-11-04T13:08:00+00:00","description":"Lesen Sie, welche Erfahrungen RAITEC IT gesammelt und mit welchen Modulen sie ihr Netzwerkmanagement vereinfacht haben.","breadcrumb":{"@id":"https:\/\/eramon.de\/de\/referenzen-und-kunden\/user-story-raitec-netzwerkmanagement\/#breadcrumb"},"inLanguage":"de","potentialAction":[{"@type":"ReadAction","target":["https:\/\/eramon.de\/de\/referenzen-und-kunden\/user-story-raitec-netzwerkmanagement\/"]}]},{"@type":"ImageObject","inLanguage":"de","@id":"https:\/\/eramon.de\/de\/referenzen-und-kunden\/user-story-raitec-netzwerkmanagement\/#primaryimage","url":"https:\/\/eramon.de\/wp-content\/uploads\/2021\/01\/Logo-GRZ-Transparent-1.png","contentUrl":"https:\/\/eramon.de\/wp-content\/uploads\/2021\/01\/Logo-GRZ-Transparent-1.png","width":1280,"height":490,"caption":"GRZ Logo Kunde"},{"@type":"BreadcrumbList","@id":"https:\/\/eramon.de\/de\/referenzen-und-kunden\/user-story-raitec-netzwerkmanagement\/#breadcrumb","itemListElement":[{"@type":"ListItem","position":1,"name":"Startseite","item":"https:\/\/eramon.de\/de\/"},{"@type":"ListItem","position":2,"name":"Referenzen","item":"https:\/\/eramon.de\/de\/referenzen-und-kunden\/"},{"@type":"ListItem","position":3,"name":"RAITEC IT Services Netzwerkmanagement Erfahrungsbericht"}]},{"@type":"WebSite","@id":"https:\/\/eramon.de\/de\/#website","url":"https:\/\/eramon.de\/de\/","name":"ERAMON","description":"Network Management","publisher":{"@id":"https:\/\/eramon.de\/de\/#organization"},"potentialAction":[{"@type":"SearchAction","target":{"@type":"EntryPoint","urlTemplate":"https:\/\/eramon.de\/de\/?s={search_term_string}"},"query-input":{"@type":"PropertyValueSpecification","valueRequired":true,"valueName":"search_term_string"}}],"inLanguage":"de"},{"@type":"Organization","@id":"https:\/\/eramon.de\/de\/#organization","name":"ERAMON GmbH","url":"https:\/\/eramon.de\/de\/","logo":{"@type":"ImageObject","inLanguage":"de","@id":"https:\/\/eramon.de\/de\/#\/schema\/logo\/image\/","url":"https:\/\/eramon.de\/wp-content\/uploads\/2021\/02\/eramon-logo@2x-2.png","contentUrl":"https:\/\/eramon.de\/wp-content\/uploads\/2021\/02\/eramon-logo@2x-2.png","width":612,"height":224,"caption":"ERAMON GmbH"},"image":{"@id":"https:\/\/eramon.de\/de\/#\/schema\/logo\/image\/"},"sameAs":["https:\/\/www.linkedin.com\/company\/eramon-gmbh\/"]}]}},"_links":{"self":[{"href":"https:\/\/eramon.de\/de\/wp-json\/wp\/v2\/pages\/1245","targetHints":{"allow":["GET"]}}],"collection":[{"href":"https:\/\/eramon.de\/de\/wp-json\/wp\/v2\/pages"}],"about":[{"href":"https:\/\/eramon.de\/de\/wp-json\/wp\/v2\/types\/page"}],"author":[{"embeddable":true,"href":"https:\/\/eramon.de\/de\/wp-json\/wp\/v2\/users\/6"}],"replies":[{"embeddable":true,"href":"https:\/\/eramon.de\/de\/wp-json\/wp\/v2\/comments?post=1245"}],"version-history":[{"count":16,"href":"https:\/\/eramon.de\/de\/wp-json\/wp\/v2\/pages\/1245\/revisions"}],"predecessor-version":[{"id":3160,"href":"https:\/\/eramon.de\/de\/wp-json\/wp\/v2\/pages\/1245\/revisions\/3160"}],"up":[{"embeddable":true,"href":"https:\/\/eramon.de\/de\/wp-json\/wp\/v2\/pages\/269"}],"wp:featuredmedia":[{"embeddable":true,"href":"https:\/\/eramon.de\/de\/wp-json\/wp\/v2\/media\/1304"}],"wp:attachment":[{"href":"https:\/\/eramon.de\/de\/wp-json\/wp\/v2\/media?parent=1245"}],"curies":[{"name":"wp","href":"https:\/\/api.w.org\/{rel}","templated":true}]}}