{"id":1254,"date":"2021-01-25T11:52:23","date_gmt":"2021-01-25T10:52:23","guid":{"rendered":"https:\/\/eramon.de\/?page_id=1254"},"modified":"2024-11-06T12:09:32","modified_gmt":"2024-11-06T11:09:32","slug":"user-story-2-netzwerkmanagement","status":"publish","type":"page","link":"https:\/\/eramon.de\/de\/referenzen-und-kunden\/user-story-2-netzwerkmanagement\/","title":{"rendered":"Netzwerkmanagement von ERAMON. Ein Erfahrungsbericht"},"content":{"rendered":"<div class=\"wpb-content-wrapper\"><p>[vc_row][vc_column]<div id=\"ultimate-heading-239569eb99c9d1dfc\" class=\"uvc-heading ult-adjust-bottom-margin ultimate-heading-239569eb99c9d1dfc uvc-2131 \" data-hspacer=\"line_only\"  data-halign=\"left\" style=\"text-align:left\"><div class=\"uvc-main-heading ult-responsive\"  data-ultimate-target='.uvc-heading.ultimate-heading-239569eb99c9d1dfc h1'  data-responsive-json-new='{\"font-size\":\"desktop:25px;\",\"line-height\":\"desktop:25px;\"}' ><h1 style=\"--font-weight:theme;color:#241f0c;margin-bottom:20px;\">Transparente Leitungsverwaltung f\u00fcr IT-Netzwerke auf einer einzigen Plattform<\/h1><\/div><div class=\"uvc-heading-spacer line_only\" style=\"margin-bottom:32px;height:2px;\"><span class=\"uvc-headings-line\" style=\"border-style:solid;border-bottom-width:2px;border-color:#cad30b;width:102px;\"><\/span><\/div><\/div>[\/vc_column][\/vc_row][vc_row][vc_column width=&#8220;2\/3&#8243;][vc_column_text css=&#8220;&#8220;]<span style=\"font-weight: 400;\">Seit 2008 vertrauen wir auf die Netzwerkmanagement-L\u00f6sung von ERAMON und profitieren von den Vorteilen des integrierten homogenen Systems. Die von uns lizenzierten Module<\/span><a href=\"https:\/\/eramon.de\/de\/produkt\/anwendungsmodule\/carrier-management\/\"> <span style=\"font-weight: 400;\">Carrier Management<\/span><\/a><span style=\"font-weight: 400;\">,<\/span><a href=\"https:\/\/eramon.de\/de\/produkt\/anwendungsmodule\/performance-management\/\"> <span style=\"font-weight: 400;\">Performance Management<\/span><\/a><span style=\"font-weight: 400;\">,<\/span><a href=\"https:\/\/eramon.de\/de\/produkt\/anwendungsmodule\/asset-management\/\"> <span style=\"font-weight: 400;\">Asset Management<\/span><\/a><span style=\"font-weight: 400;\"> sowie<\/span><a href=\"https:\/\/eramon.de\/de\/produkt\/anwendungsmodule\/kundenportal\/\"> <span style=\"font-weight: 400;\">Kundenportal<\/span><\/a><span style=\"font-weight: 400;\"> greifen auf eine <\/span><strong>harmonisierte Datenbasis<\/strong><span style=\"font-weight: 400;\"> zur\u00fcck. Der aufw\u00e4ndige Austausch zwischen verschiedenen Anwendungen und Datenquellen entf\u00e4llt. Dadurch ergibt sich ein hohes Ma\u00df an <\/span><strong>Effizienzsteigerungen und Prozessoptimierungen<\/strong><span style=\"font-weight: 400;\">. Wir haben eine jederzeit aktuelle und passgenaue \u00dcbersicht \u00fcber die f\u00fcr unser Tagesgesch\u00e4ft relevanten Kennzahlen. ERAMON ist eine Software, welche uns alle f\u00fcr uns relevanten Daten auf einer <\/span><strong>integrierten Plattform<\/strong><span style=\"font-weight: 400;\"> bereitstellt, die wir f\u00fcr die Leitungsverwaltung ben\u00f6tigen.<\/span><\/p>\n<p><span style=\"font-weight: 400;\">Durch die <\/span><strong>saubere Trennung von Hauptanwendung und<a href=\"https:\/\/eramon.de\/de\/produkt\/anwendungsmodule\/kundenportal\/\"> Kundenportal<\/a><\/strong><span style=\"font-weight: 400;\"> haben sowohl wir von der Technik als auch unsere Kunden jederzeit performanten Zugriff auf genau die Informationen, welche sie f\u00fcr ihre jeweilige Aufgabe ben\u00f6tigen.<\/span><\/p>\n<p><span style=\"font-weight: 400;\">Wir entschieden uns f\u00fcr ERAMON, da wir eine L\u00f6sung f\u00fcr das interne Netzwerkmanagement suchten, die uns die passenden <\/span><strong>Antworten auf unsere zentralen Probleme<\/strong><span style=\"font-weight: 400;\"> liefert:<\/span><\/p>\n<ul>\n<li style=\"font-weight: 400;\" aria-level=\"1\"><span style=\"font-weight: 400;\">Wie bekommen wir einen Echtzeit-\u00dcberblick \u00fcber all unsere WAN Leitungen, die entsprechenden Endger\u00e4te und deren aktuellen Status?<\/span><\/li>\n<li style=\"font-weight: 400;\" aria-level=\"1\"><span style=\"font-weight: 400;\">Wie k\u00f6nnen wir unsere vorhandenen Ressourcen effizient nutzen und unn\u00f6tigen Ballast vermeiden?<\/span><\/li>\n<li style=\"font-weight: 400;\" aria-level=\"1\"><span style=\"font-weight: 400;\">Wie bew\u00e4ltigen wir die stets anwachsenden Anforderungen an eine leistungsf\u00e4hige IT-Infrastruktur, ohne die \u00dcbersicht oder gar die Kontrolle zu verlieren?<\/span><\/li>\n<li style=\"font-weight: 400;\" aria-level=\"1\"><span style=\"font-weight: 400;\">Wie bewahren wir unsere Flexibilit\u00e4t bei der Auswahl des Carriers?<\/span><\/li>\n<\/ul>\n<p>&nbsp;<\/p>\n<h2><b>Diese Vorteile haben sich aus dem Einf\u00fchren des Netzwerkmanagementsystems von ERAMON ergeben:<\/b><\/h2>\n<ol>\n<li style=\"list-style-type: none;\">\n<ol>\n<li style=\"font-weight: 400;\" aria-level=\"1\"><span style=\"font-weight: 400;\">Bei Themen wie Leitungsabdeckung, -auslastung oder -bedarf konnten wir <\/span><b>Transparenz<\/b><span style=\"font-weight: 400;\"> schaffen und Redundanzen aufdecken. Dadurch konnten wir die Effizienz unseres Tagesgesch\u00e4fts erheblich verbessern.<\/span><\/li>\n<li style=\"font-weight: 400;\" aria-level=\"1\"><span style=\"font-weight: 400;\">Das Netzwerkmanagementsystem von Eramon konsolidiert die wichtigsten Informationen in einer <\/span><b>Datenbasis<\/b><span style=\"font-weight: 400;\">. Dadurch stehen diese <\/span><b>jederzeit in aktueller Form<\/b><span style=\"font-weight: 400;\"> zur Verf\u00fcgung. Es gibt <\/span><b>keine Fehlerquellen und Verz\u00f6gerungen<\/b><span style=\"font-weight: 400;\">, die sich oft aufgrund des Datenaustauschs oder laufender Aktualisierungen zwischen unterschiedlichen Datenquellen einschleichen. ERAMON bietet f\u00fcr unsere Daten einen <\/span><a href=\"https:\/\/de.wikipedia.org\/wiki\/Single_Point_of_Truth\"><span style=\"font-weight: 400;\">Single Point of Truth<\/span><\/a><span style=\"font-weight: 400;\"> (SPOT).<\/span><\/li>\n<li style=\"font-weight: 400;\" aria-level=\"1\"><span style=\"font-weight: 400;\">Die <\/span><b>Leistungsf\u00e4higkeit<\/b><span style=\"font-weight: 400;\"> der Plattform ergibt sich auch aus der Kombination von Daten, zum Beispiel folgende:<\/span><\/li>\n<\/ol>\n<\/li>\n<\/ol>\n<ul>\n<li style=\"list-style-type: none;\">\n<ul>\n<li style=\"list-style-type: none;\">\n<ul>\n<li><span style=\"font-weight: 400;\">Leitungen und deren Kosten, Vertragslaufzeiten etc.<\/span><\/li>\n<li style=\"font-weight: 400;\" aria-level=\"1\"><span style=\"font-weight: 400;\">Performance-Messungen<\/span><\/li>\n<li style=\"font-weight: 400;\" aria-level=\"1\"><span style=\"font-weight: 400;\">Ger\u00e4te und deren Ausstattung<\/span><\/li>\n<li style=\"font-weight: 400;\" aria-level=\"1\"><span style=\"font-weight: 400;\">Maintenance-Informationen<\/span><\/li>\n<li style=\"font-weight: 400;\" aria-level=\"1\"><span style=\"font-weight: 400;\">Standorte<\/span><\/li>\n<li style=\"font-weight: 400;\" aria-level=\"1\"><span style=\"font-weight: 400;\">Kunden<\/span><\/li>\n<li style=\"font-weight: 400;\" aria-level=\"1\"><span style=\"font-weight: 400;\">Kostenstellen<\/span><\/li>\n<li style=\"font-weight: 400;\" aria-level=\"1\"><span style=\"font-weight: 400;\">v. m.<\/span><\/li>\n<\/ul>\n<\/li>\n<\/ul>\n<\/li>\n<\/ul>\n<ol>\n<li style=\"list-style-type: none;\">\n<ol>\n<li style=\"font-weight: 400;\" aria-level=\"1\"><span style=\"font-weight: 400;\">Durch den Einsatz des ERAMON Systems als <\/span><a href=\"https:\/\/de.wikipedia.org\/wiki\/Single_Point_of_Truth\"><span style=\"font-weight: 400;\">Single Point of Truth<\/span><\/a><span style=\"font-weight: 400;\"> (SPOT) ergaben sich erhebliche<\/span><b> Einsparpotentiale<\/b><span style=\"font-weight: 400;\"> (z. B. konnten wir 60.000 Euro pro Jahr einsparen, indem wir eine redundante Leitung identifizieren und stilllegen konnten). Die integrierten Kontrollen und Kontrollpunkte erm\u00f6glichen uns eine schnelle und einfache Ermittlung sinnvoller Einsparpotentiale in verschiedenen Bereichen:<\/span>\n<ul>\n<li style=\"font-weight: 400;\" aria-level=\"2\"><span style=\"font-weight: 400;\">Rechnungspr\u00fcfungen \u2013 Buchhaltung<\/span><\/li>\n<li style=\"font-weight: 400;\" aria-level=\"2\"><span style=\"font-weight: 400;\">Technische Pr\u00fcfungen \u2013 IT<\/span><\/li>\n<li style=\"font-weight: 400;\" aria-level=\"2\"><span style=\"font-weight: 400;\">NOC- Netzwerk Operation Center<\/span><\/li>\n<li style=\"font-weight: 400;\" aria-level=\"2\"><span style=\"font-weight: 400;\">Soll-Ist-Analysen oder Notwendigkeitsanalysen nach Fachbereichen<\/span><\/li>\n<\/ul>\n<\/li>\n<li style=\"font-weight: 400;\" aria-level=\"1\"><span style=\"font-weight: 400;\">Anhand von ERAMON wird in diesen Arbeitsbereichen garantiert, dass keine Leitungen bezahlt werden, die nicht aktiv in einer Nutzung sind. Auf diese Weise k\u00f6nnen die verantwortlichen Teams der Aufgabe eines <\/span><b>effizienten Einsatzes von Ressourcen<\/b><span style=\"font-weight: 400;\"> gerecht werden.<\/span><\/li>\n<li style=\"font-weight: 400;\" aria-level=\"1\"><span style=\"font-weight: 400;\">Mit ERAMON haben wir eine <\/span><b>Carrier-unabh\u00e4ngige L\u00f6sung,<\/b><span style=\"font-weight: 400;\"> was unverzichtbar ist. Wir sind dadurch flexibel und k\u00f6nnten auch schnell reagieren, falls der Wechsel zu einem anderen Carrier Vorteile bringt.<\/span><\/li>\n<\/ol>\n<\/li>\n<\/ol>\n<h2><b>Ein zuverl\u00e4ssiger und schneller Support war uns besonders wichtig<\/b><\/h2>\n<p><span style=\"font-weight: 400;\">Die <\/span><strong>partnerschaftliche und kompetente Kommunikation<\/strong><span style=\"font-weight: 400;\"> mit dem ERAMON Support stellt f\u00fcr uns eine unverzichtbare S\u00e4ule beim Einsatz des Systems dar. Das beste System ist nur so gut wie die allzeit verf\u00fcgbare und fachlich versierte Unterst\u00fctzung des Anbieters. Hier f\u00fchlen wir uns bei ERAMON bestens aufgehoben \u2013 alle Anfragen werden kompetent, schnell und transparent bearbeitet. Meist erhalten wir noch am gleichen Tag eine qualifizierte R\u00fcckmeldung oder sogar die L\u00f6sung f\u00fcr unser Anliegen.<\/span>[\/vc_column_text][\/vc_column][vc_column width=&#8220;1\/3&#8243;][vc_single_image image=&#8220;1266&#8243; img_size=&#8220;full&#8220; alignment=&#8220;right&#8220;][\/vc_column][\/vc_row]<\/p>\n<\/div>","protected":false},"excerpt":{"rendered":"<p>[vc_row][vc_column][\/vc_column][\/vc_row][vc_row][vc_column width=&#8220;2\/3&#8243;][vc_column_text css=&#8220;&#8220;]Seit 2008 vertrauen wir auf die Netzwerkmanagement-L\u00f6sung von ERAMON und profitieren von den Vorteilen des integrierten homogenen Systems. Die von uns lizenzierten Module Carrier Management, Performance Management, Asset Management sowie Kundenportal greifen auf eine harmonisierte Datenbasis zur\u00fcck. Der aufw\u00e4ndige Austausch zwischen verschiedenen Anwendungen und Datenquellen entf\u00e4llt. Dadurch ergibt sich ein hohes Ma\u00df an&hellip;<\/p>\n","protected":false},"author":6,"featured_media":0,"parent":269,"menu_order":0,"comment_status":"closed","ping_status":"closed","template":"","meta":{"_monsterinsights_skip_tracking":false,"_monsterinsights_sitenote_active":false,"_monsterinsights_sitenote_note":"","_monsterinsights_sitenote_category":0,"footnotes":""},"class_list":["post-1254","page","type-page","status-publish","hentry","description-off"],"yoast_head":"<!-- This site is optimized with the Yoast SEO plugin v27.4 - https:\/\/yoast.com\/product\/yoast-seo-wordpress\/ -->\n<title>Netzwerkmanagement von ERAMON. Ein Erfahrungsbericht<\/title>\n<meta name=\"description\" content=\"Lesen Sie, welche Erfahrungen einer unserer Kunden gesammelt und mit welchen Modulen dieser sein Netzwerkmanagement vereinfacht hat.\" \/>\n<meta name=\"robots\" content=\"index, follow, max-snippet:-1, max-image-preview:large, max-video-preview:-1\" \/>\n<link rel=\"canonical\" href=\"https:\/\/eramon.de\/en\/references-and-customers\/user-story-2\/\" \/>\n<meta property=\"og:locale\" content=\"de_DE\" \/>\n<meta property=\"og:type\" content=\"article\" \/>\n<meta property=\"og:title\" content=\"Netzwerkmanagement von ERAMON. Ein Erfahrungsbericht\" \/>\n<meta property=\"og:description\" content=\"Lesen Sie, welche Erfahrungen einer unserer Kunden gesammelt und mit welchen Modulen dieser sein Netzwerkmanagement vereinfacht hat.\" \/>\n<meta property=\"og:url\" content=\"https:\/\/eramon.de\/en\/references-and-customers\/user-story-2\/\" \/>\n<meta property=\"og:site_name\" content=\"ERAMON\" \/>\n<meta property=\"article:modified_time\" content=\"2024-11-06T11:09:32+00:00\" \/>\n<meta name=\"twitter:card\" content=\"summary_large_image\" \/>\n<meta name=\"twitter:label1\" content=\"Gesch\u00e4tzte Lesezeit\" \/>\n\t<meta name=\"twitter:data1\" content=\"4\u00a0Minuten\" \/>\n<script type=\"application\/ld+json\" class=\"yoast-schema-graph\">{\"@context\":\"https:\\\/\\\/schema.org\",\"@graph\":[{\"@type\":\"WebPage\",\"@id\":\"https:\\\/\\\/eramon.de\\\/en\\\/references-and-customers\\\/user-story-2\\\/\",\"url\":\"https:\\\/\\\/eramon.de\\\/en\\\/references-and-customers\\\/user-story-2\\\/\",\"name\":\"Netzwerkmanagement von ERAMON. Ein Erfahrungsbericht\",\"isPartOf\":{\"@id\":\"https:\\\/\\\/eramon.de\\\/de\\\/#website\"},\"datePublished\":\"2021-01-25T10:52:23+00:00\",\"dateModified\":\"2024-11-06T11:09:32+00:00\",\"description\":\"Lesen Sie, welche Erfahrungen einer unserer Kunden gesammelt und mit welchen Modulen dieser sein Netzwerkmanagement vereinfacht hat.\",\"breadcrumb\":{\"@id\":\"https:\\\/\\\/eramon.de\\\/en\\\/references-and-customers\\\/user-story-2\\\/#breadcrumb\"},\"inLanguage\":\"de\",\"potentialAction\":[{\"@type\":\"ReadAction\",\"target\":[\"https:\\\/\\\/eramon.de\\\/en\\\/references-and-customers\\\/user-story-2\\\/\"]}]},{\"@type\":\"BreadcrumbList\",\"@id\":\"https:\\\/\\\/eramon.de\\\/en\\\/references-and-customers\\\/user-story-2\\\/#breadcrumb\",\"itemListElement\":[{\"@type\":\"ListItem\",\"position\":1,\"name\":\"Startseite\",\"item\":\"https:\\\/\\\/eramon.de\\\/de\\\/\"},{\"@type\":\"ListItem\",\"position\":2,\"name\":\"Referenzen\",\"item\":\"https:\\\/\\\/eramon.de\\\/de\\\/referenzen-und-kunden\\\/\"},{\"@type\":\"ListItem\",\"position\":3,\"name\":\"Netzwerkmanagement von ERAMON. Ein Erfahrungsbericht\"}]},{\"@type\":\"WebSite\",\"@id\":\"https:\\\/\\\/eramon.de\\\/de\\\/#website\",\"url\":\"https:\\\/\\\/eramon.de\\\/de\\\/\",\"name\":\"ERAMON\",\"description\":\"Network Management\",\"publisher\":{\"@id\":\"https:\\\/\\\/eramon.de\\\/de\\\/#organization\"},\"potentialAction\":[{\"@type\":\"SearchAction\",\"target\":{\"@type\":\"EntryPoint\",\"urlTemplate\":\"https:\\\/\\\/eramon.de\\\/de\\\/?s={search_term_string}\"},\"query-input\":{\"@type\":\"PropertyValueSpecification\",\"valueRequired\":true,\"valueName\":\"search_term_string\"}}],\"inLanguage\":\"de\"},{\"@type\":\"Organization\",\"@id\":\"https:\\\/\\\/eramon.de\\\/de\\\/#organization\",\"name\":\"ERAMON GmbH\",\"url\":\"https:\\\/\\\/eramon.de\\\/de\\\/\",\"logo\":{\"@type\":\"ImageObject\",\"inLanguage\":\"de\",\"@id\":\"https:\\\/\\\/eramon.de\\\/de\\\/#\\\/schema\\\/logo\\\/image\\\/\",\"url\":\"https:\\\/\\\/eramon.de\\\/wp-content\\\/uploads\\\/2021\\\/02\\\/eramon-logo@2x-2.png\",\"contentUrl\":\"https:\\\/\\\/eramon.de\\\/wp-content\\\/uploads\\\/2021\\\/02\\\/eramon-logo@2x-2.png\",\"width\":612,\"height\":224,\"caption\":\"ERAMON GmbH\"},\"image\":{\"@id\":\"https:\\\/\\\/eramon.de\\\/de\\\/#\\\/schema\\\/logo\\\/image\\\/\"},\"sameAs\":[\"https:\\\/\\\/www.linkedin.com\\\/company\\\/eramon-gmbh\\\/\"]}]}<\/script>\n<!-- \/ Yoast SEO plugin. -->","yoast_head_json":{"title":"Netzwerkmanagement von ERAMON. Ein Erfahrungsbericht","description":"Lesen Sie, welche Erfahrungen einer unserer Kunden gesammelt und mit welchen Modulen dieser sein Netzwerkmanagement vereinfacht hat.","robots":{"index":"index","follow":"follow","max-snippet":"max-snippet:-1","max-image-preview":"max-image-preview:large","max-video-preview":"max-video-preview:-1"},"canonical":"https:\/\/eramon.de\/en\/references-and-customers\/user-story-2\/","og_locale":"de_DE","og_type":"article","og_title":"Netzwerkmanagement von ERAMON. Ein Erfahrungsbericht","og_description":"Lesen Sie, welche Erfahrungen einer unserer Kunden gesammelt und mit welchen Modulen dieser sein Netzwerkmanagement vereinfacht hat.","og_url":"https:\/\/eramon.de\/en\/references-and-customers\/user-story-2\/","og_site_name":"ERAMON","article_modified_time":"2024-11-06T11:09:32+00:00","twitter_card":"summary_large_image","twitter_misc":{"Gesch\u00e4tzte Lesezeit":"4\u00a0Minuten"},"schema":{"@context":"https:\/\/schema.org","@graph":[{"@type":"WebPage","@id":"https:\/\/eramon.de\/en\/references-and-customers\/user-story-2\/","url":"https:\/\/eramon.de\/en\/references-and-customers\/user-story-2\/","name":"Netzwerkmanagement von ERAMON. Ein Erfahrungsbericht","isPartOf":{"@id":"https:\/\/eramon.de\/de\/#website"},"datePublished":"2021-01-25T10:52:23+00:00","dateModified":"2024-11-06T11:09:32+00:00","description":"Lesen Sie, welche Erfahrungen einer unserer Kunden gesammelt und mit welchen Modulen dieser sein Netzwerkmanagement vereinfacht hat.","breadcrumb":{"@id":"https:\/\/eramon.de\/en\/references-and-customers\/user-story-2\/#breadcrumb"},"inLanguage":"de","potentialAction":[{"@type":"ReadAction","target":["https:\/\/eramon.de\/en\/references-and-customers\/user-story-2\/"]}]},{"@type":"BreadcrumbList","@id":"https:\/\/eramon.de\/en\/references-and-customers\/user-story-2\/#breadcrumb","itemListElement":[{"@type":"ListItem","position":1,"name":"Startseite","item":"https:\/\/eramon.de\/de\/"},{"@type":"ListItem","position":2,"name":"Referenzen","item":"https:\/\/eramon.de\/de\/referenzen-und-kunden\/"},{"@type":"ListItem","position":3,"name":"Netzwerkmanagement von ERAMON. Ein Erfahrungsbericht"}]},{"@type":"WebSite","@id":"https:\/\/eramon.de\/de\/#website","url":"https:\/\/eramon.de\/de\/","name":"ERAMON","description":"Network Management","publisher":{"@id":"https:\/\/eramon.de\/de\/#organization"},"potentialAction":[{"@type":"SearchAction","target":{"@type":"EntryPoint","urlTemplate":"https:\/\/eramon.de\/de\/?s={search_term_string}"},"query-input":{"@type":"PropertyValueSpecification","valueRequired":true,"valueName":"search_term_string"}}],"inLanguage":"de"},{"@type":"Organization","@id":"https:\/\/eramon.de\/de\/#organization","name":"ERAMON GmbH","url":"https:\/\/eramon.de\/de\/","logo":{"@type":"ImageObject","inLanguage":"de","@id":"https:\/\/eramon.de\/de\/#\/schema\/logo\/image\/","url":"https:\/\/eramon.de\/wp-content\/uploads\/2021\/02\/eramon-logo@2x-2.png","contentUrl":"https:\/\/eramon.de\/wp-content\/uploads\/2021\/02\/eramon-logo@2x-2.png","width":612,"height":224,"caption":"ERAMON GmbH"},"image":{"@id":"https:\/\/eramon.de\/de\/#\/schema\/logo\/image\/"},"sameAs":["https:\/\/www.linkedin.com\/company\/eramon-gmbh\/"]}]}},"_links":{"self":[{"href":"https:\/\/eramon.de\/de\/wp-json\/wp\/v2\/pages\/1254","targetHints":{"allow":["GET"]}}],"collection":[{"href":"https:\/\/eramon.de\/de\/wp-json\/wp\/v2\/pages"}],"about":[{"href":"https:\/\/eramon.de\/de\/wp-json\/wp\/v2\/types\/page"}],"author":[{"embeddable":true,"href":"https:\/\/eramon.de\/de\/wp-json\/wp\/v2\/users\/6"}],"replies":[{"embeddable":true,"href":"https:\/\/eramon.de\/de\/wp-json\/wp\/v2\/comments?post=1254"}],"version-history":[{"count":16,"href":"https:\/\/eramon.de\/de\/wp-json\/wp\/v2\/pages\/1254\/revisions"}],"predecessor-version":[{"id":3236,"href":"https:\/\/eramon.de\/de\/wp-json\/wp\/v2\/pages\/1254\/revisions\/3236"}],"up":[{"embeddable":true,"href":"https:\/\/eramon.de\/de\/wp-json\/wp\/v2\/pages\/269"}],"wp:attachment":[{"href":"https:\/\/eramon.de\/de\/wp-json\/wp\/v2\/media?parent=1254"}],"curies":[{"name":"wp","href":"https:\/\/api.w.org\/{rel}","templated":true}]}}