{"id":1269,"date":"2021-01-25T11:53:49","date_gmt":"2021-01-25T10:53:49","guid":{"rendered":"https:\/\/eramon.de\/?page_id=1269"},"modified":"2024-11-05T20:51:15","modified_gmt":"2024-11-05T19:51:15","slug":"user-story-4-anwenderbericht","status":"publish","type":"page","link":"https:\/\/eramon.de\/de\/referenzen-und-kunden\/user-story-4-anwenderbericht\/","title":{"rendered":"Anwenderbericht: Netzwerkmanagement leicht gemacht"},"content":{"rendered":"<div class=\"wpb-content-wrapper\"><p>[vc_row][vc_column]<div id=\"ultimate-heading-229569eb99cb49d65\" class=\"uvc-heading ult-adjust-bottom-margin ultimate-heading-229569eb99cb49d65 uvc-9457 \" data-hspacer=\"line_only\"  data-halign=\"left\" style=\"text-align:left\"><div class=\"uvc-main-heading ult-responsive\"  data-ultimate-target='.uvc-heading.ultimate-heading-229569eb99cb49d65 h1'  data-responsive-json-new='{\"font-size\":\"desktop:25px;\",\"line-height\":\"desktop:25px;\"}' ><h1 style=\"--font-weight:theme;color:#241f0c;margin-bottom:20px;\">Eine leistungsstarke und flexible Netzwerkmanagement-Software f\u00fcr alle Aufgaben<\/h1><\/div><div class=\"uvc-heading-spacer line_only\" style=\"margin-bottom:32px;height:2px;\"><span class=\"uvc-headings-line\" style=\"border-style:solid;border-bottom-width:2px;border-color:#cad30b;width:102px;\"><\/span><\/div><\/div>[\/vc_column][\/vc_row][vc_row][vc_column width=&#8220;2\/3&#8243;][vc_column_text css=&#8220;&#8220;]<span style=\"font-weight: 400;\">Seit 2011 setzen wir die Netzwerkmanagement-Software von Eramon f\u00fcr die Themen<\/span><a href=\"https:\/\/eramon.de\/de\/produkt\/anwendungsmodule\/operations\/\"> <span style=\"font-weight: 400;\">Fault Management<\/span><\/a><span style=\"font-weight: 400;\">,<\/span><a href=\"https:\/\/eramon.de\/de\/produkt\/anwendungsmodule\/performance-management\/\"> <span style=\"font-weight: 400;\">Performance Management<\/span><\/a><span style=\"font-weight: 400;\">,<\/span><a href=\"https:\/\/eramon.de\/de\/produkt\/anwendungsmodule\/provisioning\/\"> <span style=\"font-weight: 400;\">Provisioning<\/span><\/a><span style=\"font-weight: 400;\"> und<\/span><a href=\"https:\/\/eramon.de\/de\/produkt\/anwendungsmodule\/asset-management\/\"> <span style=\"font-weight: 400;\">Inventory<\/span><\/a><span style=\"font-weight: 400;\"> ein. Damit verwalten wir die mehr als 4.700 Netzwerkger\u00e4te in unserem Unternehmen. Zum damaligen Zeitpunkt hatten wir ein Performance Management System im Einsatz, welches mit Hilfe von Skripts als Netzwerkmanagement-System arbeitete. Dieses erf\u00fcllte allerdings unsere strengen Anforderungen an \u00dcberwachung und Alarmierung nicht, weswegen wir uns nach einer besseren L\u00f6sung umgesehen und diese auch mit ERAMON gefunden haben.<\/span><\/p>\n<p><span style=\"font-weight: 400;\">In allen Bereichen konnten wir mit der ERAMON Software signifikante Steigerungen der Produktivit\u00e4t, Effizienz und Reaktionsgeschwindigkeit unseres Netzwerks erzielen.<\/span><\/p>\n<p><span style=\"font-weight: 400;\">\u00a0<\/span><\/p>\n<h2><b>Das sind die f\u00fcr uns entscheidenden Vorteile der Netzwerkmanagement-Software von Eramon:<\/b><\/h2>\n<ol>\n<li style=\"font-weight: 400;\" aria-level=\"1\"><span style=\"font-weight: 400;\">Im Bereich des<\/span><a href=\"https:\/\/eramon.de\/de\/produkt\/anwendungsmodule\/operations\/\"> <span style=\"font-weight: 400;\">Fault Managements<\/span><\/a><span style=\"font-weight: 400;\"> bauen wir auf die Vorz\u00fcge des Moduls \u201e<\/span><a href=\"https:\/\/eramon.de\/de\/produkt\/anwendungsmodule\/operations\/\"><span style=\"font-weight: 400;\">Operations<\/span><\/a><span style=\"font-weight: 400;\">\u201c. Ein gro\u00dfer Vorteil liegt dabei in der <\/span><b>flexiblen Gestaltung von Alarmierungen<\/b><span style=\"font-weight: 400;\"> auf Basis von Scripten in Kombination mit unterschiedlichen Daten aus dem t\u00e4glichen Betrieb. Das wiederum f\u00fchrt zu einer <\/span><b>schnelleren Behebung von Problemen<\/b><span style=\"font-weight: 400;\">.<\/span><span style=\"font-weight: 400;\"><br \/>\n<\/span><span style=\"font-weight: 400;\">Dar\u00fcber hinaus verf\u00fcgen wir \u00fcber eine eigens f\u00fcr uns konzipierte und programmierte NOC View.<\/span><\/li>\n<li style=\"font-weight: 400;\" aria-level=\"1\"><span style=\"font-weight: 400;\">Eine zentrale Rolle zur <\/span><b>Auswertung aktueller und historischer Performance-Daten<\/b><span style=\"font-weight: 400;\"> nimmt das Modul \u201e<\/span><a href=\"https:\/\/eramon.de\/de\/produkt\/anwendungsmodule\/performance-management\/\"><span style=\"font-weight: 400;\">Performance Management<\/span><\/a><span style=\"font-weight: 400;\">\u201c ein. Durch ERAMON sind wir in der Lage, Berichte <\/span><b>flexibel<\/b><span style=\"font-weight: 400;\"> und nach Bedarf <\/span><b>personenbezogen<\/b><span style=\"font-weight: 400;\"> automatisiert zu erstellen und zu versenden beziehungsweise abzulegen.<\/span><\/li>\n<li style=\"font-weight: 400;\" aria-level=\"1\"><span style=\"font-weight: 400;\">Als Dienstleister f\u00fcr Banken ist eine <\/span><b>Compliance-konforme Verwaltung des Netzwerks<\/b><span style=\"font-weight: 400;\"> von herausragender Bedeutung. Mit dem Modul \u201e<\/span><a href=\"https:\/\/eramon.de\/de\/produkt\/anwendungsmodule\/config-compliance-check\/\"><span style=\"font-weight: 400;\">Config Compliance Check<\/span><\/a><span style=\"font-weight: 400;\">\u201c erhalten wir <\/span><b>auf Knopfdruck alle Audit-relevanten Informationen<\/b><span style=\"font-weight: 400;\">. Es bietet eine schnelle \u00dcbersicht etwaiger Abweichungen im Konfigurations-Management, wie zum Beispiel eine kontinuierliche Pr\u00fcfung, ob die <\/span><a href=\"https:\/\/de.wikipedia.org\/wiki\/Quality_of_Service\"><span style=\"font-weight: 400;\">QoS<\/span><\/a><span style=\"font-weight: 400;\">-Einstellungen auf entsprechenden Ger\u00e4ten identisch sind.<\/span><\/li>\n<li style=\"font-weight: 400;\" aria-level=\"1\"><span style=\"font-weight: 400;\">Die sehr <\/span><b>zeiteffiziente Konfiguration<\/b><span style=\"font-weight: 400;\"> der Ger\u00e4te, sowohl Neukonfiguration als auch \u00c4nderungen, durch das Modul \u201e<\/span><a href=\"https:\/\/eramon.de\/de\/produkt\/anwendungsmodule\/provisioning\/\"><span style=\"font-weight: 400;\">Provisioning<\/span><\/a><span style=\"font-weight: 400;\">\u201c hat uns eine <\/span><b>Ersparnis von bis zu 85 Prozent <\/b><span style=\"font-weight: 400;\">eingebracht.<\/span><\/li>\n<li style=\"font-weight: 400;\" aria-level=\"1\"><span style=\"font-weight: 400;\">Mit dem Modul \u201e<\/span><a href=\"https:\/\/eramon.de\/de\/produkt\/anwendungsmodule\/kundenportal\/\"><span style=\"font-weight: 400;\">Kundenportal<\/span><\/a><span style=\"font-weight: 400;\">\u201c k\u00f6nnen auch unsere internen Kunden zu jeder Zeit die <\/span><b>Performance ihrer Ger\u00e4te und Leitungen<\/b><span style=\"font-weight: 400;\"> \u00fcbersichtlich und selbstst\u00e4ndig einsehen.<\/span><\/li>\n<\/ol>\n<p><span style=\"font-weight: 400;\">Einen erheblichen Anteil an unserer Zufriedenheit mit ERAMON hat aber auch der <\/span><strong>Support<\/strong><span style=\"font-weight: 400;\">. Alle Anfragen werden <\/span><strong>effizient, schnell und freundlich<\/strong><span style=\"font-weight: 400;\"> erledigt. Dar\u00fcber hinaus haben wir die M\u00f6glichkeit, <\/span><strong>spezielle Anforderungen unkompliziert und zuverl\u00e4ssig umzusetzen<\/strong><span style=\"font-weight: 400;\">. Der agile Release-Prozess erm\u00f6glicht es uns, Updates und Upgrades flexibel und nach Bedarf \u00fcber das Jahr zu verteilen.<\/span>[\/vc_column_text][\/vc_column][vc_column width=&#8220;1\/3&#8243;][vc_single_image image=&#8220;1314&#8243; img_size=&#8220;full&#8220; alignment=&#8220;right&#8220;][\/vc_column][\/vc_row]<\/p>\n<\/div>","protected":false},"excerpt":{"rendered":"<p>[vc_row][vc_column][\/vc_column][\/vc_row][vc_row][vc_column width=&#8220;2\/3&#8243;][vc_column_text css=&#8220;&#8220;]Seit 2011 setzen wir die Netzwerkmanagement-Software von Eramon f\u00fcr die Themen Fault Management, Performance Management, Provisioning und Inventory ein. Damit verwalten wir die mehr als 4.700 Netzwerkger\u00e4te in unserem Unternehmen. Zum damaligen Zeitpunkt hatten wir ein Performance Management System im Einsatz, welches mit Hilfe von Skripts als Netzwerkmanagement-System arbeitete. Dieses erf\u00fcllte allerdings unsere&hellip;<\/p>\n","protected":false},"author":6,"featured_media":0,"parent":269,"menu_order":0,"comment_status":"closed","ping_status":"closed","template":"","meta":{"_monsterinsights_skip_tracking":false,"_monsterinsights_sitenote_active":false,"_monsterinsights_sitenote_note":"","_monsterinsights_sitenote_category":0,"footnotes":""},"class_list":["post-1269","page","type-page","status-publish","hentry","description-off"],"yoast_head":"<!-- This site is optimized with the Yoast SEO plugin v27.4 - https:\/\/yoast.com\/product\/yoast-seo-wordpress\/ -->\n<title>Anwenderbericht: Netzwerkmanagement leicht gemacht - ERAMON<\/title>\n<meta name=\"description\" content=\"Lesen Sie, welche Erfahrungen unsere Kunden mit der ERAMON Netzwerkmanagement-Software gesammelt haben und welche Module sie nutzen.\" \/>\n<meta name=\"robots\" content=\"index, follow, max-snippet:-1, max-image-preview:large, max-video-preview:-1\" \/>\n<link rel=\"canonical\" href=\"https:\/\/eramon.de\/en\/references-and-customers\/user-story-4\/\" \/>\n<meta property=\"og:locale\" content=\"de_DE\" \/>\n<meta property=\"og:type\" content=\"article\" \/>\n<meta property=\"og:title\" content=\"Anwenderbericht: Netzwerkmanagement leicht gemacht - ERAMON\" \/>\n<meta property=\"og:description\" content=\"Lesen Sie, welche Erfahrungen unsere Kunden mit der ERAMON Netzwerkmanagement-Software gesammelt haben und welche Module sie nutzen.\" \/>\n<meta property=\"og:url\" content=\"https:\/\/eramon.de\/en\/references-and-customers\/user-story-4\/\" \/>\n<meta property=\"og:site_name\" content=\"ERAMON\" \/>\n<meta property=\"article:modified_time\" content=\"2024-11-05T19:51:15+00:00\" \/>\n<meta name=\"twitter:card\" content=\"summary_large_image\" \/>\n<meta name=\"twitter:label1\" content=\"Gesch\u00e4tzte Lesezeit\" \/>\n\t<meta name=\"twitter:data1\" content=\"3\u00a0Minuten\" \/>\n<script type=\"application\/ld+json\" class=\"yoast-schema-graph\">{\"@context\":\"https:\\\/\\\/schema.org\",\"@graph\":[{\"@type\":\"WebPage\",\"@id\":\"https:\\\/\\\/eramon.de\\\/en\\\/references-and-customers\\\/user-story-4\\\/\",\"url\":\"https:\\\/\\\/eramon.de\\\/en\\\/references-and-customers\\\/user-story-4\\\/\",\"name\":\"Anwenderbericht: Netzwerkmanagement leicht gemacht - ERAMON\",\"isPartOf\":{\"@id\":\"https:\\\/\\\/eramon.de\\\/de\\\/#website\"},\"datePublished\":\"2021-01-25T10:53:49+00:00\",\"dateModified\":\"2024-11-05T19:51:15+00:00\",\"description\":\"Lesen Sie, welche Erfahrungen unsere Kunden mit der ERAMON Netzwerkmanagement-Software gesammelt haben und welche Module sie nutzen.\",\"breadcrumb\":{\"@id\":\"https:\\\/\\\/eramon.de\\\/en\\\/references-and-customers\\\/user-story-4\\\/#breadcrumb\"},\"inLanguage\":\"de\",\"potentialAction\":[{\"@type\":\"ReadAction\",\"target\":[\"https:\\\/\\\/eramon.de\\\/en\\\/references-and-customers\\\/user-story-4\\\/\"]}]},{\"@type\":\"BreadcrumbList\",\"@id\":\"https:\\\/\\\/eramon.de\\\/en\\\/references-and-customers\\\/user-story-4\\\/#breadcrumb\",\"itemListElement\":[{\"@type\":\"ListItem\",\"position\":1,\"name\":\"Startseite\",\"item\":\"https:\\\/\\\/eramon.de\\\/de\\\/\"},{\"@type\":\"ListItem\",\"position\":2,\"name\":\"Referenzen\",\"item\":\"https:\\\/\\\/eramon.de\\\/de\\\/referenzen-und-kunden\\\/\"},{\"@type\":\"ListItem\",\"position\":3,\"name\":\"Anwenderbericht: Netzwerkmanagement leicht gemacht\"}]},{\"@type\":\"WebSite\",\"@id\":\"https:\\\/\\\/eramon.de\\\/de\\\/#website\",\"url\":\"https:\\\/\\\/eramon.de\\\/de\\\/\",\"name\":\"ERAMON\",\"description\":\"Network Management\",\"publisher\":{\"@id\":\"https:\\\/\\\/eramon.de\\\/de\\\/#organization\"},\"potentialAction\":[{\"@type\":\"SearchAction\",\"target\":{\"@type\":\"EntryPoint\",\"urlTemplate\":\"https:\\\/\\\/eramon.de\\\/de\\\/?s={search_term_string}\"},\"query-input\":{\"@type\":\"PropertyValueSpecification\",\"valueRequired\":true,\"valueName\":\"search_term_string\"}}],\"inLanguage\":\"de\"},{\"@type\":\"Organization\",\"@id\":\"https:\\\/\\\/eramon.de\\\/de\\\/#organization\",\"name\":\"ERAMON GmbH\",\"url\":\"https:\\\/\\\/eramon.de\\\/de\\\/\",\"logo\":{\"@type\":\"ImageObject\",\"inLanguage\":\"de\",\"@id\":\"https:\\\/\\\/eramon.de\\\/de\\\/#\\\/schema\\\/logo\\\/image\\\/\",\"url\":\"https:\\\/\\\/eramon.de\\\/wp-content\\\/uploads\\\/2021\\\/02\\\/eramon-logo@2x-2.png\",\"contentUrl\":\"https:\\\/\\\/eramon.de\\\/wp-content\\\/uploads\\\/2021\\\/02\\\/eramon-logo@2x-2.png\",\"width\":612,\"height\":224,\"caption\":\"ERAMON GmbH\"},\"image\":{\"@id\":\"https:\\\/\\\/eramon.de\\\/de\\\/#\\\/schema\\\/logo\\\/image\\\/\"},\"sameAs\":[\"https:\\\/\\\/www.linkedin.com\\\/company\\\/eramon-gmbh\\\/\"]}]}<\/script>\n<!-- \/ Yoast SEO plugin. -->","yoast_head_json":{"title":"Anwenderbericht: Netzwerkmanagement leicht gemacht - ERAMON","description":"Lesen Sie, welche Erfahrungen unsere Kunden mit der ERAMON Netzwerkmanagement-Software gesammelt haben und welche Module sie nutzen.","robots":{"index":"index","follow":"follow","max-snippet":"max-snippet:-1","max-image-preview":"max-image-preview:large","max-video-preview":"max-video-preview:-1"},"canonical":"https:\/\/eramon.de\/en\/references-and-customers\/user-story-4\/","og_locale":"de_DE","og_type":"article","og_title":"Anwenderbericht: Netzwerkmanagement leicht gemacht - ERAMON","og_description":"Lesen Sie, welche Erfahrungen unsere Kunden mit der ERAMON Netzwerkmanagement-Software gesammelt haben und welche Module sie nutzen.","og_url":"https:\/\/eramon.de\/en\/references-and-customers\/user-story-4\/","og_site_name":"ERAMON","article_modified_time":"2024-11-05T19:51:15+00:00","twitter_card":"summary_large_image","twitter_misc":{"Gesch\u00e4tzte Lesezeit":"3\u00a0Minuten"},"schema":{"@context":"https:\/\/schema.org","@graph":[{"@type":"WebPage","@id":"https:\/\/eramon.de\/en\/references-and-customers\/user-story-4\/","url":"https:\/\/eramon.de\/en\/references-and-customers\/user-story-4\/","name":"Anwenderbericht: Netzwerkmanagement leicht gemacht - ERAMON","isPartOf":{"@id":"https:\/\/eramon.de\/de\/#website"},"datePublished":"2021-01-25T10:53:49+00:00","dateModified":"2024-11-05T19:51:15+00:00","description":"Lesen Sie, welche Erfahrungen unsere Kunden mit der ERAMON Netzwerkmanagement-Software gesammelt haben und welche Module sie nutzen.","breadcrumb":{"@id":"https:\/\/eramon.de\/en\/references-and-customers\/user-story-4\/#breadcrumb"},"inLanguage":"de","potentialAction":[{"@type":"ReadAction","target":["https:\/\/eramon.de\/en\/references-and-customers\/user-story-4\/"]}]},{"@type":"BreadcrumbList","@id":"https:\/\/eramon.de\/en\/references-and-customers\/user-story-4\/#breadcrumb","itemListElement":[{"@type":"ListItem","position":1,"name":"Startseite","item":"https:\/\/eramon.de\/de\/"},{"@type":"ListItem","position":2,"name":"Referenzen","item":"https:\/\/eramon.de\/de\/referenzen-und-kunden\/"},{"@type":"ListItem","position":3,"name":"Anwenderbericht: Netzwerkmanagement leicht gemacht"}]},{"@type":"WebSite","@id":"https:\/\/eramon.de\/de\/#website","url":"https:\/\/eramon.de\/de\/","name":"ERAMON","description":"Network Management","publisher":{"@id":"https:\/\/eramon.de\/de\/#organization"},"potentialAction":[{"@type":"SearchAction","target":{"@type":"EntryPoint","urlTemplate":"https:\/\/eramon.de\/de\/?s={search_term_string}"},"query-input":{"@type":"PropertyValueSpecification","valueRequired":true,"valueName":"search_term_string"}}],"inLanguage":"de"},{"@type":"Organization","@id":"https:\/\/eramon.de\/de\/#organization","name":"ERAMON GmbH","url":"https:\/\/eramon.de\/de\/","logo":{"@type":"ImageObject","inLanguage":"de","@id":"https:\/\/eramon.de\/de\/#\/schema\/logo\/image\/","url":"https:\/\/eramon.de\/wp-content\/uploads\/2021\/02\/eramon-logo@2x-2.png","contentUrl":"https:\/\/eramon.de\/wp-content\/uploads\/2021\/02\/eramon-logo@2x-2.png","width":612,"height":224,"caption":"ERAMON GmbH"},"image":{"@id":"https:\/\/eramon.de\/de\/#\/schema\/logo\/image\/"},"sameAs":["https:\/\/www.linkedin.com\/company\/eramon-gmbh\/"]}]}},"_links":{"self":[{"href":"https:\/\/eramon.de\/de\/wp-json\/wp\/v2\/pages\/1269","targetHints":{"allow":["GET"]}}],"collection":[{"href":"https:\/\/eramon.de\/de\/wp-json\/wp\/v2\/pages"}],"about":[{"href":"https:\/\/eramon.de\/de\/wp-json\/wp\/v2\/types\/page"}],"author":[{"embeddable":true,"href":"https:\/\/eramon.de\/de\/wp-json\/wp\/v2\/users\/6"}],"replies":[{"embeddable":true,"href":"https:\/\/eramon.de\/de\/wp-json\/wp\/v2\/comments?post=1269"}],"version-history":[{"count":11,"href":"https:\/\/eramon.de\/de\/wp-json\/wp\/v2\/pages\/1269\/revisions"}],"predecessor-version":[{"id":3216,"href":"https:\/\/eramon.de\/de\/wp-json\/wp\/v2\/pages\/1269\/revisions\/3216"}],"up":[{"embeddable":true,"href":"https:\/\/eramon.de\/de\/wp-json\/wp\/v2\/pages\/269"}],"wp:attachment":[{"href":"https:\/\/eramon.de\/de\/wp-json\/wp\/v2\/media?parent=1269"}],"curies":[{"name":"wp","href":"https:\/\/api.w.org\/{rel}","templated":true}]}}