{"id":133,"date":"2020-05-06T11:56:18","date_gmt":"2020-05-06T09:56:18","guid":{"rendered":"https:\/\/eramon.de\/?page_id=133"},"modified":"2024-10-21T19:06:42","modified_gmt":"2024-10-21T17:06:42","slug":"config-compliance-check","status":"publish","type":"page","link":"https:\/\/eramon.de\/de\/produkt\/anwendungsmodule\/config-compliance-check\/","title":{"rendered":"Config Compliance Check"},"content":{"rendered":"<div class=\"wpb-content-wrapper\"><p>[vc_row css=&#8220;.vc_custom_1588260516530{padding-bottom: 50px !important;}&#8220;][vc_column]<div id=\"ultimate-heading-265369eb845420a12\" class=\"uvc-heading ult-adjust-bottom-margin ultimate-heading-265369eb845420a12 uvc-7225 \" data-hspacer=\"line_only\"  data-halign=\"left\" style=\"text-align:left\"><div class=\"uvc-main-heading ult-responsive\"  data-ultimate-target='.uvc-heading.ultimate-heading-265369eb845420a12 h3'  data-responsive-json-new='{\"font-size\":\"desktop:25px;\",\"line-height\":\"desktop:25px;\"}' ><h3 style=\"--font-weight:theme;color:#241f0c;margin-bottom:20px;\">Config Compliance Check<\/h3><\/div><div class=\"uvc-heading-spacer line_only\" style=\"margin-bottom:32px;height:2px;\"><span class=\"uvc-headings-line\" style=\"border-style:solid;border-bottom-width:2px;border-color:#cad30b;width:102px;\"><\/span><\/div><\/div><div id=\"ultimate-heading-362469eb845420aa4\" class=\"uvc-heading ult-adjust-bottom-margin ultimate-heading-362469eb845420aa4 uvc-9351 \" data-hspacer=\"line_only\"  data-halign=\"left\" style=\"text-align:left\"><div class=\"uvc-main-heading ult-responsive\"  data-ultimate-target='.uvc-heading.ultimate-heading-362469eb845420aa4 h3'  data-responsive-json-new='{\"font-size\":\"desktop:20px;\",\"line-height\":\"desktop:20px;\"}' ><h3 style=\"--font-weight:theme;color:#241f0c;margin-bottom:20px;\">Ihr Nutzen<\/h3><\/div><div class=\"uvc-heading-spacer line_only\" style=\"margin-bottom:32px;height:2px;\"><span class=\"uvc-headings-line\" style=\"border-style:solid;border-bottom-width:2px;border-color:#b4b4b4;width:51px;\"><\/span><\/div><\/div><div class=\"standard-arrow bullet-top\"><ul>\n<li>Sie validieren automatisch und durchg\u00e4ngig die Konformit\u00e4t Ihres Netzwerks<\/li>\n<li>Sie gew\u00e4hrleisten hohe Betriebssicherheit<\/li>\n<li>Sie verwalten Ihr Netzwerk Compliance-konform<\/li>\n<li>Sie erhalten alle Audit-relevanten Informationen auf Knopfdruck<\/li>\n<\/ul>\n<\/div>[vc_empty_space]<div id=\"ultimate-heading-12469eb845420b96\" class=\"uvc-heading ult-adjust-bottom-margin ultimate-heading-12469eb845420b96 uvc-6696 \" data-hspacer=\"line_only\"  data-halign=\"left\" style=\"text-align:left\"><div class=\"uvc-main-heading ult-responsive\"  data-ultimate-target='.uvc-heading.ultimate-heading-12469eb845420b96 h3'  data-responsive-json-new='{\"font-size\":\"desktop:20px;\",\"line-height\":\"desktop:20px;\"}' ><h3 style=\"--font-weight:theme;color:#241f0c;margin-bottom:20px;\">Grundlagen<\/h3><\/div><div class=\"uvc-heading-spacer line_only\" style=\"margin-bottom:32px;height:2px;\"><span class=\"uvc-headings-line\" style=\"border-style:solid;border-bottom-width:2px;border-color:#b4b4b4;width:51px;\"><\/span><\/div><\/div>[vc_column_text css=&#8220;&#8220;]<\/p>\n<div class=\"col2 col-xs-12 col-md-6\">\n<div class=\"tiny-html\">\n<p>Die Konformit\u00e4t der Konfigurationen von Netzger\u00e4ten (hersteller\u00fcbergreifend) sowie die Sicherstellung von sauber konfigurierten Sicherheitsrichtlinien im Datennetz sind ein immer wichtigerer Faktor beim Betrieb eines unternehmensweiten Netzwerkes.<\/p>\n<p>Internationale Richtlinien wie <a href=\"https:\/\/de.wikipedia.org\/wiki\/Sarbanes-Oxley_Act#:~:text=Der%20Sarbanes%2DOxley%20Act%20of,in%20Anspruch%20nehmen%2C%20verbessern%20soll.\">SOX<\/a>, <a href=\"https:\/\/de.wikipedia.org\/wiki\/ITIL\">ITIL<\/a> etc. fordern daher, dass die Einhaltung von firmenweiten Richtlinien nicht nur auf &#8222;Treu und Glauben&#8220; beruht, sondern auch nachweisbar und messbar wird. ERAMON gibt mit dem Anwendungsmodul Config Compliance Check (CCC) Netzwerkadministratoren ein Werkzeug an die Hand, um diese Aufgaben sicher zu erledigen und ihren Revisionsabteilungen Rede und Antwort stehen zu k\u00f6nnen.<\/p>\n<p>CCC analysiert hierbei die Konfigurationen der von ERAMON \u00fcberwachten Devices unter Verwendung von vorbestimmten Regelwerken. Im nachstehenden Beispiel wird eine Konfiguration auf das Vorhandensein des ntp-Servers \u201e172.22.10.10\u201c hin untersucht. Dabei wird die folgende Fehlermeldung generiert.<\/p>\n<\/div>\n<\/div>\n<p>[\/vc_column_text][vc_single_image image=&#8220;2437&#8243; img_size=&#8220;1000&#8243;][\/vc_column][\/vc_row][vc_row css=&#8220;.vc_custom_1588260516530{padding-bottom: 50px !important;}&#8220;][vc_column]<div id=\"ultimate-heading-882169eb845420bf3\" class=\"uvc-heading ult-adjust-bottom-margin ultimate-heading-882169eb845420bf3 uvc-1473 \" data-hspacer=\"line_only\"  data-halign=\"left\" style=\"text-align:left\"><div class=\"uvc-main-heading ult-responsive\"  data-ultimate-target='.uvc-heading.ultimate-heading-882169eb845420bf3 h3'  data-responsive-json-new='{\"font-size\":\"desktop:20px;\",\"line-height\":\"desktop:20px;\"}' ><h3 style=\"--font-weight:theme;color:#241f0c;margin-bottom:20px;\">Regelwerke<\/h3><\/div><div class=\"uvc-heading-spacer line_only\" style=\"margin-bottom:32px;height:2px;\"><span class=\"uvc-headings-line\" style=\"border-style:solid;border-bottom-width:2px;border-color:#b4b4b4;width:51px;\"><\/span><\/div><\/div>[vc_column_text]<\/p>\n<div class=\"col2 col-xs-12 col-md-6\">\n<div class=\"tiny-html\">\n<div class=\"tiny-html\">\n<p>Diese Regelwerke sind das Ergebnis aus den zuvor definierten verbindlichen Firmenrichtlinien. In diesen Regelwerken kann der Netzwerkadministrator festlegen, welche Konfigurationsbefehle in der Konfiguration vorkommen d\u00fcrfen, wie oft und in welchem Format bzw. mit welchem Inhalt. Das Regelwerk wird mittels \u201eRegul\u00e4rer Ausdr\u00fccke\u201c definiert. Dabei kann die zu \u00fcberpr\u00fcfende Konfiguration auch absatzweise durchsucht werden. CCC \u00fcberpr\u00fcft daraufhin zeitgesteuert die Konformit\u00e4t der aktuellen Konfiguration und alarmiert bei Auftreten eines Fehlers den zust\u00e4ndigen Mitarbeiter (Event, E-Mail etc.).<\/p>\n<\/div>\n<\/div>\n<\/div>\n<p>[\/vc_column_text][vc_column_text]<\/p>\n<div class=\"col2 col-xs-12 col-md-6\">\n<div class=\"tiny-html\">\n<div class=\"tiny-html\">\n<p>ERAMON deckt hierbei nicht nur die technische Seite ab &#8211; also die Meldung von Fehlern und Differenzen der Konfiguration zur Fehlerbeseitigung -, sondern kann auch die entsprechenden Unternehmensprozesse (z. B. Service-Assurance) durch aussagekr\u00e4ftige Reports unterst\u00fctzen und direkt in Workflow-Systeme einbinden. So wird z. B. der Nachweis eines erfolgreichen Changes im Rahmen des unternehmensweiten Change-Managements mit CCC und anderen unterst\u00fctzenden Modulen der NMS zu einer messbaren Gr\u00f6\u00dfe.<\/p>\n<\/div>\n<\/div>\n<\/div>\n<p>[\/vc_column_text][vc_single_image image=&#8220;134&#8243; img_size=&#8220;full&#8220; alignment=&#8220;center&#8220; image_hovers=&#8220;false&#8220; lazy_loading=&#8220;true&#8220;][\/vc_column][\/vc_row][vc_row css=&#8220;.vc_custom_1588260516530{padding-bottom: 50px !important;}&#8220;][vc_column]<div id=\"ultimate-heading-483269eb845420c4a\" class=\"uvc-heading ult-adjust-bottom-margin ultimate-heading-483269eb845420c4a uvc-7039 \" data-hspacer=\"line_only\"  data-halign=\"left\" style=\"text-align:left\"><div class=\"uvc-main-heading ult-responsive\"  data-ultimate-target='.uvc-heading.ultimate-heading-483269eb845420c4a h3'  data-responsive-json-new='{\"font-size\":\"desktop:20px;\",\"line-height\":\"desktop:20px;\"}' ><h3 style=\"--font-weight:theme;color:#241f0c;margin-bottom:20px;\">Highlights<\/h3><\/div><div class=\"uvc-heading-spacer line_only\" style=\"margin-bottom:32px;height:2px;\"><span class=\"uvc-headings-line\" style=\"border-style:solid;border-bottom-width:2px;border-color:#b4b4b4;width:51px;\"><\/span><\/div><\/div><div class=\"standard-arrow bullet-top\"><div class=\"col2 col-xs-12 col-md-6\">\n<div class=\"tiny-html\">\n<div class=\"tiny-html\">\n<div class=\"col2 col-xs-12 col-md-6\">\n<div class=\"tiny-html\">\n<ul>\n<li><a href=\"https:\/\/eramon.de\/de\/produkt\/anwendungsmodule\/reporting\/\">Reporting<\/a> f\u00fcr technischen und kaufm\u00e4nnischen Bereich (Revision)<\/li>\n<li>Alarmierung per E-Mail, SMS etc. bei erkanntem Versto\u00df<\/li>\n<li>Gewichtung der Verst\u00f6\u00dfe<\/li>\n<li>Start der Pr\u00fcfung manuell oder zeitgesteuert<\/li>\n<li>Zusammenfassung mehrerer Regeln in einem Job \u2013 Erf\u00fcllung von Anforderungen aus mehreren Bereichen in einem \u00dcberpr\u00fcfungsschritt<\/li>\n<li>Verwendung von Perl-konformen Regular Expressions (Regex)<\/li>\n<li>Automatisches Gruppieren von Devices mit fehlerhaften Konfigurationen<\/li>\n<li>Einbindung in Workflow-Systeme m\u00f6glich<\/li>\n<li>Herstellerneutral &#8211; f\u00fcr alle Hersteller mit textbasierender Konfiguration nutzbar<\/li>\n<li>Einfache Bedienung und umfangreiches Regelwerk zur Erstellung der zu \u00fcberpr\u00fcfenden Konfigurationsrichtlinien<\/li>\n<\/ul>\n<\/div>\n<\/div>\n<\/div>\n<\/div>\n<\/div>\n<\/div>[\/vc_column][\/vc_row]<\/p>\n<\/div>","protected":false},"excerpt":{"rendered":"<p>[vc_row css=&#8220;.vc_custom_1588260516530{padding-bottom: 50px !important;}&#8220;][vc_column][vc_empty_space][vc_column_text css=&#8220;&#8220;] Die Konformit\u00e4t der Konfigurationen von Netzger\u00e4ten (hersteller\u00fcbergreifend) sowie die Sicherstellung von sauber konfigurierten Sicherheitsrichtlinien im Datennetz sind ein immer wichtigerer Faktor beim Betrieb eines unternehmensweiten Netzwerkes. Internationale Richtlinien wie SOX, ITIL etc. fordern daher, dass die Einhaltung von firmenweiten Richtlinien nicht nur auf &#8222;Treu und Glauben&#8220; beruht, sondern auch nachweisbar&hellip;<\/p>\n","protected":false},"author":2,"featured_media":134,"parent":254,"menu_order":0,"comment_status":"closed","ping_status":"closed","template":"","meta":{"_monsterinsights_skip_tracking":false,"_monsterinsights_sitenote_active":false,"_monsterinsights_sitenote_note":"","_monsterinsights_sitenote_category":0,"footnotes":""},"class_list":["post-133","page","type-page","status-publish","has-post-thumbnail","hentry","description-off"],"yoast_head":"<!-- This site is optimized with the Yoast SEO plugin v27.4 - https:\/\/yoast.com\/product\/yoast-seo-wordpress\/ -->\n<title>Config Compliance Check | Network Security | ERAMON GmbH<\/title>\n<meta name=\"description\" content=\"Minimieren Sie Ihre Risiken f\u00fcr Ihr Unternehmen mit Config Compliance Check &amp; konfigurierten Sicherheitsrichtlinien im Datennetz | Jetzt informieren\" \/>\n<meta name=\"robots\" content=\"index, follow, max-snippet:-1, max-image-preview:large, max-video-preview:-1\" \/>\n<link rel=\"canonical\" href=\"https:\/\/eramon.de\/de\/produkt\/anwendungsmodule\/config-compliance-check\/\" \/>\n<meta property=\"og:locale\" content=\"de_DE\" \/>\n<meta property=\"og:type\" content=\"article\" \/>\n<meta property=\"og:title\" content=\"Config Compliance Check | Network Security | ERAMON GmbH\" \/>\n<meta property=\"og:description\" content=\"Minimieren Sie Ihre Risiken f\u00fcr Ihr Unternehmen mit Config Compliance Check &amp; konfigurierten Sicherheitsrichtlinien im Datennetz | Jetzt informieren\" \/>\n<meta property=\"og:url\" content=\"https:\/\/eramon.de\/de\/produkt\/anwendungsmodule\/config-compliance-check\/\" \/>\n<meta property=\"og:site_name\" content=\"ERAMON\" \/>\n<meta property=\"article:modified_time\" content=\"2024-10-21T17:06:42+00:00\" \/>\n<meta property=\"og:image\" content=\"https:\/\/eramon.de\/wp-content\/uploads\/2020\/05\/CCC.png\" \/>\n\t<meta property=\"og:image:width\" content=\"333\" \/>\n\t<meta property=\"og:image:height\" content=\"300\" \/>\n\t<meta property=\"og:image:type\" content=\"image\/png\" \/>\n<meta name=\"twitter:card\" content=\"summary_large_image\" \/>\n<meta name=\"twitter:title\" content=\"Config Compliance Check | Network Security | ERAMON GmbH\" \/>\n<meta name=\"twitter:description\" content=\"Minimieren Sie Ihre Risiken f\u00fcr Ihr Unternehmen mit Config Compliance Check &amp; konfigurierten Sicherheitsrichtlinien im Datennetz | Jetzt informieren\" \/>\n<meta name=\"twitter:label1\" content=\"Gesch\u00e4tzte Lesezeit\" \/>\n\t<meta name=\"twitter:data1\" content=\"4\u00a0Minuten\" \/>\n<script type=\"application\/ld+json\" class=\"yoast-schema-graph\">{\"@context\":\"https:\\\/\\\/schema.org\",\"@graph\":[{\"@type\":\"WebPage\",\"@id\":\"https:\\\/\\\/eramon.de\\\/de\\\/produkt\\\/anwendungsmodule\\\/config-compliance-check\\\/\",\"url\":\"https:\\\/\\\/eramon.de\\\/de\\\/produkt\\\/anwendungsmodule\\\/config-compliance-check\\\/\",\"name\":\"Config Compliance Check | Network Security | ERAMON GmbH\",\"isPartOf\":{\"@id\":\"https:\\\/\\\/eramon.de\\\/de\\\/#website\"},\"primaryImageOfPage\":{\"@id\":\"https:\\\/\\\/eramon.de\\\/de\\\/produkt\\\/anwendungsmodule\\\/config-compliance-check\\\/#primaryimage\"},\"image\":{\"@id\":\"https:\\\/\\\/eramon.de\\\/de\\\/produkt\\\/anwendungsmodule\\\/config-compliance-check\\\/#primaryimage\"},\"thumbnailUrl\":\"https:\\\/\\\/eramon.de\\\/wp-content\\\/uploads\\\/2020\\\/05\\\/CCC.png\",\"datePublished\":\"2020-05-06T09:56:18+00:00\",\"dateModified\":\"2024-10-21T17:06:42+00:00\",\"description\":\"Minimieren Sie Ihre Risiken f\u00fcr Ihr Unternehmen mit Config Compliance Check & konfigurierten Sicherheitsrichtlinien im Datennetz | Jetzt informieren\",\"breadcrumb\":{\"@id\":\"https:\\\/\\\/eramon.de\\\/de\\\/produkt\\\/anwendungsmodule\\\/config-compliance-check\\\/#breadcrumb\"},\"inLanguage\":\"de\",\"potentialAction\":[{\"@type\":\"ReadAction\",\"target\":[\"https:\\\/\\\/eramon.de\\\/de\\\/produkt\\\/anwendungsmodule\\\/config-compliance-check\\\/\"]}]},{\"@type\":\"ImageObject\",\"inLanguage\":\"de\",\"@id\":\"https:\\\/\\\/eramon.de\\\/de\\\/produkt\\\/anwendungsmodule\\\/config-compliance-check\\\/#primaryimage\",\"url\":\"https:\\\/\\\/eramon.de\\\/wp-content\\\/uploads\\\/2020\\\/05\\\/CCC.png\",\"contentUrl\":\"https:\\\/\\\/eramon.de\\\/wp-content\\\/uploads\\\/2020\\\/05\\\/CCC.png\",\"width\":333,\"height\":300},{\"@type\":\"BreadcrumbList\",\"@id\":\"https:\\\/\\\/eramon.de\\\/de\\\/produkt\\\/anwendungsmodule\\\/config-compliance-check\\\/#breadcrumb\",\"itemListElement\":[{\"@type\":\"ListItem\",\"position\":1,\"name\":\"Startseite\",\"item\":\"https:\\\/\\\/eramon.de\\\/de\\\/\"},{\"@type\":\"ListItem\",\"position\":2,\"name\":\"Das Produkt\",\"item\":\"https:\\\/\\\/eramon.de\\\/de\\\/produkt\\\/\"},{\"@type\":\"ListItem\",\"position\":3,\"name\":\"Anwendungsmodule\",\"item\":\"https:\\\/\\\/eramon.de\\\/de\\\/produkt\\\/anwendungsmodule\\\/\"},{\"@type\":\"ListItem\",\"position\":4,\"name\":\"Config Compliance Check\"}]},{\"@type\":\"WebSite\",\"@id\":\"https:\\\/\\\/eramon.de\\\/de\\\/#website\",\"url\":\"https:\\\/\\\/eramon.de\\\/de\\\/\",\"name\":\"ERAMON\",\"description\":\"Network Management\",\"publisher\":{\"@id\":\"https:\\\/\\\/eramon.de\\\/de\\\/#organization\"},\"potentialAction\":[{\"@type\":\"SearchAction\",\"target\":{\"@type\":\"EntryPoint\",\"urlTemplate\":\"https:\\\/\\\/eramon.de\\\/de\\\/?s={search_term_string}\"},\"query-input\":{\"@type\":\"PropertyValueSpecification\",\"valueRequired\":true,\"valueName\":\"search_term_string\"}}],\"inLanguage\":\"de\"},{\"@type\":\"Organization\",\"@id\":\"https:\\\/\\\/eramon.de\\\/de\\\/#organization\",\"name\":\"ERAMON GmbH\",\"url\":\"https:\\\/\\\/eramon.de\\\/de\\\/\",\"logo\":{\"@type\":\"ImageObject\",\"inLanguage\":\"de\",\"@id\":\"https:\\\/\\\/eramon.de\\\/de\\\/#\\\/schema\\\/logo\\\/image\\\/\",\"url\":\"https:\\\/\\\/eramon.de\\\/wp-content\\\/uploads\\\/2021\\\/02\\\/eramon-logo@2x-2.png\",\"contentUrl\":\"https:\\\/\\\/eramon.de\\\/wp-content\\\/uploads\\\/2021\\\/02\\\/eramon-logo@2x-2.png\",\"width\":612,\"height\":224,\"caption\":\"ERAMON GmbH\"},\"image\":{\"@id\":\"https:\\\/\\\/eramon.de\\\/de\\\/#\\\/schema\\\/logo\\\/image\\\/\"},\"sameAs\":[\"https:\\\/\\\/www.linkedin.com\\\/company\\\/eramon-gmbh\\\/\"]}]}<\/script>\n<!-- \/ Yoast SEO plugin. -->","yoast_head_json":{"title":"Config Compliance Check | Network Security | ERAMON GmbH","description":"Minimieren Sie Ihre Risiken f\u00fcr Ihr Unternehmen mit Config Compliance Check & konfigurierten Sicherheitsrichtlinien im Datennetz | Jetzt informieren","robots":{"index":"index","follow":"follow","max-snippet":"max-snippet:-1","max-image-preview":"max-image-preview:large","max-video-preview":"max-video-preview:-1"},"canonical":"https:\/\/eramon.de\/de\/produkt\/anwendungsmodule\/config-compliance-check\/","og_locale":"de_DE","og_type":"article","og_title":"Config Compliance Check | Network Security | ERAMON GmbH","og_description":"Minimieren Sie Ihre Risiken f\u00fcr Ihr Unternehmen mit Config Compliance Check & konfigurierten Sicherheitsrichtlinien im Datennetz | Jetzt informieren","og_url":"https:\/\/eramon.de\/de\/produkt\/anwendungsmodule\/config-compliance-check\/","og_site_name":"ERAMON","article_modified_time":"2024-10-21T17:06:42+00:00","og_image":[{"width":333,"height":300,"url":"https:\/\/eramon.de\/wp-content\/uploads\/2020\/05\/CCC.png","type":"image\/png"}],"twitter_card":"summary_large_image","twitter_title":"Config Compliance Check | Network Security | ERAMON GmbH","twitter_description":"Minimieren Sie Ihre Risiken f\u00fcr Ihr Unternehmen mit Config Compliance Check & konfigurierten Sicherheitsrichtlinien im Datennetz | Jetzt informieren","twitter_misc":{"Gesch\u00e4tzte Lesezeit":"4\u00a0Minuten"},"schema":{"@context":"https:\/\/schema.org","@graph":[{"@type":"WebPage","@id":"https:\/\/eramon.de\/de\/produkt\/anwendungsmodule\/config-compliance-check\/","url":"https:\/\/eramon.de\/de\/produkt\/anwendungsmodule\/config-compliance-check\/","name":"Config Compliance Check | Network Security | ERAMON GmbH","isPartOf":{"@id":"https:\/\/eramon.de\/de\/#website"},"primaryImageOfPage":{"@id":"https:\/\/eramon.de\/de\/produkt\/anwendungsmodule\/config-compliance-check\/#primaryimage"},"image":{"@id":"https:\/\/eramon.de\/de\/produkt\/anwendungsmodule\/config-compliance-check\/#primaryimage"},"thumbnailUrl":"https:\/\/eramon.de\/wp-content\/uploads\/2020\/05\/CCC.png","datePublished":"2020-05-06T09:56:18+00:00","dateModified":"2024-10-21T17:06:42+00:00","description":"Minimieren Sie Ihre Risiken f\u00fcr Ihr Unternehmen mit Config Compliance Check & konfigurierten Sicherheitsrichtlinien im Datennetz | Jetzt informieren","breadcrumb":{"@id":"https:\/\/eramon.de\/de\/produkt\/anwendungsmodule\/config-compliance-check\/#breadcrumb"},"inLanguage":"de","potentialAction":[{"@type":"ReadAction","target":["https:\/\/eramon.de\/de\/produkt\/anwendungsmodule\/config-compliance-check\/"]}]},{"@type":"ImageObject","inLanguage":"de","@id":"https:\/\/eramon.de\/de\/produkt\/anwendungsmodule\/config-compliance-check\/#primaryimage","url":"https:\/\/eramon.de\/wp-content\/uploads\/2020\/05\/CCC.png","contentUrl":"https:\/\/eramon.de\/wp-content\/uploads\/2020\/05\/CCC.png","width":333,"height":300},{"@type":"BreadcrumbList","@id":"https:\/\/eramon.de\/de\/produkt\/anwendungsmodule\/config-compliance-check\/#breadcrumb","itemListElement":[{"@type":"ListItem","position":1,"name":"Startseite","item":"https:\/\/eramon.de\/de\/"},{"@type":"ListItem","position":2,"name":"Das Produkt","item":"https:\/\/eramon.de\/de\/produkt\/"},{"@type":"ListItem","position":3,"name":"Anwendungsmodule","item":"https:\/\/eramon.de\/de\/produkt\/anwendungsmodule\/"},{"@type":"ListItem","position":4,"name":"Config Compliance Check"}]},{"@type":"WebSite","@id":"https:\/\/eramon.de\/de\/#website","url":"https:\/\/eramon.de\/de\/","name":"ERAMON","description":"Network Management","publisher":{"@id":"https:\/\/eramon.de\/de\/#organization"},"potentialAction":[{"@type":"SearchAction","target":{"@type":"EntryPoint","urlTemplate":"https:\/\/eramon.de\/de\/?s={search_term_string}"},"query-input":{"@type":"PropertyValueSpecification","valueRequired":true,"valueName":"search_term_string"}}],"inLanguage":"de"},{"@type":"Organization","@id":"https:\/\/eramon.de\/de\/#organization","name":"ERAMON GmbH","url":"https:\/\/eramon.de\/de\/","logo":{"@type":"ImageObject","inLanguage":"de","@id":"https:\/\/eramon.de\/de\/#\/schema\/logo\/image\/","url":"https:\/\/eramon.de\/wp-content\/uploads\/2021\/02\/eramon-logo@2x-2.png","contentUrl":"https:\/\/eramon.de\/wp-content\/uploads\/2021\/02\/eramon-logo@2x-2.png","width":612,"height":224,"caption":"ERAMON GmbH"},"image":{"@id":"https:\/\/eramon.de\/de\/#\/schema\/logo\/image\/"},"sameAs":["https:\/\/www.linkedin.com\/company\/eramon-gmbh\/"]}]}},"_links":{"self":[{"href":"https:\/\/eramon.de\/de\/wp-json\/wp\/v2\/pages\/133","targetHints":{"allow":["GET"]}}],"collection":[{"href":"https:\/\/eramon.de\/de\/wp-json\/wp\/v2\/pages"}],"about":[{"href":"https:\/\/eramon.de\/de\/wp-json\/wp\/v2\/types\/page"}],"author":[{"embeddable":true,"href":"https:\/\/eramon.de\/de\/wp-json\/wp\/v2\/users\/2"}],"replies":[{"embeddable":true,"href":"https:\/\/eramon.de\/de\/wp-json\/wp\/v2\/comments?post=133"}],"version-history":[{"count":18,"href":"https:\/\/eramon.de\/de\/wp-json\/wp\/v2\/pages\/133\/revisions"}],"predecessor-version":[{"id":2979,"href":"https:\/\/eramon.de\/de\/wp-json\/wp\/v2\/pages\/133\/revisions\/2979"}],"up":[{"embeddable":true,"href":"https:\/\/eramon.de\/de\/wp-json\/wp\/v2\/pages\/254"}],"wp:featuredmedia":[{"embeddable":true,"href":"https:\/\/eramon.de\/de\/wp-json\/wp\/v2\/media\/134"}],"wp:attachment":[{"href":"https:\/\/eramon.de\/de\/wp-json\/wp\/v2\/media?parent=133"}],"curies":[{"name":"wp","href":"https:\/\/api.w.org\/{rel}","templated":true}]}}