{"id":14,"date":"2020-04-27T16:56:58","date_gmt":"2020-04-27T14:56:58","guid":{"rendered":"https:\/\/eramon.de\/?page_id=14"},"modified":"2024-10-25T21:48:38","modified_gmt":"2024-10-25T19:48:38","slug":"architektur","status":"publish","type":"page","link":"https:\/\/eramon.de\/de\/produkt\/architektur\/","title":{"rendered":"Architektur"},"content":{"rendered":"<div class=\"wpb-content-wrapper\"><p>[vc_row css=&#8220;.vc_custom_1588260516530{padding-bottom: 50px !important;}&#8220;][vc_column]<div id=\"ultimate-heading-805769eb842c1ec3a\" class=\"uvc-heading ult-adjust-bottom-margin ultimate-heading-805769eb842c1ec3a uvc-2898 \" data-hspacer=\"line_only\"  data-halign=\"left\" style=\"text-align:left\"><div class=\"uvc-main-heading ult-responsive\"  data-ultimate-target='.uvc-heading.ultimate-heading-805769eb842c1ec3a h1'  data-responsive-json-new='{\"font-size\":\"desktop:25px;\",\"line-height\":\"desktop:25px;\"}' ><h1 style=\"--font-weight:theme;color:#241f0c;margin-bottom:20px;\">Architektur<\/h1><\/div><div class=\"uvc-heading-spacer line_only\" style=\"margin-bottom:32px;height:2px;\"><span class=\"uvc-headings-line\" style=\"border-style:solid;border-bottom-width:2px;border-color:#cad30b;width:102px;\"><\/span><\/div><\/div><div id=\"ultimate-heading-929369eb842c1ecd8\" class=\"uvc-heading ult-adjust-bottom-margin ultimate-heading-929369eb842c1ecd8 uvc-4770 \" data-hspacer=\"line_only\"  data-halign=\"left\" style=\"text-align:left\"><div class=\"uvc-main-heading ult-responsive\"  data-ultimate-target='.uvc-heading.ultimate-heading-929369eb842c1ecd8 h3'  data-responsive-json-new='{\"font-size\":\"desktop:20px;\",\"line-height\":\"desktop:20px;\"}' ><h3 style=\"--font-weight:theme;color:#241f0c;margin-bottom:20px;\">CENTER\/SAT<\/h3><\/div><div class=\"uvc-heading-spacer line_only\" style=\"margin-bottom:32px;height:2px;\"><span class=\"uvc-headings-line\" style=\"border-style:solid;border-bottom-width:2px;border-color:#b4b4b4;width:51px;\"><\/span><\/div><\/div>[vc_column_text css=&#8220;&#8220;]<span style=\"font-weight: 400;\">Das ERAMON CENTER System sowie die ERAMON SAT Systeme bilden die Eckpfeiler der Architektur von ERAMON.<\/span><\/p>\n<p><span style=\"font-weight: 400;\">Das CENTER-System ist dabei die zentrale Funktions- und Datenverwaltungseinheit. Es bietet eine benutzerfreundliche grafische Oberfl\u00e4che (GUI), die \u00fcber jeden modernen Webbrowser zug\u00e4nglich ist. Dies erleichtert die Verwaltung und \u00dcberwachung Ihrer Netzwerkinfrastruktur erheblich. Dar\u00fcber hinaus bietet das CENTER-System eine zentrale Datenbank, in der alle relevanten Informationen gespeichert werden, was eine schnelle und effiziente Datenverarbeitung erm\u00f6glicht.<\/span><\/p>\n<p><span style=\"font-weight: 400;\">Die SAT-Systeme fungieren als Datenkollektoren im Netzwerk und kommunizieren aktiv mit Ger\u00e4ten wie Routern, Switches und Firewalls. Diese Systeme sind darauf ausgelegt, Daten in Echtzeit zu sammeln und an das CENTER-System weiterzuleiten. Durch diese Architektur ist das gesamte System hoch skalierbar und kann flexibel an die spezifischen Bed\u00fcrfnisse Ihres Unternehmens angepasst werden.<\/span><\/p>\n<p>&nbsp;<\/p>\n<p><strong>Sicherheitsfeatures<\/strong><\/p>\n<p><span style=\"font-weight: 400;\">Ein besonders wichtiges Merkmal der ERAMON-Architektur ist die Gew\u00e4hrleistung der Sicherheit kritischer Netzbereiche, wie beispielsweise der <a href=\"https:\/\/www.google.com\/url?q=https:\/\/de.wikipedia.org\/wiki\/Demilitarisierte_Zone_(Informatik)&amp;sa=D&amp;source=docs&amp;ust=1729882115793591&amp;usg=AOvVaw0hXxPHjlKz1TtNqGmDKG5g\">Demilitarisierten Zone<\/a> (DMZ). Durch die intelligente Positionierung der Systeme wird sichergestellt, dass Latenzen erheblich reduziert werden, was f\u00fcr eine effiziente Datenverarbeitung und -\u00fcbertragung entscheidend ist.<\/span>[\/vc_column_text][vc_empty_space][vc_single_image image=&#8220;80&#8243; img_size=&#8220;full&#8220; alignment=&#8220;center&#8220; image_hovers=&#8220;false&#8220; lazy_loading=&#8220;true&#8220;]<div class=\"standard-arrow bullet-top\"><p><strong>Modularit\u00e4t und Erweiterbarkeit<\/strong><\/p>\n<p><span style=\"font-weight: 400;\">Die kleinste Ausgangsbasis besteht aus einem CENTER und einem SAT:<\/span><\/p>\n<ul>\n<li style=\"font-weight: 400;\" aria-level=\"1\"><span style=\"font-weight: 400;\">CENTER: GUI \u00fcber Browser erreichbar, zentrale Datenbank<\/span><\/li>\n<li style=\"font-weight: 400;\" aria-level=\"1\"><span style=\"font-weight: 400;\">SAT: abgesetzter Server zum Abfragen der Devices, Trap-\/Syslog-Receiver<\/span><\/li>\n<\/ul>\n<\/div>[vc_column_text css=&#8220;.vc_custom_1591083475649{padding-top: 10px !important;}&#8220;]Sowohl CENTER als auch SAT k\u00f6nnen redundant ausgelegt werden. Die Anzahl der SATs ist dabei ein wichtiger Faktor zur Skalierung.[\/vc_column_text]<div class=\"standard-arrow bullet-top\"><p>Je nach Anforderung sind weitere Komponenten m\u00f6glich bzw. n\u00f6tig:<\/p>\n<ul>\n<li><a href=\"https:\/\/eramon.de\/de\/produkt\/anwendungsmodule\/performance-management\/\">EPM<\/a>: reiner Datenbankserver zur Ablage der abgefragten Messergebnisse<\/li>\n<li><a href=\"https:\/\/www.google.com\/url?q=https:\/\/eramon.de\/de\/produkt\/anwendungsmodule\/kundenportal\/&amp;sa=D&amp;source=docs&amp;ust=1729882115798669&amp;usg=AOvVaw1UKh3nfsyEZIBucTSuUl2_\">KPS<\/a>: dedizierter Server f\u00fcr externe Logins, z. B. in DMZ angesiedelt<\/li>\n<li><a href=\"https:\/\/www.google.com\/url?q=https:\/\/eramon.de\/de\/produkt\/anwendungsmodule\/traffic-analyse\/&amp;sa=D&amp;source=docs&amp;ust=1729882115792216&amp;usg=AOvVaw0gSzu4pPLpyz2Anjh3X5DM\">Traffic-Analyse-Server<\/a>: dedizierter Server zur Ablage der Flows<\/li>\n<li>Messaging-Server: zentraler Trap-\/Syslog-Receiver<\/li>\n<\/ul>\n<\/div>[vc_column_text css=&#8220;.vc_custom_1591083521989{padding-top: 10px !important;}&#8220;]Beispiel-Architektur:[\/vc_column_text][vc_single_image image=&#8220;2908&#8243; img_size=&#8220;large&#8220; alignment=&#8220;center&#8220; css=&#8220;&#8220; image_hovers=&#8220;false&#8220; lazy_loading=&#8220;true&#8220;][\/vc_column][\/vc_row][vc_row css=&#8220;.vc_custom_1588260516530{padding-bottom: 50px !important;}&#8220;][vc_column]<div id=\"ultimate-heading-240369eb842c1ee47\" class=\"uvc-heading ult-adjust-bottom-margin ultimate-heading-240369eb842c1ee47 uvc-8841 \" data-hspacer=\"line_only\"  data-halign=\"left\" style=\"text-align:left\"><div class=\"uvc-main-heading ult-responsive\"  data-ultimate-target='.uvc-heading.ultimate-heading-240369eb842c1ee47 h3'  data-responsive-json-new='{\"font-size\":\"desktop:20px;\",\"line-height\":\"desktop:20px;\"}' ><h3 style=\"--font-weight:theme;color:#241f0c;margin-bottom:20px;\">Systemanforderungen<\/h3><\/div><div class=\"uvc-heading-spacer line_only\" style=\"margin-bottom:32px;height:2px;\"><span class=\"uvc-headings-line\" style=\"border-style:solid;border-bottom-width:2px;border-color:#b4b4b4;width:51px;\"><\/span><\/div><\/div><div class=\"standard-arrow bullet-top\"><div class=\"tiny-html\">\n<p>Je nach Anwendung bzw. Device-Anzahl unterscheidet ERAMON drei Ausbaustufen:<\/p>\n<ul>\n<li>Classic: z. B. Quad-Core, 16GB RAM, 4&#215;146 GB SAS HDD<\/li>\n<li>Performance: z. B. Hexa-Core, 24GB RAM, 8&#215;146 GB SAS HDD<\/li>\n<li>Ultra Performance: z. B. 2x Hexa-Core, &gt;48GB RAM, 4&#215;146 GB SAS HDD, 1-2x 600GB SSD<\/li>\n<\/ul>\n<div class=\"col2 col-xs-12 col-md-6\">\n<div class=\"tiny-html\">\n<p>Als Betriebssystem wird Linux eingesetzt. Als Hauptdatenbank findet MySQL Verwendung.<\/p>\n<p>Ein wichtiger Faktor f\u00fcr die Skalierung ist die Anzahl der SATs. Im kleinsten Anwendungsfall wird ein SAT ben\u00f6tigt.<\/p>\n<p>&nbsp;<\/p>\n<\/div>\n<p><strong>Fazit<\/strong><\/p>\n<p><span style=\"font-weight: 400;\">Die modulare Architektur von ERAMON erm\u00f6glicht eine flexible Anpassung an wachsende Anforderungen und gew\u00e4hrleistet gleichzeitig eine hohe Sicherheit und Effizienz. Die Kombination aus CENTER und SAT sowie die M\u00f6glichkeit zur Redundanz bieten Ihnen die notwendige Kontrolle \u00fcber Ihre Netzwerkinfrastruktur.<\/span><\/p>\n<\/div>\n<\/div>\n<\/div>[\/vc_column][\/vc_row]<\/p>\n<\/div>","protected":false},"excerpt":{"rendered":"<p>[vc_row css=&#8220;.vc_custom_1588260516530{padding-bottom: 50px !important;}&#8220;][vc_column][vc_column_text css=&#8220;&#8220;]Das ERAMON CENTER System sowie die ERAMON SAT Systeme bilden die Eckpfeiler der Architektur von ERAMON. Das CENTER-System ist dabei die zentrale Funktions- und Datenverwaltungseinheit. Es bietet eine benutzerfreundliche grafische Oberfl\u00e4che (GUI), die \u00fcber jeden modernen Webbrowser zug\u00e4nglich ist. Dies erleichtert die Verwaltung und \u00dcberwachung Ihrer Netzwerkinfrastruktur erheblich. Dar\u00fcber hinaus bietet&hellip;<\/p>\n","protected":false},"author":2,"featured_media":0,"parent":12,"menu_order":0,"comment_status":"closed","ping_status":"closed","template":"","meta":{"_monsterinsights_skip_tracking":false,"_monsterinsights_sitenote_active":false,"_monsterinsights_sitenote_note":"","_monsterinsights_sitenote_category":0,"footnotes":""},"class_list":["post-14","page","type-page","status-publish","hentry","description-off"],"yoast_head":"<!-- This site is optimized with the Yoast SEO plugin v27.4 - https:\/\/yoast.com\/product\/yoast-seo-wordpress\/ -->\n<title>ERAMON Server Architektur<\/title>\n<meta name=\"description\" content=\"Die intelligente Server-Architektur von ERAMON erm\u00f6glicht hohe Skalierbarkeit\" \/>\n<meta name=\"robots\" content=\"index, follow, max-snippet:-1, max-image-preview:large, max-video-preview:-1\" \/>\n<link rel=\"canonical\" href=\"https:\/\/eramon.de\/de\/produkt\/architektur\/\" \/>\n<meta property=\"og:locale\" content=\"de_DE\" \/>\n<meta property=\"og:type\" content=\"article\" \/>\n<meta property=\"og:title\" content=\"Architektur | Komponenten des ERAMON-Systems | ERAMON GmbH\" \/>\n<meta property=\"og:description\" content=\"Sie m\u00f6chten mehr \u00fcber die Struktur von ERAMOn erfahren? Hier erfahren mehr \u00fcber die Komponenten des ERAMON-Systems | Systemanforderungen &amp; Betriebssystem\" \/>\n<meta property=\"og:url\" content=\"https:\/\/eramon.de\/de\/produkt\/architektur\/\" \/>\n<meta property=\"og:site_name\" content=\"ERAMON\" \/>\n<meta property=\"article:modified_time\" content=\"2024-10-25T19:48:38+00:00\" \/>\n<meta name=\"twitter:card\" content=\"summary_large_image\" \/>\n<meta name=\"twitter:title\" content=\"Architektur | Komponenten des ERAMON-Systems | ERAMON GmbH\" \/>\n<meta name=\"twitter:description\" content=\"Sie m\u00f6chten mehr \u00fcber die Struktur von ERAMOn erfahren? Hier erfahren mehr \u00fcber die Komponenten des ERAMON-Systems | Systemanforderungen &amp; Betriebssystem\" \/>\n<meta name=\"twitter:label1\" content=\"Gesch\u00e4tzte Lesezeit\" \/>\n\t<meta name=\"twitter:data1\" content=\"3\u00a0Minuten\" \/>\n<script type=\"application\/ld+json\" class=\"yoast-schema-graph\">{\"@context\":\"https:\\\/\\\/schema.org\",\"@graph\":[{\"@type\":\"WebPage\",\"@id\":\"https:\\\/\\\/eramon.de\\\/de\\\/produkt\\\/architektur\\\/\",\"url\":\"https:\\\/\\\/eramon.de\\\/de\\\/produkt\\\/architektur\\\/\",\"name\":\"ERAMON Server Architektur\",\"isPartOf\":{\"@id\":\"https:\\\/\\\/eramon.de\\\/de\\\/#website\"},\"datePublished\":\"2020-04-27T14:56:58+00:00\",\"dateModified\":\"2024-10-25T19:48:38+00:00\",\"description\":\"Die intelligente Server-Architektur von ERAMON erm\u00f6glicht hohe Skalierbarkeit\",\"breadcrumb\":{\"@id\":\"https:\\\/\\\/eramon.de\\\/de\\\/produkt\\\/architektur\\\/#breadcrumb\"},\"inLanguage\":\"de\",\"potentialAction\":[{\"@type\":\"ReadAction\",\"target\":[\"https:\\\/\\\/eramon.de\\\/de\\\/produkt\\\/architektur\\\/\"]}]},{\"@type\":\"BreadcrumbList\",\"@id\":\"https:\\\/\\\/eramon.de\\\/de\\\/produkt\\\/architektur\\\/#breadcrumb\",\"itemListElement\":[{\"@type\":\"ListItem\",\"position\":1,\"name\":\"Startseite\",\"item\":\"https:\\\/\\\/eramon.de\\\/de\\\/\"},{\"@type\":\"ListItem\",\"position\":2,\"name\":\"Das Produkt\",\"item\":\"https:\\\/\\\/eramon.de\\\/de\\\/produkt\\\/\"},{\"@type\":\"ListItem\",\"position\":3,\"name\":\"Architektur\"}]},{\"@type\":\"WebSite\",\"@id\":\"https:\\\/\\\/eramon.de\\\/de\\\/#website\",\"url\":\"https:\\\/\\\/eramon.de\\\/de\\\/\",\"name\":\"ERAMON\",\"description\":\"Network Management\",\"publisher\":{\"@id\":\"https:\\\/\\\/eramon.de\\\/de\\\/#organization\"},\"potentialAction\":[{\"@type\":\"SearchAction\",\"target\":{\"@type\":\"EntryPoint\",\"urlTemplate\":\"https:\\\/\\\/eramon.de\\\/de\\\/?s={search_term_string}\"},\"query-input\":{\"@type\":\"PropertyValueSpecification\",\"valueRequired\":true,\"valueName\":\"search_term_string\"}}],\"inLanguage\":\"de\"},{\"@type\":\"Organization\",\"@id\":\"https:\\\/\\\/eramon.de\\\/de\\\/#organization\",\"name\":\"ERAMON GmbH\",\"url\":\"https:\\\/\\\/eramon.de\\\/de\\\/\",\"logo\":{\"@type\":\"ImageObject\",\"inLanguage\":\"de\",\"@id\":\"https:\\\/\\\/eramon.de\\\/de\\\/#\\\/schema\\\/logo\\\/image\\\/\",\"url\":\"https:\\\/\\\/eramon.de\\\/wp-content\\\/uploads\\\/2021\\\/02\\\/eramon-logo@2x-2.png\",\"contentUrl\":\"https:\\\/\\\/eramon.de\\\/wp-content\\\/uploads\\\/2021\\\/02\\\/eramon-logo@2x-2.png\",\"width\":612,\"height\":224,\"caption\":\"ERAMON GmbH\"},\"image\":{\"@id\":\"https:\\\/\\\/eramon.de\\\/de\\\/#\\\/schema\\\/logo\\\/image\\\/\"},\"sameAs\":[\"https:\\\/\\\/www.linkedin.com\\\/company\\\/eramon-gmbh\\\/\"]}]}<\/script>\n<!-- \/ Yoast SEO plugin. -->","yoast_head_json":{"title":"ERAMON Server Architektur","description":"Die intelligente Server-Architektur von ERAMON erm\u00f6glicht hohe Skalierbarkeit","robots":{"index":"index","follow":"follow","max-snippet":"max-snippet:-1","max-image-preview":"max-image-preview:large","max-video-preview":"max-video-preview:-1"},"canonical":"https:\/\/eramon.de\/de\/produkt\/architektur\/","og_locale":"de_DE","og_type":"article","og_title":"Architektur | Komponenten des ERAMON-Systems | ERAMON GmbH","og_description":"Sie m\u00f6chten mehr \u00fcber die Struktur von ERAMOn erfahren? Hier erfahren mehr \u00fcber die Komponenten des ERAMON-Systems | Systemanforderungen & Betriebssystem","og_url":"https:\/\/eramon.de\/de\/produkt\/architektur\/","og_site_name":"ERAMON","article_modified_time":"2024-10-25T19:48:38+00:00","twitter_card":"summary_large_image","twitter_title":"Architektur | Komponenten des ERAMON-Systems | ERAMON GmbH","twitter_description":"Sie m\u00f6chten mehr \u00fcber die Struktur von ERAMOn erfahren? Hier erfahren mehr \u00fcber die Komponenten des ERAMON-Systems | Systemanforderungen & Betriebssystem","twitter_misc":{"Gesch\u00e4tzte Lesezeit":"3\u00a0Minuten"},"schema":{"@context":"https:\/\/schema.org","@graph":[{"@type":"WebPage","@id":"https:\/\/eramon.de\/de\/produkt\/architektur\/","url":"https:\/\/eramon.de\/de\/produkt\/architektur\/","name":"ERAMON Server Architektur","isPartOf":{"@id":"https:\/\/eramon.de\/de\/#website"},"datePublished":"2020-04-27T14:56:58+00:00","dateModified":"2024-10-25T19:48:38+00:00","description":"Die intelligente Server-Architektur von ERAMON erm\u00f6glicht hohe Skalierbarkeit","breadcrumb":{"@id":"https:\/\/eramon.de\/de\/produkt\/architektur\/#breadcrumb"},"inLanguage":"de","potentialAction":[{"@type":"ReadAction","target":["https:\/\/eramon.de\/de\/produkt\/architektur\/"]}]},{"@type":"BreadcrumbList","@id":"https:\/\/eramon.de\/de\/produkt\/architektur\/#breadcrumb","itemListElement":[{"@type":"ListItem","position":1,"name":"Startseite","item":"https:\/\/eramon.de\/de\/"},{"@type":"ListItem","position":2,"name":"Das Produkt","item":"https:\/\/eramon.de\/de\/produkt\/"},{"@type":"ListItem","position":3,"name":"Architektur"}]},{"@type":"WebSite","@id":"https:\/\/eramon.de\/de\/#website","url":"https:\/\/eramon.de\/de\/","name":"ERAMON","description":"Network Management","publisher":{"@id":"https:\/\/eramon.de\/de\/#organization"},"potentialAction":[{"@type":"SearchAction","target":{"@type":"EntryPoint","urlTemplate":"https:\/\/eramon.de\/de\/?s={search_term_string}"},"query-input":{"@type":"PropertyValueSpecification","valueRequired":true,"valueName":"search_term_string"}}],"inLanguage":"de"},{"@type":"Organization","@id":"https:\/\/eramon.de\/de\/#organization","name":"ERAMON GmbH","url":"https:\/\/eramon.de\/de\/","logo":{"@type":"ImageObject","inLanguage":"de","@id":"https:\/\/eramon.de\/de\/#\/schema\/logo\/image\/","url":"https:\/\/eramon.de\/wp-content\/uploads\/2021\/02\/eramon-logo@2x-2.png","contentUrl":"https:\/\/eramon.de\/wp-content\/uploads\/2021\/02\/eramon-logo@2x-2.png","width":612,"height":224,"caption":"ERAMON GmbH"},"image":{"@id":"https:\/\/eramon.de\/de\/#\/schema\/logo\/image\/"},"sameAs":["https:\/\/www.linkedin.com\/company\/eramon-gmbh\/"]}]}},"_links":{"self":[{"href":"https:\/\/eramon.de\/de\/wp-json\/wp\/v2\/pages\/14","targetHints":{"allow":["GET"]}}],"collection":[{"href":"https:\/\/eramon.de\/de\/wp-json\/wp\/v2\/pages"}],"about":[{"href":"https:\/\/eramon.de\/de\/wp-json\/wp\/v2\/types\/page"}],"author":[{"embeddable":true,"href":"https:\/\/eramon.de\/de\/wp-json\/wp\/v2\/users\/2"}],"replies":[{"embeddable":true,"href":"https:\/\/eramon.de\/de\/wp-json\/wp\/v2\/comments?post=14"}],"version-history":[{"count":35,"href":"https:\/\/eramon.de\/de\/wp-json\/wp\/v2\/pages\/14\/revisions"}],"predecessor-version":[{"id":3046,"href":"https:\/\/eramon.de\/de\/wp-json\/wp\/v2\/pages\/14\/revisions\/3046"}],"up":[{"embeddable":true,"href":"https:\/\/eramon.de\/de\/wp-json\/wp\/v2\/pages\/12"}],"wp:attachment":[{"href":"https:\/\/eramon.de\/de\/wp-json\/wp\/v2\/media?parent=14"}],"curies":[{"name":"wp","href":"https:\/\/api.w.org\/{rel}","templated":true}]}}