{"id":1545,"date":"2021-02-23T17:31:51","date_gmt":"2021-02-23T16:31:51","guid":{"rendered":"https:\/\/eramon.de\/?page_id=1545"},"modified":"2024-10-27T18:37:37","modified_gmt":"2024-10-27T17:37:37","slug":"eramon-strukturiert-vertrieb-neu","status":"publish","type":"page","link":"https:\/\/eramon.de\/de\/eramon-strukturiert-vertrieb-neu\/","title":{"rendered":"ERAMON strukturiert Vertrieb neu"},"content":{"rendered":"<div class=\"wpb-content-wrapper\"><p>[vc_row][vc_column][vc_row_inner][vc_column_inner]<div id=\"ultimate-heading-358069f0750a07250\" class=\"uvc-heading ult-adjust-bottom-margin ultimate-heading-358069f0750a07250 uvc-9289 \" data-hspacer=\"line_only\"  data-halign=\"left\" style=\"text-align:left\"><div class=\"uvc-main-heading ult-responsive\"  data-ultimate-target='.uvc-heading.ultimate-heading-358069f0750a07250 h1'  data-responsive-json-new='{\"font-size\":\"desktop:25px;\",\"line-height\":\"desktop:25px;\"}' ><h1 style=\"--font-weight:theme;color:#241f0c;margin-bottom:20px;\">ERAMON strukturiert Vertrieb neu und sucht nach passenden Channel Partnern<\/h1><\/div><div class=\"uvc-heading-spacer line_only\" style=\"margin-bottom:32px;height:2px;\"><span class=\"uvc-headings-line\" style=\"border-style:solid;border-bottom-width:2px;border-color:#cad30b;width:102px;\"><\/span><\/div><\/div>[\/vc_column_inner][\/vc_row_inner][\/vc_column][\/vc_row][vc_row rtl_reverse=&#8220;yes&#8220;][vc_column width=&#8220;2\/3&#8243;][vc_column_text]<strong>Augsburg, den 22. Februar 2021 &#8211; <\/strong>ERAMON, Spezialist im Bereich Netzwerkmanagement f\u00fcr WAN-, LAN- und IT-Infrastrukturen, m\u00f6chte sein Wachstum auf dem deutschen Markt vorantreiben. Das in Gersthofen bei Augsburg ans\u00e4ssige Unternehmen blickt auf eine langj\u00e4hrige Entwicklung zur\u00fcck und bietet seinen Kunden heute eine zuverl\u00e4ssige und leistungsstarke Plattform, mit deren Hilfe sich sehr komfortabel und flexibel WAN-, LAN- und IT-Infrastrukturen \u00fcberwachen und managen lassen. So hilft ERAMON dabei, durch Konsolidierung der eingesetzten Werkzeuge die Qualit\u00e4t im Netzwerkmanagement zu erh\u00f6hen und den Aufwand erheblich zu reduzieren.<\/p>\n<p>&nbsp;<\/p>\n<p>Um die Erfolgsgeschichte auf dem deutschsprachigen Markt weiter voranzutreiben, sucht ERAMON Vertriebspartner, die im Bereich Kommunikationsnetzwerke erfolgreich agieren. Idealer Weise haben sie direkte und langfristige Kundenbeziehungen, umfangreiche Erfahrung im Aufbau und Betreuung von gr\u00f6\u00dferen WAN-, LAN- und IT-Infrastrukturen sowie kurze Entscheidungswege. \u00a0Mit diesen neuen Kooperationen sollen deren bestehende Kunden bestm\u00f6glich unterst\u00fctzt und neue f\u00fcr ERAMON begeistert werden.<\/p>\n<p>&nbsp;<\/p>\n<p>\u201eDie Bedeutung stabiler und sicherer WAN-\/LAN- und IT-Infrastrukturen ist f\u00fcr den Unternehmenserfolg unbestritten und in den vergangenen Jahren stetig weiter gestiegen. Es betrifft nahezu alle Wirtschaftsbereiche und Branchen. Viele Unternehmen gehen heute dazu \u00fcber, die eingesetzten Werkzeuge im WAN-\/LAN- und IT-Infrastruktur Bereich zu konsolidieren, die Prozesse zu vereinfachen, um somit dem Kostendruck entgegenzuwirken, gleichzeitig aber die Effizienz zu erh\u00f6hen. Genau dieser Grundgedanke der Konsolidierung war und ist die Basis f\u00fcr die Entwicklung von ERAMON\u201c, betont Gerd Hassler, Mitgr\u00fcnder von ERAMON.<\/p>\n<p>&nbsp;<\/p>\n<p>\u201eDie Anforderungen an IT-Infrastrukturen in Bezug auf Geschwindigkeit, Komplexit\u00e4t und Technologievielfalt sind enorm und werden weiter steigen \u2013 ebenso wie die Herausforderungen an das Management solcher Netzwerkumgebungen. Diesem Umstand werden wir mit ERAMON Rechnung tragen und unser Produkt weiter verfeinern und mit neuen Features ausstatten\u201c, erkl\u00e4rt Florian Sch\u00f6nknecht, Head of Operations. \u201eUnsere Channel Partner sind f\u00fcr uns wichtige Begleiter auf dem Weg zum gemeinsamen Erfolg. Daher ist es unser Ziel, starke Partner in Deutschland, \u00d6sterreich und der Schweiz mit an Bord zu holen, um unsere Position in diesen M\u00e4rkten weiter zu festigen und auszubauen.\u201c<\/p>\n<p>&nbsp;<\/p>\n<p><strong>\u00dcber ERAMON<\/strong><\/p>\n<p><strong>\u00a0<\/strong><\/p>\n<p>2002 wurde ERAMON (Engineering, Rollout and Management of Networks) gegr\u00fcndet und hat sich seitdem als zuverl\u00e4ssige vollumf\u00e4ngliche Plattform f\u00fcr integriertes Netzmanagement in den Bereichen WAN-\/LAN- und IT-Infrastrukturen etabliert. Bereits in den fr\u00fchen 1990er Jahren hat der Firmengr\u00fcnder Gerd Hassler zusammen mit einem Partner ein Weitverkehrsnetz aufgebaut, welches als eines der ersten auf Basis von MPLS betrieben wurde.<\/p>\n<p>&nbsp;<\/p>\n<p>Durch eine einheitliche und \u00fcbersichtliche Plattform gelingt es ERAMON, die Komplexit\u00e4t einer verzweigten IT-Infrastruktur zu \u00fcberblicken und zu beherrschen. Die Konsolidierung der im WAN-\/LAN- und IT-Infrastruktur Betrieb eingesetzten Tools ist zwingend erforderlich, um den Herausforderungen der Zukunft an immer umfangreicheren Infrastrukturen gerecht zu werden.<\/p>\n<p>ERAMON bietet eine optimale und umfassende End-to-End Management-L\u00f6sung f\u00fcr heterogene IT-Infrastrukturen verbunden mit einem schnellen und unb\u00fcrokratischen Service direkt in Deutschland.[\/vc_column_text][\/vc_column][vc_column width=&#8220;1\/3&#8243;][vc_single_image image=&#8220;1540&#8243; img_size=&#8220;full&#8220; alignment=&#8220;right&#8220;][vc_column_text]<strong>Pressekontakt<\/strong>: Florian Sch\u00f6nknecht<\/p>\n<p><a href=\"https:\/\/eramon.de\/de\/kontakt\/\">Hier geht&#8217;s zum Kontaktformular<\/a>[\/vc_column_text][\/vc_column][\/vc_row]<\/p>\n<\/div>","protected":false},"excerpt":{"rendered":"<p>[vc_row][vc_column][vc_row_inner][vc_column_inner][\/vc_column_inner][\/vc_row_inner][\/vc_column][\/vc_row][vc_row rtl_reverse=&#8220;yes&#8220;][vc_column width=&#8220;2\/3&#8243;][vc_column_text]Augsburg, den 22. Februar 2021 &#8211; ERAMON, Spezialist im Bereich Netzwerkmanagement f\u00fcr WAN-, LAN- und IT-Infrastrukturen, m\u00f6chte sein Wachstum auf dem deutschen Markt vorantreiben. Das in Gersthofen bei Augsburg ans\u00e4ssige Unternehmen blickt auf eine langj\u00e4hrige Entwicklung zur\u00fcck und bietet seinen Kunden heute eine zuverl\u00e4ssige und leistungsstarke Plattform, mit deren Hilfe sich sehr komfortabel&hellip;<\/p>\n","protected":false},"author":6,"featured_media":0,"parent":0,"menu_order":0,"comment_status":"closed","ping_status":"closed","template":"","meta":{"_monsterinsights_skip_tracking":false,"_monsterinsights_sitenote_active":false,"_monsterinsights_sitenote_note":"","_monsterinsights_sitenote_category":0,"footnotes":""},"class_list":["post-1545","page","type-page","status-publish","hentry","description-off"],"yoast_head":"<!-- This site is optimized with the Yoast SEO plugin v27.4 - https:\/\/yoast.com\/product\/yoast-seo-wordpress\/ -->\n<title>ERAMON strukturiert Vertrieb neu - ERAMON<\/title>\n<meta name=\"description\" content=\"ERAMON strukturiert Vertrieb neu und sucht nach passenden Channel Partnern\" \/>\n<meta name=\"robots\" content=\"index, follow, max-snippet:-1, max-image-preview:large, max-video-preview:-1\" \/>\n<link rel=\"canonical\" href=\"https:\/\/eramon.de\/de\/eramon-strukturiert-vertrieb-neu\/\" \/>\n<meta property=\"og:locale\" content=\"de_DE\" \/>\n<meta property=\"og:type\" content=\"article\" \/>\n<meta property=\"og:title\" content=\"ERAMON strukturiert Vertrieb neu - ERAMON\" \/>\n<meta property=\"og:description\" content=\"ERAMON strukturiert Vertrieb neu und sucht nach passenden Channel Partnern\" \/>\n<meta property=\"og:url\" content=\"https:\/\/eramon.de\/de\/eramon-strukturiert-vertrieb-neu\/\" \/>\n<meta property=\"og:site_name\" content=\"ERAMON\" \/>\n<meta property=\"article:modified_time\" content=\"2024-10-27T17:37:37+00:00\" \/>\n<meta name=\"twitter:card\" content=\"summary_large_image\" \/>\n<meta name=\"twitter:label1\" content=\"Gesch\u00e4tzte Lesezeit\" \/>\n\t<meta name=\"twitter:data1\" content=\"3\u00a0Minuten\" \/>\n<script type=\"application\/ld+json\" class=\"yoast-schema-graph\">{\"@context\":\"https:\\\/\\\/schema.org\",\"@graph\":[{\"@type\":\"WebPage\",\"@id\":\"https:\\\/\\\/eramon.de\\\/de\\\/eramon-strukturiert-vertrieb-neu\\\/\",\"url\":\"https:\\\/\\\/eramon.de\\\/de\\\/eramon-strukturiert-vertrieb-neu\\\/\",\"name\":\"ERAMON strukturiert Vertrieb neu - ERAMON\",\"isPartOf\":{\"@id\":\"https:\\\/\\\/eramon.de\\\/de\\\/#website\"},\"datePublished\":\"2021-02-23T16:31:51+00:00\",\"dateModified\":\"2024-10-27T17:37:37+00:00\",\"description\":\"ERAMON strukturiert Vertrieb neu und sucht nach passenden Channel Partnern\",\"breadcrumb\":{\"@id\":\"https:\\\/\\\/eramon.de\\\/de\\\/eramon-strukturiert-vertrieb-neu\\\/#breadcrumb\"},\"inLanguage\":\"de\",\"potentialAction\":[{\"@type\":\"ReadAction\",\"target\":[\"https:\\\/\\\/eramon.de\\\/de\\\/eramon-strukturiert-vertrieb-neu\\\/\"]}]},{\"@type\":\"BreadcrumbList\",\"@id\":\"https:\\\/\\\/eramon.de\\\/de\\\/eramon-strukturiert-vertrieb-neu\\\/#breadcrumb\",\"itemListElement\":[{\"@type\":\"ListItem\",\"position\":1,\"name\":\"Startseite\",\"item\":\"https:\\\/\\\/eramon.de\\\/de\\\/\"},{\"@type\":\"ListItem\",\"position\":2,\"name\":\"ERAMON strukturiert Vertrieb neu\"}]},{\"@type\":\"WebSite\",\"@id\":\"https:\\\/\\\/eramon.de\\\/de\\\/#website\",\"url\":\"https:\\\/\\\/eramon.de\\\/de\\\/\",\"name\":\"ERAMON\",\"description\":\"Network Management\",\"publisher\":{\"@id\":\"https:\\\/\\\/eramon.de\\\/de\\\/#organization\"},\"potentialAction\":[{\"@type\":\"SearchAction\",\"target\":{\"@type\":\"EntryPoint\",\"urlTemplate\":\"https:\\\/\\\/eramon.de\\\/de\\\/?s={search_term_string}\"},\"query-input\":{\"@type\":\"PropertyValueSpecification\",\"valueRequired\":true,\"valueName\":\"search_term_string\"}}],\"inLanguage\":\"de\"},{\"@type\":\"Organization\",\"@id\":\"https:\\\/\\\/eramon.de\\\/de\\\/#organization\",\"name\":\"ERAMON GmbH\",\"url\":\"https:\\\/\\\/eramon.de\\\/de\\\/\",\"logo\":{\"@type\":\"ImageObject\",\"inLanguage\":\"de\",\"@id\":\"https:\\\/\\\/eramon.de\\\/de\\\/#\\\/schema\\\/logo\\\/image\\\/\",\"url\":\"https:\\\/\\\/eramon.de\\\/wp-content\\\/uploads\\\/2021\\\/02\\\/eramon-logo@2x-2.png\",\"contentUrl\":\"https:\\\/\\\/eramon.de\\\/wp-content\\\/uploads\\\/2021\\\/02\\\/eramon-logo@2x-2.png\",\"width\":612,\"height\":224,\"caption\":\"ERAMON GmbH\"},\"image\":{\"@id\":\"https:\\\/\\\/eramon.de\\\/de\\\/#\\\/schema\\\/logo\\\/image\\\/\"},\"sameAs\":[\"https:\\\/\\\/www.linkedin.com\\\/company\\\/eramon-gmbh\\\/\"]}]}<\/script>\n<!-- \/ Yoast SEO plugin. -->","yoast_head_json":{"title":"ERAMON strukturiert Vertrieb neu - ERAMON","description":"ERAMON strukturiert Vertrieb neu und sucht nach passenden Channel Partnern","robots":{"index":"index","follow":"follow","max-snippet":"max-snippet:-1","max-image-preview":"max-image-preview:large","max-video-preview":"max-video-preview:-1"},"canonical":"https:\/\/eramon.de\/de\/eramon-strukturiert-vertrieb-neu\/","og_locale":"de_DE","og_type":"article","og_title":"ERAMON strukturiert Vertrieb neu - ERAMON","og_description":"ERAMON strukturiert Vertrieb neu und sucht nach passenden Channel Partnern","og_url":"https:\/\/eramon.de\/de\/eramon-strukturiert-vertrieb-neu\/","og_site_name":"ERAMON","article_modified_time":"2024-10-27T17:37:37+00:00","twitter_card":"summary_large_image","twitter_misc":{"Gesch\u00e4tzte Lesezeit":"3\u00a0Minuten"},"schema":{"@context":"https:\/\/schema.org","@graph":[{"@type":"WebPage","@id":"https:\/\/eramon.de\/de\/eramon-strukturiert-vertrieb-neu\/","url":"https:\/\/eramon.de\/de\/eramon-strukturiert-vertrieb-neu\/","name":"ERAMON strukturiert Vertrieb neu - ERAMON","isPartOf":{"@id":"https:\/\/eramon.de\/de\/#website"},"datePublished":"2021-02-23T16:31:51+00:00","dateModified":"2024-10-27T17:37:37+00:00","description":"ERAMON strukturiert Vertrieb neu und sucht nach passenden Channel Partnern","breadcrumb":{"@id":"https:\/\/eramon.de\/de\/eramon-strukturiert-vertrieb-neu\/#breadcrumb"},"inLanguage":"de","potentialAction":[{"@type":"ReadAction","target":["https:\/\/eramon.de\/de\/eramon-strukturiert-vertrieb-neu\/"]}]},{"@type":"BreadcrumbList","@id":"https:\/\/eramon.de\/de\/eramon-strukturiert-vertrieb-neu\/#breadcrumb","itemListElement":[{"@type":"ListItem","position":1,"name":"Startseite","item":"https:\/\/eramon.de\/de\/"},{"@type":"ListItem","position":2,"name":"ERAMON strukturiert Vertrieb neu"}]},{"@type":"WebSite","@id":"https:\/\/eramon.de\/de\/#website","url":"https:\/\/eramon.de\/de\/","name":"ERAMON","description":"Network Management","publisher":{"@id":"https:\/\/eramon.de\/de\/#organization"},"potentialAction":[{"@type":"SearchAction","target":{"@type":"EntryPoint","urlTemplate":"https:\/\/eramon.de\/de\/?s={search_term_string}"},"query-input":{"@type":"PropertyValueSpecification","valueRequired":true,"valueName":"search_term_string"}}],"inLanguage":"de"},{"@type":"Organization","@id":"https:\/\/eramon.de\/de\/#organization","name":"ERAMON GmbH","url":"https:\/\/eramon.de\/de\/","logo":{"@type":"ImageObject","inLanguage":"de","@id":"https:\/\/eramon.de\/de\/#\/schema\/logo\/image\/","url":"https:\/\/eramon.de\/wp-content\/uploads\/2021\/02\/eramon-logo@2x-2.png","contentUrl":"https:\/\/eramon.de\/wp-content\/uploads\/2021\/02\/eramon-logo@2x-2.png","width":612,"height":224,"caption":"ERAMON GmbH"},"image":{"@id":"https:\/\/eramon.de\/de\/#\/schema\/logo\/image\/"},"sameAs":["https:\/\/www.linkedin.com\/company\/eramon-gmbh\/"]}]}},"_links":{"self":[{"href":"https:\/\/eramon.de\/de\/wp-json\/wp\/v2\/pages\/1545","targetHints":{"allow":["GET"]}}],"collection":[{"href":"https:\/\/eramon.de\/de\/wp-json\/wp\/v2\/pages"}],"about":[{"href":"https:\/\/eramon.de\/de\/wp-json\/wp\/v2\/types\/page"}],"author":[{"embeddable":true,"href":"https:\/\/eramon.de\/de\/wp-json\/wp\/v2\/users\/6"}],"replies":[{"embeddable":true,"href":"https:\/\/eramon.de\/de\/wp-json\/wp\/v2\/comments?post=1545"}],"version-history":[{"count":11,"href":"https:\/\/eramon.de\/de\/wp-json\/wp\/v2\/pages\/1545\/revisions"}],"predecessor-version":[{"id":1564,"href":"https:\/\/eramon.de\/de\/wp-json\/wp\/v2\/pages\/1545\/revisions\/1564"}],"wp:attachment":[{"href":"https:\/\/eramon.de\/de\/wp-json\/wp\/v2\/media?parent=1545"}],"curies":[{"name":"wp","href":"https:\/\/api.w.org\/{rel}","templated":true}]}}