{"id":1808,"date":"2021-07-19T11:39:05","date_gmt":"2021-07-19T09:39:05","guid":{"rendered":"https:\/\/eramon.de\/?page_id=1808"},"modified":"2025-02-04T13:57:46","modified_gmt":"2025-02-04T12:57:46","slug":"user-story-5-ooegg-eramon-erfahrung","status":"publish","type":"page","link":"https:\/\/eramon.de\/de\/referenzen-und-kunden\/user-story-5-ooegg-eramon-erfahrung\/","title":{"rendered":"Erfahrungen mit Eramon &#8211; O\u00d6G"},"content":{"rendered":"<div class=\"wpb-content-wrapper\"><p>[vc_row][vc_column]<div id=\"ultimate-heading-206769eb99beebcad\" class=\"uvc-heading ult-adjust-bottom-margin ultimate-heading-206769eb99beebcad uvc-8584 \" data-hspacer=\"line_only\"  data-halign=\"left\" style=\"text-align:left\"><div class=\"uvc-main-heading ult-responsive\"  data-ultimate-target='.uvc-heading.ultimate-heading-206769eb99beebcad h1'  data-responsive-json-new='{\"font-size\":\"desktop:25px;\",\"line-height\":\"desktop:25px;\"}' ><h1 style=\"--font-weight:theme;color:#241f0c;margin-bottom:20px;\">Mit ERAMON unser Netz schnell und ressourcenschonend managen<\/h1><\/div><div class=\"uvc-heading-spacer line_only\" style=\"margin-bottom:32px;height:2px;\"><span class=\"uvc-headings-line\" style=\"border-style:solid;border-bottom-width:2px;border-color:#cad30b;width:102px;\"><\/span><\/div><\/div>[\/vc_column][\/vc_row][vc_row][vc_column width=&#8220;2\/3&#8243;][vc_column_text css=&#8220;&#8220;]<span style=\"font-weight: 400;\">Die <\/span><a href=\"https:\/\/www.ooeg.at\/\"><span style=\"font-weight: 400;\">Ober\u00f6sterreichische Gesundheitsholding GmbH (O\u00d6G)<\/span><\/a><span style=\"font-weight: 400;\"> ist mit der Beteiligung am Kepler Universit\u00e4tsklinikum Ober\u00f6sterreichs gr\u00f6\u00dfter Krankenhaustr\u00e4ger mit einem Marktanteil von insgesamt 53,1 Prozent. Neben dem Kepler Universit\u00e4tsklinikum in Linz betreibt die O\u00d6G f\u00fcnf Regionalkliniken an acht Standorten. <\/span><span style=\"font-weight: 400;\"><br \/>\n<\/span><span style=\"font-weight: 400;\">Seit 2014 haben wir aufgrund der steigenden Anforderung an den Netzwerkbereich sowie zur Optimierung der eingesetzten Hardware-Ressourcen und zur Unterst\u00fctzung des bestehenden Teams Erfahrungen mit ERAMON gemacht. Die Herausforderung lag darin, alle unsere Anforderungen auf einer Plattform zu konsolidieren. Die gew\u00fcnschte L\u00f6sung musste folgende Anforderungen erf\u00fcllen:<\/span><\/p>\n<ul>\n<li style=\"font-weight: 400;\" aria-level=\"1\"><span style=\"font-weight: 400;\">Software von mehreren Netzwerk-Devices zeitgleich konfigurieren<\/span><\/li>\n<li style=\"font-weight: 400;\" aria-level=\"1\"><span style=\"font-weight: 400;\">Konfigurationen vereinheitlichen<\/span><\/li>\n<li style=\"font-weight: 400;\" aria-level=\"1\"><span style=\"font-weight: 400;\">Einsatz der Hardware optimieren (bessere Nutzung verf\u00fcgbarer Ressourcen)<\/span><\/li>\n<li style=\"font-weight: 400;\" aria-level=\"1\"><span style=\"font-weight: 400;\">Asset Management f\u00fcr das Netzwerk aufbauen<\/span><\/li>\n<li style=\"font-weight: 400;\" aria-level=\"1\"><span style=\"font-weight: 400;\">Zugriff f\u00fcr lokale EDV-Teams erm\u00f6glichen<\/span><\/li>\n<li style=\"font-weight: 400;\" aria-level=\"1\"><span style=\"font-weight: 400;\">Abl\u00f6sung\/Harmonisierung vorhandener Netzwerk-Dokumentationen und -Pl\u00e4ne<\/span><\/li>\n<\/ul>\n<p><span style=\"font-weight: 400;\">Nach intensiver Suche haben wir uns f\u00fcr ERAMON entschieden, weil es unsere ben\u00f6tigten Anforderungen erf\u00fcllt und einen schnellen Support bietet.<\/span><\/p>\n<p><span style=\"font-weight: 400;\">\u00a0<\/span><\/p>\n<h3><b>Die Erfahrungen, die wir mit ERAMON gemacht haben, waren durchwegs positiv:<\/b><\/h3>\n<p><strong>Provisioning:<\/strong> <span style=\"font-weight: 400;\">Der Einsatz des Moduls \u201e<\/span><a href=\"https:\/\/eramon.de\/de\/produkt\/anwendungsmodule\/provisioning\/\"><span style=\"font-weight: 400;\">Provisioning<\/span><\/a><span style=\"font-weight: 400;\">\u201c brachte uns erhebliche<\/span> <strong>Zeiteinsparungen<\/strong><span style=\"font-weight: 400;\"> bei \u00c4nderungen an Netzwerkkomponenten. So konnten wir zum Beispiel in einem NAC-Projekt 2000 Ports in der H\u00e4lfte der \u00fcblicherweise veranschlagten Zeit umstellen.<\/span><span style=\"font-weight: 400;\"><br \/>\n<\/span><span style=\"font-weight: 400;\">Die M\u00f6glichkeit, vordefinierte Port-Provisioning-Profile auf mehrere Teams aufzuteilen, war hierbei sehr hilfreich.<\/span><\/p>\n<p><strong>NRO-Report:<\/strong> <span style=\"font-weight: 400;\">Der NRO Report (Ressourcen-Optimierung) in ERAMON ist ein weiteres Beispiel der vielen Funktionen, die uns unterst\u00fctzen die <\/span><strong>Kosten im Griff zu halten<\/strong><span style=\"font-weight: 400;\">. Dabei kann die Port-Auslastung analysiert werden, um ggfs. freie und ungenutzte Ports zu identifizieren \u2013 <\/span><strong>bevor<\/strong><span style=\"font-weight: 400;\"> neue Ger\u00e4te bestellt werden. So konnten sogar Nachbestellungen vermieden werden.<\/span><\/p>\n<p><strong>Automatisierte Netzwerkverwaltung:<\/strong> <span style=\"font-weight: 400;\">Anhand von Regeln l\u00e4sst sich das <\/span><strong>Netzwerk automatisiert verwalten<\/strong><span style=\"font-weight: 400;\">. Werden zum Beispiel CDP-Nachbarschaften erkannt, kann ERAMON eine Zuordnung der Ger\u00e4te zu Gruppen und den Rollout entsprechender Performance-Messungen automatisch ausf\u00fchren.<\/span><\/p>\n<p><strong>Performance Management:<\/strong> <span style=\"font-weight: 400;\">Durch das Modul \u201e<\/span><a href=\"https:\/\/eramon.de\/de\/produkt\/anwendungsmodule\/performance-management\/\"><span style=\"font-weight: 400;\">Performance Management<\/span><\/a><span style=\"font-weight: 400;\">&#8220; k\u00f6nnen <\/span><strong>Leistungsdaten schnell und \u00fcbersichtlich<\/strong><span style=\"font-weight: 400;\"> erhoben und analysiert werden. Unter anderem schlie\u00dft dies die \u00dcberwachung von Switch Uplink Auslastungen ein. Bei \u00dcbertretung von vordefinierten Schwellwerten erfolgt eine Benachrichtigung der zust\u00e4ndigen Personen \u2013 zum Beispiel per E-Mail. Somit k\u00f6nnen <\/span><strong>proaktiv<\/strong><span style=\"font-weight: 400;\"> Probleme in Verbindung mit Servern <\/span><strong>identifiziert und kommuniziert<\/strong> <span style=\"font-weight: 400;\">werden<\/span><b>.<\/b><\/p>\n<h3><b>Besondere Vorteile: Das Modul Asset Management und der hilfreiche sowie schnelle Support<\/b><\/h3>\n<p><strong>Asset Management:<\/strong> <span style=\"font-weight: 400;\">Durch das Modul \u201e<\/span><a href=\"https:\/\/eramon.de\/de\/produkt\/anwendungsmodule\/asset-management\/\"><span style=\"font-weight: 400;\">Asset Management<\/span><\/a><span style=\"font-weight: 400;\">\u201c steht uns heute <\/span><strong>jederzeit der aktuelle Status aller aktiven und passiven Ger\u00e4te<\/strong><span style=\"font-weight: 400;\"> zur Verf\u00fcgung. Das Modul kann auch indirekt bei der Behebung von Problemen unterst\u00fctzen. Ein Beispiel w\u00e4re ein Bug, welcher nach einem OS-Update zu alarmierenden bzw. fehlerhaften Netzteilen f\u00fchren kann. Via Asset-Management konnten die betreffenden Netzteile mit einer bestimmten Revisions-Nr. im Vorhinein ausgemacht und somit ausgetauscht werden. Die betroffenen Ger\u00e4te sind daher beim geplanten OS-Update nicht mehr in etwaige Hardware-Fehler und der daraus resultierenden Alarmierung gelaufen. Mit wenigen Klicks konnte also ermittelt werden, welche HW-Komponenten vom Bug betroffen sind. Der erforderliche Austausch der betroffenen Komponenten konnte daher <\/span><strong>im Vorfeld bereits proaktiv geplant und umgesetzt<\/strong><span style=\"font-weight: 400;\"> werden. Zus\u00e4tzlich bietet das Modul<\/span><a href=\"https:\/\/eramon.de\/de\/produkt\/anwendungsmodule\/asset-management\/\"> <span style=\"font-weight: 400;\">Asset Management<\/span><\/a><span style=\"font-weight: 400;\"> eine detaillierte \u00dcbersicht der eingesetzten Hard- und Software f\u00fcr alle von ERAMON verwalteten Ger\u00e4te, was vor allem im Healthcare-Sektor im Sinne von <\/span><strong>Compliance-Anforderungen<\/strong><span style=\"font-weight: 400;\"> eine wesentliche Rolle einnimmt.<\/span><\/p>\n<p><strong>Support:<\/strong><span style=\"font-weight: 400;\"> Der Support von ERAMON ist f\u00fcr uns von entscheidender Bedeutung. Unsere Erfahrungen zeigen, dass die <\/span><strong>schnelle und unkomplizierte Kommunikation<\/strong><span style=\"font-weight: 400;\"> mit dem ERAMON-Supportteam weit \u00fcber normale Hilfestellung hinausgeht. Man arbeitet zusammen wie in einem gemeinsamen Team.<\/span>[\/vc_column_text][\/vc_column][vc_column width=&#8220;1\/3&#8243;][vc_single_image image=&#8220;1813&#8243; img_size=&#8220;full&#8220; alignment=&#8220;right&#8220;][\/vc_column][\/vc_row]<\/p>\n<\/div>","protected":false},"excerpt":{"rendered":"<p>[vc_row][vc_column][\/vc_column][\/vc_row][vc_row][vc_column width=&#8220;2\/3&#8243;][vc_column_text css=&#8220;&#8220;]Die Ober\u00f6sterreichische Gesundheitsholding GmbH (O\u00d6G) ist mit der Beteiligung am Kepler Universit\u00e4tsklinikum Ober\u00f6sterreichs gr\u00f6\u00dfter Krankenhaustr\u00e4ger mit einem Marktanteil von insgesamt 53,1 Prozent. Neben dem Kepler Universit\u00e4tsklinikum in Linz betreibt die O\u00d6G f\u00fcnf Regionalkliniken an acht Standorten. Seit 2014 haben wir aufgrund der steigenden Anforderung an den Netzwerkbereich sowie zur Optimierung der eingesetzten Hardware-Ressourcen&hellip;<\/p>\n","protected":false},"author":6,"featured_media":1806,"parent":269,"menu_order":0,"comment_status":"closed","ping_status":"closed","template":"","meta":{"_monsterinsights_skip_tracking":false,"_monsterinsights_sitenote_active":false,"_monsterinsights_sitenote_note":"","_monsterinsights_sitenote_category":0,"footnotes":""},"class_list":["post-1808","page","type-page","status-publish","has-post-thumbnail","hentry","description-off"],"yoast_head":"<!-- This site is optimized with the Yoast SEO plugin v27.4 - https:\/\/yoast.com\/product\/yoast-seo-wordpress\/ -->\n<title>Erfahrungen mit Eramon - O\u00d6G - ERAMON<\/title>\n<meta name=\"description\" content=\"Lesen Sie, welche Erfahrungen die O\u00d6G gesammelt und mit welchen Modulen sie ihr Netzwerkmanagement vereinfacht hat.\" \/>\n<meta name=\"robots\" content=\"index, follow, max-snippet:-1, max-image-preview:large, max-video-preview:-1\" \/>\n<link rel=\"canonical\" href=\"https:\/\/eramon.de\/de\/referenzen-und-kunden\/user-story-5-ooegg-eramon-erfahrung\/\" \/>\n<meta property=\"og:locale\" content=\"de_DE\" \/>\n<meta property=\"og:type\" content=\"article\" \/>\n<meta property=\"og:title\" content=\"Erfahrungen mit Eramon - O\u00d6G - ERAMON\" \/>\n<meta property=\"og:description\" content=\"Lesen Sie, welche Erfahrungen die O\u00d6G gesammelt und mit welchen Modulen sie ihr Netzwerkmanagement vereinfacht hat.\" \/>\n<meta property=\"og:url\" content=\"https:\/\/eramon.de\/de\/referenzen-und-kunden\/user-story-5-ooegg-eramon-erfahrung\/\" \/>\n<meta property=\"og:site_name\" content=\"ERAMON\" \/>\n<meta property=\"article:modified_time\" content=\"2025-02-04T12:57:46+00:00\" \/>\n<meta property=\"og:image\" content=\"https:\/\/eramon.de\/wp-content\/uploads\/2021\/07\/ooeg_Logo.png\" \/>\n\t<meta property=\"og:image:width\" content=\"260\" \/>\n\t<meta property=\"og:image:height\" content=\"140\" \/>\n\t<meta property=\"og:image:type\" content=\"image\/png\" \/>\n<meta name=\"twitter:card\" content=\"summary_large_image\" \/>\n<meta name=\"twitter:label1\" content=\"Gesch\u00e4tzte Lesezeit\" \/>\n\t<meta name=\"twitter:data1\" content=\"4\u00a0Minuten\" \/>\n<script type=\"application\/ld+json\" class=\"yoast-schema-graph\">{\"@context\":\"https:\\\/\\\/schema.org\",\"@graph\":[{\"@type\":\"WebPage\",\"@id\":\"https:\\\/\\\/eramon.de\\\/de\\\/referenzen-und-kunden\\\/user-story-5-ooegg-eramon-erfahrung\\\/\",\"url\":\"https:\\\/\\\/eramon.de\\\/de\\\/referenzen-und-kunden\\\/user-story-5-ooegg-eramon-erfahrung\\\/\",\"name\":\"Erfahrungen mit Eramon - O\u00d6G - ERAMON\",\"isPartOf\":{\"@id\":\"https:\\\/\\\/eramon.de\\\/de\\\/#website\"},\"primaryImageOfPage\":{\"@id\":\"https:\\\/\\\/eramon.de\\\/de\\\/referenzen-und-kunden\\\/user-story-5-ooegg-eramon-erfahrung\\\/#primaryimage\"},\"image\":{\"@id\":\"https:\\\/\\\/eramon.de\\\/de\\\/referenzen-und-kunden\\\/user-story-5-ooegg-eramon-erfahrung\\\/#primaryimage\"},\"thumbnailUrl\":\"https:\\\/\\\/eramon.de\\\/wp-content\\\/uploads\\\/2021\\\/07\\\/ooeg_Logo.png\",\"datePublished\":\"2021-07-19T09:39:05+00:00\",\"dateModified\":\"2025-02-04T12:57:46+00:00\",\"description\":\"Lesen Sie, welche Erfahrungen die O\u00d6G gesammelt und mit welchen Modulen sie ihr Netzwerkmanagement vereinfacht hat.\",\"breadcrumb\":{\"@id\":\"https:\\\/\\\/eramon.de\\\/de\\\/referenzen-und-kunden\\\/user-story-5-ooegg-eramon-erfahrung\\\/#breadcrumb\"},\"inLanguage\":\"de\",\"potentialAction\":[{\"@type\":\"ReadAction\",\"target\":[\"https:\\\/\\\/eramon.de\\\/de\\\/referenzen-und-kunden\\\/user-story-5-ooegg-eramon-erfahrung\\\/\"]}]},{\"@type\":\"ImageObject\",\"inLanguage\":\"de\",\"@id\":\"https:\\\/\\\/eramon.de\\\/de\\\/referenzen-und-kunden\\\/user-story-5-ooegg-eramon-erfahrung\\\/#primaryimage\",\"url\":\"https:\\\/\\\/eramon.de\\\/wp-content\\\/uploads\\\/2021\\\/07\\\/ooeg_Logo.png\",\"contentUrl\":\"https:\\\/\\\/eramon.de\\\/wp-content\\\/uploads\\\/2021\\\/07\\\/ooeg_Logo.png\",\"width\":260,\"height\":140},{\"@type\":\"BreadcrumbList\",\"@id\":\"https:\\\/\\\/eramon.de\\\/de\\\/referenzen-und-kunden\\\/user-story-5-ooegg-eramon-erfahrung\\\/#breadcrumb\",\"itemListElement\":[{\"@type\":\"ListItem\",\"position\":1,\"name\":\"Startseite\",\"item\":\"https:\\\/\\\/eramon.de\\\/de\\\/\"},{\"@type\":\"ListItem\",\"position\":2,\"name\":\"Referenzen\",\"item\":\"https:\\\/\\\/eramon.de\\\/de\\\/referenzen-und-kunden\\\/\"},{\"@type\":\"ListItem\",\"position\":3,\"name\":\"Erfahrungen mit Eramon &#8211; O\u00d6G\"}]},{\"@type\":\"WebSite\",\"@id\":\"https:\\\/\\\/eramon.de\\\/de\\\/#website\",\"url\":\"https:\\\/\\\/eramon.de\\\/de\\\/\",\"name\":\"ERAMON\",\"description\":\"Network Management\",\"publisher\":{\"@id\":\"https:\\\/\\\/eramon.de\\\/de\\\/#organization\"},\"potentialAction\":[{\"@type\":\"SearchAction\",\"target\":{\"@type\":\"EntryPoint\",\"urlTemplate\":\"https:\\\/\\\/eramon.de\\\/de\\\/?s={search_term_string}\"},\"query-input\":{\"@type\":\"PropertyValueSpecification\",\"valueRequired\":true,\"valueName\":\"search_term_string\"}}],\"inLanguage\":\"de\"},{\"@type\":\"Organization\",\"@id\":\"https:\\\/\\\/eramon.de\\\/de\\\/#organization\",\"name\":\"ERAMON GmbH\",\"url\":\"https:\\\/\\\/eramon.de\\\/de\\\/\",\"logo\":{\"@type\":\"ImageObject\",\"inLanguage\":\"de\",\"@id\":\"https:\\\/\\\/eramon.de\\\/de\\\/#\\\/schema\\\/logo\\\/image\\\/\",\"url\":\"https:\\\/\\\/eramon.de\\\/wp-content\\\/uploads\\\/2021\\\/02\\\/eramon-logo@2x-2.png\",\"contentUrl\":\"https:\\\/\\\/eramon.de\\\/wp-content\\\/uploads\\\/2021\\\/02\\\/eramon-logo@2x-2.png\",\"width\":612,\"height\":224,\"caption\":\"ERAMON GmbH\"},\"image\":{\"@id\":\"https:\\\/\\\/eramon.de\\\/de\\\/#\\\/schema\\\/logo\\\/image\\\/\"},\"sameAs\":[\"https:\\\/\\\/www.linkedin.com\\\/company\\\/eramon-gmbh\\\/\"]}]}<\/script>\n<!-- \/ Yoast SEO plugin. -->","yoast_head_json":{"title":"Erfahrungen mit Eramon - O\u00d6G - ERAMON","description":"Lesen Sie, welche Erfahrungen die O\u00d6G gesammelt und mit welchen Modulen sie ihr Netzwerkmanagement vereinfacht hat.","robots":{"index":"index","follow":"follow","max-snippet":"max-snippet:-1","max-image-preview":"max-image-preview:large","max-video-preview":"max-video-preview:-1"},"canonical":"https:\/\/eramon.de\/de\/referenzen-und-kunden\/user-story-5-ooegg-eramon-erfahrung\/","og_locale":"de_DE","og_type":"article","og_title":"Erfahrungen mit Eramon - O\u00d6G - ERAMON","og_description":"Lesen Sie, welche Erfahrungen die O\u00d6G gesammelt und mit welchen Modulen sie ihr Netzwerkmanagement vereinfacht hat.","og_url":"https:\/\/eramon.de\/de\/referenzen-und-kunden\/user-story-5-ooegg-eramon-erfahrung\/","og_site_name":"ERAMON","article_modified_time":"2025-02-04T12:57:46+00:00","og_image":[{"width":260,"height":140,"url":"https:\/\/eramon.de\/wp-content\/uploads\/2021\/07\/ooeg_Logo.png","type":"image\/png"}],"twitter_card":"summary_large_image","twitter_misc":{"Gesch\u00e4tzte Lesezeit":"4\u00a0Minuten"},"schema":{"@context":"https:\/\/schema.org","@graph":[{"@type":"WebPage","@id":"https:\/\/eramon.de\/de\/referenzen-und-kunden\/user-story-5-ooegg-eramon-erfahrung\/","url":"https:\/\/eramon.de\/de\/referenzen-und-kunden\/user-story-5-ooegg-eramon-erfahrung\/","name":"Erfahrungen mit Eramon - O\u00d6G - ERAMON","isPartOf":{"@id":"https:\/\/eramon.de\/de\/#website"},"primaryImageOfPage":{"@id":"https:\/\/eramon.de\/de\/referenzen-und-kunden\/user-story-5-ooegg-eramon-erfahrung\/#primaryimage"},"image":{"@id":"https:\/\/eramon.de\/de\/referenzen-und-kunden\/user-story-5-ooegg-eramon-erfahrung\/#primaryimage"},"thumbnailUrl":"https:\/\/eramon.de\/wp-content\/uploads\/2021\/07\/ooeg_Logo.png","datePublished":"2021-07-19T09:39:05+00:00","dateModified":"2025-02-04T12:57:46+00:00","description":"Lesen Sie, welche Erfahrungen die O\u00d6G gesammelt und mit welchen Modulen sie ihr Netzwerkmanagement vereinfacht hat.","breadcrumb":{"@id":"https:\/\/eramon.de\/de\/referenzen-und-kunden\/user-story-5-ooegg-eramon-erfahrung\/#breadcrumb"},"inLanguage":"de","potentialAction":[{"@type":"ReadAction","target":["https:\/\/eramon.de\/de\/referenzen-und-kunden\/user-story-5-ooegg-eramon-erfahrung\/"]}]},{"@type":"ImageObject","inLanguage":"de","@id":"https:\/\/eramon.de\/de\/referenzen-und-kunden\/user-story-5-ooegg-eramon-erfahrung\/#primaryimage","url":"https:\/\/eramon.de\/wp-content\/uploads\/2021\/07\/ooeg_Logo.png","contentUrl":"https:\/\/eramon.de\/wp-content\/uploads\/2021\/07\/ooeg_Logo.png","width":260,"height":140},{"@type":"BreadcrumbList","@id":"https:\/\/eramon.de\/de\/referenzen-und-kunden\/user-story-5-ooegg-eramon-erfahrung\/#breadcrumb","itemListElement":[{"@type":"ListItem","position":1,"name":"Startseite","item":"https:\/\/eramon.de\/de\/"},{"@type":"ListItem","position":2,"name":"Referenzen","item":"https:\/\/eramon.de\/de\/referenzen-und-kunden\/"},{"@type":"ListItem","position":3,"name":"Erfahrungen mit Eramon &#8211; O\u00d6G"}]},{"@type":"WebSite","@id":"https:\/\/eramon.de\/de\/#website","url":"https:\/\/eramon.de\/de\/","name":"ERAMON","description":"Network Management","publisher":{"@id":"https:\/\/eramon.de\/de\/#organization"},"potentialAction":[{"@type":"SearchAction","target":{"@type":"EntryPoint","urlTemplate":"https:\/\/eramon.de\/de\/?s={search_term_string}"},"query-input":{"@type":"PropertyValueSpecification","valueRequired":true,"valueName":"search_term_string"}}],"inLanguage":"de"},{"@type":"Organization","@id":"https:\/\/eramon.de\/de\/#organization","name":"ERAMON GmbH","url":"https:\/\/eramon.de\/de\/","logo":{"@type":"ImageObject","inLanguage":"de","@id":"https:\/\/eramon.de\/de\/#\/schema\/logo\/image\/","url":"https:\/\/eramon.de\/wp-content\/uploads\/2021\/02\/eramon-logo@2x-2.png","contentUrl":"https:\/\/eramon.de\/wp-content\/uploads\/2021\/02\/eramon-logo@2x-2.png","width":612,"height":224,"caption":"ERAMON GmbH"},"image":{"@id":"https:\/\/eramon.de\/de\/#\/schema\/logo\/image\/"},"sameAs":["https:\/\/www.linkedin.com\/company\/eramon-gmbh\/"]}]}},"_links":{"self":[{"href":"https:\/\/eramon.de\/de\/wp-json\/wp\/v2\/pages\/1808","targetHints":{"allow":["GET"]}}],"collection":[{"href":"https:\/\/eramon.de\/de\/wp-json\/wp\/v2\/pages"}],"about":[{"href":"https:\/\/eramon.de\/de\/wp-json\/wp\/v2\/types\/page"}],"author":[{"embeddable":true,"href":"https:\/\/eramon.de\/de\/wp-json\/wp\/v2\/users\/6"}],"replies":[{"embeddable":true,"href":"https:\/\/eramon.de\/de\/wp-json\/wp\/v2\/comments?post=1808"}],"version-history":[{"count":13,"href":"https:\/\/eramon.de\/de\/wp-json\/wp\/v2\/pages\/1808\/revisions"}],"predecessor-version":[{"id":3404,"href":"https:\/\/eramon.de\/de\/wp-json\/wp\/v2\/pages\/1808\/revisions\/3404"}],"up":[{"embeddable":true,"href":"https:\/\/eramon.de\/de\/wp-json\/wp\/v2\/pages\/269"}],"wp:featuredmedia":[{"embeddable":true,"href":"https:\/\/eramon.de\/de\/wp-json\/wp\/v2\/media\/1806"}],"wp:attachment":[{"href":"https:\/\/eramon.de\/de\/wp-json\/wp\/v2\/media?parent=1808"}],"curies":[{"name":"wp","href":"https:\/\/api.w.org\/{rel}","templated":true}]}}