{"id":1842,"date":"2021-08-18T17:13:25","date_gmt":"2021-08-18T15:13:25","guid":{"rendered":"https:\/\/eramon.de\/?page_id=1842"},"modified":"2024-11-05T21:05:04","modified_gmt":"2024-11-05T20:05:04","slug":"cisco-sicherheitsluecke-schliessen","status":"publish","type":"page","link":"https:\/\/eramon.de\/de\/cisco-sicherheitsluecke-schliessen\/","title":{"rendered":"Cisco-Sicherheitsl\u00fccke mit Netzwerkmanagement einfach schlie\u00dfen"},"content":{"rendered":"<div class=\"wpb-content-wrapper\"><p>[vc_row][vc_column]<div id=\"ultimate-heading-119869f077076e5a1\" class=\"uvc-heading ult-adjust-bottom-margin ultimate-heading-119869f077076e5a1 uvc-4497 \" data-hspacer=\"line_only\"  data-halign=\"left\" style=\"text-align:left\"><div class=\"uvc-main-heading ult-responsive\"  data-ultimate-target='.uvc-heading.ultimate-heading-119869f077076e5a1 h1'  data-responsive-json-new='{\"font-size\":\"desktop:25px;\",\"line-height\":\"desktop:25px;\"}' ><h1 style=\"--font-weight:theme;color:#241f0c;margin-bottom:20px;\">Patches f\u00fcr Cisco-Router: Sicherheitsl\u00fccken schlie\u00dfen mit einem guten Netzwerkmanagement<\/h1><\/div><div class=\"uvc-heading-spacer line_only\" style=\"margin-bottom:32px;height:2px;\"><span class=\"uvc-headings-line\" style=\"border-style:solid;border-bottom-width:2px;border-color:#cad30b;width:102px;\"><\/span><\/div><\/div>[\/vc_column][\/vc_row][vc_row][vc_column width=&#8220;2\/3&#8243;][vc_column_text css=&#8220;&#8220;]<strong>Augsburg, den 06.08.2021 \u2013<\/strong> <span style=\"font-weight: 400;\">Der Netzwerkger\u00e4tehersteller Cisco hat gestern einen Patch f\u00fcr einige Router der \u201e<\/span><a href=\"https:\/\/tools.cisco.com\/security\/center\/content\/CiscoSecurityAdvisory\/cisco-sa-rv340-cmdinj-rcedos-pY8J3qfy\"><span style=\"font-weight: 400;\">Small Business\u201c-Serie<\/span><\/a><span style=\"font-weight: 400;\"> herausgegeben. Der Patch schlie\u00dft eine Cisco-Sicherheitsl\u00fccke, die unter anderem zu Remote Code Execution oder Denial of Service auf den betroffenen Cisco-Routern f\u00fchren konnte. Im schlimmsten Fall konnte das gesamte Netzwerk kompromittiert werden, wenn ein Angreifer die Sicherheitsl\u00fccke ausnutzte.<\/span><\/p>\n<p><span style=\"font-weight: 400;\">Der aktuelle Patch schlie\u00dft diese Schwachstelle und Unternehmen, die die entsprechenden Ger\u00e4te in ihrem Netzwerk nutzen, sollten diese so schnell wie m\u00f6glich aktualisieren. Andernfalls setzen sie die Integrit\u00e4t ihres Netzwerks aufs Spiel.<\/span><\/p>\n<p><span style=\"font-weight: 400;\">Insbesondere bei gr\u00f6\u00dferen Unternehmen, die \u00fcber eine Vielzahl von Endpunkten verf\u00fcgen, kann das Installieren kritischer Patches und Updates viel Zeit in Anspruch nehmen und dar\u00fcber hinaus den normalen Gesch\u00e4ftsbetrieb beeintr\u00e4chtigen. Doch das regelm\u00e4\u00dfige und zeitnahe Aktualisieren ist essentiell f\u00fcr eine gute IT-Sicherheit. Neben der Sicherheit tragen regelm\u00e4\u00dfige Updates auch zur allgemeinen Stabilit\u00e4t und Leistung des Netzwerks bei, was langfristig die Effizienz verbessert.<\/span><\/p>\n<p><span style=\"font-weight: 400;\">Um der mitunter hohen Anzahl an Aufgaben im Netzwerk Herr zu werden, lohnt es sich, je nach Gr\u00f6\u00dfe, sich mit den L\u00f6sungen f\u00fcr das Netzwerkmanagement zu besch\u00e4ftigen. Diese unterst\u00fctzen dabei, Betriebsdaten des Netzwerks zu erfassen, sodass Engp\u00e4sse bei den Ressourcen fr\u00fchzeitig erkannt und entsprechende Gegenma\u00dfnahmen ergriffen werden k\u00f6nnen. Im aktuellen Fall k\u00f6nnte eine solche Netzwerkmanagement-L\u00f6sung bei der Provisionierung von Updates helfen, indem sie bei folgenden Schritten unterst\u00fctzt:<\/span><\/p>\n<ul>\n<li style=\"font-weight: 400;\" aria-level=\"1\"><span style=\"font-weight: 400;\">Auflistung von Netzwerkger\u00e4ten, die von der Cisco-Sicherheitsl\u00fccke betroffen sind (<\/span><a href=\"https:\/\/eramon.de\/de\/produkt\/anwendungsmodule\/asset-management\/\"><span style=\"font-weight: 400;\">Asset-Management<\/span><\/a><span style=\"font-weight: 400;\">)<\/span><\/li>\n<li style=\"font-weight: 400;\" aria-level=\"1\"><span style=\"font-weight: 400;\">Erstellung einer Device-Gruppe, die den Patch erhalten sollen<\/span><\/li>\n<li style=\"font-weight: 400;\" aria-level=\"1\"><span style=\"font-weight: 400;\">Zeitliche Planung der Patch-Installation<\/span><\/li>\n<li style=\"font-weight: 400;\" aria-level=\"1\"><span style=\"font-weight: 400;\">Durchf\u00fchrung der Installation (<\/span><a href=\"https:\/\/eramon.de\/de\/produkt\/anwendungsmodule\/provisioning\/\"><span style=\"font-weight: 400;\">Provisioning<\/span><\/a><span style=\"font-weight: 400;\">)<\/span><\/li>\n<\/ul>\n<p><span style=\"font-weight: 400;\">Hierbei ist es unerheblich, ob Netzwerkger\u00e4te einen oder mehrere Patches erhalten sollen. Zudem bietet ein solches Management den Vorteil, dass sich Installationen zeitlich planen lassen. Wenn die Installationen au\u00dferhalb der Gesch\u00e4ftszeiten erfolgen, bleibt der Betrieb ungest\u00f6rt und die Endnutzer merken nichts davon &#8211; so bleibt das Netzwerk sicher und leistungsf\u00e4hig, ohne den Alltag zu beeintr\u00e4chtigen.<\/span><\/p>\n<p><span style=\"font-weight: 400;\">Wenn Sie mehr dar\u00fcber erfahren m\u00f6chten, wie eine effiziente Netzwerkverwaltung Ihr Unternehmen bei der Sicherstellung der IT-Sicherheit unterst\u00fctzen kann, vereinbaren Sie noch heute eine kostenlose <a href=\"https:\/\/eramon.de\/de\/live-demo\/\">Live-Demo<\/a> und sehen Sie sich zwanglos unsere L\u00f6sung an.<\/span>[\/vc_column_text][\/vc_column][vc_column width=&#8220;1\/3&#8243;][vc_single_image image=&#8220;1846&#8243; img_size=&#8220;full&#8220; alignment=&#8220;right&#8220;][vc_column_text]<strong>Pressekontakt<\/strong>: Florian Sch\u00f6nknecht<\/p>\n<p><a href=\"https:\/\/eramon.de\/de\/kontakt\/\">Hier geht&#8217;s zum Kontaktformular<\/a>[\/vc_column_text][\/vc_column][\/vc_row]<\/p>\n<\/div>","protected":false},"excerpt":{"rendered":"<p>[vc_row][vc_column][\/vc_column][\/vc_row][vc_row][vc_column width=&#8220;2\/3&#8243;][vc_column_text css=&#8220;&#8220;]Augsburg, den 06.08.2021 \u2013 Der Netzwerkger\u00e4tehersteller Cisco hat gestern einen Patch f\u00fcr einige Router der \u201eSmall Business\u201c-Serie herausgegeben. Der Patch schlie\u00dft eine Cisco-Sicherheitsl\u00fccke, die unter anderem zu Remote Code Execution oder Denial of Service auf den betroffenen Cisco-Routern f\u00fchren konnte. Im schlimmsten Fall konnte das gesamte Netzwerk kompromittiert werden, wenn ein Angreifer die&hellip;<\/p>\n","protected":false},"author":6,"featured_media":0,"parent":0,"menu_order":0,"comment_status":"closed","ping_status":"closed","template":"","meta":{"_monsterinsights_skip_tracking":false,"_monsterinsights_sitenote_active":false,"_monsterinsights_sitenote_note":"","_monsterinsights_sitenote_category":0,"footnotes":""},"class_list":["post-1842","page","type-page","status-publish","hentry","description-off"],"yoast_head":"<!-- This site is optimized with the Yoast SEO plugin v27.4 - https:\/\/yoast.com\/product\/yoast-seo-wordpress\/ -->\n<title>Cisco-Sicherheitsl\u00fccke mit Netzwerkmanagement einfach schlie\u00dfen<\/title>\n<meta name=\"description\" content=\"Cisco-Sicherheitsl\u00fccke schlie\u00dfen: Mit Netzwerkmanagement-L\u00f6sung einfach und schnell Patches f\u00fcr betroffene Cisco-Router ausrollen\" \/>\n<meta name=\"robots\" content=\"index, follow, max-snippet:-1, max-image-preview:large, max-video-preview:-1\" \/>\n<link rel=\"canonical\" href=\"https:\/\/eramon.de\/de\/cisco-sicherheitsluecke-schliessen\/\" \/>\n<meta property=\"og:locale\" content=\"de_DE\" \/>\n<meta property=\"og:type\" content=\"article\" \/>\n<meta property=\"og:title\" content=\"Cisco-Sicherheitsl\u00fccke mit Netzwerkmanagement einfach schlie\u00dfen\" \/>\n<meta property=\"og:description\" content=\"Cisco-Sicherheitsl\u00fccke schlie\u00dfen: Mit Netzwerkmanagement-L\u00f6sung einfach und schnell Patches f\u00fcr betroffene Cisco-Router ausrollen\" \/>\n<meta property=\"og:url\" content=\"https:\/\/eramon.de\/de\/cisco-sicherheitsluecke-schliessen\/\" \/>\n<meta property=\"og:site_name\" content=\"ERAMON\" \/>\n<meta property=\"article:modified_time\" content=\"2024-11-05T20:05:04+00:00\" \/>\n<meta name=\"twitter:card\" content=\"summary_large_image\" \/>\n<meta name=\"twitter:label1\" content=\"Gesch\u00e4tzte Lesezeit\" \/>\n\t<meta name=\"twitter:data1\" content=\"3\u00a0Minuten\" \/>\n<script type=\"application\/ld+json\" class=\"yoast-schema-graph\">{\"@context\":\"https:\\\/\\\/schema.org\",\"@graph\":[{\"@type\":\"WebPage\",\"@id\":\"https:\\\/\\\/eramon.de\\\/de\\\/cisco-sicherheitsluecke-schliessen\\\/\",\"url\":\"https:\\\/\\\/eramon.de\\\/de\\\/cisco-sicherheitsluecke-schliessen\\\/\",\"name\":\"Cisco-Sicherheitsl\u00fccke mit Netzwerkmanagement einfach schlie\u00dfen\",\"isPartOf\":{\"@id\":\"https:\\\/\\\/eramon.de\\\/de\\\/#website\"},\"datePublished\":\"2021-08-18T15:13:25+00:00\",\"dateModified\":\"2024-11-05T20:05:04+00:00\",\"description\":\"Cisco-Sicherheitsl\u00fccke schlie\u00dfen: Mit Netzwerkmanagement-L\u00f6sung einfach und schnell Patches f\u00fcr betroffene Cisco-Router ausrollen\",\"breadcrumb\":{\"@id\":\"https:\\\/\\\/eramon.de\\\/de\\\/cisco-sicherheitsluecke-schliessen\\\/#breadcrumb\"},\"inLanguage\":\"de\",\"potentialAction\":[{\"@type\":\"ReadAction\",\"target\":[\"https:\\\/\\\/eramon.de\\\/de\\\/cisco-sicherheitsluecke-schliessen\\\/\"]}]},{\"@type\":\"BreadcrumbList\",\"@id\":\"https:\\\/\\\/eramon.de\\\/de\\\/cisco-sicherheitsluecke-schliessen\\\/#breadcrumb\",\"itemListElement\":[{\"@type\":\"ListItem\",\"position\":1,\"name\":\"Startseite\",\"item\":\"https:\\\/\\\/eramon.de\\\/de\\\/\"},{\"@type\":\"ListItem\",\"position\":2,\"name\":\"Cisco-Sicherheitsl\u00fccke mit Netzwerkmanagement einfach schlie\u00dfen\"}]},{\"@type\":\"WebSite\",\"@id\":\"https:\\\/\\\/eramon.de\\\/de\\\/#website\",\"url\":\"https:\\\/\\\/eramon.de\\\/de\\\/\",\"name\":\"ERAMON\",\"description\":\"Network Management\",\"publisher\":{\"@id\":\"https:\\\/\\\/eramon.de\\\/de\\\/#organization\"},\"potentialAction\":[{\"@type\":\"SearchAction\",\"target\":{\"@type\":\"EntryPoint\",\"urlTemplate\":\"https:\\\/\\\/eramon.de\\\/de\\\/?s={search_term_string}\"},\"query-input\":{\"@type\":\"PropertyValueSpecification\",\"valueRequired\":true,\"valueName\":\"search_term_string\"}}],\"inLanguage\":\"de\"},{\"@type\":\"Organization\",\"@id\":\"https:\\\/\\\/eramon.de\\\/de\\\/#organization\",\"name\":\"ERAMON GmbH\",\"url\":\"https:\\\/\\\/eramon.de\\\/de\\\/\",\"logo\":{\"@type\":\"ImageObject\",\"inLanguage\":\"de\",\"@id\":\"https:\\\/\\\/eramon.de\\\/de\\\/#\\\/schema\\\/logo\\\/image\\\/\",\"url\":\"https:\\\/\\\/eramon.de\\\/wp-content\\\/uploads\\\/2021\\\/02\\\/eramon-logo@2x-2.png\",\"contentUrl\":\"https:\\\/\\\/eramon.de\\\/wp-content\\\/uploads\\\/2021\\\/02\\\/eramon-logo@2x-2.png\",\"width\":612,\"height\":224,\"caption\":\"ERAMON GmbH\"},\"image\":{\"@id\":\"https:\\\/\\\/eramon.de\\\/de\\\/#\\\/schema\\\/logo\\\/image\\\/\"},\"sameAs\":[\"https:\\\/\\\/www.linkedin.com\\\/company\\\/eramon-gmbh\\\/\"]}]}<\/script>\n<!-- \/ Yoast SEO plugin. -->","yoast_head_json":{"title":"Cisco-Sicherheitsl\u00fccke mit Netzwerkmanagement einfach schlie\u00dfen","description":"Cisco-Sicherheitsl\u00fccke schlie\u00dfen: Mit Netzwerkmanagement-L\u00f6sung einfach und schnell Patches f\u00fcr betroffene Cisco-Router ausrollen","robots":{"index":"index","follow":"follow","max-snippet":"max-snippet:-1","max-image-preview":"max-image-preview:large","max-video-preview":"max-video-preview:-1"},"canonical":"https:\/\/eramon.de\/de\/cisco-sicherheitsluecke-schliessen\/","og_locale":"de_DE","og_type":"article","og_title":"Cisco-Sicherheitsl\u00fccke mit Netzwerkmanagement einfach schlie\u00dfen","og_description":"Cisco-Sicherheitsl\u00fccke schlie\u00dfen: Mit Netzwerkmanagement-L\u00f6sung einfach und schnell Patches f\u00fcr betroffene Cisco-Router ausrollen","og_url":"https:\/\/eramon.de\/de\/cisco-sicherheitsluecke-schliessen\/","og_site_name":"ERAMON","article_modified_time":"2024-11-05T20:05:04+00:00","twitter_card":"summary_large_image","twitter_misc":{"Gesch\u00e4tzte Lesezeit":"3\u00a0Minuten"},"schema":{"@context":"https:\/\/schema.org","@graph":[{"@type":"WebPage","@id":"https:\/\/eramon.de\/de\/cisco-sicherheitsluecke-schliessen\/","url":"https:\/\/eramon.de\/de\/cisco-sicherheitsluecke-schliessen\/","name":"Cisco-Sicherheitsl\u00fccke mit Netzwerkmanagement einfach schlie\u00dfen","isPartOf":{"@id":"https:\/\/eramon.de\/de\/#website"},"datePublished":"2021-08-18T15:13:25+00:00","dateModified":"2024-11-05T20:05:04+00:00","description":"Cisco-Sicherheitsl\u00fccke schlie\u00dfen: Mit Netzwerkmanagement-L\u00f6sung einfach und schnell Patches f\u00fcr betroffene Cisco-Router ausrollen","breadcrumb":{"@id":"https:\/\/eramon.de\/de\/cisco-sicherheitsluecke-schliessen\/#breadcrumb"},"inLanguage":"de","potentialAction":[{"@type":"ReadAction","target":["https:\/\/eramon.de\/de\/cisco-sicherheitsluecke-schliessen\/"]}]},{"@type":"BreadcrumbList","@id":"https:\/\/eramon.de\/de\/cisco-sicherheitsluecke-schliessen\/#breadcrumb","itemListElement":[{"@type":"ListItem","position":1,"name":"Startseite","item":"https:\/\/eramon.de\/de\/"},{"@type":"ListItem","position":2,"name":"Cisco-Sicherheitsl\u00fccke mit Netzwerkmanagement einfach schlie\u00dfen"}]},{"@type":"WebSite","@id":"https:\/\/eramon.de\/de\/#website","url":"https:\/\/eramon.de\/de\/","name":"ERAMON","description":"Network Management","publisher":{"@id":"https:\/\/eramon.de\/de\/#organization"},"potentialAction":[{"@type":"SearchAction","target":{"@type":"EntryPoint","urlTemplate":"https:\/\/eramon.de\/de\/?s={search_term_string}"},"query-input":{"@type":"PropertyValueSpecification","valueRequired":true,"valueName":"search_term_string"}}],"inLanguage":"de"},{"@type":"Organization","@id":"https:\/\/eramon.de\/de\/#organization","name":"ERAMON GmbH","url":"https:\/\/eramon.de\/de\/","logo":{"@type":"ImageObject","inLanguage":"de","@id":"https:\/\/eramon.de\/de\/#\/schema\/logo\/image\/","url":"https:\/\/eramon.de\/wp-content\/uploads\/2021\/02\/eramon-logo@2x-2.png","contentUrl":"https:\/\/eramon.de\/wp-content\/uploads\/2021\/02\/eramon-logo@2x-2.png","width":612,"height":224,"caption":"ERAMON GmbH"},"image":{"@id":"https:\/\/eramon.de\/de\/#\/schema\/logo\/image\/"},"sameAs":["https:\/\/www.linkedin.com\/company\/eramon-gmbh\/"]}]}},"_links":{"self":[{"href":"https:\/\/eramon.de\/de\/wp-json\/wp\/v2\/pages\/1842","targetHints":{"allow":["GET"]}}],"collection":[{"href":"https:\/\/eramon.de\/de\/wp-json\/wp\/v2\/pages"}],"about":[{"href":"https:\/\/eramon.de\/de\/wp-json\/wp\/v2\/types\/page"}],"author":[{"embeddable":true,"href":"https:\/\/eramon.de\/de\/wp-json\/wp\/v2\/users\/6"}],"replies":[{"embeddable":true,"href":"https:\/\/eramon.de\/de\/wp-json\/wp\/v2\/comments?post=1842"}],"version-history":[{"count":7,"href":"https:\/\/eramon.de\/de\/wp-json\/wp\/v2\/pages\/1842\/revisions"}],"predecessor-version":[{"id":3221,"href":"https:\/\/eramon.de\/de\/wp-json\/wp\/v2\/pages\/1842\/revisions\/3221"}],"wp:attachment":[{"href":"https:\/\/eramon.de\/de\/wp-json\/wp\/v2\/media?parent=1842"}],"curies":[{"name":"wp","href":"https:\/\/api.w.org\/{rel}","templated":true}]}}