{"id":2175,"date":"2023-05-05T16:07:17","date_gmt":"2023-05-05T14:07:17","guid":{"rendered":"https:\/\/eramon.de\/?page_id=2175"},"modified":"2024-10-27T18:26:56","modified_gmt":"2024-10-27T17:26:56","slug":"eramon-3-0-netzwerkmanagement-loesung-bietet-neue-features-und-brandneues-design","status":"publish","type":"page","link":"https:\/\/eramon.de\/de\/eramon-3-0-netzwerkmanagement-loesung-bietet-neue-features-und-brandneues-design\/","title":{"rendered":"ERAMON 3.0 &#8211; Netzwerkmanagement-L\u00f6sung bietet neue Features und brandneues Design"},"content":{"rendered":"<div class=\"wpb-content-wrapper\"><p>[vc_row][vc_column]<div id=\"ultimate-heading-732069edcd903710f\" class=\"uvc-heading ult-adjust-bottom-margin ultimate-heading-732069edcd903710f uvc-4379 \" data-hspacer=\"line_only\"  data-halign=\"left\" style=\"text-align:left\"><div class=\"uvc-main-heading ult-responsive\"  data-ultimate-target='.uvc-heading.ultimate-heading-732069edcd903710f h1'  data-responsive-json-new='{\"font-size\":\"desktop:25px;\",\"line-height\":\"desktop:25px;\"}' ><h1 style=\"--font-weight:theme;color:#241f0c;margin-bottom:20px;\">ERAMON 3.0 - Netzwerkmanagement-L\u00f6sung bietet neue Features und brandneues Design<\/h1><\/div><div class=\"uvc-heading-spacer line_only\" style=\"margin-bottom:32px;height:2px;\"><span class=\"uvc-headings-line\" style=\"border-style:solid;border-bottom-width:2px;border-color:#cad30b;width:102px;\"><\/span><\/div><\/div>[\/vc_column][\/vc_row][vc_row][vc_column width=&#8220;2\/3&#8243;][vc_column_text css=&#8220;&#8220;]<strong>Augsburg, den 23.03.2023 \u2013 <\/strong>ERAMON, der Augsburger Experte f\u00fcr herstellerunabh\u00e4ngiges Netzwerkmanagement, hat seine bew\u00e4hrte Software mit neuen Features und einem modernen Design erweitert.<\/p>\n<p>Netzwerkmanagement ist weder landl\u00e4ufig bekannt, noch eignet es sich als attraktives Gespr\u00e4chsthema auf Partys. Netzwerkmanagement ist jedoch absolut essentiell f\u00fcr jede IT-Infrastruktur, die der Startup-Phase entwachsen ist. Genau dieser Philosophie ist\u00a0ERAMON\u00a0auch bei der Modernisierung seiner Software gefolgt und hat die Oberfl\u00e4che auf <a href=\"https:\/\/de.wikipedia.org\/wiki\/User_Experience\">User-Experience<\/a> und pragmatische Bedienbarkeit \u00fcberarbeitet.<\/p>\n<h3>Was ist neu bei ERAMON 3.0?<\/h3>\n<p>Durch individuelle Quick-Links k\u00f6nnen User relevanten Ressourcen \u2013 ob interne Schnittstellen oder externe Webseiten \u2013 zum Schnellzugriff direkt in das ERAMON-UI einbetten. Das spart Zeit und erleichtert den \u00dcberblick f\u00fcr Nutzer. Gerade beim Netzwerkmanagement kommt es darauf an, dass man den Zustand seines Netzwerks \u2013 von der Auslastung \u00fcber Redundanzen bis hin zu Ausf\u00e4llen \u2013 schnell erfassen kann.<\/p>\n<p>Die Funktionen einer umfangreichen L\u00f6sung sind genauso ausgepr\u00e4gt wie die Aufgaben der Netzwerkadministratoren selbst. Deshalb ist die Men\u00fcf\u00fchrung extrem wichtig und Bedarf einfachem und intuitivem Handling: Durch eine verbesserte Suche kommt man schneller ans Ziel und kann sich auf die Parameter konzentrieren, die man wirklich ben\u00f6tigt. Die neue Darstellungslogik reduziert somit Ablenkungen durch das Hintergrundrauschen irrelevanter Informationen.<\/p>\n<p>F\u00fcr die augenschonende Arbeit \u2013 besonders am Abend \u2013 und Barrierefreiheit wurde ein Dark-Mode in ERAMON 3.0 implementiert. Dies ist nur eine der vielen \u00c4nderungen am ERAMON Layout. Das gesamte User Interface pr\u00e4sentiert sich in einer modernen Optik. Bei der Neugestaltung wurden auch viele Elemente und Prinzipien von Material-UI implementiert, was dem Anwender eine bessere <a href=\"https:\/\/de.wikipedia.org\/wiki\/User_Experience\">User-Experience<\/a> bietet und auf den Best Practices aus dem Hause Google aufbaut.<\/p>\n<p>Material-UI nutzt UI-Bausteine im Stil des Material Designs von Google. Die Vorz\u00fcge: Klare Linien, Animationen zur Illustration von Ver\u00e4nderungen sowie klare Farbschemata. Dadurch ist f\u00fcr so ziemlich jeden Use-Case etwas dabei, verpackt in vorgefertigten Designvorlagen f\u00fcr Web-basierte Seiten und Applikationen.<\/p>\n<p>Auch in die Verbesserung von Responsive Web Design Elementen wurde investiert. Dies sind nur einige der vielf\u00e4ltigen Neuerungen, die ERAMON 3.0 f\u00fcr ein herstellerunabh\u00e4ngiges und performantes Netzwerkmanagement bietet.[\/vc_column_text][\/vc_column][vc_column width=&#8220;1\/3&#8243;][vc_single_image image=&#8220;2180&#8243; img_size=&#8220;full&#8220; alignment=&#8220;right&#8220;][vc_column_text]<strong>Pressekontakt<\/strong>: Florian Sch\u00f6nknecht<\/p>\n<p><a href=\"https:\/\/eramon.de\/de\/kontakt\/\">Hier geht&#8217;s zum Kontaktformular<\/a>[\/vc_column_text][\/vc_column][\/vc_row]<\/p>\n<\/div>","protected":false},"excerpt":{"rendered":"<p>[vc_row][vc_column][\/vc_column][\/vc_row][vc_row][vc_column width=&#8220;2\/3&#8243;][vc_column_text css=&#8220;&#8220;]Augsburg, den 23.03.2023 \u2013 ERAMON, der Augsburger Experte f\u00fcr herstellerunabh\u00e4ngiges Netzwerkmanagement, hat seine bew\u00e4hrte Software mit neuen Features und einem modernen Design erweitert. Netzwerkmanagement ist weder landl\u00e4ufig bekannt, noch eignet es sich als attraktives Gespr\u00e4chsthema auf Partys. Netzwerkmanagement ist jedoch absolut essentiell f\u00fcr jede IT-Infrastruktur, die der Startup-Phase entwachsen ist. Genau dieser Philosophie&hellip;<\/p>\n","protected":false},"author":6,"featured_media":0,"parent":0,"menu_order":0,"comment_status":"closed","ping_status":"closed","template":"","meta":{"_monsterinsights_skip_tracking":false,"_monsterinsights_sitenote_active":false,"_monsterinsights_sitenote_note":"","_monsterinsights_sitenote_category":0,"footnotes":""},"class_list":["post-2175","page","type-page","status-publish","hentry","description-off"],"yoast_head":"<!-- This site is optimized with the Yoast SEO plugin v27.4 - https:\/\/yoast.com\/product\/yoast-seo-wordpress\/ -->\n<title>ERAMON 3.0 - Netzwerkmanagement: neue Features und Design<\/title>\n<meta name=\"description\" content=\"Entdecken Sie ERAMON 3.0: Die Netzwerkmanagement-L\u00f6sung mit neuen Funktionen und modernem Design f\u00fcr eine noch effizientere Netzwerkverwaltung.\" \/>\n<meta name=\"robots\" content=\"index, follow, max-snippet:-1, max-image-preview:large, max-video-preview:-1\" \/>\n<link rel=\"canonical\" href=\"https:\/\/eramon.de\/de\/eramon-3-0-netzwerkmanagement-loesung-bietet-neue-features-und-brandneues-design\/\" \/>\n<meta property=\"og:locale\" content=\"de_DE\" \/>\n<meta property=\"og:type\" content=\"article\" \/>\n<meta property=\"og:title\" content=\"ERAMON 3.0 - Netzwerkmanagement: neue Features und Design\" \/>\n<meta property=\"og:description\" content=\"Entdecken Sie ERAMON 3.0: Die Netzwerkmanagement-L\u00f6sung mit neuen Funktionen und modernem Design f\u00fcr eine noch effizientere Netzwerkverwaltung.\" \/>\n<meta property=\"og:url\" content=\"https:\/\/eramon.de\/de\/eramon-3-0-netzwerkmanagement-loesung-bietet-neue-features-und-brandneues-design\/\" \/>\n<meta property=\"og:site_name\" content=\"ERAMON\" \/>\n<meta property=\"article:modified_time\" content=\"2024-10-27T17:26:56+00:00\" \/>\n<meta name=\"twitter:card\" content=\"summary_large_image\" \/>\n<meta name=\"twitter:label1\" content=\"Gesch\u00e4tzte Lesezeit\" \/>\n\t<meta name=\"twitter:data1\" content=\"3\u00a0Minuten\" \/>\n<script type=\"application\/ld+json\" class=\"yoast-schema-graph\">{\"@context\":\"https:\\\/\\\/schema.org\",\"@graph\":[{\"@type\":\"WebPage\",\"@id\":\"https:\\\/\\\/eramon.de\\\/de\\\/eramon-3-0-netzwerkmanagement-loesung-bietet-neue-features-und-brandneues-design\\\/\",\"url\":\"https:\\\/\\\/eramon.de\\\/de\\\/eramon-3-0-netzwerkmanagement-loesung-bietet-neue-features-und-brandneues-design\\\/\",\"name\":\"ERAMON 3.0 - Netzwerkmanagement: neue Features und Design\",\"isPartOf\":{\"@id\":\"https:\\\/\\\/eramon.de\\\/de\\\/#website\"},\"datePublished\":\"2023-05-05T14:07:17+00:00\",\"dateModified\":\"2024-10-27T17:26:56+00:00\",\"description\":\"Entdecken Sie ERAMON 3.0: Die Netzwerkmanagement-L\u00f6sung mit neuen Funktionen und modernem Design f\u00fcr eine noch effizientere Netzwerkverwaltung.\",\"breadcrumb\":{\"@id\":\"https:\\\/\\\/eramon.de\\\/de\\\/eramon-3-0-netzwerkmanagement-loesung-bietet-neue-features-und-brandneues-design\\\/#breadcrumb\"},\"inLanguage\":\"de\",\"potentialAction\":[{\"@type\":\"ReadAction\",\"target\":[\"https:\\\/\\\/eramon.de\\\/de\\\/eramon-3-0-netzwerkmanagement-loesung-bietet-neue-features-und-brandneues-design\\\/\"]}]},{\"@type\":\"BreadcrumbList\",\"@id\":\"https:\\\/\\\/eramon.de\\\/de\\\/eramon-3-0-netzwerkmanagement-loesung-bietet-neue-features-und-brandneues-design\\\/#breadcrumb\",\"itemListElement\":[{\"@type\":\"ListItem\",\"position\":1,\"name\":\"Startseite\",\"item\":\"https:\\\/\\\/eramon.de\\\/de\\\/\"},{\"@type\":\"ListItem\",\"position\":2,\"name\":\"ERAMON 3.0 &#8211; Netzwerkmanagement-L\u00f6sung bietet neue Features und brandneues Design\"}]},{\"@type\":\"WebSite\",\"@id\":\"https:\\\/\\\/eramon.de\\\/de\\\/#website\",\"url\":\"https:\\\/\\\/eramon.de\\\/de\\\/\",\"name\":\"ERAMON\",\"description\":\"Network Management\",\"publisher\":{\"@id\":\"https:\\\/\\\/eramon.de\\\/de\\\/#organization\"},\"potentialAction\":[{\"@type\":\"SearchAction\",\"target\":{\"@type\":\"EntryPoint\",\"urlTemplate\":\"https:\\\/\\\/eramon.de\\\/de\\\/?s={search_term_string}\"},\"query-input\":{\"@type\":\"PropertyValueSpecification\",\"valueRequired\":true,\"valueName\":\"search_term_string\"}}],\"inLanguage\":\"de\"},{\"@type\":\"Organization\",\"@id\":\"https:\\\/\\\/eramon.de\\\/de\\\/#organization\",\"name\":\"ERAMON GmbH\",\"url\":\"https:\\\/\\\/eramon.de\\\/de\\\/\",\"logo\":{\"@type\":\"ImageObject\",\"inLanguage\":\"de\",\"@id\":\"https:\\\/\\\/eramon.de\\\/de\\\/#\\\/schema\\\/logo\\\/image\\\/\",\"url\":\"https:\\\/\\\/eramon.de\\\/wp-content\\\/uploads\\\/2021\\\/02\\\/eramon-logo@2x-2.png\",\"contentUrl\":\"https:\\\/\\\/eramon.de\\\/wp-content\\\/uploads\\\/2021\\\/02\\\/eramon-logo@2x-2.png\",\"width\":612,\"height\":224,\"caption\":\"ERAMON GmbH\"},\"image\":{\"@id\":\"https:\\\/\\\/eramon.de\\\/de\\\/#\\\/schema\\\/logo\\\/image\\\/\"},\"sameAs\":[\"https:\\\/\\\/www.linkedin.com\\\/company\\\/eramon-gmbh\\\/\"]}]}<\/script>\n<!-- \/ Yoast SEO plugin. -->","yoast_head_json":{"title":"ERAMON 3.0 - Netzwerkmanagement: neue Features und Design","description":"Entdecken Sie ERAMON 3.0: Die Netzwerkmanagement-L\u00f6sung mit neuen Funktionen und modernem Design f\u00fcr eine noch effizientere Netzwerkverwaltung.","robots":{"index":"index","follow":"follow","max-snippet":"max-snippet:-1","max-image-preview":"max-image-preview:large","max-video-preview":"max-video-preview:-1"},"canonical":"https:\/\/eramon.de\/de\/eramon-3-0-netzwerkmanagement-loesung-bietet-neue-features-und-brandneues-design\/","og_locale":"de_DE","og_type":"article","og_title":"ERAMON 3.0 - Netzwerkmanagement: neue Features und Design","og_description":"Entdecken Sie ERAMON 3.0: Die Netzwerkmanagement-L\u00f6sung mit neuen Funktionen und modernem Design f\u00fcr eine noch effizientere Netzwerkverwaltung.","og_url":"https:\/\/eramon.de\/de\/eramon-3-0-netzwerkmanagement-loesung-bietet-neue-features-und-brandneues-design\/","og_site_name":"ERAMON","article_modified_time":"2024-10-27T17:26:56+00:00","twitter_card":"summary_large_image","twitter_misc":{"Gesch\u00e4tzte Lesezeit":"3\u00a0Minuten"},"schema":{"@context":"https:\/\/schema.org","@graph":[{"@type":"WebPage","@id":"https:\/\/eramon.de\/de\/eramon-3-0-netzwerkmanagement-loesung-bietet-neue-features-und-brandneues-design\/","url":"https:\/\/eramon.de\/de\/eramon-3-0-netzwerkmanagement-loesung-bietet-neue-features-und-brandneues-design\/","name":"ERAMON 3.0 - Netzwerkmanagement: neue Features und Design","isPartOf":{"@id":"https:\/\/eramon.de\/de\/#website"},"datePublished":"2023-05-05T14:07:17+00:00","dateModified":"2024-10-27T17:26:56+00:00","description":"Entdecken Sie ERAMON 3.0: Die Netzwerkmanagement-L\u00f6sung mit neuen Funktionen und modernem Design f\u00fcr eine noch effizientere Netzwerkverwaltung.","breadcrumb":{"@id":"https:\/\/eramon.de\/de\/eramon-3-0-netzwerkmanagement-loesung-bietet-neue-features-und-brandneues-design\/#breadcrumb"},"inLanguage":"de","potentialAction":[{"@type":"ReadAction","target":["https:\/\/eramon.de\/de\/eramon-3-0-netzwerkmanagement-loesung-bietet-neue-features-und-brandneues-design\/"]}]},{"@type":"BreadcrumbList","@id":"https:\/\/eramon.de\/de\/eramon-3-0-netzwerkmanagement-loesung-bietet-neue-features-und-brandneues-design\/#breadcrumb","itemListElement":[{"@type":"ListItem","position":1,"name":"Startseite","item":"https:\/\/eramon.de\/de\/"},{"@type":"ListItem","position":2,"name":"ERAMON 3.0 &#8211; Netzwerkmanagement-L\u00f6sung bietet neue Features und brandneues Design"}]},{"@type":"WebSite","@id":"https:\/\/eramon.de\/de\/#website","url":"https:\/\/eramon.de\/de\/","name":"ERAMON","description":"Network Management","publisher":{"@id":"https:\/\/eramon.de\/de\/#organization"},"potentialAction":[{"@type":"SearchAction","target":{"@type":"EntryPoint","urlTemplate":"https:\/\/eramon.de\/de\/?s={search_term_string}"},"query-input":{"@type":"PropertyValueSpecification","valueRequired":true,"valueName":"search_term_string"}}],"inLanguage":"de"},{"@type":"Organization","@id":"https:\/\/eramon.de\/de\/#organization","name":"ERAMON GmbH","url":"https:\/\/eramon.de\/de\/","logo":{"@type":"ImageObject","inLanguage":"de","@id":"https:\/\/eramon.de\/de\/#\/schema\/logo\/image\/","url":"https:\/\/eramon.de\/wp-content\/uploads\/2021\/02\/eramon-logo@2x-2.png","contentUrl":"https:\/\/eramon.de\/wp-content\/uploads\/2021\/02\/eramon-logo@2x-2.png","width":612,"height":224,"caption":"ERAMON GmbH"},"image":{"@id":"https:\/\/eramon.de\/de\/#\/schema\/logo\/image\/"},"sameAs":["https:\/\/www.linkedin.com\/company\/eramon-gmbh\/"]}]}},"_links":{"self":[{"href":"https:\/\/eramon.de\/de\/wp-json\/wp\/v2\/pages\/2175","targetHints":{"allow":["GET"]}}],"collection":[{"href":"https:\/\/eramon.de\/de\/wp-json\/wp\/v2\/pages"}],"about":[{"href":"https:\/\/eramon.de\/de\/wp-json\/wp\/v2\/types\/page"}],"author":[{"embeddable":true,"href":"https:\/\/eramon.de\/de\/wp-json\/wp\/v2\/users\/6"}],"replies":[{"embeddable":true,"href":"https:\/\/eramon.de\/de\/wp-json\/wp\/v2\/comments?post=2175"}],"version-history":[{"count":9,"href":"https:\/\/eramon.de\/de\/wp-json\/wp\/v2\/pages\/2175\/revisions"}],"predecessor-version":[{"id":3058,"href":"https:\/\/eramon.de\/de\/wp-json\/wp\/v2\/pages\/2175\/revisions\/3058"}],"wp:attachment":[{"href":"https:\/\/eramon.de\/de\/wp-json\/wp\/v2\/media?parent=2175"}],"curies":[{"name":"wp","href":"https:\/\/api.w.org\/{rel}","templated":true}]}}