{"id":2204,"date":"2023-05-22T14:54:49","date_gmt":"2023-05-22T12:54:49","guid":{"rendered":"https:\/\/eramon.de\/?page_id=2204"},"modified":"2024-10-27T18:34:41","modified_gmt":"2024-10-27T17:34:41","slug":"eramon-premium-reporting-uebersichtlich-zielgerichtet-und-kompatibel-mit-allen-etablierten-netzwerkherstellern","status":"publish","type":"page","link":"https:\/\/eramon.de\/de\/eramon-premium-reporting-uebersichtlich-zielgerichtet-und-kompatibel-mit-allen-etablierten-netzwerkherstellern\/","title":{"rendered":"ERAMON Premium Reporting \u2013 \u00dcbersichtlich, zielgerichtet und kompatibel mit allen etablierten Netzwerkherstellern"},"content":{"rendered":"<div class=\"wpb-content-wrapper\"><p>[vc_row][vc_column]<div id=\"ultimate-heading-510969f073d0913b0\" class=\"uvc-heading ult-adjust-bottom-margin ultimate-heading-510969f073d0913b0 uvc-2667 \" data-hspacer=\"line_only\"  data-halign=\"left\" style=\"text-align:left\"><div class=\"uvc-main-heading ult-responsive\"  data-ultimate-target='.uvc-heading.ultimate-heading-510969f073d0913b0 h1'  data-responsive-json-new='{\"font-size\":\"desktop:25px;\",\"line-height\":\"desktop:25px;\"}' ><h1 style=\"--font-weight:theme;color:#241f0c;margin-bottom:20px;\">ERAMON Premium Reporting \u2013 \u00dcbersichtlich, zielgerichtet und kompatibel mit allen etablierten Netzwerkherstellern<\/h1><\/div><div class=\"uvc-heading-spacer line_only\" style=\"margin-bottom:32px;height:2px;\"><span class=\"uvc-headings-line\" style=\"border-style:solid;border-bottom-width:2px;border-color:#cad30b;width:102px;\"><\/span><\/div><\/div>[\/vc_column][\/vc_row][vc_row][vc_column width=&#8220;2\/3&#8243;][vc_column_text]<strong>Augsburg, den 22.05.2023 &#8211;<\/strong> Die \u00dcbersicht zu behalten ist das A und O beim Netzwerkmanagement. Dabei kommt es nicht nur auf Aktualit\u00e4t und Qualit\u00e4t der Daten an. Um eine aussagekr\u00e4ftige Analyse aller Netzwerkmetriken und -aktivit\u00e4ten zu erstellen, spielt die Zusammensetzung und Darstellung aller eingehenden Messwerte eine entscheidende Rolle.<\/p>\n<p>Das ERAMON Premium Reporting bietet eine L\u00f6sung, die speziell auf moderne Reporting Anforderungen zugeschnitten ist. Mit individuellen Dashboards, pixelgenauem Design und berechnungsstarken Formeln wird sichergestellt, dass Netzwerkadministratoren stets einen schnellen \u00dcberblick \u00fcber die wichtigsten Daten und Informationen erhalten.<\/p>\n<h4>Was bietet das neue ERAMON Premium Reporting?<\/h4>\n<p>\u201eIndividuell\u201c ist ganz klar das Leitmotiv unserer Neuentwicklung:<\/p>\n<ul>\n<li>Individuelle selfservice Ad-hoc-Analysen sind schnell und unkompliziert erstellbar.<\/li>\n<li>In der Graphen- oder Tabellen-Ansicht lassen sich verschiedene Kennwerte, wie beispielsweise Device-Name, Hersteller, dessen genauer Standort, Ping, Bandbreitenauslastung etc. im Zeitverlauf darstellen und k\u00f6nnen miteinander in Beziehung gesetzt sowie bei Bedarf mit Formeln angereichert werden.<\/li>\n<li>In der gro\u00dfen Chart-Library findet man f\u00fcr jede Analyse einen passenden Visualisierungstypen.<br \/>\nSelbst externe Datenquellen sind auf Wunsch integrierbar.<\/li>\n<li>Individuelle Dashboards garantieren, dass man die wichtigsten Statistiken niemals aus den Augen verlieren kann.<br \/>\nDie Dashboards des ERAMON Premium Reportings lassen sich vom Nutzer nach Belieben anpassen und die dargestellten Inhalte ganz nach den Anforderungen eines Betriebs kuratieren.<\/li>\n<li>Die zeitgesteuerte, automatisierbare Berichterstellung reduziert manuellen Aufwand und vermindert die Arbeit mit externen Tools wie z.B. Excel. Nutzer k\u00f6nnen ganz einfach einen Bericht auf zeitlicher Basis (z.B. t\u00e4glich, w\u00f6chentlich etc.) erstellen lassen, in welchem alle ausgew\u00e4hlten Parameter \u00fcber den definierten Zeitraum hinweg zusammengefasst und \u00fcbersichtlich pr\u00e4sentiert werden.<br \/>\nDas spart nicht nur Zeit und Nerven der hauseigenen Netzwerk-Spezialisten, sondern reduziert ganz nebenbei auch noch das bei manuellen Daten\u00fcbertragungen anfallende Fehlerpontenzial.<br \/>\nDie automatisch erstellten Berichte k\u00f6nnen mit dem gew\u00fcnschten Firmenlogo versehen und ohne Umwege bei Vorst\u00e4nden oder Firmenkunden pr\u00e4sentiert werden.<\/li>\n<\/ul>\n<p>Dank Mandantenf\u00e4higkeit sind verschiedene Abteilungen und Kunden parallel verwaltbar, ohne zwischen unterschiedlichen Tools oder Webseiten hin- und herspringen zu m\u00fcssen.<\/p>\n<p>Das ERAMON Premium Reporting steht ab sofort f\u00fcr alle ERAMON Kunden zur Verf\u00fcgung und ist jederzeit zum Basis-Netzwerkmanagement hinzubuchbar.<\/p>\n<p>Weitere Informationen zum ERAMON Premium Reporting finden Interessenten <a href=\"https:\/\/eramon.de\/de\/produkt\/anwendungsmodule\/reporting\/\">hier<\/a>.[\/vc_column_text][\/vc_column][vc_column width=&#8220;1\/3&#8243;][vc_single_image image=&#8220;2165&#8243; img_size=&#8220;full&#8220; alignment=&#8220;right&#8220;][vc_single_image image=&#8220;2167&#8243; img_size=&#8220;full&#8220; alignment=&#8220;right&#8220;][vc_single_image image=&#8220;2169&#8243; img_size=&#8220;full&#8220; alignment=&#8220;right&#8220;][vc_column_text]<strong>Pressekontakt<\/strong>: Florian Sch\u00f6nknecht<\/p>\n<p><a href=\"https:\/\/eramon.de\/de\/kontakt\/\">Hier geht&#8217;s zum Kontaktformular<\/a>[\/vc_column_text][\/vc_column][\/vc_row]<\/p>\n<\/div>","protected":false},"excerpt":{"rendered":"<p>[vc_row][vc_column][\/vc_column][\/vc_row][vc_row][vc_column width=&#8220;2\/3&#8243;][vc_column_text]Augsburg, den 22.05.2023 &#8211; Die \u00dcbersicht zu behalten ist das A und O beim Netzwerkmanagement. Dabei kommt es nicht nur auf Aktualit\u00e4t und Qualit\u00e4t der Daten an. Um eine aussagekr\u00e4ftige Analyse aller Netzwerkmetriken und -aktivit\u00e4ten zu erstellen, spielt die Zusammensetzung und Darstellung aller eingehenden Messwerte eine entscheidende Rolle. Das ERAMON Premium Reporting bietet eine&hellip;<\/p>\n","protected":false},"author":6,"featured_media":0,"parent":0,"menu_order":0,"comment_status":"closed","ping_status":"closed","template":"","meta":{"_monsterinsights_skip_tracking":false,"_monsterinsights_sitenote_active":false,"_monsterinsights_sitenote_note":"","_monsterinsights_sitenote_category":0,"footnotes":""},"class_list":["post-2204","page","type-page","status-publish","hentry","description-off"],"yoast_head":"<!-- This site is optimized with the Yoast SEO plugin v27.4 - https:\/\/yoast.com\/product\/yoast-seo-wordpress\/ -->\n<title>ERAMON Premium Reporting \u2013 \u00dcbersichtlich &amp; zielgerichtet<\/title>\n<meta name=\"description\" content=\"ERAMON Premium Reporting: \u00dcbersichtliches, zielgerichtetes Reporting f\u00fcr umfassende Netzwerk-Analysen, kompatibel mit allen etablierten Netzwerkherstellern.\" \/>\n<meta name=\"robots\" content=\"index, follow, max-snippet:-1, max-image-preview:large, max-video-preview:-1\" \/>\n<link rel=\"canonical\" href=\"https:\/\/eramon.de\/de\/eramon-premium-reporting-uebersichtlich-zielgerichtet-und-kompatibel-mit-allen-etablierten-netzwerkherstellern\/\" \/>\n<meta property=\"og:locale\" content=\"de_DE\" \/>\n<meta property=\"og:type\" content=\"article\" \/>\n<meta property=\"og:title\" content=\"ERAMON Premium Reporting \u2013 \u00dcbersichtlich &amp; zielgerichtet\" \/>\n<meta property=\"og:description\" content=\"ERAMON Premium Reporting: \u00dcbersichtliches, zielgerichtetes Reporting f\u00fcr umfassende Netzwerk-Analysen, kompatibel mit allen etablierten Netzwerkherstellern.\" \/>\n<meta property=\"og:url\" content=\"https:\/\/eramon.de\/de\/eramon-premium-reporting-uebersichtlich-zielgerichtet-und-kompatibel-mit-allen-etablierten-netzwerkherstellern\/\" \/>\n<meta property=\"og:site_name\" content=\"ERAMON\" \/>\n<meta property=\"article:modified_time\" content=\"2024-10-27T17:34:41+00:00\" \/>\n<meta name=\"twitter:card\" content=\"summary_large_image\" \/>\n<meta name=\"twitter:label1\" content=\"Gesch\u00e4tzte Lesezeit\" \/>\n\t<meta name=\"twitter:data1\" content=\"3\u00a0Minuten\" \/>\n<script type=\"application\/ld+json\" class=\"yoast-schema-graph\">{\"@context\":\"https:\\\/\\\/schema.org\",\"@graph\":[{\"@type\":\"WebPage\",\"@id\":\"https:\\\/\\\/eramon.de\\\/de\\\/eramon-premium-reporting-uebersichtlich-zielgerichtet-und-kompatibel-mit-allen-etablierten-netzwerkherstellern\\\/\",\"url\":\"https:\\\/\\\/eramon.de\\\/de\\\/eramon-premium-reporting-uebersichtlich-zielgerichtet-und-kompatibel-mit-allen-etablierten-netzwerkherstellern\\\/\",\"name\":\"ERAMON Premium Reporting \u2013 \u00dcbersichtlich & zielgerichtet\",\"isPartOf\":{\"@id\":\"https:\\\/\\\/eramon.de\\\/de\\\/#website\"},\"datePublished\":\"2023-05-22T12:54:49+00:00\",\"dateModified\":\"2024-10-27T17:34:41+00:00\",\"description\":\"ERAMON Premium Reporting: \u00dcbersichtliches, zielgerichtetes Reporting f\u00fcr umfassende Netzwerk-Analysen, kompatibel mit allen etablierten Netzwerkherstellern.\",\"breadcrumb\":{\"@id\":\"https:\\\/\\\/eramon.de\\\/de\\\/eramon-premium-reporting-uebersichtlich-zielgerichtet-und-kompatibel-mit-allen-etablierten-netzwerkherstellern\\\/#breadcrumb\"},\"inLanguage\":\"de\",\"potentialAction\":[{\"@type\":\"ReadAction\",\"target\":[\"https:\\\/\\\/eramon.de\\\/de\\\/eramon-premium-reporting-uebersichtlich-zielgerichtet-und-kompatibel-mit-allen-etablierten-netzwerkherstellern\\\/\"]}]},{\"@type\":\"BreadcrumbList\",\"@id\":\"https:\\\/\\\/eramon.de\\\/de\\\/eramon-premium-reporting-uebersichtlich-zielgerichtet-und-kompatibel-mit-allen-etablierten-netzwerkherstellern\\\/#breadcrumb\",\"itemListElement\":[{\"@type\":\"ListItem\",\"position\":1,\"name\":\"Startseite\",\"item\":\"https:\\\/\\\/eramon.de\\\/de\\\/\"},{\"@type\":\"ListItem\",\"position\":2,\"name\":\"ERAMON Premium Reporting \u2013 \u00dcbersichtlich, zielgerichtet und kompatibel mit allen etablierten Netzwerkherstellern\"}]},{\"@type\":\"WebSite\",\"@id\":\"https:\\\/\\\/eramon.de\\\/de\\\/#website\",\"url\":\"https:\\\/\\\/eramon.de\\\/de\\\/\",\"name\":\"ERAMON\",\"description\":\"Network Management\",\"publisher\":{\"@id\":\"https:\\\/\\\/eramon.de\\\/de\\\/#organization\"},\"potentialAction\":[{\"@type\":\"SearchAction\",\"target\":{\"@type\":\"EntryPoint\",\"urlTemplate\":\"https:\\\/\\\/eramon.de\\\/de\\\/?s={search_term_string}\"},\"query-input\":{\"@type\":\"PropertyValueSpecification\",\"valueRequired\":true,\"valueName\":\"search_term_string\"}}],\"inLanguage\":\"de\"},{\"@type\":\"Organization\",\"@id\":\"https:\\\/\\\/eramon.de\\\/de\\\/#organization\",\"name\":\"ERAMON GmbH\",\"url\":\"https:\\\/\\\/eramon.de\\\/de\\\/\",\"logo\":{\"@type\":\"ImageObject\",\"inLanguage\":\"de\",\"@id\":\"https:\\\/\\\/eramon.de\\\/de\\\/#\\\/schema\\\/logo\\\/image\\\/\",\"url\":\"https:\\\/\\\/eramon.de\\\/wp-content\\\/uploads\\\/2021\\\/02\\\/eramon-logo@2x-2.png\",\"contentUrl\":\"https:\\\/\\\/eramon.de\\\/wp-content\\\/uploads\\\/2021\\\/02\\\/eramon-logo@2x-2.png\",\"width\":612,\"height\":224,\"caption\":\"ERAMON GmbH\"},\"image\":{\"@id\":\"https:\\\/\\\/eramon.de\\\/de\\\/#\\\/schema\\\/logo\\\/image\\\/\"},\"sameAs\":[\"https:\\\/\\\/www.linkedin.com\\\/company\\\/eramon-gmbh\\\/\"]}]}<\/script>\n<!-- \/ Yoast SEO plugin. -->","yoast_head_json":{"title":"ERAMON Premium Reporting \u2013 \u00dcbersichtlich & zielgerichtet","description":"ERAMON Premium Reporting: \u00dcbersichtliches, zielgerichtetes Reporting f\u00fcr umfassende Netzwerk-Analysen, kompatibel mit allen etablierten Netzwerkherstellern.","robots":{"index":"index","follow":"follow","max-snippet":"max-snippet:-1","max-image-preview":"max-image-preview:large","max-video-preview":"max-video-preview:-1"},"canonical":"https:\/\/eramon.de\/de\/eramon-premium-reporting-uebersichtlich-zielgerichtet-und-kompatibel-mit-allen-etablierten-netzwerkherstellern\/","og_locale":"de_DE","og_type":"article","og_title":"ERAMON Premium Reporting \u2013 \u00dcbersichtlich & zielgerichtet","og_description":"ERAMON Premium Reporting: \u00dcbersichtliches, zielgerichtetes Reporting f\u00fcr umfassende Netzwerk-Analysen, kompatibel mit allen etablierten Netzwerkherstellern.","og_url":"https:\/\/eramon.de\/de\/eramon-premium-reporting-uebersichtlich-zielgerichtet-und-kompatibel-mit-allen-etablierten-netzwerkherstellern\/","og_site_name":"ERAMON","article_modified_time":"2024-10-27T17:34:41+00:00","twitter_card":"summary_large_image","twitter_misc":{"Gesch\u00e4tzte Lesezeit":"3\u00a0Minuten"},"schema":{"@context":"https:\/\/schema.org","@graph":[{"@type":"WebPage","@id":"https:\/\/eramon.de\/de\/eramon-premium-reporting-uebersichtlich-zielgerichtet-und-kompatibel-mit-allen-etablierten-netzwerkherstellern\/","url":"https:\/\/eramon.de\/de\/eramon-premium-reporting-uebersichtlich-zielgerichtet-und-kompatibel-mit-allen-etablierten-netzwerkherstellern\/","name":"ERAMON Premium Reporting \u2013 \u00dcbersichtlich & zielgerichtet","isPartOf":{"@id":"https:\/\/eramon.de\/de\/#website"},"datePublished":"2023-05-22T12:54:49+00:00","dateModified":"2024-10-27T17:34:41+00:00","description":"ERAMON Premium Reporting: \u00dcbersichtliches, zielgerichtetes Reporting f\u00fcr umfassende Netzwerk-Analysen, kompatibel mit allen etablierten Netzwerkherstellern.","breadcrumb":{"@id":"https:\/\/eramon.de\/de\/eramon-premium-reporting-uebersichtlich-zielgerichtet-und-kompatibel-mit-allen-etablierten-netzwerkherstellern\/#breadcrumb"},"inLanguage":"de","potentialAction":[{"@type":"ReadAction","target":["https:\/\/eramon.de\/de\/eramon-premium-reporting-uebersichtlich-zielgerichtet-und-kompatibel-mit-allen-etablierten-netzwerkherstellern\/"]}]},{"@type":"BreadcrumbList","@id":"https:\/\/eramon.de\/de\/eramon-premium-reporting-uebersichtlich-zielgerichtet-und-kompatibel-mit-allen-etablierten-netzwerkherstellern\/#breadcrumb","itemListElement":[{"@type":"ListItem","position":1,"name":"Startseite","item":"https:\/\/eramon.de\/de\/"},{"@type":"ListItem","position":2,"name":"ERAMON Premium Reporting \u2013 \u00dcbersichtlich, zielgerichtet und kompatibel mit allen etablierten Netzwerkherstellern"}]},{"@type":"WebSite","@id":"https:\/\/eramon.de\/de\/#website","url":"https:\/\/eramon.de\/de\/","name":"ERAMON","description":"Network Management","publisher":{"@id":"https:\/\/eramon.de\/de\/#organization"},"potentialAction":[{"@type":"SearchAction","target":{"@type":"EntryPoint","urlTemplate":"https:\/\/eramon.de\/de\/?s={search_term_string}"},"query-input":{"@type":"PropertyValueSpecification","valueRequired":true,"valueName":"search_term_string"}}],"inLanguage":"de"},{"@type":"Organization","@id":"https:\/\/eramon.de\/de\/#organization","name":"ERAMON GmbH","url":"https:\/\/eramon.de\/de\/","logo":{"@type":"ImageObject","inLanguage":"de","@id":"https:\/\/eramon.de\/de\/#\/schema\/logo\/image\/","url":"https:\/\/eramon.de\/wp-content\/uploads\/2021\/02\/eramon-logo@2x-2.png","contentUrl":"https:\/\/eramon.de\/wp-content\/uploads\/2021\/02\/eramon-logo@2x-2.png","width":612,"height":224,"caption":"ERAMON GmbH"},"image":{"@id":"https:\/\/eramon.de\/de\/#\/schema\/logo\/image\/"},"sameAs":["https:\/\/www.linkedin.com\/company\/eramon-gmbh\/"]}]}},"_links":{"self":[{"href":"https:\/\/eramon.de\/de\/wp-json\/wp\/v2\/pages\/2204","targetHints":{"allow":["GET"]}}],"collection":[{"href":"https:\/\/eramon.de\/de\/wp-json\/wp\/v2\/pages"}],"about":[{"href":"https:\/\/eramon.de\/de\/wp-json\/wp\/v2\/types\/page"}],"author":[{"embeddable":true,"href":"https:\/\/eramon.de\/de\/wp-json\/wp\/v2\/users\/6"}],"replies":[{"embeddable":true,"href":"https:\/\/eramon.de\/de\/wp-json\/wp\/v2\/comments?post=2204"}],"version-history":[{"count":6,"href":"https:\/\/eramon.de\/de\/wp-json\/wp\/v2\/pages\/2204\/revisions"}],"predecessor-version":[{"id":2210,"href":"https:\/\/eramon.de\/de\/wp-json\/wp\/v2\/pages\/2204\/revisions\/2210"}],"wp:attachment":[{"href":"https:\/\/eramon.de\/de\/wp-json\/wp\/v2\/media?parent=2204"}],"curies":[{"name":"wp","href":"https:\/\/api.w.org\/{rel}","templated":true}]}}