{"id":2560,"date":"2023-09-07T12:52:50","date_gmt":"2023-09-07T10:52:50","guid":{"rendered":"https:\/\/eramon.de\/?page_id=2560"},"modified":"2024-11-15T09:55:03","modified_gmt":"2024-11-15T08:55:03","slug":"eramon-fuer-den-eaward-2023-nominiert","status":"publish","type":"page","link":"https:\/\/eramon.de\/de\/eramon-fuer-den-eaward-2023-nominiert\/","title":{"rendered":"ERAMON f\u00fcr den eAWARD 2023 nominiert"},"content":{"rendered":"<div class=\"wpb-content-wrapper\"><p>[vc_row][vc_column]<div id=\"ultimate-heading-454369eb9be424aa1\" class=\"uvc-heading ult-adjust-bottom-margin ultimate-heading-454369eb9be424aa1 uvc-7235 \" data-hspacer=\"line_only\"  data-halign=\"left\" style=\"text-align:left\"><div class=\"uvc-main-heading ult-responsive\"  data-ultimate-target='.uvc-heading.ultimate-heading-454369eb9be424aa1 h1'  data-responsive-json-new='{\"font-size\":\"desktop:25px;\",\"line-height\":\"desktop:25px;\"}' ><h1 style=\"--font-weight:theme;color:#241f0c;margin-bottom:20px;\">ERAMON erh\u00e4lt Nominierung f\u00fcr den eAWARD 2023 in der Kategorie ``Services und Prozesse`` \u2013 Besondere Anerkennung f\u00fcr das Projekt ``Premium Reporting``<\/h1><\/div><div class=\"uvc-heading-spacer line_only\" style=\"margin-bottom:32px;height:2px;\"><span class=\"uvc-headings-line\" style=\"border-style:solid;border-bottom-width:2px;border-color:#cad30b;width:102px;\"><\/span><\/div><\/div>[\/vc_column][\/vc_row][vc_row][vc_column width=&#8220;2\/3&#8243;][vc_column_text css=&#8220;&#8220;]<strong>Augsburg, den 07. September 2023<\/strong> \u2013 ERAMON, ein f\u00fchrender Anbieter von Netzwerkmanagementl\u00f6sungen, freut sich bekannt zu geben, dass das Unternehmen f\u00fcr den <a href=\"https:\/\/www.report.at\/award\/22740-eaward-2023-nominees-der-kategorie-services-und-prozesse\">eAWARD 2023<\/a> in der renommierten Kategorie &#8222;Services und Prozesse&#8220; nominiert wurde. Die Nominierung w\u00fcrdigt insbesondere das herausragende Projekt &#8222;Premium Reporting&#8220; von ERAMON.<\/p>\n<p>ERAMON hat sich einen hervorragenden Ruf als Anbieter von hochmodernen Netzwerkmanagementl\u00f6sungen erworben, die Organisationen dabei unterst\u00fctzen, ihre Netzwerke effizient zu verwalten, die Servicequalit\u00e4t zu steigern und proaktiv auf potenzielle Herausforderungen zu reagieren. Das Projekt &#8222;Premium Reporting&#8220; hat es erm\u00f6glicht, ma\u00dfgeschneiderte Berichterstattungsl\u00f6sungen zu entwickeln, die einen tiefen Einblick in die Netzwerkleistung bieten und Organisationen dabei helfen, datengesteuerte Entscheidungen zu treffen.<\/p>\n<p>Die Nominierung f\u00fcr den eAWARD unterstreicht die bemerkenswerten Fortschritte, die ERAMON in den Bereichen Services und Prozessoptimierung erzielt hat. Das Unternehmen ist stolz auf die Auszeichnung und sieht der Preisverleihung mit Spannung entgegen. Es verpflichtet sich weiterhin zur Entwicklung innovativer L\u00f6sungen, die Organisationen dabei unterst\u00fctzen, ihre Netzwerke optimal zu nutzen und ihren Gesch\u00e4ftsbetrieb reibungslos zu gestalten.<\/p>\n<p>\u00dcber ERAMON:<\/p>\n<p>ERAMON ist ein f\u00fchrender Anbieter von <a href=\"https:\/\/eramon.de\/de\/produkt\/unterschied\/\">Netzwerkmanagementl\u00f6sungen<\/a>, die Unternehmen dabei unterst\u00fctzen, ihre Netzwerke effizient zu betreiben, die Servicequalit\u00e4t zu verbessern und die Leistung ihrer IT-Infrastruktur zu maximieren. Mit einer breiten Palette von Modulen und einer hoch skalierbaren Architektur bietet ERAMON ma\u00dfgeschneiderte L\u00f6sungen f\u00fcr die individuellen Anforderungen seiner Kunden.[\/vc_column_text][\/vc_column][vc_column width=&#8220;1\/3&#8243;][vc_single_image image=&#8220;2549&#8243; img_size=&#8220;full&#8220; alignment=&#8220;right&#8220; onclick=&#8220;custom_link&#8220; img_link_target=&#8220;_blank&#8220; css=&#8220;&#8220; image_hovers=&#8220;false&#8220; link=&#8220;https:\/\/www.report.at\/award\/22740-eaward-2023-nominees-der-kategorie-services-und-prozesse&#8220;][vc_column_text]<strong>Pressekontakt<\/strong>: Florian Sch\u00f6nknecht<\/p>\n<p><a href=\"https:\/\/eramon.de\/de\/kontakt\/\">Hier geht&#8217;s zum Kontaktformular<\/a>[\/vc_column_text][\/vc_column][\/vc_row]<\/p>\n<\/div>","protected":false},"excerpt":{"rendered":"<p>[vc_row][vc_column][\/vc_column][\/vc_row][vc_row][vc_column width=&#8220;2\/3&#8243;][vc_column_text css=&#8220;&#8220;]Augsburg, den 07. September 2023 \u2013 ERAMON, ein f\u00fchrender Anbieter von Netzwerkmanagementl\u00f6sungen, freut sich bekannt zu geben, dass das Unternehmen f\u00fcr den eAWARD 2023 in der renommierten Kategorie &#8222;Services und Prozesse&#8220; nominiert wurde. Die Nominierung w\u00fcrdigt insbesondere das herausragende Projekt &#8222;Premium Reporting&#8220; von ERAMON. ERAMON hat sich einen hervorragenden Ruf als Anbieter von&hellip;<\/p>\n","protected":false},"author":6,"featured_media":2549,"parent":0,"menu_order":0,"comment_status":"closed","ping_status":"closed","template":"","meta":{"_monsterinsights_skip_tracking":false,"_monsterinsights_sitenote_active":false,"_monsterinsights_sitenote_note":"","_monsterinsights_sitenote_category":0,"footnotes":""},"class_list":["post-2560","page","type-page","status-publish","has-post-thumbnail","hentry","description-off"],"yoast_head":"<!-- This site is optimized with the Yoast SEO plugin v27.4 - https:\/\/yoast.com\/product\/yoast-seo-wordpress\/ -->\n<title>ERAMON erh\u00e4lt Nominierung f\u00fcr den eAWARD 2023<\/title>\n<meta name=\"description\" content=\"ERAMON erh\u00e4lt Nominierung f\u00fcr den eAWARD 2023 in der Kategorie Services und Prozesse \u2013 Besondere Anerkennung f\u00fcr das Projekt Premium Reporting\" \/>\n<meta name=\"robots\" content=\"index, follow, max-snippet:-1, max-image-preview:large, max-video-preview:-1\" \/>\n<link rel=\"canonical\" href=\"https:\/\/eramon.de\/de\/eramon-fuer-den-eaward-2023-nominiert\/\" \/>\n<meta property=\"og:locale\" content=\"de_DE\" \/>\n<meta property=\"og:type\" content=\"article\" \/>\n<meta property=\"og:title\" content=\"ERAMON erh\u00e4lt Nominierung f\u00fcr den eAWARD 2023\" \/>\n<meta property=\"og:description\" content=\"ERAMON erh\u00e4lt Nominierung f\u00fcr den eAWARD 2023 in der Kategorie Services und Prozesse \u2013 Besondere Anerkennung f\u00fcr das Projekt Premium Reporting\" \/>\n<meta property=\"og:url\" content=\"https:\/\/eramon.de\/de\/eramon-fuer-den-eaward-2023-nominiert\/\" \/>\n<meta property=\"og:site_name\" content=\"ERAMON\" \/>\n<meta property=\"article:modified_time\" content=\"2024-11-15T08:55:03+00:00\" \/>\n<meta property=\"og:image\" content=\"https:\/\/eramon.de\/wp-content\/uploads\/2023\/09\/Logo-eAward-Nominee_2023.jpg\" \/>\n\t<meta property=\"og:image:width\" content=\"1039\" \/>\n\t<meta property=\"og:image:height\" content=\"510\" \/>\n\t<meta property=\"og:image:type\" content=\"image\/jpeg\" \/>\n<meta name=\"twitter:card\" content=\"summary_large_image\" \/>\n<meta name=\"twitter:label1\" content=\"Gesch\u00e4tzte Lesezeit\" \/>\n\t<meta name=\"twitter:data1\" content=\"2\u00a0Minuten\" \/>\n<script type=\"application\/ld+json\" class=\"yoast-schema-graph\">{\"@context\":\"https:\\\/\\\/schema.org\",\"@graph\":[{\"@type\":\"WebPage\",\"@id\":\"https:\\\/\\\/eramon.de\\\/de\\\/eramon-fuer-den-eaward-2023-nominiert\\\/\",\"url\":\"https:\\\/\\\/eramon.de\\\/de\\\/eramon-fuer-den-eaward-2023-nominiert\\\/\",\"name\":\"ERAMON erh\u00e4lt Nominierung f\u00fcr den eAWARD 2023\",\"isPartOf\":{\"@id\":\"https:\\\/\\\/eramon.de\\\/de\\\/#website\"},\"primaryImageOfPage\":{\"@id\":\"https:\\\/\\\/eramon.de\\\/de\\\/eramon-fuer-den-eaward-2023-nominiert\\\/#primaryimage\"},\"image\":{\"@id\":\"https:\\\/\\\/eramon.de\\\/de\\\/eramon-fuer-den-eaward-2023-nominiert\\\/#primaryimage\"},\"thumbnailUrl\":\"https:\\\/\\\/eramon.de\\\/wp-content\\\/uploads\\\/2023\\\/09\\\/Logo-eAward-Nominee_2023.jpg\",\"datePublished\":\"2023-09-07T10:52:50+00:00\",\"dateModified\":\"2024-11-15T08:55:03+00:00\",\"description\":\"ERAMON erh\u00e4lt Nominierung f\u00fcr den eAWARD 2023 in der Kategorie Services und Prozesse \u2013 Besondere Anerkennung f\u00fcr das Projekt Premium Reporting\",\"breadcrumb\":{\"@id\":\"https:\\\/\\\/eramon.de\\\/de\\\/eramon-fuer-den-eaward-2023-nominiert\\\/#breadcrumb\"},\"inLanguage\":\"de\",\"potentialAction\":[{\"@type\":\"ReadAction\",\"target\":[\"https:\\\/\\\/eramon.de\\\/de\\\/eramon-fuer-den-eaward-2023-nominiert\\\/\"]}]},{\"@type\":\"ImageObject\",\"inLanguage\":\"de\",\"@id\":\"https:\\\/\\\/eramon.de\\\/de\\\/eramon-fuer-den-eaward-2023-nominiert\\\/#primaryimage\",\"url\":\"https:\\\/\\\/eramon.de\\\/wp-content\\\/uploads\\\/2023\\\/09\\\/Logo-eAward-Nominee_2023.jpg\",\"contentUrl\":\"https:\\\/\\\/eramon.de\\\/wp-content\\\/uploads\\\/2023\\\/09\\\/Logo-eAward-Nominee_2023.jpg\",\"width\":1039,\"height\":510,\"caption\":\"eaward 2023 nominierung eramon\"},{\"@type\":\"BreadcrumbList\",\"@id\":\"https:\\\/\\\/eramon.de\\\/de\\\/eramon-fuer-den-eaward-2023-nominiert\\\/#breadcrumb\",\"itemListElement\":[{\"@type\":\"ListItem\",\"position\":1,\"name\":\"Startseite\",\"item\":\"https:\\\/\\\/eramon.de\\\/de\\\/\"},{\"@type\":\"ListItem\",\"position\":2,\"name\":\"ERAMON f\u00fcr den eAWARD 2023 nominiert\"}]},{\"@type\":\"WebSite\",\"@id\":\"https:\\\/\\\/eramon.de\\\/de\\\/#website\",\"url\":\"https:\\\/\\\/eramon.de\\\/de\\\/\",\"name\":\"ERAMON\",\"description\":\"Network Management\",\"publisher\":{\"@id\":\"https:\\\/\\\/eramon.de\\\/de\\\/#organization\"},\"potentialAction\":[{\"@type\":\"SearchAction\",\"target\":{\"@type\":\"EntryPoint\",\"urlTemplate\":\"https:\\\/\\\/eramon.de\\\/de\\\/?s={search_term_string}\"},\"query-input\":{\"@type\":\"PropertyValueSpecification\",\"valueRequired\":true,\"valueName\":\"search_term_string\"}}],\"inLanguage\":\"de\"},{\"@type\":\"Organization\",\"@id\":\"https:\\\/\\\/eramon.de\\\/de\\\/#organization\",\"name\":\"ERAMON GmbH\",\"url\":\"https:\\\/\\\/eramon.de\\\/de\\\/\",\"logo\":{\"@type\":\"ImageObject\",\"inLanguage\":\"de\",\"@id\":\"https:\\\/\\\/eramon.de\\\/de\\\/#\\\/schema\\\/logo\\\/image\\\/\",\"url\":\"https:\\\/\\\/eramon.de\\\/wp-content\\\/uploads\\\/2021\\\/02\\\/eramon-logo@2x-2.png\",\"contentUrl\":\"https:\\\/\\\/eramon.de\\\/wp-content\\\/uploads\\\/2021\\\/02\\\/eramon-logo@2x-2.png\",\"width\":612,\"height\":224,\"caption\":\"ERAMON GmbH\"},\"image\":{\"@id\":\"https:\\\/\\\/eramon.de\\\/de\\\/#\\\/schema\\\/logo\\\/image\\\/\"},\"sameAs\":[\"https:\\\/\\\/www.linkedin.com\\\/company\\\/eramon-gmbh\\\/\"]}]}<\/script>\n<!-- \/ Yoast SEO plugin. -->","yoast_head_json":{"title":"ERAMON erh\u00e4lt Nominierung f\u00fcr den eAWARD 2023","description":"ERAMON erh\u00e4lt Nominierung f\u00fcr den eAWARD 2023 in der Kategorie Services und Prozesse \u2013 Besondere Anerkennung f\u00fcr das Projekt Premium Reporting","robots":{"index":"index","follow":"follow","max-snippet":"max-snippet:-1","max-image-preview":"max-image-preview:large","max-video-preview":"max-video-preview:-1"},"canonical":"https:\/\/eramon.de\/de\/eramon-fuer-den-eaward-2023-nominiert\/","og_locale":"de_DE","og_type":"article","og_title":"ERAMON erh\u00e4lt Nominierung f\u00fcr den eAWARD 2023","og_description":"ERAMON erh\u00e4lt Nominierung f\u00fcr den eAWARD 2023 in der Kategorie Services und Prozesse \u2013 Besondere Anerkennung f\u00fcr das Projekt Premium Reporting","og_url":"https:\/\/eramon.de\/de\/eramon-fuer-den-eaward-2023-nominiert\/","og_site_name":"ERAMON","article_modified_time":"2024-11-15T08:55:03+00:00","og_image":[{"width":1039,"height":510,"url":"https:\/\/eramon.de\/wp-content\/uploads\/2023\/09\/Logo-eAward-Nominee_2023.jpg","type":"image\/jpeg"}],"twitter_card":"summary_large_image","twitter_misc":{"Gesch\u00e4tzte Lesezeit":"2\u00a0Minuten"},"schema":{"@context":"https:\/\/schema.org","@graph":[{"@type":"WebPage","@id":"https:\/\/eramon.de\/de\/eramon-fuer-den-eaward-2023-nominiert\/","url":"https:\/\/eramon.de\/de\/eramon-fuer-den-eaward-2023-nominiert\/","name":"ERAMON erh\u00e4lt Nominierung f\u00fcr den eAWARD 2023","isPartOf":{"@id":"https:\/\/eramon.de\/de\/#website"},"primaryImageOfPage":{"@id":"https:\/\/eramon.de\/de\/eramon-fuer-den-eaward-2023-nominiert\/#primaryimage"},"image":{"@id":"https:\/\/eramon.de\/de\/eramon-fuer-den-eaward-2023-nominiert\/#primaryimage"},"thumbnailUrl":"https:\/\/eramon.de\/wp-content\/uploads\/2023\/09\/Logo-eAward-Nominee_2023.jpg","datePublished":"2023-09-07T10:52:50+00:00","dateModified":"2024-11-15T08:55:03+00:00","description":"ERAMON erh\u00e4lt Nominierung f\u00fcr den eAWARD 2023 in der Kategorie Services und Prozesse \u2013 Besondere Anerkennung f\u00fcr das Projekt Premium Reporting","breadcrumb":{"@id":"https:\/\/eramon.de\/de\/eramon-fuer-den-eaward-2023-nominiert\/#breadcrumb"},"inLanguage":"de","potentialAction":[{"@type":"ReadAction","target":["https:\/\/eramon.de\/de\/eramon-fuer-den-eaward-2023-nominiert\/"]}]},{"@type":"ImageObject","inLanguage":"de","@id":"https:\/\/eramon.de\/de\/eramon-fuer-den-eaward-2023-nominiert\/#primaryimage","url":"https:\/\/eramon.de\/wp-content\/uploads\/2023\/09\/Logo-eAward-Nominee_2023.jpg","contentUrl":"https:\/\/eramon.de\/wp-content\/uploads\/2023\/09\/Logo-eAward-Nominee_2023.jpg","width":1039,"height":510,"caption":"eaward 2023 nominierung eramon"},{"@type":"BreadcrumbList","@id":"https:\/\/eramon.de\/de\/eramon-fuer-den-eaward-2023-nominiert\/#breadcrumb","itemListElement":[{"@type":"ListItem","position":1,"name":"Startseite","item":"https:\/\/eramon.de\/de\/"},{"@type":"ListItem","position":2,"name":"ERAMON f\u00fcr den eAWARD 2023 nominiert"}]},{"@type":"WebSite","@id":"https:\/\/eramon.de\/de\/#website","url":"https:\/\/eramon.de\/de\/","name":"ERAMON","description":"Network Management","publisher":{"@id":"https:\/\/eramon.de\/de\/#organization"},"potentialAction":[{"@type":"SearchAction","target":{"@type":"EntryPoint","urlTemplate":"https:\/\/eramon.de\/de\/?s={search_term_string}"},"query-input":{"@type":"PropertyValueSpecification","valueRequired":true,"valueName":"search_term_string"}}],"inLanguage":"de"},{"@type":"Organization","@id":"https:\/\/eramon.de\/de\/#organization","name":"ERAMON GmbH","url":"https:\/\/eramon.de\/de\/","logo":{"@type":"ImageObject","inLanguage":"de","@id":"https:\/\/eramon.de\/de\/#\/schema\/logo\/image\/","url":"https:\/\/eramon.de\/wp-content\/uploads\/2021\/02\/eramon-logo@2x-2.png","contentUrl":"https:\/\/eramon.de\/wp-content\/uploads\/2021\/02\/eramon-logo@2x-2.png","width":612,"height":224,"caption":"ERAMON GmbH"},"image":{"@id":"https:\/\/eramon.de\/de\/#\/schema\/logo\/image\/"},"sameAs":["https:\/\/www.linkedin.com\/company\/eramon-gmbh\/"]}]}},"_links":{"self":[{"href":"https:\/\/eramon.de\/de\/wp-json\/wp\/v2\/pages\/2560","targetHints":{"allow":["GET"]}}],"collection":[{"href":"https:\/\/eramon.de\/de\/wp-json\/wp\/v2\/pages"}],"about":[{"href":"https:\/\/eramon.de\/de\/wp-json\/wp\/v2\/types\/page"}],"author":[{"embeddable":true,"href":"https:\/\/eramon.de\/de\/wp-json\/wp\/v2\/users\/6"}],"replies":[{"embeddable":true,"href":"https:\/\/eramon.de\/de\/wp-json\/wp\/v2\/comments?post=2560"}],"version-history":[{"count":6,"href":"https:\/\/eramon.de\/de\/wp-json\/wp\/v2\/pages\/2560\/revisions"}],"predecessor-version":[{"id":3272,"href":"https:\/\/eramon.de\/de\/wp-json\/wp\/v2\/pages\/2560\/revisions\/3272"}],"wp:featuredmedia":[{"embeddable":true,"href":"https:\/\/eramon.de\/de\/wp-json\/wp\/v2\/media\/2549"}],"wp:attachment":[{"href":"https:\/\/eramon.de\/de\/wp-json\/wp\/v2\/media?parent=2560"}],"curies":[{"name":"wp","href":"https:\/\/api.w.org\/{rel}","templated":true}]}}