{"id":2605,"date":"2023-10-23T12:04:43","date_gmt":"2023-10-23T10:04:43","guid":{"rendered":"https:\/\/eramon.de\/?page_id=2605"},"modified":"2025-07-16T10:58:34","modified_gmt":"2025-07-16T08:58:34","slug":"informationssicherheitspolitik","status":"publish","type":"page","link":"https:\/\/eramon.de\/de\/informationssicherheitspolitik\/","title":{"rendered":"Informationssicherheitspolitik"},"content":{"rendered":"<div class=\"wpb-content-wrapper\"><p>[vc_row][vc_column]<div id=\"ultimate-heading-924069eb84626ab8f\" class=\"uvc-heading ult-adjust-bottom-margin ultimate-heading-924069eb84626ab8f uvc-5182 \" data-hspacer=\"line_only\"  data-halign=\"left\" style=\"text-align:left\"><div class=\"uvc-main-heading ult-responsive\"  data-ultimate-target='.uvc-heading.ultimate-heading-924069eb84626ab8f h1'  data-responsive-json-new='{\"font-size\":\"desktop:25px;\",\"line-height\":\"desktop:25px;\"}' ><h1 style=\"--font-weight:theme;color:#241f0c;margin-bottom:20px;\">Informationssicherheitspolitik der ERAMON GmbH<\/h1><\/div><div class=\"uvc-heading-spacer line_only\" style=\"margin-bottom:32px;height:2px;\"><span class=\"uvc-headings-line\" style=\"border-style:solid;border-bottom-width:2px;border-color:#cad30b;width:102px;\"><\/span><\/div><\/div>[vc_column_text css=&#8220;&#8220;]Die Informationssicherheit ist f\u00fcr uns von elementarer Bedeutung. Sie leistet einen wesentlichen Beitrag zur vertrauensvollen Zusammenarbeit mit unseren Gesch\u00e4ftspartnern sowie allen interessierten Parteien und hilft, den fortw\u00e4hrenden Unternehmenserfolg zu sichern.<\/p>\n<p>Allen Mitarbeiterinnen und Mitarbeitern ist unabdingbar die Notwendigkeit bewusst, die t\u00e4glichen Aufgaben im Sinne der Informationssicherheit durchzuf\u00fchren. Um dies sicherzustellen, findet die kontinuierliche Sensibilisierung und Qualifikation aller Mitarbeiterinnen und Mitarbeiter statt.<\/p>\n<p>Hierzu wurden von der Gesch\u00e4ftsleitung folgende Compliance-Leits\u00e4tze erstellt, die sich an den Vorgaben f\u00fcr ein <a href=\"https:\/\/de.wikipedia.org\/wiki\/Information_Security_Management_System\">Informationssicherheitsmanagementsystem<\/a> (ISMS) nach DIN EN ISO 27001:2022 ausrichten.[\/vc_column_text][vc_row_inner][vc_column_inner][vc_single_image image=&#8220;3075&#8243; img_size=&#8220;medium&#8220; alignment=&#8220;center&#8220; style=&#8220;vc_box_circle_2&#8243; css=&#8220;&#8220; el_id=&#8220;Eramon&#8220;][\/vc_column_inner][\/vc_row_inner][\/vc_column][\/vc_row][vc_row][vc_column]<div id=\"ultimate-heading-624869eb84626ac1a\" class=\"uvc-heading ult-adjust-bottom-margin ultimate-heading-624869eb84626ac1a uvc-9245 \" data-hspacer=\"line_only\"  data-halign=\"left\" style=\"text-align:left\"><div class=\"uvc-main-heading ult-responsive\"  data-ultimate-target='.uvc-heading.ultimate-heading-624869eb84626ac1a h3'  data-responsive-json-new='{\"font-size\":\"desktop:20px;\",\"line-height\":\"desktop:20px;\"}' ><h3 style=\"--font-weight:theme;color:#241f0c;margin-bottom:20px;\">Verantwortung<\/h3><\/div><div class=\"uvc-heading-spacer line_only\" style=\"margin-bottom:32px;height:2px;\"><span class=\"uvc-headings-line\" style=\"border-style:solid;border-bottom-width:2px;border-color:#b4b4b4;width:51px;\"><\/span><\/div><\/div>[vc_column_text]Die Gesch\u00e4ftsleitung unterst\u00fctzt die Aufrechterhaltung des ISMS. Mitarbeiter wurden sensibilisiert, m\u00f6gliche Verbesserungen oder Schwachstellen unverz\u00fcglich zu melden.[\/vc_column_text]<div id=\"ultimate-heading-329669eb84626ac78\" class=\"uvc-heading ult-adjust-bottom-margin ultimate-heading-329669eb84626ac78 uvc-6747 \" data-hspacer=\"line_only\"  data-halign=\"left\" style=\"text-align:left\"><div class=\"uvc-main-heading ult-responsive\"  data-ultimate-target='.uvc-heading.ultimate-heading-329669eb84626ac78 h3'  data-responsive-json-new='{\"font-size\":\"desktop:20px;\",\"line-height\":\"desktop:20px;\"}' ><h3 style=\"--font-weight:theme;color:#241f0c;margin-bottom:20px;\">Vertraulichkeit<\/h3><\/div><div class=\"uvc-heading-spacer line_only\" style=\"margin-bottom:32px;height:2px;\"><span class=\"uvc-headings-line\" style=\"border-style:solid;border-bottom-width:2px;border-color:#b4b4b4;width:51px;\"><\/span><\/div><\/div>[vc_column_text]S\u00e4mtliche Informationen, die nicht \u00f6ffentlich sind, werden vor unbefugtem Zugriff durch Autorisierung gesch\u00fctzt. Informationen werden nur im Einklang mit ERAMON GmbHs Sicherheitsrichtlinien ver- und bearbeitet.[\/vc_column_text]<div id=\"ultimate-heading-814669eb84626accd\" class=\"uvc-heading ult-adjust-bottom-margin ultimate-heading-814669eb84626accd uvc-1234 \" data-hspacer=\"line_only\"  data-halign=\"left\" style=\"text-align:left\"><div class=\"uvc-main-heading ult-responsive\"  data-ultimate-target='.uvc-heading.ultimate-heading-814669eb84626accd h3'  data-responsive-json-new='{\"font-size\":\"desktop:20px;\",\"line-height\":\"desktop:20px;\"}' ><h3 style=\"--font-weight:theme;color:#241f0c;margin-bottom:20px;\">Integrit\u00e4t<\/h3><\/div><div class=\"uvc-heading-spacer line_only\" style=\"margin-bottom:32px;height:2px;\"><span class=\"uvc-headings-line\" style=\"border-style:solid;border-bottom-width:2px;border-color:#b4b4b4;width:51px;\"><\/span><\/div><\/div>[vc_column_text]Informationen werden so behandelt, dass sie stets vollst\u00e4ndig und unver\u00e4ndert zur Verf\u00fcgung stehen.<\/p>\n<p>Das Senden und Empfangen von Informationen kann von niemand geleugnet oder bestritten werden. (Verbindlichkeit)<\/p>\n<p>Zugang zu Informationen und dem nicht\u00f6ffentlichen Bereich der Organisation erhalten nur diejenigen Personen oder Entit\u00e4ten, deren Identit\u00e4t oder andere Eigenschaften sowie deren berechtigtes Interesse zweifelsfrei nachgewiesen wurden. (Authentizit\u00e4t)[\/vc_column_text]<div id=\"ultimate-heading-527569eb84626ad1f\" class=\"uvc-heading ult-adjust-bottom-margin ultimate-heading-527569eb84626ad1f uvc-8286 \" data-hspacer=\"line_only\"  data-halign=\"left\" style=\"text-align:left\"><div class=\"uvc-main-heading ult-responsive\"  data-ultimate-target='.uvc-heading.ultimate-heading-527569eb84626ad1f h3'  data-responsive-json-new='{\"font-size\":\"desktop:20px;\",\"line-height\":\"desktop:20px;\"}' ><h3 style=\"--font-weight:theme;color:#241f0c;margin-bottom:20px;\">Verf\u00fcgbarkeit<\/h3><\/div><div class=\"uvc-heading-spacer line_only\" style=\"margin-bottom:32px;height:2px;\"><span class=\"uvc-headings-line\" style=\"border-style:solid;border-bottom-width:2px;border-color:#b4b4b4;width:51px;\"><\/span><\/div><\/div>[vc_column_text]Die Informations- und IT-Systeme werden so betrieben, dass den anfordernden interessierten Parteien Informationen und Funktionen immer zum geforderten Zeitpunkt zur Verf\u00fcgung stehen.[\/vc_column_text]<div id=\"ultimate-heading-314669eb84626ad70\" class=\"uvc-heading ult-adjust-bottom-margin ultimate-heading-314669eb84626ad70 uvc-1254 \" data-hspacer=\"line_only\"  data-halign=\"left\" style=\"text-align:left\"><div class=\"uvc-main-heading ult-responsive\"  data-ultimate-target='.uvc-heading.ultimate-heading-314669eb84626ad70 h3'  data-responsive-json-new='{\"font-size\":\"desktop:20px;\",\"line-height\":\"desktop:20px;\"}' ><h3 style=\"--font-weight:theme;color:#241f0c;margin-bottom:20px;\">Fortlaufende Verbesserung<\/h3><\/div><div class=\"uvc-heading-spacer line_only\" style=\"margin-bottom:32px;height:2px;\"><span class=\"uvc-headings-line\" style=\"border-style:solid;border-bottom-width:2px;border-color:#b4b4b4;width:51px;\"><\/span><\/div><\/div>[vc_column_text]Das ISMS wird mindestens einmal j\u00e4hrlich auf seine Aktualit\u00e4t und Wirksamkeit gepr\u00fcft. Ma\u00dfnahmen werden daraufhin untersucht, ob sie den betroffenen Mitarbeitern bekannt, umsetzbar und in den Betriebsablauf integrierbar sind.[\/vc_column_text]<div id=\"ultimate-heading-873469eb84626adbd\" class=\"uvc-heading ult-adjust-bottom-margin ultimate-heading-873469eb84626adbd uvc-8354 \" data-hspacer=\"line_only\"  data-halign=\"left\" style=\"text-align:left\"><div class=\"uvc-main-heading ult-responsive\"  data-ultimate-target='.uvc-heading.ultimate-heading-873469eb84626adbd h3'  data-responsive-json-new='{\"font-size\":\"desktop:20px;\",\"line-height\":\"desktop:20px;\"}' ><h3 style=\"--font-weight:theme;color:#241f0c;margin-bottom:20px;\">Umgang mit Abweichungen<\/h3><\/div><div class=\"uvc-heading-spacer line_only\" style=\"margin-bottom:32px;height:2px;\"><span class=\"uvc-headings-line\" style=\"border-style:solid;border-bottom-width:2px;border-color:#b4b4b4;width:51px;\"><\/span><\/div><\/div>[vc_column_text]Abweichungen werden mit dem Ziel analysiert, das ISMS zu verbessern und st\u00e4ndig auf dem aktuellen Stand der IT-Sicherheitstechnik zu halten.[\/vc_column_text]<div id=\"ultimate-heading-576669eb84626ae09\" class=\"uvc-heading ult-adjust-bottom-margin ultimate-heading-576669eb84626ae09 uvc-5973 \" data-hspacer=\"line_only\"  data-halign=\"left\" style=\"text-align:left\"><div class=\"uvc-main-heading ult-responsive\"  data-ultimate-target='.uvc-heading.ultimate-heading-576669eb84626ae09 h3'  data-responsive-json-new='{\"font-size\":\"desktop:20px;\",\"line-height\":\"desktop:20px;\"}' ><h3 style=\"--font-weight:theme;color:#241f0c;margin-bottom:20px;\">Kontakt<\/h3><\/div><div class=\"uvc-heading-spacer line_only\" style=\"margin-bottom:32px;height:2px;\"><span class=\"uvc-headings-line\" style=\"border-style:solid;border-bottom-width:2px;border-color:#b4b4b4;width:51px;\"><\/span><\/div><\/div>[vc_column_text]Um das Ziel der kontinuierlichen Verbesserung angemessen erreichen zu k\u00f6nnen, haben wir f\u00fcr den Kontakt eine E-Mail-Adresse eingerichtet, an welche Sie Sicherheitsvorf\u00e4lle, Verbesserungsvorschl\u00e4ge und Anmerkungen zu Abweichungen senden k\u00f6nnen.<\/p>\n<p><a href=\"mailto:sicherheitsvorfall@eramon.de\">sicherheitsvorfall@eramon.de<\/a>[\/vc_column_text]<div id=\"ultimate-heading-998369eb84626ae54\" class=\"uvc-heading ult-adjust-bottom-margin ultimate-heading-998369eb84626ae54 uvc-8521 \" data-hspacer=\"line_only\"  data-halign=\"left\" style=\"text-align:left\"><div class=\"uvc-main-heading ult-responsive\"  data-ultimate-target='.uvc-heading.ultimate-heading-998369eb84626ae54 h3'  data-responsive-json-new='{\"font-size\":\"desktop:20px;\",\"line-height\":\"desktop:20px;\"}' ><h3 style=\"--font-weight:theme;color:#241f0c;margin-bottom:20px;\">Management und Organisation<\/h3><\/div><div class=\"uvc-heading-spacer line_only\" style=\"margin-bottom:32px;height:2px;\"><span class=\"uvc-headings-line\" style=\"border-style:solid;border-bottom-width:2px;border-color:#b4b4b4;width:51px;\"><\/span><\/div><\/div><div class=\"standard-arrow\"><p>Unsere Verpflichtung zum ISMS:<\/p>\n<ul>\n<li>Festlegung der Informationssicherheitspolitik und der Informationssicherheitsziele unter Beachtung der strategischen Ausrichtung,<\/li>\n<li>Umsetzung in allen Gesch\u00e4ftsprozessen,<\/li>\n<li>Bereitstellung von notwendigen Ressourcen,<\/li>\n<li>Laufende Vermittlung des ISMS auf allen internen Ebenen,<\/li>\n<li>Gew\u00e4hrleistung der Zielerreichung,<\/li>\n<li>Unterst\u00fctzung und Anleitung der Beteiligten,<\/li>\n<li>Fortlaufende Verbesserung und<\/li>\n<li>Unterst\u00fctzung der F\u00fchrungskr\u00e4fte.<\/li>\n<\/ul>\n<\/div><div class=\"ult-spacer spacer-69eb84626af09\" data-id=\"69eb84626af09\" data-height=\"50\" data-height-mobile=\"10\" data-height-tab=\"10\" data-height-tab-portrait=\"10\" data-height-mobile-landscape=\"10\" style=\"clear:both;display:block;\"><\/div>[vc_column_text css=&#8220;&#8220;]Gersthofen, den 10.06.2025<\/p>\n<p>[\/vc_column_text][\/vc_column][\/vc_row]<\/p>\n<\/div>","protected":false},"excerpt":{"rendered":"<p>[vc_row][vc_column][vc_column_text css=&#8220;&#8220;]Die Informationssicherheit ist f\u00fcr uns von elementarer Bedeutung. Sie leistet einen wesentlichen Beitrag zur vertrauensvollen Zusammenarbeit mit unseren Gesch\u00e4ftspartnern sowie allen interessierten Parteien und hilft, den fortw\u00e4hrenden Unternehmenserfolg zu sichern. Allen Mitarbeiterinnen und Mitarbeitern ist unabdingbar die Notwendigkeit bewusst, die t\u00e4glichen Aufgaben im Sinne der Informationssicherheit durchzuf\u00fchren. Um dies sicherzustellen, findet die kontinuierliche Sensibilisierung&hellip;<\/p>\n","protected":false},"author":6,"featured_media":0,"parent":0,"menu_order":0,"comment_status":"closed","ping_status":"closed","template":"","meta":{"_monsterinsights_skip_tracking":false,"_monsterinsights_sitenote_active":false,"_monsterinsights_sitenote_note":"","_monsterinsights_sitenote_category":0,"footnotes":""},"class_list":["post-2605","page","type-page","status-publish","hentry","description-off"],"yoast_head":"<!-- This site is optimized with the Yoast SEO plugin v27.4 - https:\/\/yoast.com\/product\/yoast-seo-wordpress\/ -->\n<title>Politik der Informationssicherheit der ERAMON GmbH<\/title>\n<meta name=\"description\" content=\"Politik der Informationssicherheit der ERAMON GmbH\" \/>\n<meta name=\"robots\" content=\"index, follow, max-snippet:-1, max-image-preview:large, max-video-preview:-1\" \/>\n<link rel=\"canonical\" href=\"https:\/\/eramon.de\/de\/informationssicherheitspolitik\/\" \/>\n<meta property=\"og:locale\" content=\"de_DE\" \/>\n<meta property=\"og:type\" content=\"article\" \/>\n<meta property=\"og:title\" content=\"Politik der Informationssicherheit der ERAMON GmbH\" \/>\n<meta property=\"og:description\" content=\"Politik der Informationssicherheit der ERAMON GmbH\" \/>\n<meta property=\"og:url\" content=\"https:\/\/eramon.de\/de\/informationssicherheitspolitik\/\" \/>\n<meta property=\"og:site_name\" content=\"ERAMON\" \/>\n<meta property=\"article:modified_time\" content=\"2025-07-16T08:58:34+00:00\" \/>\n<meta name=\"twitter:card\" content=\"summary_large_image\" \/>\n<meta name=\"twitter:label1\" content=\"Gesch\u00e4tzte Lesezeit\" \/>\n\t<meta name=\"twitter:data1\" content=\"3\u00a0Minuten\" \/>\n<script type=\"application\/ld+json\" class=\"yoast-schema-graph\">{\"@context\":\"https:\\\/\\\/schema.org\",\"@graph\":[{\"@type\":\"WebPage\",\"@id\":\"https:\\\/\\\/eramon.de\\\/de\\\/informationssicherheitspolitik\\\/\",\"url\":\"https:\\\/\\\/eramon.de\\\/de\\\/informationssicherheitspolitik\\\/\",\"name\":\"Politik der Informationssicherheit der ERAMON GmbH\",\"isPartOf\":{\"@id\":\"https:\\\/\\\/eramon.de\\\/de\\\/#website\"},\"datePublished\":\"2023-10-23T10:04:43+00:00\",\"dateModified\":\"2025-07-16T08:58:34+00:00\",\"description\":\"Politik der Informationssicherheit der ERAMON GmbH\",\"breadcrumb\":{\"@id\":\"https:\\\/\\\/eramon.de\\\/de\\\/informationssicherheitspolitik\\\/#breadcrumb\"},\"inLanguage\":\"de\",\"potentialAction\":[{\"@type\":\"ReadAction\",\"target\":[\"https:\\\/\\\/eramon.de\\\/de\\\/informationssicherheitspolitik\\\/\"]}]},{\"@type\":\"BreadcrumbList\",\"@id\":\"https:\\\/\\\/eramon.de\\\/de\\\/informationssicherheitspolitik\\\/#breadcrumb\",\"itemListElement\":[{\"@type\":\"ListItem\",\"position\":1,\"name\":\"Startseite\",\"item\":\"https:\\\/\\\/eramon.de\\\/de\\\/\"},{\"@type\":\"ListItem\",\"position\":2,\"name\":\"Informationssicherheitspolitik\"}]},{\"@type\":\"WebSite\",\"@id\":\"https:\\\/\\\/eramon.de\\\/de\\\/#website\",\"url\":\"https:\\\/\\\/eramon.de\\\/de\\\/\",\"name\":\"ERAMON\",\"description\":\"Network Management\",\"publisher\":{\"@id\":\"https:\\\/\\\/eramon.de\\\/de\\\/#organization\"},\"potentialAction\":[{\"@type\":\"SearchAction\",\"target\":{\"@type\":\"EntryPoint\",\"urlTemplate\":\"https:\\\/\\\/eramon.de\\\/de\\\/?s={search_term_string}\"},\"query-input\":{\"@type\":\"PropertyValueSpecification\",\"valueRequired\":true,\"valueName\":\"search_term_string\"}}],\"inLanguage\":\"de\"},{\"@type\":\"Organization\",\"@id\":\"https:\\\/\\\/eramon.de\\\/de\\\/#organization\",\"name\":\"ERAMON GmbH\",\"url\":\"https:\\\/\\\/eramon.de\\\/de\\\/\",\"logo\":{\"@type\":\"ImageObject\",\"inLanguage\":\"de\",\"@id\":\"https:\\\/\\\/eramon.de\\\/de\\\/#\\\/schema\\\/logo\\\/image\\\/\",\"url\":\"https:\\\/\\\/eramon.de\\\/wp-content\\\/uploads\\\/2021\\\/02\\\/eramon-logo@2x-2.png\",\"contentUrl\":\"https:\\\/\\\/eramon.de\\\/wp-content\\\/uploads\\\/2021\\\/02\\\/eramon-logo@2x-2.png\",\"width\":612,\"height\":224,\"caption\":\"ERAMON GmbH\"},\"image\":{\"@id\":\"https:\\\/\\\/eramon.de\\\/de\\\/#\\\/schema\\\/logo\\\/image\\\/\"},\"sameAs\":[\"https:\\\/\\\/www.linkedin.com\\\/company\\\/eramon-gmbh\\\/\"]}]}<\/script>\n<!-- \/ Yoast SEO plugin. -->","yoast_head_json":{"title":"Politik der Informationssicherheit der ERAMON GmbH","description":"Politik der Informationssicherheit der ERAMON GmbH","robots":{"index":"index","follow":"follow","max-snippet":"max-snippet:-1","max-image-preview":"max-image-preview:large","max-video-preview":"max-video-preview:-1"},"canonical":"https:\/\/eramon.de\/de\/informationssicherheitspolitik\/","og_locale":"de_DE","og_type":"article","og_title":"Politik der Informationssicherheit der ERAMON GmbH","og_description":"Politik der Informationssicherheit der ERAMON GmbH","og_url":"https:\/\/eramon.de\/de\/informationssicherheitspolitik\/","og_site_name":"ERAMON","article_modified_time":"2025-07-16T08:58:34+00:00","twitter_card":"summary_large_image","twitter_misc":{"Gesch\u00e4tzte Lesezeit":"3\u00a0Minuten"},"schema":{"@context":"https:\/\/schema.org","@graph":[{"@type":"WebPage","@id":"https:\/\/eramon.de\/de\/informationssicherheitspolitik\/","url":"https:\/\/eramon.de\/de\/informationssicherheitspolitik\/","name":"Politik der Informationssicherheit der ERAMON GmbH","isPartOf":{"@id":"https:\/\/eramon.de\/de\/#website"},"datePublished":"2023-10-23T10:04:43+00:00","dateModified":"2025-07-16T08:58:34+00:00","description":"Politik der Informationssicherheit der ERAMON GmbH","breadcrumb":{"@id":"https:\/\/eramon.de\/de\/informationssicherheitspolitik\/#breadcrumb"},"inLanguage":"de","potentialAction":[{"@type":"ReadAction","target":["https:\/\/eramon.de\/de\/informationssicherheitspolitik\/"]}]},{"@type":"BreadcrumbList","@id":"https:\/\/eramon.de\/de\/informationssicherheitspolitik\/#breadcrumb","itemListElement":[{"@type":"ListItem","position":1,"name":"Startseite","item":"https:\/\/eramon.de\/de\/"},{"@type":"ListItem","position":2,"name":"Informationssicherheitspolitik"}]},{"@type":"WebSite","@id":"https:\/\/eramon.de\/de\/#website","url":"https:\/\/eramon.de\/de\/","name":"ERAMON","description":"Network Management","publisher":{"@id":"https:\/\/eramon.de\/de\/#organization"},"potentialAction":[{"@type":"SearchAction","target":{"@type":"EntryPoint","urlTemplate":"https:\/\/eramon.de\/de\/?s={search_term_string}"},"query-input":{"@type":"PropertyValueSpecification","valueRequired":true,"valueName":"search_term_string"}}],"inLanguage":"de"},{"@type":"Organization","@id":"https:\/\/eramon.de\/de\/#organization","name":"ERAMON GmbH","url":"https:\/\/eramon.de\/de\/","logo":{"@type":"ImageObject","inLanguage":"de","@id":"https:\/\/eramon.de\/de\/#\/schema\/logo\/image\/","url":"https:\/\/eramon.de\/wp-content\/uploads\/2021\/02\/eramon-logo@2x-2.png","contentUrl":"https:\/\/eramon.de\/wp-content\/uploads\/2021\/02\/eramon-logo@2x-2.png","width":612,"height":224,"caption":"ERAMON GmbH"},"image":{"@id":"https:\/\/eramon.de\/de\/#\/schema\/logo\/image\/"},"sameAs":["https:\/\/www.linkedin.com\/company\/eramon-gmbh\/"]}]}},"_links":{"self":[{"href":"https:\/\/eramon.de\/de\/wp-json\/wp\/v2\/pages\/2605","targetHints":{"allow":["GET"]}}],"collection":[{"href":"https:\/\/eramon.de\/de\/wp-json\/wp\/v2\/pages"}],"about":[{"href":"https:\/\/eramon.de\/de\/wp-json\/wp\/v2\/types\/page"}],"author":[{"embeddable":true,"href":"https:\/\/eramon.de\/de\/wp-json\/wp\/v2\/users\/6"}],"replies":[{"embeddable":true,"href":"https:\/\/eramon.de\/de\/wp-json\/wp\/v2\/comments?post=2605"}],"version-history":[{"count":18,"href":"https:\/\/eramon.de\/de\/wp-json\/wp\/v2\/pages\/2605\/revisions"}],"predecessor-version":[{"id":3491,"href":"https:\/\/eramon.de\/de\/wp-json\/wp\/v2\/pages\/2605\/revisions\/3491"}],"wp:attachment":[{"href":"https:\/\/eramon.de\/de\/wp-json\/wp\/v2\/media?parent=2605"}],"curies":[{"name":"wp","href":"https:\/\/api.w.org\/{rel}","templated":true}]}}