{"id":2608,"date":"2023-10-23T12:04:44","date_gmt":"2023-10-23T10:04:44","guid":{"rendered":"https:\/\/eramon.de\/?page_id=2608"},"modified":"2025-11-28T11:17:32","modified_gmt":"2025-11-28T10:17:32","slug":"qualitaetspolitik","status":"publish","type":"page","link":"https:\/\/eramon.de\/de\/qualitaetspolitik\/","title":{"rendered":"Qualit\u00e4tspolitik"},"content":{"rendered":"<div class=\"wpb-content-wrapper\"><p>[vc_row][vc_column width=&#8220;5\/6&#8243;]<div id=\"ultimate-heading-666769eb84623f541\" class=\"uvc-heading ult-adjust-bottom-margin ultimate-heading-666769eb84623f541 uvc-9300 \" data-hspacer=\"line_only\"  data-halign=\"left\" style=\"text-align:left\"><div class=\"uvc-main-heading ult-responsive\"  data-ultimate-target='.uvc-heading.ultimate-heading-666769eb84623f541 h1'  data-responsive-json-new='{\"font-size\":\"desktop:25px;\",\"line-height\":\"desktop:25px;\"}' ><h1 style=\"--font-weight:theme;color:#241f0c;margin-bottom:20px;\">Qualit\u00e4tspolitik ERAMON GmbH<\/h1><\/div><div class=\"uvc-heading-spacer line_only\" style=\"margin-bottom:32px;height:2px;\"><span class=\"uvc-headings-line\" style=\"border-style:solid;border-bottom-width:2px;border-color:#cad30b;width:102px;\"><\/span><\/div><\/div>[vc_column_text css=&#8220;&#8220;]<span style=\"font-weight: 400;\">Wir, die Firma ERAMON GmbH, verpflichten uns, eine qualitativ hochwertige Softwarel\u00f6sung zu liefern, die die Erwartungen unserer Kunden erf\u00fcllt und \u00fcbertrifft.<\/span><\/p>\n<p><span style=\"font-weight: 400;\">Wir betreiben ein Qualit\u00e4tsmanagementsystem, welches sich nach der <a href=\"https:\/\/de.wikipedia.org\/wiki\/ISO_9001\">ISO-Norm 9001:2015<\/a> richtet, und sind bestrebt, unsere Prozesse und Dienstleistungen kontinuierlich zu verbessern.<\/span><span style=\"font-weight: 400;\"><br \/>\n<\/span>[\/vc_column_text]<div class=\"ult-spacer spacer-69eb84623f5f9\" data-id=\"69eb84623f5f9\" data-height=\"15\" data-height-mobile=\"5\" data-height-tab=\"5\" data-height-tab-portrait=\"5\" data-height-mobile-landscape=\"5\" style=\"clear:both;display:block;\"><\/div>[\/vc_column][vc_column width=&#8220;1\/6&#8243;][vc_single_image image=&#8220;2857&#8243; css=&#8220;&#8220;][\/vc_column][\/vc_row][vc_row][vc_column]<div id=\"ultimate-heading-363369eb84623f658\" class=\"uvc-heading ult-adjust-bottom-margin ultimate-heading-363369eb84623f658 uvc-8291 \" data-hspacer=\"no_spacer\"  data-halign=\"left\" style=\"text-align:left\"><div class=\"uvc-heading-spacer no_spacer\" style=\"top\"><\/div><div class=\"uvc-main-heading ult-responsive\"  data-ultimate-target='.uvc-heading.ultimate-heading-363369eb84623f658 h3'  data-responsive-json-new='{\"font-size\":\"desktop:23px;\",\"line-height\":\"desktop:23px;\"}' ><h3 style=\"font-weight:bold;color:#241f0c;margin-bottom:20px;\">Unsere Verpflichtungen<\/h3><\/div><\/div><div class=\"ult-spacer spacer-69eb84623f6ca\" data-id=\"69eb84623f6ca\" data-height=\"20\" data-height-mobile=\"5\" data-height-tab=\"5\" data-height-tab-portrait=\"5\" data-height-mobile-landscape=\"5\" style=\"clear:both;display:block;\"><\/div><div id=\"ultimate-heading-477869eb84623f727\" class=\"uvc-heading ult-adjust-bottom-margin ultimate-heading-477869eb84623f727 uvc-6003 \" data-hspacer=\"line_only\"  data-halign=\"left\" style=\"text-align:left\"><div class=\"uvc-main-heading ult-responsive\"  data-ultimate-target='.uvc-heading.ultimate-heading-477869eb84623f727 h5'  data-responsive-json-new='{\"font-size\":\"desktop:20px;\",\"line-height\":\"desktop:20px;\"}' ><h5 style=\"--font-weight:theme;color:#241f0c;margin-bottom:20px;\">Kundenzufriedenheit<\/h5><\/div><div class=\"uvc-heading-spacer line_only\" style=\"margin-bottom:32px;height:2px;\"><span class=\"uvc-headings-line\" style=\"border-style:solid;border-bottom-width:2px;border-color:#b4b4b4;width:51px;\"><\/span><\/div><\/div>[vc_column_text css=&#8220;&#8220;]<span style=\"font-weight: 400;\">Unser Hauptaugenmerk liegt darauf, die Bed\u00fcrfnisse unserer Kunden zu verstehen und Software zu liefern, die ihre Erwartungen nicht nur erf\u00fcllt, sondern sogar \u00fcbertrifft. Wir sind bestrebt, einen au\u00dfergew\u00f6hnlichen Kundenservice und -support zu bieten. <\/span><a href=\"https:\/\/eramon.de\/de\/referenzen\/\"><span style=\"font-weight: 400;\">Das berichten unsere Kunden<\/span><\/a><span style=\"font-weight: 400;\">.<\/span>[\/vc_column_text]<div id=\"ultimate-heading-972369eb84623f7b3\" class=\"uvc-heading ult-adjust-bottom-margin ultimate-heading-972369eb84623f7b3 uvc-6727 \" data-hspacer=\"line_only\"  data-halign=\"left\" style=\"text-align:left\"><div class=\"uvc-main-heading ult-responsive\"  data-ultimate-target='.uvc-heading.ultimate-heading-972369eb84623f7b3 h5'  data-responsive-json-new='{\"font-size\":\"desktop:20px;\",\"line-height\":\"desktop:20px;\"}' ><h5 style=\"--font-weight:theme;color:#241f0c;margin-bottom:20px;\">Kontinuierliche Verbesserung<\/h5><\/div><div class=\"uvc-heading-spacer line_only\" style=\"margin-bottom:32px;height:2px;\"><span class=\"uvc-headings-line\" style=\"border-style:solid;border-bottom-width:2px;border-color:#b4b4b4;width:51px;\"><\/span><\/div><\/div>[vc_column_text]Wir streben nach st\u00e4ndiger Prozessverbesserung, um die Effektivit\u00e4t und Effizienz unseres Softwareentwicklungslebenszyklus zu gew\u00e4hrleisten. Wir \u00fcberwachen unsere Leistung und ergreifen proaktive Ma\u00dfnahmen, um die Qualit\u00e4t unserer Ergebnisse zu verbessern.[\/vc_column_text]<div id=\"ultimate-heading-923869eb84623f834\" class=\"uvc-heading ult-adjust-bottom-margin ultimate-heading-923869eb84623f834 uvc-6483 \" data-hspacer=\"line_only\"  data-halign=\"left\" style=\"text-align:left\"><div class=\"uvc-main-heading ult-responsive\"  data-ultimate-target='.uvc-heading.ultimate-heading-923869eb84623f834 h5'  data-responsive-json-new='{\"font-size\":\"desktop:20px;\",\"line-height\":\"desktop:20px;\"}' ><h5 style=\"--font-weight:theme;color:#241f0c;margin-bottom:20px;\">Sicherung der Qualit\u00e4t<\/h5><\/div><div class=\"uvc-heading-spacer line_only\" style=\"margin-bottom:32px;height:2px;\"><span class=\"uvc-headings-line\" style=\"border-style:solid;border-bottom-width:2px;border-color:#b4b4b4;width:51px;\"><\/span><\/div><\/div>[vc_column_text css=&#8220;&#8220;]<span style=\"font-weight: 400;\">Wir pflegen in unserer gesamten Organisation eine Kultur der Qualit\u00e4t. Unser Team hat sich dazu verpflichtet, bew\u00e4hrte Verfahren und Industriestandards zu befolgen und die Anforderungen der ISO-NORM 9001:2015 einzuhalten.<\/span>[\/vc_column_text]<div id=\"ultimate-heading-264969eb84623f8b1\" class=\"uvc-heading ult-adjust-bottom-margin ultimate-heading-264969eb84623f8b1 uvc-3503 \" data-hspacer=\"line_only\"  data-halign=\"left\" style=\"text-align:left\"><div class=\"uvc-main-heading ult-responsive\"  data-ultimate-target='.uvc-heading.ultimate-heading-264969eb84623f8b1 h5'  data-responsive-json-new='{\"font-size\":\"desktop:20px;\",\"line-height\":\"desktop:20px;\"}' ><h5 style=\"--font-weight:theme;color:#241f0c;margin-bottom:20px;\">Risikomanagement<\/h5><\/div><div class=\"uvc-heading-spacer line_only\" style=\"margin-bottom:32px;height:2px;\"><span class=\"uvc-headings-line\" style=\"border-style:solid;border-bottom-width:2px;border-color:#b4b4b4;width:51px;\"><\/span><\/div><\/div>[vc_column_text]Wir identifizieren und mindern die mit Softwareentwicklungsprojekten verbundenen Risiken. Indem wir potenzielle Probleme proaktiv angehen, gew\u00e4hrleisten wir die p\u00fcnktliche Lieferung hochwertiger Softwarel\u00f6sungen.[\/vc_column_text]<div id=\"ultimate-heading-606569eb84623f931\" class=\"uvc-heading ult-adjust-bottom-margin ultimate-heading-606569eb84623f931 uvc-4564 \" data-hspacer=\"line_only\"  data-halign=\"left\" style=\"text-align:left\"><div class=\"uvc-main-heading ult-responsive\"  data-ultimate-target='.uvc-heading.ultimate-heading-606569eb84623f931 h5'  data-responsive-json-new='{\"font-size\":\"desktop:20px;\",\"line-height\":\"desktop:20px;\"}' ><h5 style=\"--font-weight:theme;color:#241f0c;margin-bottom:20px;\">Kompetenz und Schulung<\/h5><\/div><div class=\"uvc-heading-spacer line_only\" style=\"margin-bottom:32px;height:2px;\"><span class=\"uvc-headings-line\" style=\"border-style:solid;border-bottom-width:2px;border-color:#b4b4b4;width:51px;\"><\/span><\/div><\/div>[vc_column_text]Wir investieren in die F\u00e4higkeiten und das Fachwissen unseres Teams und halten es durch kontinuierliche Schulungen auf dem neuesten Stand der Technik und der besten Praktiken in der Softwareentwicklung.[\/vc_column_text]<div id=\"ultimate-heading-317469eb84623f9ab\" class=\"uvc-heading ult-adjust-bottom-margin ultimate-heading-317469eb84623f9ab uvc-5699 \" data-hspacer=\"line_only\"  data-halign=\"left\" style=\"text-align:left\"><div class=\"uvc-main-heading ult-responsive\"  data-ultimate-target='.uvc-heading.ultimate-heading-317469eb84623f9ab h5'  data-responsive-json-new='{\"font-size\":\"desktop:20px;\",\"line-height\":\"desktop:20px;\"}' ><h5 style=\"--font-weight:theme;color:#241f0c;margin-bottom:20px;\">Datengest\u00fctzte Entscheidungen<\/h5><\/div><div class=\"uvc-heading-spacer line_only\" style=\"margin-bottom:32px;height:2px;\"><span class=\"uvc-headings-line\" style=\"border-style:solid;border-bottom-width:2px;border-color:#b4b4b4;width:51px;\"><\/span><\/div><\/div>[vc_column_text]Wir st\u00fctzen unsere Entscheidungen auf genaue und zuverl\u00e4ssige Daten. Wir nutzen wichtige Leistungsindikatoren (KPIs) und das Feedback unserer Kunden, um unsere Verbesserungsma\u00dfnahmen voranzutreiben.[\/vc_column_text]<div id=\"ultimate-heading-714069eb84623fa23\" class=\"uvc-heading ult-adjust-bottom-margin ultimate-heading-714069eb84623fa23 uvc-6860 \" data-hspacer=\"line_only\"  data-halign=\"left\" style=\"text-align:left\"><div class=\"uvc-main-heading ult-responsive\"  data-ultimate-target='.uvc-heading.ultimate-heading-714069eb84623fa23 h5'  data-responsive-json-new='{\"font-size\":\"desktop:20px;\",\"line-height\":\"desktop:20px;\"}' ><h5 style=\"--font-weight:theme;color:#241f0c;margin-bottom:20px;\">Einhaltung rechtlicher und beh\u00f6rdlicher Vorschriften<\/h5><\/div><div class=\"uvc-heading-spacer line_only\" style=\"margin-bottom:32px;height:2px;\"><span class=\"uvc-headings-line\" style=\"border-style:solid;border-bottom-width:2px;border-color:#b4b4b4;width:51px;\"><\/span><\/div><\/div>[vc_column_text]Wir verpflichten uns zur Einhaltung aller relevanten Gesetze und Vorschriften und stellen sicher, dass unsere Softwarel\u00f6sungen die gesetzlichen und branchenspezifischen Anforderungen erf\u00fcllen.[\/vc_column_text]<div id=\"ultimate-heading-519869eb84623fa9a\" class=\"uvc-heading ult-adjust-bottom-margin ultimate-heading-519869eb84623fa9a uvc-3998 \" data-hspacer=\"line_only\"  data-halign=\"left\" style=\"text-align:left\"><div class=\"uvc-main-heading ult-responsive\"  data-ultimate-target='.uvc-heading.ultimate-heading-519869eb84623fa9a h5'  data-responsive-json-new='{\"font-size\":\"desktop:20px;\",\"line-height\":\"desktop:20px;\"}' ><h5 style=\"--font-weight:theme;color:#241f0c;margin-bottom:20px;\">Qualit\u00e4tsziele<\/h5><\/div><div class=\"uvc-heading-spacer line_only\" style=\"margin-bottom:32px;height:2px;\"><span class=\"uvc-headings-line\" style=\"border-style:solid;border-bottom-width:2px;border-color:#b4b4b4;width:51px;\"><\/span><\/div><\/div><div class=\"standard-arrow\"><ul>\n<li>Meldungen \u00fcber M\u00e4ngel so gering wie m\u00f6glich zu halten<\/li>\n<li>Schneller und hochwertiger Support im direkten Austausch mit unseren Kunden<\/li>\n<li>Erf\u00fcllung unserer Service Level Agreements<\/li>\n<\/ul>\n<\/div><div class=\"ult-spacer spacer-69eb84623fbaf\" data-id=\"69eb84623fbaf\" data-height=\"20\" data-height-mobile=\"5\" data-height-tab=\"5\" data-height-tab-portrait=\"5\" data-height-mobile-landscape=\"5\" style=\"clear:both;display:block;\"><\/div><div id=\"ultimate-heading-782069eb84623fc0a\" class=\"uvc-heading ult-adjust-bottom-margin ultimate-heading-782069eb84623fc0a uvc-2957 \" data-hspacer=\"line_only\"  data-halign=\"left\" style=\"text-align:left\"><div class=\"uvc-main-heading ult-responsive\"  data-ultimate-target='.uvc-heading.ultimate-heading-782069eb84623fc0a h5'  data-responsive-json-new='{\"font-size\":\"desktop:20px;\",\"line-height\":\"desktop:20px;\"}' ><h5 style=\"--font-weight:theme;color:#241f0c;margin-bottom:20px;\">Kommunikation und Umsetzung<\/h5><\/div><div class=\"uvc-heading-spacer line_only\" style=\"margin-bottom:32px;height:2px;\"><span class=\"uvc-headings-line\" style=\"border-style:solid;border-bottom-width:2px;border-color:#b4b4b4;width:51px;\"><\/span><\/div><\/div>[vc_column_text]Diese Qualit\u00e4tspolitik wird allen Mitarbeitern mitgeteilt, und ihre Grunds\u00e4tze sind in unsere Organisation integriert. Es liegt in der Verantwortung eines jeden Teammitglieds, zu unserem Engagement f\u00fcr Qualit\u00e4t beizutragen. Wir \u00fcberpr\u00fcfen und aktualisieren unsere Qualit\u00e4tsziele regelm\u00e4\u00dfig, um Verbesserungen zu erzielen.[\/vc_column_text]<div id=\"ultimate-heading-228469eb84623fc8e\" class=\"uvc-heading ult-adjust-bottom-margin ultimate-heading-228469eb84623fc8e uvc-7337 \" data-hspacer=\"line_only\"  data-halign=\"left\" style=\"text-align:left\"><div class=\"uvc-main-heading ult-responsive\"  data-ultimate-target='.uvc-heading.ultimate-heading-228469eb84623fc8e h5'  data-responsive-json-new='{\"font-size\":\"desktop:20px;\",\"line-height\":\"desktop:20px;\"}' ><h5 style=\"--font-weight:theme;color:#241f0c;margin-bottom:20px;\">Verantwortung des Managements<\/h5><\/div><div class=\"uvc-heading-spacer line_only\" style=\"margin-bottom:32px;height:2px;\"><span class=\"uvc-headings-line\" style=\"border-style:solid;border-bottom-width:2px;border-color:#b4b4b4;width:51px;\"><\/span><\/div><\/div>[vc_column_text]Unser Managementteam steht voll und ganz hinter dieser Qualit\u00e4tspolitik und stellt die notwendigen Ressourcen zur Verf\u00fcgung, um ihre erfolgreiche Umsetzung zu unterst\u00fctzen. Wir verpflichten uns, daf\u00fcr zu sorgen, dass Qualit\u00e4t in jeden Aspekt unseres Softwareentwicklungsprozesses eingebettet ist.[\/vc_column_text]<div class=\"ult-spacer spacer-69eb84623fcea\" data-id=\"69eb84623fcea\" data-height=\"50\" data-height-mobile=\"10\" data-height-tab=\"10\" data-height-tab-portrait=\"10\" data-height-mobile-landscape=\"10\" style=\"clear:both;display:block;\"><\/div>[vc_column_text css=&#8220;&#8220;]Gersthofen, den 17.10.2024[\/vc_column_text][\/vc_column][\/vc_row]<\/p>\n<\/div>","protected":false},"excerpt":{"rendered":"<p>[vc_row][vc_column width=&#8220;5\/6&#8243;][vc_column_text css=&#8220;&#8220;]Wir, die Firma ERAMON GmbH, verpflichten uns, eine qualitativ hochwertige Softwarel\u00f6sung zu liefern, die die Erwartungen unserer Kunden erf\u00fcllt und \u00fcbertrifft. Wir betreiben ein Qualit\u00e4tsmanagementsystem, welches sich nach der ISO-Norm 9001:2015 richtet, und sind bestrebt, unsere Prozesse und Dienstleistungen kontinuierlich zu verbessern. [\/vc_column_text][\/vc_column][vc_column width=&#8220;1\/6&#8243;][vc_single_image image=&#8220;2857&#8243; css=&#8220;&#8220;][\/vc_column][\/vc_row][vc_row][vc_column][vc_column_text css=&#8220;&#8220;]Unser Hauptaugenmerk liegt darauf, die Bed\u00fcrfnisse unserer&hellip;<\/p>\n","protected":false},"author":6,"featured_media":0,"parent":0,"menu_order":0,"comment_status":"closed","ping_status":"closed","template":"","meta":{"_monsterinsights_skip_tracking":false,"_monsterinsights_sitenote_active":false,"_monsterinsights_sitenote_note":"","_monsterinsights_sitenote_category":0,"footnotes":""},"class_list":["post-2608","page","type-page","status-publish","hentry","description-off"],"yoast_head":"<!-- This site is optimized with the Yoast SEO plugin v27.4 - https:\/\/yoast.com\/product\/yoast-seo-wordpress\/ -->\n<title>Qualit\u00e4tspolitik bei ERAMON<\/title>\n<meta name=\"description\" content=\"Das Qualit\u00e4tsmanagement bei der ERAMON GmbH wird stets durch ISO-Norm-9001:2015-zertifizierte Prozesse sichergestellt.\" \/>\n<meta name=\"robots\" content=\"index, follow, max-snippet:-1, max-image-preview:large, max-video-preview:-1\" \/>\n<link rel=\"canonical\" href=\"https:\/\/eramon.de\/de\/qualitaetspolitik\/\" \/>\n<meta property=\"og:locale\" content=\"de_DE\" \/>\n<meta property=\"og:type\" content=\"article\" \/>\n<meta property=\"og:title\" content=\"Qualit\u00e4tspolitik bei ERAMON\" \/>\n<meta property=\"og:description\" content=\"Das Qualit\u00e4tsmanagement bei der ERAMON GmbH wird stets durch ISO-Norm-9001:2015-zertifizierte Prozesse sichergestellt.\" \/>\n<meta property=\"og:url\" content=\"https:\/\/eramon.de\/de\/qualitaetspolitik\/\" \/>\n<meta property=\"og:site_name\" content=\"ERAMON\" \/>\n<meta property=\"article:modified_time\" content=\"2025-11-28T10:17:32+00:00\" \/>\n<meta name=\"twitter:card\" content=\"summary_large_image\" \/>\n<meta name=\"twitter:label1\" content=\"Gesch\u00e4tzte Lesezeit\" \/>\n\t<meta name=\"twitter:data1\" content=\"4\u00a0Minuten\" \/>\n<script type=\"application\/ld+json\" class=\"yoast-schema-graph\">{\"@context\":\"https:\\\/\\\/schema.org\",\"@graph\":[{\"@type\":\"WebPage\",\"@id\":\"https:\\\/\\\/eramon.de\\\/de\\\/qualitaetspolitik\\\/\",\"url\":\"https:\\\/\\\/eramon.de\\\/de\\\/qualitaetspolitik\\\/\",\"name\":\"Qualit\u00e4tspolitik bei ERAMON\",\"isPartOf\":{\"@id\":\"https:\\\/\\\/eramon.de\\\/de\\\/#website\"},\"datePublished\":\"2023-10-23T10:04:44+00:00\",\"dateModified\":\"2025-11-28T10:17:32+00:00\",\"description\":\"Das Qualit\u00e4tsmanagement bei der ERAMON GmbH wird stets durch ISO-Norm-9001:2015-zertifizierte Prozesse sichergestellt.\",\"breadcrumb\":{\"@id\":\"https:\\\/\\\/eramon.de\\\/de\\\/qualitaetspolitik\\\/#breadcrumb\"},\"inLanguage\":\"de\",\"potentialAction\":[{\"@type\":\"ReadAction\",\"target\":[\"https:\\\/\\\/eramon.de\\\/de\\\/qualitaetspolitik\\\/\"]}]},{\"@type\":\"BreadcrumbList\",\"@id\":\"https:\\\/\\\/eramon.de\\\/de\\\/qualitaetspolitik\\\/#breadcrumb\",\"itemListElement\":[{\"@type\":\"ListItem\",\"position\":1,\"name\":\"Startseite\",\"item\":\"https:\\\/\\\/eramon.de\\\/de\\\/\"},{\"@type\":\"ListItem\",\"position\":2,\"name\":\"Qualit\u00e4tspolitik\"}]},{\"@type\":\"WebSite\",\"@id\":\"https:\\\/\\\/eramon.de\\\/de\\\/#website\",\"url\":\"https:\\\/\\\/eramon.de\\\/de\\\/\",\"name\":\"ERAMON\",\"description\":\"Network Management\",\"publisher\":{\"@id\":\"https:\\\/\\\/eramon.de\\\/de\\\/#organization\"},\"potentialAction\":[{\"@type\":\"SearchAction\",\"target\":{\"@type\":\"EntryPoint\",\"urlTemplate\":\"https:\\\/\\\/eramon.de\\\/de\\\/?s={search_term_string}\"},\"query-input\":{\"@type\":\"PropertyValueSpecification\",\"valueRequired\":true,\"valueName\":\"search_term_string\"}}],\"inLanguage\":\"de\"},{\"@type\":\"Organization\",\"@id\":\"https:\\\/\\\/eramon.de\\\/de\\\/#organization\",\"name\":\"ERAMON GmbH\",\"url\":\"https:\\\/\\\/eramon.de\\\/de\\\/\",\"logo\":{\"@type\":\"ImageObject\",\"inLanguage\":\"de\",\"@id\":\"https:\\\/\\\/eramon.de\\\/de\\\/#\\\/schema\\\/logo\\\/image\\\/\",\"url\":\"https:\\\/\\\/eramon.de\\\/wp-content\\\/uploads\\\/2021\\\/02\\\/eramon-logo@2x-2.png\",\"contentUrl\":\"https:\\\/\\\/eramon.de\\\/wp-content\\\/uploads\\\/2021\\\/02\\\/eramon-logo@2x-2.png\",\"width\":612,\"height\":224,\"caption\":\"ERAMON GmbH\"},\"image\":{\"@id\":\"https:\\\/\\\/eramon.de\\\/de\\\/#\\\/schema\\\/logo\\\/image\\\/\"},\"sameAs\":[\"https:\\\/\\\/www.linkedin.com\\\/company\\\/eramon-gmbh\\\/\"]}]}<\/script>\n<!-- \/ Yoast SEO plugin. -->","yoast_head_json":{"title":"Qualit\u00e4tspolitik bei ERAMON","description":"Das Qualit\u00e4tsmanagement bei der ERAMON GmbH wird stets durch ISO-Norm-9001:2015-zertifizierte Prozesse sichergestellt.","robots":{"index":"index","follow":"follow","max-snippet":"max-snippet:-1","max-image-preview":"max-image-preview:large","max-video-preview":"max-video-preview:-1"},"canonical":"https:\/\/eramon.de\/de\/qualitaetspolitik\/","og_locale":"de_DE","og_type":"article","og_title":"Qualit\u00e4tspolitik bei ERAMON","og_description":"Das Qualit\u00e4tsmanagement bei der ERAMON GmbH wird stets durch ISO-Norm-9001:2015-zertifizierte Prozesse sichergestellt.","og_url":"https:\/\/eramon.de\/de\/qualitaetspolitik\/","og_site_name":"ERAMON","article_modified_time":"2025-11-28T10:17:32+00:00","twitter_card":"summary_large_image","twitter_misc":{"Gesch\u00e4tzte Lesezeit":"4\u00a0Minuten"},"schema":{"@context":"https:\/\/schema.org","@graph":[{"@type":"WebPage","@id":"https:\/\/eramon.de\/de\/qualitaetspolitik\/","url":"https:\/\/eramon.de\/de\/qualitaetspolitik\/","name":"Qualit\u00e4tspolitik bei ERAMON","isPartOf":{"@id":"https:\/\/eramon.de\/de\/#website"},"datePublished":"2023-10-23T10:04:44+00:00","dateModified":"2025-11-28T10:17:32+00:00","description":"Das Qualit\u00e4tsmanagement bei der ERAMON GmbH wird stets durch ISO-Norm-9001:2015-zertifizierte Prozesse sichergestellt.","breadcrumb":{"@id":"https:\/\/eramon.de\/de\/qualitaetspolitik\/#breadcrumb"},"inLanguage":"de","potentialAction":[{"@type":"ReadAction","target":["https:\/\/eramon.de\/de\/qualitaetspolitik\/"]}]},{"@type":"BreadcrumbList","@id":"https:\/\/eramon.de\/de\/qualitaetspolitik\/#breadcrumb","itemListElement":[{"@type":"ListItem","position":1,"name":"Startseite","item":"https:\/\/eramon.de\/de\/"},{"@type":"ListItem","position":2,"name":"Qualit\u00e4tspolitik"}]},{"@type":"WebSite","@id":"https:\/\/eramon.de\/de\/#website","url":"https:\/\/eramon.de\/de\/","name":"ERAMON","description":"Network Management","publisher":{"@id":"https:\/\/eramon.de\/de\/#organization"},"potentialAction":[{"@type":"SearchAction","target":{"@type":"EntryPoint","urlTemplate":"https:\/\/eramon.de\/de\/?s={search_term_string}"},"query-input":{"@type":"PropertyValueSpecification","valueRequired":true,"valueName":"search_term_string"}}],"inLanguage":"de"},{"@type":"Organization","@id":"https:\/\/eramon.de\/de\/#organization","name":"ERAMON GmbH","url":"https:\/\/eramon.de\/de\/","logo":{"@type":"ImageObject","inLanguage":"de","@id":"https:\/\/eramon.de\/de\/#\/schema\/logo\/image\/","url":"https:\/\/eramon.de\/wp-content\/uploads\/2021\/02\/eramon-logo@2x-2.png","contentUrl":"https:\/\/eramon.de\/wp-content\/uploads\/2021\/02\/eramon-logo@2x-2.png","width":612,"height":224,"caption":"ERAMON GmbH"},"image":{"@id":"https:\/\/eramon.de\/de\/#\/schema\/logo\/image\/"},"sameAs":["https:\/\/www.linkedin.com\/company\/eramon-gmbh\/"]}]}},"_links":{"self":[{"href":"https:\/\/eramon.de\/de\/wp-json\/wp\/v2\/pages\/2608","targetHints":{"allow":["GET"]}}],"collection":[{"href":"https:\/\/eramon.de\/de\/wp-json\/wp\/v2\/pages"}],"about":[{"href":"https:\/\/eramon.de\/de\/wp-json\/wp\/v2\/types\/page"}],"author":[{"embeddable":true,"href":"https:\/\/eramon.de\/de\/wp-json\/wp\/v2\/users\/6"}],"replies":[{"embeddable":true,"href":"https:\/\/eramon.de\/de\/wp-json\/wp\/v2\/comments?post=2608"}],"version-history":[{"count":8,"href":"https:\/\/eramon.de\/de\/wp-json\/wp\/v2\/pages\/2608\/revisions"}],"predecessor-version":[{"id":2950,"href":"https:\/\/eramon.de\/de\/wp-json\/wp\/v2\/pages\/2608\/revisions\/2950"}],"wp:attachment":[{"href":"https:\/\/eramon.de\/de\/wp-json\/wp\/v2\/media?parent=2608"}],"curies":[{"name":"wp","href":"https:\/\/api.w.org\/{rel}","templated":true}]}}