{"id":262,"date":"2020-05-06T15:41:51","date_gmt":"2020-05-06T13:41:51","guid":{"rendered":"https:\/\/eramon.de\/?page_id=262"},"modified":"2024-11-05T19:50:20","modified_gmt":"2024-11-05T18:50:20","slug":"support","status":"publish","type":"page","link":"https:\/\/eramon.de\/de\/support\/","title":{"rendered":"Support"},"content":{"rendered":"<div class=\"wpb-content-wrapper\"><p>[vc_row css=&#8220;.vc_custom_1614671162638{padding-bottom: 50px !important;}&#8220;][vc_column width=&#8220;1\/2&#8243;]<div id=\"ultimate-heading-360569eb81c288cb1\" class=\"uvc-heading ult-adjust-bottom-margin ultimate-heading-360569eb81c288cb1 uvc-7774 \" data-hspacer=\"line_only\"  data-halign=\"left\" style=\"text-align:left\"><div class=\"uvc-main-heading ult-responsive\"  data-ultimate-target='.uvc-heading.ultimate-heading-360569eb81c288cb1 h1'  data-responsive-json-new='{\"font-size\":\"desktop:25px;\",\"line-height\":\"desktop:25px;\"}' ><h1 style=\"--font-weight:theme;color:#241f0c;margin-bottom:20px;\">Support<\/h1><\/div><div class=\"uvc-heading-spacer line_only\" style=\"margin-bottom:32px;height:2px;\"><span class=\"uvc-headings-line\" style=\"border-style:solid;border-bottom-width:2px;border-color:#cad30b;width:102px;\"><\/span><\/div><\/div><div id=\"ultimate-heading-256769eb81c288e2a\" class=\"uvc-heading ult-adjust-bottom-margin ultimate-heading-256769eb81c288e2a uvc-8911 \" data-hspacer=\"line_only\"  data-halign=\"left\" style=\"text-align:left\"><div class=\"uvc-main-heading ult-responsive\"  data-ultimate-target='.uvc-heading.ultimate-heading-256769eb81c288e2a h3'  data-responsive-json-new='{\"font-size\":\"desktop:20px;\",\"line-height\":\"desktop:20px;\"}' ><h3 style=\"--font-weight:theme;color:#241f0c;margin-bottom:20px;\">Wartungsvertrag<\/h3><\/div><div class=\"uvc-heading-spacer line_only\" style=\"margin-bottom:32px;height:2px;\"><span class=\"uvc-headings-line\" style=\"border-style:solid;border-bottom-width:2px;border-color:#b4b4b4;width:51px;\"><\/span><\/div><\/div>[vc_column_text css=&#8220;&#8220;]<\/p>\n<div class=\"col2 col-xs-12 col-md-6\">\n<div class=\"tiny-html\">\n<h3><span style=\"font-weight: 400;\">Support direkt aus Gersthofen<\/span><\/h3>\n<p><span style=\"font-weight: 400;\">Uns ist es besonders wichtig, unseren Kunden jederzeit den bestm\u00f6glichen Support f\u00fcr ihre Netzwerkverwaltung zu bieten. Der Hauptsitz der ERAMON GmbH befindet sich in Gersthofen bei Augsburg. Von dort aus stellt unser qualifiziertes Personal sowohl deutsch- als auch englischsprachigen Support bereit.<\/span><\/p>\n<h3><span style=\"font-weight: 400;\">Kontaktm\u00f6glichkeiten<\/span><\/h3>\n<p><strong>ONLINE:<\/strong> <span style=\"font-weight: 400;\">\u00dcber unseren<\/span> <a href=\"https:\/\/support.eramon.de\/index.php\"><strong>ERAMON Support-Serve<\/strong><\/a><span style=\"font-weight: 400;\"><a href=\"https:\/\/support.eramon.de\/index.php\"><strong>r<\/strong><\/a> erm\u00f6glichen wir Ihnen eine unkomplizierte und jederzeit zug\u00e4ngliche Kommunikation in Bezug auf \u00c4nderungsanforderungen. So k\u00f6nnen Sie bequem \u00fcber eine benutzerfreundliche Web-Oberfl\u00e4che Ihre W\u00fcnsche, Anregungen oder Fehlermeldungen an uns \u00fcbermitteln.<\/span><\/p>\n<p><strong>TELEFONISCH:<\/strong><span style=\"font-weight: 400;\"> Unser Support f\u00fcr Ihre Netzwerkverwaltung steht Ihnen nicht nur \u00fcber den Support-Server zur Verf\u00fcgung, sondern auch <\/span><strong>telefonisch<\/strong><span style=\"font-weight: 400;\">. Ganz gleich, ob es um dringende Anliegen oder kleinere Fragen geht \u2013 unsere qualifizierten Support-Mitarbeiter sind jederzeit bereit, Ihnen schnell und kompetent weiterzuhelfen.<\/span><\/p>\n<p><a href=\"https:\/\/support.eramon.de\/index.php\"><span style=\"font-weight: 400;\">Login Support Server<\/span><\/a><\/p>\n<h3><span style=\"font-weight: 400;\">24\/7 Support f\u00fcr Ihre Netzwerkverwaltung<\/span><\/h3>\n<p><span style=\"font-weight: 400;\">Ein zuverl\u00e4ssiger Support spielt eine zentrale Rolle in der Netzwerkverwaltung, und daher bieten wir <\/span><strong>auf Wunsch und abh\u00e4ngig von Ihren Service-Level-Agreements (SLA)<\/strong><span style=\"font-weight: 400;\"> auch einen 24\/7 Premium Support an. Uns ist bewusst, dass Netzwerke oft rund um die Uhr verf\u00fcgbar sein m\u00fcssen, um Ausfallzeiten zu vermeiden. Ein Support, der jederzeit erreichbar ist, kann sofort eingreifen, Probleme l\u00f6sen und dadurch sicherstellen, dass Ihre Netzwerkverwaltung mit <\/span><a href=\"https:\/\/eramon.de\/de\/produkt\/\"><span style=\"font-weight: 400;\">unserer Software<\/span><\/a><span style=\"font-weight: 400;\"> reibungslos funktioniert.<\/span><\/p>\n<p><span style=\"font-weight: 400;\">Dar\u00fcber hinaus wissen wir, wie wichtig schnelle Problembehebung ist. Sollte es zu einem Fehler in der Netzwerkverwaltung, stellen wir sicher, dass Sie nicht bis zum n\u00e4chsten Arbeitstag warten m\u00fcssen. Unsere sofortige Hilfe ist stets bereit, um die Herausforderungen in Ihrer Netzwerkumgebung zu bew\u00e4ltigen.<\/span><\/p>\n<p>&nbsp;<\/p>\n<p><span style=\"font-weight: 400;\">Zusammenfassend sind wir stets bestrebt, Ihnen mit unserem umfassenden Support bestm\u00f6glich unter die Arme zu greifen \u2013 ob \u00fcber unseren ERAMON Support-Server oder telefonisch. Ihre Netzwerkverwaltung liegt uns am Herzen, und wir sorgen daf\u00fcr, dass Sie sich auf einen reibungslosen Betrieb verlassen k\u00f6nnen. Z\u00f6gern Sie nicht, uns bei Fragen, \u00c4nderungsw\u00fcnschen oder technischen Herausforderungen zu kontaktieren \u2013 wir sind f\u00fcr Sie da, wenn Sie uns brauchen.<\/span><\/p>\n<\/div>\n<\/div>\n<p>[\/vc_column_text][\/vc_column][vc_column width=&#8220;1\/2&#8243;][vc_single_image image=&#8220;3007&#8243; img_size=&#8220;600&#215;343&#8243; alignment=&#8220;center&#8220; css=&#8220;&#8220; image_hovers=&#8220;false&#8220; lazy_loading=&#8220;true&#8220;][\/vc_column][\/vc_row]<\/p>\n<\/div>","protected":false},"excerpt":{"rendered":"<p>[vc_row css=&#8220;.vc_custom_1614671162638{padding-bottom: 50px !important;}&#8220;][vc_column width=&#8220;1\/2&#8243;][vc_column_text css=&#8220;&#8220;] Support direkt aus Gersthofen Uns ist es besonders wichtig, unseren Kunden jederzeit den bestm\u00f6glichen Support f\u00fcr ihre Netzwerkverwaltung zu bieten. Der Hauptsitz der ERAMON GmbH befindet sich in Gersthofen bei Augsburg. Von dort aus stellt unser qualifiziertes Personal sowohl deutsch- als auch englischsprachigen Support bereit. Kontaktm\u00f6glichkeiten ONLINE: \u00dcber unseren&hellip;<\/p>\n","protected":false},"author":2,"featured_media":0,"parent":0,"menu_order":0,"comment_status":"closed","ping_status":"closed","template":"","meta":{"_monsterinsights_skip_tracking":false,"_monsterinsights_sitenote_active":false,"_monsterinsights_sitenote_note":"","_monsterinsights_sitenote_category":0,"footnotes":""},"class_list":["post-262","page","type-page","status-publish","hentry","description-off"],"yoast_head":"<!-- This site is optimized with the Yoast SEO plugin v27.4 - https:\/\/yoast.com\/product\/yoast-seo-wordpress\/ -->\n<title>Service Support Netzwerkverwaltung | ERAMON GmbH<\/title>\n<meta name=\"description\" content=\"Kontaktieren Sie uns gerne bei Support-Anfragen rund um Ihre Netzwerkverwaltung. Auf Wunsch auch 24 Stunden am Tag, 7 Tage die Woche\" \/>\n<meta name=\"robots\" content=\"index, follow, max-snippet:-1, max-image-preview:large, max-video-preview:-1\" \/>\n<link rel=\"canonical\" href=\"https:\/\/eramon.de\/de\/support\/\" \/>\n<meta property=\"og:locale\" content=\"de_DE\" \/>\n<meta property=\"og:type\" content=\"article\" \/>\n<meta property=\"og:title\" content=\"Service Support 24\/7 | Wartungsvertrag | ERAMON GmbH\" \/>\n<meta property=\"og:description\" content=\"Kontaktieren Sie uns gerne im Support-Fall. Auf Wunsch auch 24 Stunden und 7 Tage die Woche. Unsere qualifizierten Mitarbeiter sind f\u00fcr Sie da\" \/>\n<meta property=\"og:url\" content=\"https:\/\/eramon.de\/de\/support\/\" \/>\n<meta property=\"og:site_name\" content=\"ERAMON\" \/>\n<meta property=\"article:modified_time\" content=\"2024-11-05T18:50:20+00:00\" \/>\n<meta name=\"twitter:card\" content=\"summary_large_image\" \/>\n<meta name=\"twitter:title\" content=\"Service Support 24\/7 | Wartungsvertrag | ERAMON GmbH\" \/>\n<meta name=\"twitter:description\" content=\"Kontaktieren Sie uns gerne im Support-Fall. Auf Wunsch auch 24 Stunden und 7 Tage die Woche. Unsere qualifizierten Mitarbeiter sind f\u00fcr Sie da\" \/>\n<meta name=\"twitter:label1\" content=\"Gesch\u00e4tzte Lesezeit\" \/>\n\t<meta name=\"twitter:data1\" content=\"3\u00a0Minuten\" \/>\n<script type=\"application\/ld+json\" class=\"yoast-schema-graph\">{\"@context\":\"https:\\\/\\\/schema.org\",\"@graph\":[{\"@type\":\"WebPage\",\"@id\":\"https:\\\/\\\/eramon.de\\\/de\\\/support\\\/\",\"url\":\"https:\\\/\\\/eramon.de\\\/de\\\/support\\\/\",\"name\":\"Service Support Netzwerkverwaltung | ERAMON GmbH\",\"isPartOf\":{\"@id\":\"https:\\\/\\\/eramon.de\\\/de\\\/#website\"},\"datePublished\":\"2020-05-06T13:41:51+00:00\",\"dateModified\":\"2024-11-05T18:50:20+00:00\",\"description\":\"Kontaktieren Sie uns gerne bei Support-Anfragen rund um Ihre Netzwerkverwaltung. Auf Wunsch auch 24 Stunden am Tag, 7 Tage die Woche\",\"breadcrumb\":{\"@id\":\"https:\\\/\\\/eramon.de\\\/de\\\/support\\\/#breadcrumb\"},\"inLanguage\":\"de\",\"potentialAction\":[{\"@type\":\"ReadAction\",\"target\":[\"https:\\\/\\\/eramon.de\\\/de\\\/support\\\/\"]}]},{\"@type\":\"BreadcrumbList\",\"@id\":\"https:\\\/\\\/eramon.de\\\/de\\\/support\\\/#breadcrumb\",\"itemListElement\":[{\"@type\":\"ListItem\",\"position\":1,\"name\":\"Startseite\",\"item\":\"https:\\\/\\\/eramon.de\\\/de\\\/\"},{\"@type\":\"ListItem\",\"position\":2,\"name\":\"Support\"}]},{\"@type\":\"WebSite\",\"@id\":\"https:\\\/\\\/eramon.de\\\/de\\\/#website\",\"url\":\"https:\\\/\\\/eramon.de\\\/de\\\/\",\"name\":\"ERAMON\",\"description\":\"Network Management\",\"publisher\":{\"@id\":\"https:\\\/\\\/eramon.de\\\/de\\\/#organization\"},\"potentialAction\":[{\"@type\":\"SearchAction\",\"target\":{\"@type\":\"EntryPoint\",\"urlTemplate\":\"https:\\\/\\\/eramon.de\\\/de\\\/?s={search_term_string}\"},\"query-input\":{\"@type\":\"PropertyValueSpecification\",\"valueRequired\":true,\"valueName\":\"search_term_string\"}}],\"inLanguage\":\"de\"},{\"@type\":\"Organization\",\"@id\":\"https:\\\/\\\/eramon.de\\\/de\\\/#organization\",\"name\":\"ERAMON GmbH\",\"url\":\"https:\\\/\\\/eramon.de\\\/de\\\/\",\"logo\":{\"@type\":\"ImageObject\",\"inLanguage\":\"de\",\"@id\":\"https:\\\/\\\/eramon.de\\\/de\\\/#\\\/schema\\\/logo\\\/image\\\/\",\"url\":\"https:\\\/\\\/eramon.de\\\/wp-content\\\/uploads\\\/2021\\\/02\\\/eramon-logo@2x-2.png\",\"contentUrl\":\"https:\\\/\\\/eramon.de\\\/wp-content\\\/uploads\\\/2021\\\/02\\\/eramon-logo@2x-2.png\",\"width\":612,\"height\":224,\"caption\":\"ERAMON GmbH\"},\"image\":{\"@id\":\"https:\\\/\\\/eramon.de\\\/de\\\/#\\\/schema\\\/logo\\\/image\\\/\"},\"sameAs\":[\"https:\\\/\\\/www.linkedin.com\\\/company\\\/eramon-gmbh\\\/\"]}]}<\/script>\n<!-- \/ Yoast SEO plugin. -->","yoast_head_json":{"title":"Service Support Netzwerkverwaltung | ERAMON GmbH","description":"Kontaktieren Sie uns gerne bei Support-Anfragen rund um Ihre Netzwerkverwaltung. Auf Wunsch auch 24 Stunden am Tag, 7 Tage die Woche","robots":{"index":"index","follow":"follow","max-snippet":"max-snippet:-1","max-image-preview":"max-image-preview:large","max-video-preview":"max-video-preview:-1"},"canonical":"https:\/\/eramon.de\/de\/support\/","og_locale":"de_DE","og_type":"article","og_title":"Service Support 24\/7 | Wartungsvertrag | ERAMON GmbH","og_description":"Kontaktieren Sie uns gerne im Support-Fall. Auf Wunsch auch 24 Stunden und 7 Tage die Woche. Unsere qualifizierten Mitarbeiter sind f\u00fcr Sie da","og_url":"https:\/\/eramon.de\/de\/support\/","og_site_name":"ERAMON","article_modified_time":"2024-11-05T18:50:20+00:00","twitter_card":"summary_large_image","twitter_title":"Service Support 24\/7 | Wartungsvertrag | ERAMON GmbH","twitter_description":"Kontaktieren Sie uns gerne im Support-Fall. Auf Wunsch auch 24 Stunden und 7 Tage die Woche. Unsere qualifizierten Mitarbeiter sind f\u00fcr Sie da","twitter_misc":{"Gesch\u00e4tzte Lesezeit":"3\u00a0Minuten"},"schema":{"@context":"https:\/\/schema.org","@graph":[{"@type":"WebPage","@id":"https:\/\/eramon.de\/de\/support\/","url":"https:\/\/eramon.de\/de\/support\/","name":"Service Support Netzwerkverwaltung | ERAMON GmbH","isPartOf":{"@id":"https:\/\/eramon.de\/de\/#website"},"datePublished":"2020-05-06T13:41:51+00:00","dateModified":"2024-11-05T18:50:20+00:00","description":"Kontaktieren Sie uns gerne bei Support-Anfragen rund um Ihre Netzwerkverwaltung. Auf Wunsch auch 24 Stunden am Tag, 7 Tage die Woche","breadcrumb":{"@id":"https:\/\/eramon.de\/de\/support\/#breadcrumb"},"inLanguage":"de","potentialAction":[{"@type":"ReadAction","target":["https:\/\/eramon.de\/de\/support\/"]}]},{"@type":"BreadcrumbList","@id":"https:\/\/eramon.de\/de\/support\/#breadcrumb","itemListElement":[{"@type":"ListItem","position":1,"name":"Startseite","item":"https:\/\/eramon.de\/de\/"},{"@type":"ListItem","position":2,"name":"Support"}]},{"@type":"WebSite","@id":"https:\/\/eramon.de\/de\/#website","url":"https:\/\/eramon.de\/de\/","name":"ERAMON","description":"Network Management","publisher":{"@id":"https:\/\/eramon.de\/de\/#organization"},"potentialAction":[{"@type":"SearchAction","target":{"@type":"EntryPoint","urlTemplate":"https:\/\/eramon.de\/de\/?s={search_term_string}"},"query-input":{"@type":"PropertyValueSpecification","valueRequired":true,"valueName":"search_term_string"}}],"inLanguage":"de"},{"@type":"Organization","@id":"https:\/\/eramon.de\/de\/#organization","name":"ERAMON GmbH","url":"https:\/\/eramon.de\/de\/","logo":{"@type":"ImageObject","inLanguage":"de","@id":"https:\/\/eramon.de\/de\/#\/schema\/logo\/image\/","url":"https:\/\/eramon.de\/wp-content\/uploads\/2021\/02\/eramon-logo@2x-2.png","contentUrl":"https:\/\/eramon.de\/wp-content\/uploads\/2021\/02\/eramon-logo@2x-2.png","width":612,"height":224,"caption":"ERAMON GmbH"},"image":{"@id":"https:\/\/eramon.de\/de\/#\/schema\/logo\/image\/"},"sameAs":["https:\/\/www.linkedin.com\/company\/eramon-gmbh\/"]}]}},"_links":{"self":[{"href":"https:\/\/eramon.de\/de\/wp-json\/wp\/v2\/pages\/262","targetHints":{"allow":["GET"]}}],"collection":[{"href":"https:\/\/eramon.de\/de\/wp-json\/wp\/v2\/pages"}],"about":[{"href":"https:\/\/eramon.de\/de\/wp-json\/wp\/v2\/types\/page"}],"author":[{"embeddable":true,"href":"https:\/\/eramon.de\/de\/wp-json\/wp\/v2\/users\/2"}],"replies":[{"embeddable":true,"href":"https:\/\/eramon.de\/de\/wp-json\/wp\/v2\/comments?post=262"}],"version-history":[{"count":21,"href":"https:\/\/eramon.de\/de\/wp-json\/wp\/v2\/pages\/262\/revisions"}],"predecessor-version":[{"id":2972,"href":"https:\/\/eramon.de\/de\/wp-json\/wp\/v2\/pages\/262\/revisions\/2972"}],"wp:attachment":[{"href":"https:\/\/eramon.de\/de\/wp-json\/wp\/v2\/media?parent=262"}],"curies":[{"name":"wp","href":"https:\/\/api.w.org\/{rel}","templated":true}]}}