{"id":2635,"date":"2024-01-22T14:12:46","date_gmt":"2024-01-22T13:12:46","guid":{"rendered":"https:\/\/eramon.de\/?page_id=2635"},"modified":"2024-10-24T20:09:23","modified_gmt":"2024-10-24T18:09:23","slug":"was-sind-rss-feeds","status":"publish","type":"page","link":"https:\/\/eramon.de\/de\/was-sind-rss-feeds\/","title":{"rendered":"Was sind RSS-Feeds?"},"content":{"rendered":"<div class=\"wpb-content-wrapper\"><p>[vc_row][vc_column]<div id=\"ultimate-heading-221569edd7e317613\" class=\"uvc-heading ult-adjust-bottom-margin ultimate-heading-221569edd7e317613 uvc-8704 \" data-hspacer=\"line_only\"  data-halign=\"left\" style=\"text-align:left\"><div class=\"uvc-main-heading ult-responsive\"  data-ultimate-target='.uvc-heading.ultimate-heading-221569edd7e317613 h1'  data-responsive-json-new='{\"font-size\":\"desktop:25px;\",\"line-height\":\"desktop:25px;\"}' ><h1 style=\"--font-weight:theme;color:#241f0c;margin-bottom:20px;\">Was sind RSS-Feeds?<\/h1><\/div><div class=\"uvc-heading-spacer line_only\" style=\"margin-bottom:32px;height:2px;\"><span class=\"uvc-headings-line\" style=\"border-style:solid;border-bottom-width:2px;border-color:#cad30b;width:102px;\"><\/span><\/div><\/div>[\/vc_column][\/vc_row][vc_row][vc_column width=&#8220;2\/3&#8243;][vc_column_text css=&#8220;&#8220;]<span style=\"font-weight: 400;\"><strong>RSS-Feeds<\/strong> (Really Simple Syndication) sind Dateien in standardisierten Formaten, die es erm\u00f6glichen, Inhalte von Websites automatisch zu abonnieren und regelm\u00e4\u00dfig zu aktualisieren. Ein RSS-Feed enth\u00e4lt in der Regel Titel, kurze Beschreibungen und Links zu den vollst\u00e4ndigen Inhalten von Artikeln, Nachrichten oder Blogposts. Um diese Dateien besser und gesammelt lesen zu k\u00f6nnen, bieten sich RSS-Reader an.<\/span><\/p>\n<p><span style=\"font-weight: 400;\"><strong>Ein RSS-Reader<\/strong> (oder Feedreader) ist ein Programm oder eine App, das dir dabei helfen kann, diese Feeds zu abonnieren und anzuzeigen. So kannst du Inhalte aus verschiedenen Quellen gesammelt an einem Ort ansehen, ohne jede Website einzeln besuchen zu m\u00fcssen.<\/span><\/p>\n<p>&nbsp;<\/p>\n<p><span style=\"font-weight: 400;\">Zu den Vorteilen von RSS-Feeds geh\u00f6ren auch:<\/span><\/p>\n<ol>\n<li style=\"font-weight: 400;\" aria-level=\"1\"><b>Zeitersparnis<\/b><span style=\"font-weight: 400;\">: Du erh\u00e4ltst automatisch Updates, ohne Websites manuell besuchen zu m\u00fcssen, was Zeit spart.<\/span><\/li>\n<li style=\"font-weight: 400;\" aria-level=\"1\"><b>Werbefreiheit<\/b><span style=\"font-weight: 400;\">: Viele Feeds zeigen Inhalte ohne st\u00f6rende Werbung oder Pop-ups, die auf der Website vorhanden sein k\u00f6nnten.<\/span><\/li>\n<li style=\"font-weight: 400;\" aria-level=\"1\"><b>Datenschutz<\/b><span style=\"font-weight: 400;\">: Du kannst Inhalte abonnieren, ohne pers\u00f6nliche Informationen oder deine E-Mail-Adresse preiszugeben.<\/span><\/li>\n<li style=\"font-weight: 400;\" aria-level=\"1\"><b>Echtzeitaktualisierungen:<\/b><span style=\"font-weight: 400;\"> Feeds liefern Echtzeitaktualisierungen, sobald neue Inhalte auf einer Website ver\u00f6ffentlicht werden. Benutzer erhalten sofortige Benachrichtigungen \u00fcber neue Artikel, Nachrichten oder Blog-Posts.<\/span><\/li>\n<li style=\"font-weight: 400;\" aria-level=\"1\"><b>Offline-F\u00e4higkeit<\/b><span style=\"font-weight: 400;\">: Einige Reader erm\u00f6glichen das Herunterladen von Inhalten, sodass du sie offline lesen kannst.<\/span><\/li>\n<li style=\"font-weight: 400;\" aria-level=\"1\"><b>Keine Algorithmen<\/b><span style=\"font-weight: 400;\">: Die Inhalte werden chronologisch angezeigt, ohne dass Algorithmen sie filtern oder sortieren, wie es bei sozialen Medien oft der Fall ist.<\/span><\/li>\n<li style=\"font-weight: 400;\" aria-level=\"1\"><b>Unterschiedliche Quellen<\/b><span style=\"font-weight: 400;\">: Du kannst Inhalte von unterschiedlichen Websites gleichzeitig im Blick behalten und verpasst keine neuen Artikel.\u00a0<\/span><\/li>\n<li style=\"font-weight: 400;\" aria-level=\"1\"><b>Stabilit\u00e4t<\/b><span style=\"font-weight: 400;\">: Auch wenn Websites ihre Layouts oder Strukturen \u00e4ndern, bleiben die abonnierten Feeds stabil und liefern weiterhin Inhalte.<\/span><\/li>\n<\/ol>\n<p><span style=\"font-weight: 400;\">Insgesamt bieten RSS-Feeds eine effiziente und benutzerfreundliche M\u00f6glichkeit, auf dem Laufenden zu bleiben und personalisierte Informationsstr\u00f6me zu erstellen. RSS-Feeds k\u00f6nnen auch in<\/span><a href=\"https:\/\/eramon.de\/de\/produkt\/basis-modul\/\"> <span style=\"font-weight: 400;\">ERAMON<\/span><\/a><span style=\"font-weight: 400;\"> eingebunden werden.<\/span>[\/vc_column_text]<div class=\"ult-spacer spacer-69edd7e3176cf\" data-id=\"69edd7e3176cf\" data-height=\"20\" data-height-mobile=\"20\" data-height-tab=\"20\" data-height-tab-portrait=\"20\" data-height-mobile-landscape=\"20\" style=\"clear:both;display:block;\"><\/div><style type=\"text\/css\" data-type=\"the7_shortcodes-inline-css\">#default-btn-a334148c0ea262ae7836a7d0ba155cd0.ico-right-side > i {\n  margin-right: 0px;\n  margin-left: 8px;\n}\n#default-btn-a334148c0ea262ae7836a7d0ba155cd0 > i {\n  margin-right: 8px;\n}<\/style><a href=\"https:\/\/eramon.de\/de\/produkt\/basis-modul\/\" class=\"default-btn-shortcode dt-btn dt-btn-m link-hover-off product-button btn-inline-left \" id=\"default-btn-a334148c0ea262ae7836a7d0ba155cd0\" title=\"Basis-Modul\"><span>Wie integriere ich RSS-Feeds in ERAMON?<\/span><\/a><div class=\"ult-spacer spacer-69edd7e3178db\" data-id=\"69edd7e3178db\" data-height=\"20\" data-height-mobile=\"20\" data-height-tab=\"20\" data-height-tab-portrait=\"20\" data-height-mobile-landscape=\"20\" style=\"clear:both;display:block;\"><\/div>[\/vc_column][vc_column width=&#8220;1\/3&#8243;][vc_single_image image=&#8220;2636&#8243; img_size=&#8220;full&#8220; alignment=&#8220;right&#8220;][vc_column_text]<\/p>\n<p style=\"text-align: right;\"><a href=\"https:\/\/de.wikipedia.org\/wiki\/RSS_(Web-Feed)\">RSS (Web-Feed) \u2013 Wikipedia<\/a><\/p>\n<p>[\/vc_column_text][\/vc_column][\/vc_row]<\/p>\n<\/div>","protected":false},"excerpt":{"rendered":"<p>[vc_row][vc_column][\/vc_column][\/vc_row][vc_row][vc_column width=&#8220;2\/3&#8243;][vc_column_text css=&#8220;&#8220;]RSS-Feeds (Really Simple Syndication) sind Dateien in standardisierten Formaten, die es erm\u00f6glichen, Inhalte von Websites automatisch zu abonnieren und regelm\u00e4\u00dfig zu aktualisieren. Ein RSS-Feed enth\u00e4lt in der Regel Titel, kurze Beschreibungen und Links zu den vollst\u00e4ndigen Inhalten von Artikeln, Nachrichten oder Blogposts. Um diese Dateien besser und gesammelt lesen zu k\u00f6nnen, bieten sich&hellip;<\/p>\n","protected":false},"author":6,"featured_media":0,"parent":0,"menu_order":0,"comment_status":"closed","ping_status":"closed","template":"","meta":{"_monsterinsights_skip_tracking":false,"_monsterinsights_sitenote_active":false,"_monsterinsights_sitenote_note":"","_monsterinsights_sitenote_category":0,"footnotes":""},"class_list":["post-2635","page","type-page","status-publish","hentry","description-off"],"yoast_head":"<!-- This site is optimized with the Yoast SEO plugin v27.4 - https:\/\/yoast.com\/product\/yoast-seo-wordpress\/ -->\n<title>Was sind RSS-Feeds? - ERAMON<\/title>\n<meta name=\"description\" content=\"Was sind RSS-Feeds? Welche Vorteile bieten diese und wie kann ich das in ERAMON nutzen?\" \/>\n<meta name=\"robots\" content=\"index, follow, max-snippet:-1, max-image-preview:large, max-video-preview:-1\" \/>\n<link rel=\"canonical\" href=\"https:\/\/eramon.de\/de\/was-sind-rss-feeds\/\" \/>\n<meta property=\"og:locale\" content=\"de_DE\" \/>\n<meta property=\"og:type\" content=\"article\" \/>\n<meta property=\"og:title\" content=\"Was sind RSS-Feeds? - ERAMON\" \/>\n<meta property=\"og:description\" content=\"Was sind RSS-Feeds? Welche Vorteile bieten diese und wie kann ich das in ERAMON nutzen?\" \/>\n<meta property=\"og:url\" content=\"https:\/\/eramon.de\/de\/was-sind-rss-feeds\/\" \/>\n<meta property=\"og:site_name\" content=\"ERAMON\" \/>\n<meta property=\"article:modified_time\" content=\"2024-10-24T18:09:23+00:00\" \/>\n<meta name=\"twitter:card\" content=\"summary_large_image\" \/>\n<meta name=\"twitter:label1\" content=\"Gesch\u00e4tzte Lesezeit\" \/>\n\t<meta name=\"twitter:data1\" content=\"2\u00a0Minuten\" \/>\n<script type=\"application\/ld+json\" class=\"yoast-schema-graph\">{\"@context\":\"https:\\\/\\\/schema.org\",\"@graph\":[{\"@type\":\"WebPage\",\"@id\":\"https:\\\/\\\/eramon.de\\\/de\\\/was-sind-rss-feeds\\\/\",\"url\":\"https:\\\/\\\/eramon.de\\\/de\\\/was-sind-rss-feeds\\\/\",\"name\":\"Was sind RSS-Feeds? - ERAMON\",\"isPartOf\":{\"@id\":\"https:\\\/\\\/eramon.de\\\/de\\\/#website\"},\"datePublished\":\"2024-01-22T13:12:46+00:00\",\"dateModified\":\"2024-10-24T18:09:23+00:00\",\"description\":\"Was sind RSS-Feeds? Welche Vorteile bieten diese und wie kann ich das in ERAMON nutzen?\",\"breadcrumb\":{\"@id\":\"https:\\\/\\\/eramon.de\\\/de\\\/was-sind-rss-feeds\\\/#breadcrumb\"},\"inLanguage\":\"de\",\"potentialAction\":[{\"@type\":\"ReadAction\",\"target\":[\"https:\\\/\\\/eramon.de\\\/de\\\/was-sind-rss-feeds\\\/\"]}]},{\"@type\":\"BreadcrumbList\",\"@id\":\"https:\\\/\\\/eramon.de\\\/de\\\/was-sind-rss-feeds\\\/#breadcrumb\",\"itemListElement\":[{\"@type\":\"ListItem\",\"position\":1,\"name\":\"Startseite\",\"item\":\"https:\\\/\\\/eramon.de\\\/de\\\/\"},{\"@type\":\"ListItem\",\"position\":2,\"name\":\"Was sind RSS-Feeds?\"}]},{\"@type\":\"WebSite\",\"@id\":\"https:\\\/\\\/eramon.de\\\/de\\\/#website\",\"url\":\"https:\\\/\\\/eramon.de\\\/de\\\/\",\"name\":\"ERAMON\",\"description\":\"Network Management\",\"publisher\":{\"@id\":\"https:\\\/\\\/eramon.de\\\/de\\\/#organization\"},\"potentialAction\":[{\"@type\":\"SearchAction\",\"target\":{\"@type\":\"EntryPoint\",\"urlTemplate\":\"https:\\\/\\\/eramon.de\\\/de\\\/?s={search_term_string}\"},\"query-input\":{\"@type\":\"PropertyValueSpecification\",\"valueRequired\":true,\"valueName\":\"search_term_string\"}}],\"inLanguage\":\"de\"},{\"@type\":\"Organization\",\"@id\":\"https:\\\/\\\/eramon.de\\\/de\\\/#organization\",\"name\":\"ERAMON GmbH\",\"url\":\"https:\\\/\\\/eramon.de\\\/de\\\/\",\"logo\":{\"@type\":\"ImageObject\",\"inLanguage\":\"de\",\"@id\":\"https:\\\/\\\/eramon.de\\\/de\\\/#\\\/schema\\\/logo\\\/image\\\/\",\"url\":\"https:\\\/\\\/eramon.de\\\/wp-content\\\/uploads\\\/2021\\\/02\\\/eramon-logo@2x-2.png\",\"contentUrl\":\"https:\\\/\\\/eramon.de\\\/wp-content\\\/uploads\\\/2021\\\/02\\\/eramon-logo@2x-2.png\",\"width\":612,\"height\":224,\"caption\":\"ERAMON GmbH\"},\"image\":{\"@id\":\"https:\\\/\\\/eramon.de\\\/de\\\/#\\\/schema\\\/logo\\\/image\\\/\"},\"sameAs\":[\"https:\\\/\\\/www.linkedin.com\\\/company\\\/eramon-gmbh\\\/\"]}]}<\/script>\n<!-- \/ Yoast SEO plugin. -->","yoast_head_json":{"title":"Was sind RSS-Feeds? - ERAMON","description":"Was sind RSS-Feeds? Welche Vorteile bieten diese und wie kann ich das in ERAMON nutzen?","robots":{"index":"index","follow":"follow","max-snippet":"max-snippet:-1","max-image-preview":"max-image-preview:large","max-video-preview":"max-video-preview:-1"},"canonical":"https:\/\/eramon.de\/de\/was-sind-rss-feeds\/","og_locale":"de_DE","og_type":"article","og_title":"Was sind RSS-Feeds? - ERAMON","og_description":"Was sind RSS-Feeds? Welche Vorteile bieten diese und wie kann ich das in ERAMON nutzen?","og_url":"https:\/\/eramon.de\/de\/was-sind-rss-feeds\/","og_site_name":"ERAMON","article_modified_time":"2024-10-24T18:09:23+00:00","twitter_card":"summary_large_image","twitter_misc":{"Gesch\u00e4tzte Lesezeit":"2\u00a0Minuten"},"schema":{"@context":"https:\/\/schema.org","@graph":[{"@type":"WebPage","@id":"https:\/\/eramon.de\/de\/was-sind-rss-feeds\/","url":"https:\/\/eramon.de\/de\/was-sind-rss-feeds\/","name":"Was sind RSS-Feeds? - ERAMON","isPartOf":{"@id":"https:\/\/eramon.de\/de\/#website"},"datePublished":"2024-01-22T13:12:46+00:00","dateModified":"2024-10-24T18:09:23+00:00","description":"Was sind RSS-Feeds? Welche Vorteile bieten diese und wie kann ich das in ERAMON nutzen?","breadcrumb":{"@id":"https:\/\/eramon.de\/de\/was-sind-rss-feeds\/#breadcrumb"},"inLanguage":"de","potentialAction":[{"@type":"ReadAction","target":["https:\/\/eramon.de\/de\/was-sind-rss-feeds\/"]}]},{"@type":"BreadcrumbList","@id":"https:\/\/eramon.de\/de\/was-sind-rss-feeds\/#breadcrumb","itemListElement":[{"@type":"ListItem","position":1,"name":"Startseite","item":"https:\/\/eramon.de\/de\/"},{"@type":"ListItem","position":2,"name":"Was sind RSS-Feeds?"}]},{"@type":"WebSite","@id":"https:\/\/eramon.de\/de\/#website","url":"https:\/\/eramon.de\/de\/","name":"ERAMON","description":"Network Management","publisher":{"@id":"https:\/\/eramon.de\/de\/#organization"},"potentialAction":[{"@type":"SearchAction","target":{"@type":"EntryPoint","urlTemplate":"https:\/\/eramon.de\/de\/?s={search_term_string}"},"query-input":{"@type":"PropertyValueSpecification","valueRequired":true,"valueName":"search_term_string"}}],"inLanguage":"de"},{"@type":"Organization","@id":"https:\/\/eramon.de\/de\/#organization","name":"ERAMON GmbH","url":"https:\/\/eramon.de\/de\/","logo":{"@type":"ImageObject","inLanguage":"de","@id":"https:\/\/eramon.de\/de\/#\/schema\/logo\/image\/","url":"https:\/\/eramon.de\/wp-content\/uploads\/2021\/02\/eramon-logo@2x-2.png","contentUrl":"https:\/\/eramon.de\/wp-content\/uploads\/2021\/02\/eramon-logo@2x-2.png","width":612,"height":224,"caption":"ERAMON GmbH"},"image":{"@id":"https:\/\/eramon.de\/de\/#\/schema\/logo\/image\/"},"sameAs":["https:\/\/www.linkedin.com\/company\/eramon-gmbh\/"]}]}},"_links":{"self":[{"href":"https:\/\/eramon.de\/de\/wp-json\/wp\/v2\/pages\/2635","targetHints":{"allow":["GET"]}}],"collection":[{"href":"https:\/\/eramon.de\/de\/wp-json\/wp\/v2\/pages"}],"about":[{"href":"https:\/\/eramon.de\/de\/wp-json\/wp\/v2\/types\/page"}],"author":[{"embeddable":true,"href":"https:\/\/eramon.de\/de\/wp-json\/wp\/v2\/users\/6"}],"replies":[{"embeddable":true,"href":"https:\/\/eramon.de\/de\/wp-json\/wp\/v2\/comments?post=2635"}],"version-history":[{"count":13,"href":"https:\/\/eramon.de\/de\/wp-json\/wp\/v2\/pages\/2635\/revisions"}],"predecessor-version":[{"id":3015,"href":"https:\/\/eramon.de\/de\/wp-json\/wp\/v2\/pages\/2635\/revisions\/3015"}],"wp:attachment":[{"href":"https:\/\/eramon.de\/de\/wp-json\/wp\/v2\/media?parent=2635"}],"curies":[{"name":"wp","href":"https:\/\/api.w.org\/{rel}","templated":true}]}}