{"id":267,"date":"2020-05-06T15:42:32","date_gmt":"2020-05-06T13:42:32","guid":{"rendered":"https:\/\/eramon.de\/?page_id=267"},"modified":"2024-10-24T21:20:27","modified_gmt":"2024-10-24T19:20:27","slug":"live-demo","status":"publish","type":"page","link":"https:\/\/eramon.de\/de\/live-demo\/","title":{"rendered":"Live-Demo"},"content":{"rendered":"<div class=\"wpb-content-wrapper\"><p>[vc_row][vc_column width=&#8220;1\/2&#8243;]<div id=\"ultimate-heading-886269eb842b97e76\" class=\"uvc-heading ult-adjust-bottom-margin ultimate-heading-886269eb842b97e76 uvc-8372 \" data-hspacer=\"line_only\"  data-halign=\"left\" style=\"text-align:left\"><div class=\"uvc-main-heading ult-responsive\"  data-ultimate-target='.uvc-heading.ultimate-heading-886269eb842b97e76 h1'  data-responsive-json-new='{\"font-size\":\"desktop:25px;\",\"line-height\":\"desktop:25px;\"}' ><h1 style=\"--font-weight:theme;color:#241f0c;margin-bottom:20px;\">Live-Demo<\/h1><\/div><div class=\"uvc-heading-spacer line_only\" style=\"margin-bottom:32px;height:2px;\"><span class=\"uvc-headings-line\" style=\"border-style:solid;border-bottom-width:2px;border-color:#cad30b;width:102px;\"><\/span><\/div><\/div><div id=\"ultimate-heading-804469eb842b97fae\" class=\"uvc-heading ult-adjust-bottom-margin ultimate-heading-804469eb842b97fae uvc-3126 \" data-hspacer=\"line_only\"  data-halign=\"left\" style=\"text-align:left\"><div class=\"uvc-main-heading ult-responsive\"  data-ultimate-target='.uvc-heading.ultimate-heading-804469eb842b97fae h3'  data-responsive-json-new='{\"font-size\":\"desktop:20px;\",\"line-height\":\"desktop:20px;\"}' ><h3 style=\"--font-weight:theme;color:#241f0c;margin-bottom:20px;\">Direkter Einblick in ERAMON<\/h3><\/div><div class=\"uvc-heading-spacer line_only\" style=\"margin-bottom:32px;height:2px;\"><span class=\"uvc-headings-line\" style=\"border-style:solid;border-bottom-width:2px;border-color:#b4b4b4;width:51px;\"><\/span><\/div><\/div>[vc_column_text css=&#8220;&#8220;]<\/p>\n<div class=\"tiny-html\">\n<p>Sehr gerne organisieren wir f\u00fcr Sie eine individuelle Demo per Websession. Bitte melden Sie sich \u00fcber das Formular oder rufen Sie uns an unter <a href=\"tel:+498212498200\">+49\u2011821\u20112498\u2011200<\/a>. Es w\u00e4re sch\u00f6n, wenn Sie uns zwei oder drei m\u00f6gliche Termine vorschlagen k\u00f6nnten. Wir setzen uns dann umgehend mit Ihnen in Verbindung.<\/p>\n<\/div>\n<p>[\/vc_column_text][\/vc_column][vc_column width=&#8220;1\/2&#8243;][vc_single_image image=&#8220;527&#8243; img_size=&#8220;full&#8220; alignment=&#8220;center&#8220; image_hovers=&#8220;false&#8220; lazy_loading=&#8220;true&#8220;][\/vc_column][\/vc_row][vc_row][vc_column]<div id=\"ultimate-heading-269869eb842b9808d\" class=\"uvc-heading ult-adjust-bottom-margin ultimate-heading-269869eb842b9808d uvc-8743 \" data-hspacer=\"line_only\"  data-halign=\"left\" style=\"text-align:left\"><div class=\"uvc-main-heading ult-responsive\"  data-ultimate-target='.uvc-heading.ultimate-heading-269869eb842b9808d h3'  data-responsive-json-new='{\"font-size\":\"desktop:20px;\",\"line-height\":\"desktop:20px;\"}' ><h3 style=\"--font-weight:theme;color:#241f0c;margin-bottom:20px;\">Anmeldung<\/h3><\/div><div class=\"uvc-heading-spacer line_only\" style=\"margin-bottom:32px;height:2px;\"><span class=\"uvc-headings-line\" style=\"border-style:solid;border-bottom-width:2px;border-color:#b4b4b4;width:51px;\"><\/span><\/div><\/div>\n<div class=\"wpcf7 no-js\" id=\"wpcf7-f529-o1\" lang=\"de-DE\" dir=\"ltr\" data-wpcf7-id=\"529\">\n<div class=\"screen-reader-response\"><p role=\"status\" aria-live=\"polite\" aria-atomic=\"true\"><\/p> <ul><\/ul><\/div>\n<form action=\"\/de\/wp-json\/wp\/v2\/pages\/267#wpcf7-f529-o1\" method=\"post\" class=\"wpcf7-form init\" aria-label=\"Kontaktformular\" novalidate=\"novalidate\" data-status=\"init\">\n<fieldset class=\"hidden-fields-container\"><input type=\"hidden\" name=\"_wpcf7\" value=\"529\" \/><input type=\"hidden\" name=\"_wpcf7_version\" value=\"6.1.5\" \/><input type=\"hidden\" name=\"_wpcf7_locale\" value=\"de_DE\" \/><input type=\"hidden\" name=\"_wpcf7_unit_tag\" value=\"wpcf7-f529-o1\" \/><input type=\"hidden\" name=\"_wpcf7_container_post\" value=\"0\" \/><input type=\"hidden\" name=\"_wpcf7_posted_data_hash\" value=\"\" \/>\n<\/fieldset>\n<p><label> Firma*<br \/>\n<span class=\"wpcf7-form-control-wrap\" data-name=\"your-company\"><input size=\"40\" maxlength=\"400\" class=\"wpcf7-form-control wpcf7-text wpcf7-validates-as-required\" aria-required=\"true\" aria-invalid=\"false\" value=\"\" type=\"text\" name=\"your-company\" \/><\/span> <\/label>\n<\/p>\n<p><label> Name*<br \/>\n<span class=\"wpcf7-form-control-wrap\" data-name=\"your-name\"><input size=\"40\" maxlength=\"400\" class=\"wpcf7-form-control wpcf7-text wpcf7-validates-as-required\" aria-required=\"true\" aria-invalid=\"false\" value=\"\" type=\"text\" name=\"your-name\" \/><\/span> <\/label>\n<\/p>\n<p><label> Email*<br \/>\n<span class=\"wpcf7-form-control-wrap\" data-name=\"your-email\"><input size=\"40\" maxlength=\"400\" class=\"wpcf7-form-control wpcf7-email wpcf7-validates-as-required wpcf7-text wpcf7-validates-as-email\" aria-required=\"true\" aria-invalid=\"false\" value=\"\" type=\"email\" name=\"your-email\" \/><\/span> <\/label>\n<\/p>\n<p><label> Betreff<br \/>\n<span class=\"wpcf7-form-control-wrap\" data-name=\"your-subject\"><input size=\"40\" maxlength=\"400\" class=\"wpcf7-form-control wpcf7-text\" aria-invalid=\"false\" value=\"\" type=\"text\" name=\"your-subject\" \/><\/span> <\/label>\n<\/p>\n<p><label> Nachricht (inkl. Wunschtermin)*<br \/>\n<span class=\"wpcf7-form-control-wrap\" data-name=\"your-message\"><textarea cols=\"40\" rows=\"10\" maxlength=\"2000\" class=\"wpcf7-form-control wpcf7-textarea wpcf7-validates-as-required\" aria-required=\"true\" aria-invalid=\"false\" name=\"your-message\"><\/textarea><\/span> <\/label>\n<\/p>\n<p><span class=\"wpcf7-form-control-wrap\" data-name=\"datenschutz\"><span class=\"wpcf7-form-control wpcf7-acceptance\"><span class=\"wpcf7-list-item\"><label><input type=\"checkbox\" name=\"datenschutz\" value=\"1\" aria-invalid=\"false\" \/><span class=\"wpcf7-list-item-label\">Ich habe den <a href=\"\/de\/datenschutz\/\" target=\"_blank\">Datenschutz<\/a> gelesen und stimme zu.<\/span><\/label><\/span><\/span><\/span><br \/>\n<input class=\"wpcf7-form-control wpcf7-submit has-spinner\" type=\"submit\" value=\"Senden\" \/>\n<\/p>\n<p><span class=\"wpcf7-form-control-wrap kc_captcha\" data-name=\"kc_captcha\"><span class=\"wpcf7-form-control wpcf7-radio\"><span class=\"captcha-image\" ><span class=\"cf7ic_instructions\">Bitte beweise, dass du kein Spambot bist und w\u00e4hle das Symbol<span> LKW<\/span>.<\/span><label><input aria-label=\"1\" type=\"radio\" name=\"kc_captcha\" value=\"bot\" \/><svg aria-hidden=\"true\" role=\"img\" xmlns=\"http:\/\/www.w3.org\/2000\/svg\" viewBox=\"0 0 576 512\"><path fill=\"currentColor\" d=\"M415 24c-53 0-103 42-127 65-24-23-74-65-127-65C70 24 16 77 16 166c0 72 67 133 69 135l187 181c9 8 23 8 32 0l187-180c2-3 69-64 69-136 0-89-54-142-145-142z\"\/><\/svg><\/label><label><input aria-label=\"2\" type=\"radio\" name=\"kc_captcha\" value=\"bot\" \/><svg aria-hidden=\"true\" role=\"img\" xmlns=\"http:\/\/www.w3.org\/2000\/svg\" viewBox=\"0 0 640 512\"><path fill=\"currentColor\" d=\"M192 384h192c53 0 96-43 96-96h32a128 128 0 000-256H120c-13 0-24 11-24 24v232c0 53 43 96 96 96zM512 96a64 64 0 010 128h-32V96h32zm48 384H48c-47 0-61-64-36-64h584c25 0 11 64-36 64z\"\/><\/svg><\/label><label><input aria-label=\"3\" type=\"radio\" name=\"kc_captcha\" value=\"kc_human\" \/><svg aria-hidden=\"true\" role=\"img\" xmlns=\"http:\/\/www.w3.org\/2000\/svg\" viewBox=\"0 0 640 512\"><path fill=\"currentColor\" d=\"M624 352h-16V244c0-13-5-25-14-34L494 110c-9-9-21-14-34-14h-44V48c0-26-21-48-48-48H48C22 0 0 22 0 48v320c0 27 22 48 48 48h16a96 96 0 00192 0h128a96 96 0 00192 0h48c9 0 16-7 16-16v-32c0-9-7-16-16-16zM160 464a48 48 0 110-96 48 48 0 010 96zm320 0a48 48 0 110-96 48 48 0 010 96zm80-208H416V144h44l100 100v12z\"\/><\/svg><\/label>\r\n    <\/span>\r\n    <span style=\"display:none\">\r\n        <input type=\"text\" name=\"kc_honeypot\">\r\n    <\/span><\/span><\/span>\n<\/p><div class=\"wpcf7-response-output\" aria-hidden=\"true\"><\/div>\n<\/form>\n<\/div>\n[\/vc_column][\/vc_row]<\/p>\n<\/div>","protected":false},"excerpt":{"rendered":"<p>[vc_row][vc_column width=&#8220;1\/2&#8243;][vc_column_text css=&#8220;&#8220;] Sehr gerne organisieren wir f\u00fcr Sie eine individuelle Demo per Websession. Bitte melden Sie sich \u00fcber das Formular oder rufen Sie uns an unter +49\u2011821\u20112498\u2011200. Es w\u00e4re sch\u00f6n, wenn Sie uns zwei oder drei m\u00f6gliche Termine vorschlagen k\u00f6nnten. Wir setzen uns dann umgehend mit Ihnen in Verbindung. [\/vc_column_text][\/vc_column][vc_column width=&#8220;1\/2&#8243;][vc_single_image image=&#8220;527&#8243; img_size=&#8220;full&#8220; alignment=&#8220;center&#8220;&hellip;<\/p>\n","protected":false},"author":2,"featured_media":527,"parent":0,"menu_order":0,"comment_status":"closed","ping_status":"closed","template":"","meta":{"_monsterinsights_skip_tracking":false,"_monsterinsights_sitenote_active":false,"_monsterinsights_sitenote_note":"","_monsterinsights_sitenote_category":0,"footnotes":""},"class_list":["post-267","page","type-page","status-publish","has-post-thumbnail","hentry","description-off"],"yoast_head":"<!-- This site is optimized with the Yoast SEO plugin v27.4 - https:\/\/yoast.com\/product\/yoast-seo-wordpress\/ -->\n<title>Live-Demo | jetzt Termin vereinbaren | ERAMON GmbH<\/title>\n<meta name=\"description\" content=\"Sehr gerne organisieren wir f\u00fcr Sie eine individuelle Demo von ERAMON per Websession. Melden Sie sich \u00fcber das Formular oder rufen Sie uns an.\" \/>\n<meta name=\"robots\" content=\"index, follow, max-snippet:-1, max-image-preview:large, max-video-preview:-1\" \/>\n<link rel=\"canonical\" href=\"https:\/\/eramon.de\/de\/live-demo\/\" \/>\n<meta property=\"og:locale\" content=\"de_DE\" \/>\n<meta property=\"og:type\" content=\"article\" \/>\n<meta property=\"og:title\" content=\"Live-Demo | jetzt Termin vereinbaren | ERAMON GmbH\" \/>\n<meta property=\"og:description\" content=\"Sehr gerne organisieren wir f\u00fcr Sie eine individuelle Demo per Websession. Melden Sie sich \u00fcber das Formular oder rufen Sie uns an\" \/>\n<meta property=\"og:url\" content=\"https:\/\/eramon.de\/de\/live-demo\/\" \/>\n<meta property=\"og:site_name\" content=\"ERAMON\" \/>\n<meta property=\"article:modified_time\" content=\"2024-10-24T19:20:27+00:00\" \/>\n<meta property=\"og:image\" content=\"https:\/\/eramon.de\/wp-content\/uploads\/2020\/05\/live-demo.png\" \/>\n\t<meta property=\"og:image:width\" content=\"443\" \/>\n\t<meta property=\"og:image:height\" content=\"273\" \/>\n\t<meta property=\"og:image:type\" content=\"image\/png\" \/>\n<meta name=\"twitter:card\" content=\"summary_large_image\" \/>\n<meta name=\"twitter:title\" content=\"Live-Demo | jetzt Termin vereinbaren | ERAMON GmbH\" \/>\n<meta name=\"twitter:description\" content=\"Sehr gerne organisieren wir f\u00fcr Sie eine individuelle Demo per Websession. Melden Sie sich \u00fcber das Formular oder rufen Sie uns an\" \/>\n<meta name=\"twitter:label1\" content=\"Gesch\u00e4tzte Lesezeit\" \/>\n\t<meta name=\"twitter:data1\" content=\"1\u00a0Minute\" \/>\n<script type=\"application\/ld+json\" class=\"yoast-schema-graph\">{\"@context\":\"https:\\\/\\\/schema.org\",\"@graph\":[{\"@type\":\"WebPage\",\"@id\":\"https:\\\/\\\/eramon.de\\\/de\\\/live-demo\\\/\",\"url\":\"https:\\\/\\\/eramon.de\\\/de\\\/live-demo\\\/\",\"name\":\"Live-Demo | jetzt Termin vereinbaren | ERAMON GmbH\",\"isPartOf\":{\"@id\":\"https:\\\/\\\/eramon.de\\\/de\\\/#website\"},\"primaryImageOfPage\":{\"@id\":\"https:\\\/\\\/eramon.de\\\/de\\\/live-demo\\\/#primaryimage\"},\"image\":{\"@id\":\"https:\\\/\\\/eramon.de\\\/de\\\/live-demo\\\/#primaryimage\"},\"thumbnailUrl\":\"https:\\\/\\\/eramon.de\\\/wp-content\\\/uploads\\\/2020\\\/05\\\/live-demo.png\",\"datePublished\":\"2020-05-06T13:42:32+00:00\",\"dateModified\":\"2024-10-24T19:20:27+00:00\",\"description\":\"Sehr gerne organisieren wir f\u00fcr Sie eine individuelle Demo von ERAMON per Websession. Melden Sie sich \u00fcber das Formular oder rufen Sie uns an.\",\"breadcrumb\":{\"@id\":\"https:\\\/\\\/eramon.de\\\/de\\\/live-demo\\\/#breadcrumb\"},\"inLanguage\":\"de\",\"potentialAction\":[{\"@type\":\"ReadAction\",\"target\":[\"https:\\\/\\\/eramon.de\\\/de\\\/live-demo\\\/\"]}]},{\"@type\":\"ImageObject\",\"inLanguage\":\"de\",\"@id\":\"https:\\\/\\\/eramon.de\\\/de\\\/live-demo\\\/#primaryimage\",\"url\":\"https:\\\/\\\/eramon.de\\\/wp-content\\\/uploads\\\/2020\\\/05\\\/live-demo.png\",\"contentUrl\":\"https:\\\/\\\/eramon.de\\\/wp-content\\\/uploads\\\/2020\\\/05\\\/live-demo.png\",\"width\":443,\"height\":273},{\"@type\":\"BreadcrumbList\",\"@id\":\"https:\\\/\\\/eramon.de\\\/de\\\/live-demo\\\/#breadcrumb\",\"itemListElement\":[{\"@type\":\"ListItem\",\"position\":1,\"name\":\"Startseite\",\"item\":\"https:\\\/\\\/eramon.de\\\/de\\\/\"},{\"@type\":\"ListItem\",\"position\":2,\"name\":\"Live-Demo\"}]},{\"@type\":\"WebSite\",\"@id\":\"https:\\\/\\\/eramon.de\\\/de\\\/#website\",\"url\":\"https:\\\/\\\/eramon.de\\\/de\\\/\",\"name\":\"ERAMON\",\"description\":\"Network Management\",\"publisher\":{\"@id\":\"https:\\\/\\\/eramon.de\\\/de\\\/#organization\"},\"potentialAction\":[{\"@type\":\"SearchAction\",\"target\":{\"@type\":\"EntryPoint\",\"urlTemplate\":\"https:\\\/\\\/eramon.de\\\/de\\\/?s={search_term_string}\"},\"query-input\":{\"@type\":\"PropertyValueSpecification\",\"valueRequired\":true,\"valueName\":\"search_term_string\"}}],\"inLanguage\":\"de\"},{\"@type\":\"Organization\",\"@id\":\"https:\\\/\\\/eramon.de\\\/de\\\/#organization\",\"name\":\"ERAMON GmbH\",\"url\":\"https:\\\/\\\/eramon.de\\\/de\\\/\",\"logo\":{\"@type\":\"ImageObject\",\"inLanguage\":\"de\",\"@id\":\"https:\\\/\\\/eramon.de\\\/de\\\/#\\\/schema\\\/logo\\\/image\\\/\",\"url\":\"https:\\\/\\\/eramon.de\\\/wp-content\\\/uploads\\\/2021\\\/02\\\/eramon-logo@2x-2.png\",\"contentUrl\":\"https:\\\/\\\/eramon.de\\\/wp-content\\\/uploads\\\/2021\\\/02\\\/eramon-logo@2x-2.png\",\"width\":612,\"height\":224,\"caption\":\"ERAMON GmbH\"},\"image\":{\"@id\":\"https:\\\/\\\/eramon.de\\\/de\\\/#\\\/schema\\\/logo\\\/image\\\/\"},\"sameAs\":[\"https:\\\/\\\/www.linkedin.com\\\/company\\\/eramon-gmbh\\\/\"]}]}<\/script>\n<!-- \/ Yoast SEO plugin. -->","yoast_head_json":{"title":"Live-Demo | jetzt Termin vereinbaren | ERAMON GmbH","description":"Sehr gerne organisieren wir f\u00fcr Sie eine individuelle Demo von ERAMON per Websession. Melden Sie sich \u00fcber das Formular oder rufen Sie uns an.","robots":{"index":"index","follow":"follow","max-snippet":"max-snippet:-1","max-image-preview":"max-image-preview:large","max-video-preview":"max-video-preview:-1"},"canonical":"https:\/\/eramon.de\/de\/live-demo\/","og_locale":"de_DE","og_type":"article","og_title":"Live-Demo | jetzt Termin vereinbaren | ERAMON GmbH","og_description":"Sehr gerne organisieren wir f\u00fcr Sie eine individuelle Demo per Websession. Melden Sie sich \u00fcber das Formular oder rufen Sie uns an","og_url":"https:\/\/eramon.de\/de\/live-demo\/","og_site_name":"ERAMON","article_modified_time":"2024-10-24T19:20:27+00:00","og_image":[{"width":443,"height":273,"url":"https:\/\/eramon.de\/wp-content\/uploads\/2020\/05\/live-demo.png","type":"image\/png"}],"twitter_card":"summary_large_image","twitter_title":"Live-Demo | jetzt Termin vereinbaren | ERAMON GmbH","twitter_description":"Sehr gerne organisieren wir f\u00fcr Sie eine individuelle Demo per Websession. Melden Sie sich \u00fcber das Formular oder rufen Sie uns an","twitter_misc":{"Gesch\u00e4tzte Lesezeit":"1\u00a0Minute"},"schema":{"@context":"https:\/\/schema.org","@graph":[{"@type":"WebPage","@id":"https:\/\/eramon.de\/de\/live-demo\/","url":"https:\/\/eramon.de\/de\/live-demo\/","name":"Live-Demo | jetzt Termin vereinbaren | ERAMON GmbH","isPartOf":{"@id":"https:\/\/eramon.de\/de\/#website"},"primaryImageOfPage":{"@id":"https:\/\/eramon.de\/de\/live-demo\/#primaryimage"},"image":{"@id":"https:\/\/eramon.de\/de\/live-demo\/#primaryimage"},"thumbnailUrl":"https:\/\/eramon.de\/wp-content\/uploads\/2020\/05\/live-demo.png","datePublished":"2020-05-06T13:42:32+00:00","dateModified":"2024-10-24T19:20:27+00:00","description":"Sehr gerne organisieren wir f\u00fcr Sie eine individuelle Demo von ERAMON per Websession. Melden Sie sich \u00fcber das Formular oder rufen Sie uns an.","breadcrumb":{"@id":"https:\/\/eramon.de\/de\/live-demo\/#breadcrumb"},"inLanguage":"de","potentialAction":[{"@type":"ReadAction","target":["https:\/\/eramon.de\/de\/live-demo\/"]}]},{"@type":"ImageObject","inLanguage":"de","@id":"https:\/\/eramon.de\/de\/live-demo\/#primaryimage","url":"https:\/\/eramon.de\/wp-content\/uploads\/2020\/05\/live-demo.png","contentUrl":"https:\/\/eramon.de\/wp-content\/uploads\/2020\/05\/live-demo.png","width":443,"height":273},{"@type":"BreadcrumbList","@id":"https:\/\/eramon.de\/de\/live-demo\/#breadcrumb","itemListElement":[{"@type":"ListItem","position":1,"name":"Startseite","item":"https:\/\/eramon.de\/de\/"},{"@type":"ListItem","position":2,"name":"Live-Demo"}]},{"@type":"WebSite","@id":"https:\/\/eramon.de\/de\/#website","url":"https:\/\/eramon.de\/de\/","name":"ERAMON","description":"Network Management","publisher":{"@id":"https:\/\/eramon.de\/de\/#organization"},"potentialAction":[{"@type":"SearchAction","target":{"@type":"EntryPoint","urlTemplate":"https:\/\/eramon.de\/de\/?s={search_term_string}"},"query-input":{"@type":"PropertyValueSpecification","valueRequired":true,"valueName":"search_term_string"}}],"inLanguage":"de"},{"@type":"Organization","@id":"https:\/\/eramon.de\/de\/#organization","name":"ERAMON GmbH","url":"https:\/\/eramon.de\/de\/","logo":{"@type":"ImageObject","inLanguage":"de","@id":"https:\/\/eramon.de\/de\/#\/schema\/logo\/image\/","url":"https:\/\/eramon.de\/wp-content\/uploads\/2021\/02\/eramon-logo@2x-2.png","contentUrl":"https:\/\/eramon.de\/wp-content\/uploads\/2021\/02\/eramon-logo@2x-2.png","width":612,"height":224,"caption":"ERAMON GmbH"},"image":{"@id":"https:\/\/eramon.de\/de\/#\/schema\/logo\/image\/"},"sameAs":["https:\/\/www.linkedin.com\/company\/eramon-gmbh\/"]}]}},"_links":{"self":[{"href":"https:\/\/eramon.de\/de\/wp-json\/wp\/v2\/pages\/267","targetHints":{"allow":["GET"]}}],"collection":[{"href":"https:\/\/eramon.de\/de\/wp-json\/wp\/v2\/pages"}],"about":[{"href":"https:\/\/eramon.de\/de\/wp-json\/wp\/v2\/types\/page"}],"author":[{"embeddable":true,"href":"https:\/\/eramon.de\/de\/wp-json\/wp\/v2\/users\/2"}],"replies":[{"embeddable":true,"href":"https:\/\/eramon.de\/de\/wp-json\/wp\/v2\/comments?post=267"}],"version-history":[{"count":26,"href":"https:\/\/eramon.de\/de\/wp-json\/wp\/v2\/pages\/267\/revisions"}],"predecessor-version":[{"id":3019,"href":"https:\/\/eramon.de\/de\/wp-json\/wp\/v2\/pages\/267\/revisions\/3019"}],"wp:featuredmedia":[{"embeddable":true,"href":"https:\/\/eramon.de\/de\/wp-json\/wp\/v2\/media\/527"}],"wp:attachment":[{"href":"https:\/\/eramon.de\/de\/wp-json\/wp\/v2\/media?parent=267"}],"curies":[{"name":"wp","href":"https:\/\/api.w.org\/{rel}","templated":true}]}}