{"id":269,"date":"2020-05-06T15:57:46","date_gmt":"2020-05-06T13:57:46","guid":{"rendered":"https:\/\/eramon.de\/?page_id=269"},"modified":"2025-02-21T08:47:11","modified_gmt":"2025-02-21T07:47:11","slug":"referenzen-und-kunden","status":"publish","type":"page","link":"https:\/\/eramon.de\/de\/referenzen-und-kunden\/","title":{"rendered":"Referenzen"},"content":{"rendered":"<div class=\"wpb-content-wrapper\"><p>[vc_row equal_height=&#8220;yes&#8220; content_placement=&#8220;middle&#8220; css=&#8220;.vc_custom_1729243730118{padding-bottom: 0px !important;}&#8220;][vc_column width=&#8220;1\/2&#8243;]<div id=\"ultimate-heading-951669eb842a8f66d\" class=\"uvc-heading ult-adjust-bottom-margin ultimate-heading-951669eb842a8f66d uvc-3982 \" data-hspacer=\"line_only\"  data-halign=\"left\" style=\"text-align:left\"><div class=\"uvc-main-heading ult-responsive\"  data-ultimate-target='.uvc-heading.ultimate-heading-951669eb842a8f66d h3'  data-responsive-json-new='{\"font-size\":\"desktop:25px;\",\"line-height\":\"desktop:25px;\"}' ><h3 style=\"--font-weight:theme;color:#241f0c;margin-bottom:20px;\">Referenzkunden<\/h3><\/div><div class=\"uvc-heading-spacer line_only\" style=\"margin-bottom:32px;height:2px;\"><span class=\"uvc-headings-line\" style=\"border-style:solid;border-bottom-width:2px;border-color:#cad30b;width:102px;\"><\/span><\/div><\/div>[\/vc_column][vc_column width=&#8220;1\/2&#8243; css=&#8220;.vc_custom_1729243743394{padding-bottom: 70px !important;}&#8220;][\/vc_column][\/vc_row][vc_row equal_height=&#8220;yes&#8220; el_class=&#8220;img_kunde&#8220;][vc_column width=&#8220;3\/5&#8243;][vc_column_text css=&#8220;&#8220;]<span style=\"font-weight: 400;\">Hier erfahren Sie, welche Unternehmen bereits auf unsere Software vertrauen. Unsere L\u00f6sung wird bereits von f\u00fchrenden Firmen wie<\/span> <a href=\"https:\/\/www.bayer.com\/de\/de\/deutschland-startseite\"><span style=\"font-weight: 400;\">Bayer<\/span><\/a><span style=\"font-weight: 400;\">, <a href=\"https:\/\/www.raiffeiseninformatik.at\/\">Raiffeisen Informatik <\/a><\/span><span style=\"font-weight: 400;\">und<\/span> <a href=\"https:\/\/www.infineon.com\/cms\/de\/\"><span style=\"font-weight: 400;\">Infineon<\/span><\/a><span style=\"font-weight: 400;\"> genutzt. Diese Unternehmen setzen auf ERAMON, um ihre IT-Infrastrukturen effizient und zuverl\u00e4ssig zu \u00fcberwachen. Unsere leistungsstarke Netzwerkmanagement-Software erm\u00f6glicht dabei die umfassende Verwaltung der komplexen Netzwerke unserer Kunden und unterst\u00fctzt dahingehend beispielsweise in den Bereichen <\/span><a href=\"https:\/\/eramon.de\/de\/produkt\/anwendungsmodule\/carrier-management\/\"><span style=\"font-weight: 400;\">Carrier-<\/span><\/a><span style=\"font-weight: 400;\"> und <\/span><a href=\"https:\/\/eramon.de\/de\/produkt\/anwendungsmodule\/asset-management\/\"><span style=\"font-weight: 400;\">Asset-Management<\/span><\/a><span style=\"font-weight: 400;\">.<\/span><\/p>\n<p><span style=\"font-weight: 400;\">Ob im Bankensektor, der Pharmaindustrie oder in der Technologiebranche \u2013 unsere Kunden profitieren von einer stabilen, flexiblen und skalierbaren Netzwerkmanagement-L\u00f6sung, die ihre Netzwerke in Echtzeit \u00fcberwacht und Ausf\u00e4lle minimiert. Der direkte Support durch unser erfahrenes Team und die kontinuierliche Weiterentwicklung unserer Software sichern langfristigen Erfolg und h\u00f6chste Zufriedenheit unserer Kunden.<\/span><\/p>\n<p><span style=\"font-weight: 400;\">Sehen Sie im n\u00e4chsten Abschnitt, was unsere Kunden \u00fcber unser Produkt sagen.<\/span>[\/vc_column_text][\/vc_column][vc_column width=&#8220;1\/5&#8243;][vc_single_image image=&#8220;1813&#8243; img_size=&#8220;full&#8220; alignment=&#8220;center&#8220; css=&#8220;.vc_custom_1739884344626{border-top-width: 10px !important;border-bottom-width: 10px !important;}&#8220; image_hovers=&#8220;false&#8220; lazy_loading=&#8220;true&#8220;][vc_single_image image=&#8220;392&#8243; img_size=&#8220;full&#8220; alignment=&#8220;center&#8220; css=&#8220;.vc_custom_1739884354645{border-top-width: 10px !important;border-bottom-width: 10px !important;}&#8220; image_hovers=&#8220;false&#8220; lazy_loading=&#8220;true&#8220;][vc_single_image image=&#8220;2007&#8243; img_size=&#8220;full&#8220; alignment=&#8220;center&#8220; css=&#8220;.vc_custom_1739884391382{border-top-width: 10px !important;border-bottom-width: 10px !important;}&#8220; image_hovers=&#8220;false&#8220; lazy_loading=&#8220;true&#8220;][\/vc_column][vc_column width=&#8220;1\/5&#8243;][vc_single_image image=&#8220;993&#8243; img_size=&#8220;full&#8220; alignment=&#8220;center&#8220; css=&#8220;.vc_custom_1739884401383{border-top-width: 10px !important;border-bottom-width: 10px !important;}&#8220; image_hovers=&#8220;false&#8220; lazy_loading=&#8220;true&#8220;][vc_single_image image=&#8220;1372&#8243; img_size=&#8220;full&#8220; alignment=&#8220;center&#8220; css=&#8220;.vc_custom_1739884410039{border-top-width: 10px !important;border-bottom-width: 10px !important;}&#8220; image_hovers=&#8220;false&#8220; lazy_loading=&#8220;true&#8220;][\/vc_column][\/vc_row][vc_row][vc_column]<div id=\"ultimate-heading-158069eb842a8f711\" class=\"uvc-heading ult-adjust-bottom-margin ultimate-heading-158069eb842a8f711 uvc-3565 \" data-hspacer=\"line_only\"  data-halign=\"left\" style=\"text-align:left\"><div class=\"uvc-main-heading ult-responsive\"  data-ultimate-target='.uvc-heading.ultimate-heading-158069eb842a8f711 h3'  data-responsive-json-new='{\"font-size\":\"desktop:25px;\",\"line-height\":\"desktop:25px;\"}' ><h3 style=\"--font-weight:theme;color:#241f0c;margin-bottom:20px;\">User-Stories<\/h3><\/div><div class=\"uvc-heading-spacer line_only\" style=\"margin-bottom:32px;height:2px;\"><span class=\"uvc-headings-line\" style=\"border-style:solid;border-bottom-width:2px;border-color:#cad30b;width:102px;\"><\/span><\/div><\/div>[\/vc_column][\/vc_row][vc_row][vc_column width=&#8220;1\/3&#8243;][vc_single_image image=&#8220;2007&#8243; img_size=&#8220;full&#8220; alignment=&#8220;center&#8220; onclick=&#8220;custom_link&#8220; image_hovers=&#8220;false&#8220; link=&#8220;https:\/\/eramon.de\/de\/referenzen\/user-story-1\/&#8220;][vc_cta h2=&#8220;&#8220; style=&#8220;outline&#8220; add_button=&#8220;bottom&#8220; btn_title=&#8220;Mehr erfahren&#8220; btn_style=&#8220;flat&#8220; btn_shape=&#8220;round&#8220; btn_color=&#8220;default&#8220; btn_i_align=&#8220;right&#8220; btn_i_icon_fontawesome=&#8220;fas fa-angle-right&#8220; btn_add_icon=&#8220;true&#8220; btn_link=&#8220;url:https%3A%2F%2Feramon.de%2Fde%2Fuser-story-1%2F|title:User-Story%201&#8243;]Eine leistungsstarke Netzwerkmanagement-Software gepaart mit direktem Kundenservice[\/vc_cta][\/vc_column][vc_column width=&#8220;1\/3&#8243;][vc_single_image image=&#8220;1266&#8243; img_size=&#8220;400&#215;125&#8243; alignment=&#8220;center&#8220; onclick=&#8220;custom_link&#8220; image_hovers=&#8220;false&#8220; link=&#8220;https:\/\/eramon.de\/de\/referenzen\/user-story-2\/&#8220;][vc_cta h2=&#8220;&#8220; style=&#8220;outline&#8220; add_button=&#8220;bottom&#8220; btn_title=&#8220;Mehr erfahren&#8220; btn_style=&#8220;flat&#8220; btn_shape=&#8220;round&#8220; btn_color=&#8220;default&#8220; btn_i_align=&#8220;right&#8220; btn_i_icon_fontawesome=&#8220;fas fa-angle-right&#8220; btn_add_icon=&#8220;true&#8220; btn_link=&#8220;url:https%3A%2F%2Feramon.de%2Fde%2Freferenzen%2Fuser-story-2%2F|title:User-Story%202&#8243;]Transparente Leitungsverwaltung f\u00fcr IT-Netzwerke auf einer einzigen Plattform[\/vc_cta][\/vc_column][vc_column width=&#8220;1\/3&#8243;][vc_single_image image=&#8220;1314&#8243; img_size=&#8220;full&#8220; alignment=&#8220;center&#8220; onclick=&#8220;custom_link&#8220; image_hovers=&#8220;false&#8220; link=&#8220;https:\/\/eramon.de\/de\/referenzen\/user-story-4\/&#8220;][vc_cta h2=&#8220;&#8220; style=&#8220;outline&#8220; add_button=&#8220;bottom&#8220; btn_title=&#8220;Mehr erfahren&#8220; btn_style=&#8220;flat&#8220; btn_shape=&#8220;round&#8220; btn_color=&#8220;default&#8220; btn_i_align=&#8220;right&#8220; btn_i_icon_fontawesome=&#8220;fas fa-angle-right&#8220; btn_add_icon=&#8220;true&#8220; btn_link=&#8220;url:https%3A%2F%2Feramon.de%2Fde%2Freferenzen%2Fuser-story-4%2F|title:User-Story%204&#8243;]Eine leistungsstarke und flexible Netzwerkmanagement-Software f\u00fcr alle Aufgaben[\/vc_cta][\/vc_column][\/vc_row][vc_row][vc_column width=&#8220;1\/3&#8243;][vc_single_image image=&#8220;1813&#8243; img_size=&#8220;full&#8220; alignment=&#8220;center&#8220; onclick=&#8220;custom_link&#8220; image_hovers=&#8220;false&#8220; link=&#8220;https:\/\/eramon.de\/de\/referenzen\/user-story-5\/&#8220;][vc_cta h2=&#8220;&#8220; style=&#8220;outline&#8220; add_button=&#8220;bottom&#8220; btn_title=&#8220;Mehr erfahren&#8220; btn_style=&#8220;flat&#8220; btn_shape=&#8220;round&#8220; btn_color=&#8220;default&#8220; btn_i_align=&#8220;right&#8220; btn_i_icon_fontawesome=&#8220;fas fa-angle-right&#8220; btn_add_icon=&#8220;true&#8220; btn_link=&#8220;url:https%3A%2F%2Feramon.de%2Fde%2Freferenzen%2Fuser-story-5%2F|title:User-Story%205&#8243;]Mit ERAMON unser Netz schnell und ressourcenschonend managen[\/vc_cta][\/vc_column][vc_column width=&#8220;1\/3&#8243;][\/vc_column][vc_column width=&#8220;1\/3&#8243;][\/vc_column][\/vc_row]<\/p>\n<\/div>","protected":false},"excerpt":{"rendered":"<p>[vc_row equal_height=&#8220;yes&#8220; content_placement=&#8220;middle&#8220; css=&#8220;.vc_custom_1729243730118{padding-bottom: 0px !important;}&#8220;][vc_column width=&#8220;1\/2&#8243;][\/vc_column][vc_column width=&#8220;1\/2&#8243; css=&#8220;.vc_custom_1729243743394{padding-bottom: 70px !important;}&#8220;][\/vc_column][\/vc_row][vc_row equal_height=&#8220;yes&#8220; el_class=&#8220;img_kunde&#8220;][vc_column width=&#8220;3\/5&#8243;][vc_column_text css=&#8220;&#8220;]Hier erfahren Sie, welche Unternehmen bereits auf unsere Software vertrauen. Unsere L\u00f6sung wird bereits von f\u00fchrenden Firmen wie Bayer, Raiffeisen Informatik und Infineon genutzt. Diese Unternehmen setzen auf ERAMON, um ihre IT-Infrastrukturen effizient und zuverl\u00e4ssig zu \u00fcberwachen. Unsere leistungsstarke Netzwerkmanagement-Software erm\u00f6glicht&hellip;<\/p>\n","protected":false},"author":2,"featured_media":0,"parent":0,"menu_order":0,"comment_status":"closed","ping_status":"closed","template":"","meta":{"_monsterinsights_skip_tracking":false,"_monsterinsights_sitenote_active":false,"_monsterinsights_sitenote_note":"","_monsterinsights_sitenote_category":0,"footnotes":""},"class_list":["post-269","page","type-page","status-publish","hentry","description-off"],"yoast_head":"<!-- This site is optimized with the Yoast SEO plugin v27.4 - https:\/\/yoast.com\/product\/yoast-seo-wordpress\/ -->\n<title>Referenzen &amp; Kunden unserer Netzwerkmanagement-L\u00f6sung<\/title>\n<meta name=\"description\" content=\"Erfahren Sie mehr \u00fcber die Zufriedenheit und Erfolge unserer Kunden, die ihr Netzwerkmanagement mit unserer L\u00f6sung modernisiert haben.\" \/>\n<meta name=\"robots\" content=\"index, follow, max-snippet:-1, max-image-preview:large, max-video-preview:-1\" \/>\n<link rel=\"canonical\" href=\"https:\/\/eramon.de\/de\/referenzen-und-kunden\/\" \/>\n<meta property=\"og:locale\" content=\"de_DE\" \/>\n<meta property=\"og:type\" content=\"article\" \/>\n<meta property=\"og:title\" content=\"Referenzen &amp; Kunden | ERAMON GmbH\" \/>\n<meta property=\"og:description\" content=\"Hier k\u00f6nnen Sie einige Referenzkunden der vergangen Jahre von ERAMON GmbH finden\" \/>\n<meta property=\"og:url\" content=\"https:\/\/eramon.de\/de\/referenzen-und-kunden\/\" \/>\n<meta property=\"og:site_name\" content=\"ERAMON\" \/>\n<meta property=\"article:modified_time\" content=\"2025-02-21T07:47:11+00:00\" \/>\n<meta name=\"twitter:card\" content=\"summary_large_image\" \/>\n<meta name=\"twitter:title\" content=\"Referenzen &amp; Kunden | ERAMON GmbH\" \/>\n<meta name=\"twitter:description\" content=\"Hier k\u00f6nnen Sie einige Referenzkunden der vergangen Jahre von ERAMON GmbH finden\" \/>\n<meta name=\"twitter:label1\" content=\"Gesch\u00e4tzte Lesezeit\" \/>\n\t<meta name=\"twitter:data1\" content=\"4\u00a0Minuten\" \/>\n<script type=\"application\/ld+json\" class=\"yoast-schema-graph\">{\"@context\":\"https:\\\/\\\/schema.org\",\"@graph\":[{\"@type\":\"WebPage\",\"@id\":\"https:\\\/\\\/eramon.de\\\/de\\\/referenzen-und-kunden\\\/\",\"url\":\"https:\\\/\\\/eramon.de\\\/de\\\/referenzen-und-kunden\\\/\",\"name\":\"Referenzen & Kunden unserer Netzwerkmanagement-L\u00f6sung\",\"isPartOf\":{\"@id\":\"https:\\\/\\\/eramon.de\\\/de\\\/#website\"},\"datePublished\":\"2020-05-06T13:57:46+00:00\",\"dateModified\":\"2025-02-21T07:47:11+00:00\",\"description\":\"Erfahren Sie mehr \u00fcber die Zufriedenheit und Erfolge unserer Kunden, die ihr Netzwerkmanagement mit unserer L\u00f6sung modernisiert haben.\",\"breadcrumb\":{\"@id\":\"https:\\\/\\\/eramon.de\\\/de\\\/referenzen-und-kunden\\\/#breadcrumb\"},\"inLanguage\":\"de\",\"potentialAction\":[{\"@type\":\"ReadAction\",\"target\":[\"https:\\\/\\\/eramon.de\\\/de\\\/referenzen-und-kunden\\\/\"]}]},{\"@type\":\"BreadcrumbList\",\"@id\":\"https:\\\/\\\/eramon.de\\\/de\\\/referenzen-und-kunden\\\/#breadcrumb\",\"itemListElement\":[{\"@type\":\"ListItem\",\"position\":1,\"name\":\"Startseite\",\"item\":\"https:\\\/\\\/eramon.de\\\/de\\\/\"},{\"@type\":\"ListItem\",\"position\":2,\"name\":\"Referenzen\"}]},{\"@type\":\"WebSite\",\"@id\":\"https:\\\/\\\/eramon.de\\\/de\\\/#website\",\"url\":\"https:\\\/\\\/eramon.de\\\/de\\\/\",\"name\":\"ERAMON\",\"description\":\"Network Management\",\"publisher\":{\"@id\":\"https:\\\/\\\/eramon.de\\\/de\\\/#organization\"},\"potentialAction\":[{\"@type\":\"SearchAction\",\"target\":{\"@type\":\"EntryPoint\",\"urlTemplate\":\"https:\\\/\\\/eramon.de\\\/de\\\/?s={search_term_string}\"},\"query-input\":{\"@type\":\"PropertyValueSpecification\",\"valueRequired\":true,\"valueName\":\"search_term_string\"}}],\"inLanguage\":\"de\"},{\"@type\":\"Organization\",\"@id\":\"https:\\\/\\\/eramon.de\\\/de\\\/#organization\",\"name\":\"ERAMON GmbH\",\"url\":\"https:\\\/\\\/eramon.de\\\/de\\\/\",\"logo\":{\"@type\":\"ImageObject\",\"inLanguage\":\"de\",\"@id\":\"https:\\\/\\\/eramon.de\\\/de\\\/#\\\/schema\\\/logo\\\/image\\\/\",\"url\":\"https:\\\/\\\/eramon.de\\\/wp-content\\\/uploads\\\/2021\\\/02\\\/eramon-logo@2x-2.png\",\"contentUrl\":\"https:\\\/\\\/eramon.de\\\/wp-content\\\/uploads\\\/2021\\\/02\\\/eramon-logo@2x-2.png\",\"width\":612,\"height\":224,\"caption\":\"ERAMON GmbH\"},\"image\":{\"@id\":\"https:\\\/\\\/eramon.de\\\/de\\\/#\\\/schema\\\/logo\\\/image\\\/\"},\"sameAs\":[\"https:\\\/\\\/www.linkedin.com\\\/company\\\/eramon-gmbh\\\/\"]}]}<\/script>\n<!-- \/ Yoast SEO plugin. -->","yoast_head_json":{"title":"Referenzen & Kunden unserer Netzwerkmanagement-L\u00f6sung","description":"Erfahren Sie mehr \u00fcber die Zufriedenheit und Erfolge unserer Kunden, die ihr Netzwerkmanagement mit unserer L\u00f6sung modernisiert haben.","robots":{"index":"index","follow":"follow","max-snippet":"max-snippet:-1","max-image-preview":"max-image-preview:large","max-video-preview":"max-video-preview:-1"},"canonical":"https:\/\/eramon.de\/de\/referenzen-und-kunden\/","og_locale":"de_DE","og_type":"article","og_title":"Referenzen & Kunden | ERAMON GmbH","og_description":"Hier k\u00f6nnen Sie einige Referenzkunden der vergangen Jahre von ERAMON GmbH finden","og_url":"https:\/\/eramon.de\/de\/referenzen-und-kunden\/","og_site_name":"ERAMON","article_modified_time":"2025-02-21T07:47:11+00:00","twitter_card":"summary_large_image","twitter_title":"Referenzen & Kunden | ERAMON GmbH","twitter_description":"Hier k\u00f6nnen Sie einige Referenzkunden der vergangen Jahre von ERAMON GmbH finden","twitter_misc":{"Gesch\u00e4tzte Lesezeit":"4\u00a0Minuten"},"schema":{"@context":"https:\/\/schema.org","@graph":[{"@type":"WebPage","@id":"https:\/\/eramon.de\/de\/referenzen-und-kunden\/","url":"https:\/\/eramon.de\/de\/referenzen-und-kunden\/","name":"Referenzen & Kunden unserer Netzwerkmanagement-L\u00f6sung","isPartOf":{"@id":"https:\/\/eramon.de\/de\/#website"},"datePublished":"2020-05-06T13:57:46+00:00","dateModified":"2025-02-21T07:47:11+00:00","description":"Erfahren Sie mehr \u00fcber die Zufriedenheit und Erfolge unserer Kunden, die ihr Netzwerkmanagement mit unserer L\u00f6sung modernisiert haben.","breadcrumb":{"@id":"https:\/\/eramon.de\/de\/referenzen-und-kunden\/#breadcrumb"},"inLanguage":"de","potentialAction":[{"@type":"ReadAction","target":["https:\/\/eramon.de\/de\/referenzen-und-kunden\/"]}]},{"@type":"BreadcrumbList","@id":"https:\/\/eramon.de\/de\/referenzen-und-kunden\/#breadcrumb","itemListElement":[{"@type":"ListItem","position":1,"name":"Startseite","item":"https:\/\/eramon.de\/de\/"},{"@type":"ListItem","position":2,"name":"Referenzen"}]},{"@type":"WebSite","@id":"https:\/\/eramon.de\/de\/#website","url":"https:\/\/eramon.de\/de\/","name":"ERAMON","description":"Network Management","publisher":{"@id":"https:\/\/eramon.de\/de\/#organization"},"potentialAction":[{"@type":"SearchAction","target":{"@type":"EntryPoint","urlTemplate":"https:\/\/eramon.de\/de\/?s={search_term_string}"},"query-input":{"@type":"PropertyValueSpecification","valueRequired":true,"valueName":"search_term_string"}}],"inLanguage":"de"},{"@type":"Organization","@id":"https:\/\/eramon.de\/de\/#organization","name":"ERAMON GmbH","url":"https:\/\/eramon.de\/de\/","logo":{"@type":"ImageObject","inLanguage":"de","@id":"https:\/\/eramon.de\/de\/#\/schema\/logo\/image\/","url":"https:\/\/eramon.de\/wp-content\/uploads\/2021\/02\/eramon-logo@2x-2.png","contentUrl":"https:\/\/eramon.de\/wp-content\/uploads\/2021\/02\/eramon-logo@2x-2.png","width":612,"height":224,"caption":"ERAMON GmbH"},"image":{"@id":"https:\/\/eramon.de\/de\/#\/schema\/logo\/image\/"},"sameAs":["https:\/\/www.linkedin.com\/company\/eramon-gmbh\/"]}]}},"_links":{"self":[{"href":"https:\/\/eramon.de\/de\/wp-json\/wp\/v2\/pages\/269","targetHints":{"allow":["GET"]}}],"collection":[{"href":"https:\/\/eramon.de\/de\/wp-json\/wp\/v2\/pages"}],"about":[{"href":"https:\/\/eramon.de\/de\/wp-json\/wp\/v2\/types\/page"}],"author":[{"embeddable":true,"href":"https:\/\/eramon.de\/de\/wp-json\/wp\/v2\/users\/2"}],"replies":[{"embeddable":true,"href":"https:\/\/eramon.de\/de\/wp-json\/wp\/v2\/comments?post=269"}],"version-history":[{"count":31,"href":"https:\/\/eramon.de\/de\/wp-json\/wp\/v2\/pages\/269\/revisions"}],"predecessor-version":[{"id":3413,"href":"https:\/\/eramon.de\/de\/wp-json\/wp\/v2\/pages\/269\/revisions\/3413"}],"wp:attachment":[{"href":"https:\/\/eramon.de\/de\/wp-json\/wp\/v2\/media?parent=269"}],"curies":[{"name":"wp","href":"https:\/\/api.w.org\/{rel}","templated":true}]}}