{"id":311,"date":"2020-05-06T16:59:41","date_gmt":"2020-05-06T14:59:41","guid":{"rendered":"https:\/\/eramon.de\/?page_id=311"},"modified":"2024-11-04T18:46:13","modified_gmt":"2024-11-04T17:46:13","slug":"topology-view","status":"publish","type":"page","link":"https:\/\/eramon.de\/de\/produkt\/anwendungsmodule\/topology-view\/","title":{"rendered":"Topology View"},"content":{"rendered":"<div class=\"wpb-content-wrapper\"><p>[vc_row css=&#8220;.vc_custom_1588260516530{padding-bottom: 50px !important;}&#8220;][vc_column]<div id=\"ultimate-heading-39369eb91d270a02\" class=\"uvc-heading ult-adjust-bottom-margin ultimate-heading-39369eb91d270a02 uvc-8841 \" data-hspacer=\"line_only\"  data-halign=\"left\" style=\"text-align:left\"><div class=\"uvc-main-heading ult-responsive\"  data-ultimate-target='.uvc-heading.ultimate-heading-39369eb91d270a02 h3'  data-responsive-json-new='{\"font-size\":\"desktop:25px;\",\"line-height\":\"desktop:25px;\"}' ><h3 style=\"--font-weight:theme;color:#241f0c;margin-bottom:20px;\">Topology View<\/h3><\/div><div class=\"uvc-heading-spacer line_only\" style=\"margin-bottom:32px;height:2px;\"><span class=\"uvc-headings-line\" style=\"border-style:solid;border-bottom-width:2px;border-color:#cad30b;width:102px;\"><\/span><\/div><\/div><div id=\"ultimate-heading-840069eb91d270a99\" class=\"uvc-heading ult-adjust-bottom-margin ultimate-heading-840069eb91d270a99 uvc-5637 \" data-hspacer=\"line_only\"  data-halign=\"left\" style=\"text-align:left\"><div class=\"uvc-main-heading ult-responsive\"  data-ultimate-target='.uvc-heading.ultimate-heading-840069eb91d270a99 h3'  data-responsive-json-new='{\"font-size\":\"desktop:20px;\",\"line-height\":\"desktop:20px;\"}' ><h3 style=\"--font-weight:theme;color:#241f0c;margin-bottom:20px;\">Ihr Nutzen<\/h3><\/div><div class=\"uvc-heading-spacer line_only\" style=\"margin-bottom:32px;height:2px;\"><span class=\"uvc-headings-line\" style=\"border-style:solid;border-bottom-width:2px;border-color:#b4b4b4;width:51px;\"><\/span><\/div><\/div><div class=\"standard-arrow bullet-top\"><ul>\n<li>Sie bringen den aktuellen Status Ihres Netzwerks in einen geographischen Kontext<\/li>\n<li>Sie erkennen lokale Abh\u00e4ngigkeiten auf einen Blick<\/li>\n<li>Sie vereinfachen die \u00dcbersicht komplexer Netzwerkstrukturen anhand topologischer Ansichten in Echtzeit<\/li>\n<li>Sie erhalten eine automatisiert erstellte Abbildung Ihres Netzwerks<\/li>\n<li>Sie sehen mit einem Blick den Zustand des Netzwerks<\/li>\n<li>Sie greifen komfortabel auf weitere Anwendungen Ihrer Arbeitsumgebung zu<\/li>\n<\/ul>\n<\/div>[vc_empty_space]<div id=\"ultimate-heading-530569eb91d270ba1\" class=\"uvc-heading ult-adjust-bottom-margin ultimate-heading-530569eb91d270ba1 uvc-6779 \" data-hspacer=\"line_only\"  data-halign=\"left\" style=\"text-align:left\"><div class=\"uvc-main-heading ult-responsive\"  data-ultimate-target='.uvc-heading.ultimate-heading-530569eb91d270ba1 h3'  data-responsive-json-new='{\"font-size\":\"desktop:20px;\",\"line-height\":\"desktop:20px;\"}' ><h3 style=\"--font-weight:theme;color:#241f0c;margin-bottom:20px;\">Allgemein<\/h3><\/div><div class=\"uvc-heading-spacer line_only\" style=\"margin-bottom:32px;height:2px;\"><span class=\"uvc-headings-line\" style=\"border-style:solid;border-bottom-width:2px;border-color:#b4b4b4;width:51px;\"><\/span><\/div><\/div>[vc_column_text css=&#8220;&#8220;]Die Topology View bietet eine umfassende geographische Visualisierung Ihrer Netzwerkarchitektur auf dem Kartenmaterial von <a href=\"https:\/\/www.openstreetmap.de\/\">OpenStreetMap\u00ae<\/a>.<\/p>\n<p>Automatisierte Prozesse erfassen s\u00e4mtliche Verbindungen, Ger\u00e4te und Komponenten in Ihrem Netzwerk und halten die Ansicht immer auf dem aktuellen Stand.<\/p>\n<p>Mit dem Clustering by Distance behalten Sie in der Topology View auf jeder Zoomstufe den \u00dcberblick. Die Devices werden nach Entfernung gruppiert dargestellt. Das Navigieren auf der Karte ist damit einfach und effizient, wichtige Informationen werden schnell erfasst.<\/p>\n<p>Die Topology View bietet Ihnen eine umfassende <a href=\"https:\/\/eramon.de\/de\/produkt\/anwendungsmodule\/performance-management\/\">Performance-\u00dcbersicht<\/a> Ihres Netzwerks (z. B. die Bandbreitenauslastung &#8211; Weathermap). Sie erhalten einen klaren \u00dcberblick \u00fcber den Zustand Ihrer Infrastruktur \u00fcber verschiedenen Ebenen, und das alles auf einen Blick.[\/vc_column_text][vc_single_image image=&#8220;2788&#8243; img_size=&#8220;full&#8220; alignment=&#8220;center&#8220; image_hovers=&#8220;false&#8220; lazy_loading=&#8220;true&#8220;][\/vc_column][\/vc_row][vc_row css=&#8220;.vc_custom_1588260516530{padding-bottom: 50px !important;}&#8220;][vc_column]<div id=\"ultimate-heading-43869eb91d270c01\" class=\"uvc-heading ult-adjust-bottom-margin ultimate-heading-43869eb91d270c01 uvc-5373 \" data-hspacer=\"line_only\"  data-halign=\"left\" style=\"text-align:left\"><div class=\"uvc-main-heading ult-responsive\"  data-ultimate-target='.uvc-heading.ultimate-heading-43869eb91d270c01 h3'  data-responsive-json-new='{\"font-size\":\"desktop:20px;\",\"line-height\":\"desktop:20px;\"}' ><h3 style=\"--font-weight:theme;color:#241f0c;margin-bottom:20px;\">Schematische Ansicht<\/h3><\/div><div class=\"uvc-heading-spacer line_only\" style=\"margin-bottom:32px;height:2px;\"><span class=\"uvc-headings-line\" style=\"border-style:solid;border-bottom-width:2px;border-color:#b4b4b4;width:51px;\"><\/span><\/div><\/div>[vc_column_text]<\/p>\n<div class=\"col2 col-xs-12 col-md-6\">\n<div class=\"tiny-html\">\n<div class=\"tiny-html\">\n<p>In der Schematischen Ansicht werden alle Devices im Cluster, die sich geographisch an der gleichen Stelle befinden, in einer eigenen Dialogbox angezeigt. Die graphische Anordnung der Devices erfolgt dabei automatisch, um Ihnen eine \u00fcbersichtliche Darstellung zu bieten.<\/p>\n<p>Die Anordnung der Ger\u00e4te kann m\u00fchelos manuell angepasst werden.<\/p>\n<p>Profitieren Sie von der \u00dcbersichtlichkeit der schematischen Ansicht bei komplexen Teilnetzen.<\/p>\n<\/div>\n<\/div>\n<\/div>\n<p>[\/vc_column_text][vc_single_image image=&#8220;2790&#8243; img_size=&#8220;full&#8220; alignment=&#8220;center&#8220; image_hovers=&#8220;false&#8220; lazy_loading=&#8220;true&#8220;][\/vc_column][\/vc_row][vc_row css=&#8220;.vc_custom_1588260516530{padding-bottom: 50px !important;}&#8220;][vc_column]<div id=\"ultimate-heading-179469eb91d270c5f\" class=\"uvc-heading ult-adjust-bottom-margin ultimate-heading-179469eb91d270c5f uvc-3413 \" data-hspacer=\"line_only\"  data-halign=\"left\" style=\"text-align:left\"><div class=\"uvc-main-heading ult-responsive\"  data-ultimate-target='.uvc-heading.ultimate-heading-179469eb91d270c5f h3'  data-responsive-json-new='{\"font-size\":\"desktop:20px;\",\"line-height\":\"desktop:20px;\"}' ><h3 style=\"--font-weight:theme;color:#241f0c;margin-bottom:20px;\">Individuelle Links<\/h3><\/div><div class=\"uvc-heading-spacer line_only\" style=\"margin-bottom:32px;height:2px;\"><span class=\"uvc-headings-line\" style=\"border-style:solid;border-bottom-width:2px;border-color:#b4b4b4;width:51px;\"><\/span><\/div><\/div>[vc_column_text]<\/p>\n<div class=\"col2 col-xs-12 col-md-6\">\n<div class=\"tiny-html\">\n<div class=\"tiny-html\">\n<p>Benutzerdefinierte Links erm\u00f6glichen einen schnellen Zugriff auf Webseiten in ERAMON, im Internet oder auch externe webbasierte Applikationen. Sie k\u00f6nnen ganz nach Ihren Bed\u00fcrfnissen und Pr\u00e4ferenzen eigene Sprungpunkte erstellen und somit Ihre Arbeitsabl\u00e4ufe optimieren.<\/p>\n<p>Dies erm\u00f6glicht Ihnen eine nahtlose Navigation und erh\u00f6ht die Effizienz bei der Verwendung verschiedener Anwendungen, ohne die Topology View verlassen zu m\u00fcssen.<\/p>\n<p>Nutzen Sie diese Funktion, um Ihre Produktivit\u00e4t zu steigern und Ihre Arbeitsprozesse noch effizienter zu gestalten.<\/p>\n<\/div>\n<\/div>\n<\/div>\n<p>[\/vc_column_text][vc_single_image image=&#8220;2792&#8243; img_size=&#8220;full&#8220; alignment=&#8220;center&#8220; image_hovers=&#8220;false&#8220; lazy_loading=&#8220;true&#8220;][\/vc_column][\/vc_row][vc_row css=&#8220;.vc_custom_1588260516530{padding-bottom: 50px !important;}&#8220;][vc_column]<div id=\"ultimate-heading-853069eb91d270cb5\" class=\"uvc-heading ult-adjust-bottom-margin ultimate-heading-853069eb91d270cb5 uvc-5152 \" data-hspacer=\"line_only\"  data-halign=\"left\" style=\"text-align:left\"><div class=\"uvc-main-heading ult-responsive\"  data-ultimate-target='.uvc-heading.ultimate-heading-853069eb91d270cb5 h3'  data-responsive-json-new='{\"font-size\":\"desktop:20px;\",\"line-height\":\"desktop:20px;\"}' ><h3 style=\"--font-weight:theme;color:#241f0c;margin-bottom:20px;\">Offene Architektur<\/h3><\/div><div class=\"uvc-heading-spacer line_only\" style=\"margin-bottom:32px;height:2px;\"><span class=\"uvc-headings-line\" style=\"border-style:solid;border-bottom-width:2px;border-color:#b4b4b4;width:51px;\"><\/span><\/div><\/div>[vc_column_text]<\/p>\n<div class=\"col2 col-xs-12 col-md-6\">\n<div class=\"tiny-html\">\n<div class=\"tiny-html\">\n<p>Die offene Architektur erm\u00f6glicht es, problemlos andere Datenquellen in die Topology View zu integrieren.<\/p>\n<p>Sie m\u00f6chten zus\u00e4tzliche Informationen wie Cyber-Angriffe, Wetterdaten, GPS-Daten von Service-Personal, Funkmasten und vieles mehr darstellen?<\/p>\n<p>Kein Problem!<\/p>\n<p>Kontaktieren Sie uns, und wir integrieren gerne Ihre Daten in die Ansicht. Ihre individuellen Anforderungen stehen bei uns im Fokus, und wir unterst\u00fctzen Sie dabei, die Topology View genau nach Ihren Bed\u00fcrfnissen anzupassen.<\/p>\n<\/div>\n<\/div>\n<\/div>\n<p>[\/vc_column_text][vc_single_image image=&#8220;2794&#8243; img_size=&#8220;full&#8220; alignment=&#8220;center&#8220; image_hovers=&#8220;false&#8220; lazy_loading=&#8220;true&#8220;][\/vc_column][\/vc_row]<\/p>\n<\/div>","protected":false},"excerpt":{"rendered":"<p>[vc_row css=&#8220;.vc_custom_1588260516530{padding-bottom: 50px !important;}&#8220;][vc_column][vc_empty_space][vc_column_text css=&#8220;&#8220;]Die Topology View bietet eine umfassende geographische Visualisierung Ihrer Netzwerkarchitektur auf dem Kartenmaterial von OpenStreetMap\u00ae. Automatisierte Prozesse erfassen s\u00e4mtliche Verbindungen, Ger\u00e4te und Komponenten in Ihrem Netzwerk und halten die Ansicht immer auf dem aktuellen Stand. Mit dem Clustering by Distance behalten Sie in der Topology View auf jeder Zoomstufe den \u00dcberblick.&hellip;<\/p>\n","protected":false},"author":2,"featured_media":0,"parent":254,"menu_order":0,"comment_status":"closed","ping_status":"closed","template":"","meta":{"_monsterinsights_skip_tracking":false,"_monsterinsights_sitenote_active":false,"_monsterinsights_sitenote_note":"","_monsterinsights_sitenote_category":0,"footnotes":""},"class_list":["post-311","page","type-page","status-publish","hentry","description-off"],"yoast_head":"<!-- This site is optimized with the Yoast SEO plugin v27.4 - https:\/\/yoast.com\/product\/yoast-seo-wordpress\/ -->\n<title>Netzwerk Topology View | Geografisch | ERAMON GmbH<\/title>\n<meta name=\"description\" content=\"Ihr Netzwerk in einer Topologie Ansicht \u00fcbersichtlich dargestellt. Schnell und pr\u00e4zise den operativen Status ihres Netzwerks auf einen Blick.\" \/>\n<meta name=\"robots\" content=\"index, follow, max-snippet:-1, max-image-preview:large, max-video-preview:-1\" \/>\n<link rel=\"canonical\" href=\"https:\/\/eramon.de\/de\/produkt\/anwendungsmodule\/topology-view\/\" \/>\n<meta property=\"og:locale\" content=\"de_DE\" \/>\n<meta property=\"og:type\" content=\"article\" \/>\n<meta property=\"og:title\" content=\"Network Topology View | WAN-Infrastruktur | ERAMON GmbH\" \/>\n<meta property=\"og:description\" content=\"Mit ERAMON grafische Ansichten &amp; Pl\u00e4ne Ihrer WAN-Infrastruktur einfach erstellen, editieren oder darstellen lassen | Informieren Sie sich jetzt\" \/>\n<meta property=\"og:url\" content=\"https:\/\/eramon.de\/de\/produkt\/anwendungsmodule\/topology-view\/\" \/>\n<meta property=\"og:site_name\" content=\"ERAMON\" \/>\n<meta property=\"article:modified_time\" content=\"2024-11-04T17:46:13+00:00\" \/>\n<meta name=\"twitter:card\" content=\"summary_large_image\" \/>\n<meta name=\"twitter:title\" content=\"Network Topology View | WAN-Infrastruktur | ERAMON GmbH\" \/>\n<meta name=\"twitter:description\" content=\"Mit ERAMON grafische Ansichten &amp; Pl\u00e4ne Ihrer WAN-Infrastruktur einfach erstellen, editieren oder darstellen lassen | Informieren Sie sich jetzt\" \/>\n<meta name=\"twitter:label1\" content=\"Gesch\u00e4tzte Lesezeit\" \/>\n\t<meta name=\"twitter:data1\" content=\"4\u00a0Minuten\" \/>\n<script type=\"application\/ld+json\" class=\"yoast-schema-graph\">{\"@context\":\"https:\\\/\\\/schema.org\",\"@graph\":[{\"@type\":\"WebPage\",\"@id\":\"https:\\\/\\\/eramon.de\\\/de\\\/produkt\\\/anwendungsmodule\\\/topology-view\\\/\",\"url\":\"https:\\\/\\\/eramon.de\\\/de\\\/produkt\\\/anwendungsmodule\\\/topology-view\\\/\",\"name\":\"Netzwerk Topology View | Geografisch | ERAMON GmbH\",\"isPartOf\":{\"@id\":\"https:\\\/\\\/eramon.de\\\/de\\\/#website\"},\"datePublished\":\"2020-05-06T14:59:41+00:00\",\"dateModified\":\"2024-11-04T17:46:13+00:00\",\"description\":\"Ihr Netzwerk in einer Topologie Ansicht \u00fcbersichtlich dargestellt. Schnell und pr\u00e4zise den operativen Status ihres Netzwerks auf einen Blick.\",\"breadcrumb\":{\"@id\":\"https:\\\/\\\/eramon.de\\\/de\\\/produkt\\\/anwendungsmodule\\\/topology-view\\\/#breadcrumb\"},\"inLanguage\":\"de\",\"potentialAction\":[{\"@type\":\"ReadAction\",\"target\":[\"https:\\\/\\\/eramon.de\\\/de\\\/produkt\\\/anwendungsmodule\\\/topology-view\\\/\"]}]},{\"@type\":\"BreadcrumbList\",\"@id\":\"https:\\\/\\\/eramon.de\\\/de\\\/produkt\\\/anwendungsmodule\\\/topology-view\\\/#breadcrumb\",\"itemListElement\":[{\"@type\":\"ListItem\",\"position\":1,\"name\":\"Startseite\",\"item\":\"https:\\\/\\\/eramon.de\\\/de\\\/\"},{\"@type\":\"ListItem\",\"position\":2,\"name\":\"Das Produkt\",\"item\":\"https:\\\/\\\/eramon.de\\\/de\\\/produkt\\\/\"},{\"@type\":\"ListItem\",\"position\":3,\"name\":\"Anwendungsmodule\",\"item\":\"https:\\\/\\\/eramon.de\\\/de\\\/produkt\\\/anwendungsmodule\\\/\"},{\"@type\":\"ListItem\",\"position\":4,\"name\":\"Topology View\"}]},{\"@type\":\"WebSite\",\"@id\":\"https:\\\/\\\/eramon.de\\\/de\\\/#website\",\"url\":\"https:\\\/\\\/eramon.de\\\/de\\\/\",\"name\":\"ERAMON\",\"description\":\"Network Management\",\"publisher\":{\"@id\":\"https:\\\/\\\/eramon.de\\\/de\\\/#organization\"},\"potentialAction\":[{\"@type\":\"SearchAction\",\"target\":{\"@type\":\"EntryPoint\",\"urlTemplate\":\"https:\\\/\\\/eramon.de\\\/de\\\/?s={search_term_string}\"},\"query-input\":{\"@type\":\"PropertyValueSpecification\",\"valueRequired\":true,\"valueName\":\"search_term_string\"}}],\"inLanguage\":\"de\"},{\"@type\":\"Organization\",\"@id\":\"https:\\\/\\\/eramon.de\\\/de\\\/#organization\",\"name\":\"ERAMON GmbH\",\"url\":\"https:\\\/\\\/eramon.de\\\/de\\\/\",\"logo\":{\"@type\":\"ImageObject\",\"inLanguage\":\"de\",\"@id\":\"https:\\\/\\\/eramon.de\\\/de\\\/#\\\/schema\\\/logo\\\/image\\\/\",\"url\":\"https:\\\/\\\/eramon.de\\\/wp-content\\\/uploads\\\/2021\\\/02\\\/eramon-logo@2x-2.png\",\"contentUrl\":\"https:\\\/\\\/eramon.de\\\/wp-content\\\/uploads\\\/2021\\\/02\\\/eramon-logo@2x-2.png\",\"width\":612,\"height\":224,\"caption\":\"ERAMON GmbH\"},\"image\":{\"@id\":\"https:\\\/\\\/eramon.de\\\/de\\\/#\\\/schema\\\/logo\\\/image\\\/\"},\"sameAs\":[\"https:\\\/\\\/www.linkedin.com\\\/company\\\/eramon-gmbh\\\/\"]}]}<\/script>\n<!-- \/ Yoast SEO plugin. -->","yoast_head_json":{"title":"Netzwerk Topology View | Geografisch | ERAMON GmbH","description":"Ihr Netzwerk in einer Topologie Ansicht \u00fcbersichtlich dargestellt. Schnell und pr\u00e4zise den operativen Status ihres Netzwerks auf einen Blick.","robots":{"index":"index","follow":"follow","max-snippet":"max-snippet:-1","max-image-preview":"max-image-preview:large","max-video-preview":"max-video-preview:-1"},"canonical":"https:\/\/eramon.de\/de\/produkt\/anwendungsmodule\/topology-view\/","og_locale":"de_DE","og_type":"article","og_title":"Network Topology View | WAN-Infrastruktur | ERAMON GmbH","og_description":"Mit ERAMON grafische Ansichten & Pl\u00e4ne Ihrer WAN-Infrastruktur einfach erstellen, editieren oder darstellen lassen | Informieren Sie sich jetzt","og_url":"https:\/\/eramon.de\/de\/produkt\/anwendungsmodule\/topology-view\/","og_site_name":"ERAMON","article_modified_time":"2024-11-04T17:46:13+00:00","twitter_card":"summary_large_image","twitter_title":"Network Topology View | WAN-Infrastruktur | ERAMON GmbH","twitter_description":"Mit ERAMON grafische Ansichten & Pl\u00e4ne Ihrer WAN-Infrastruktur einfach erstellen, editieren oder darstellen lassen | Informieren Sie sich jetzt","twitter_misc":{"Gesch\u00e4tzte Lesezeit":"4\u00a0Minuten"},"schema":{"@context":"https:\/\/schema.org","@graph":[{"@type":"WebPage","@id":"https:\/\/eramon.de\/de\/produkt\/anwendungsmodule\/topology-view\/","url":"https:\/\/eramon.de\/de\/produkt\/anwendungsmodule\/topology-view\/","name":"Netzwerk Topology View | Geografisch | ERAMON GmbH","isPartOf":{"@id":"https:\/\/eramon.de\/de\/#website"},"datePublished":"2020-05-06T14:59:41+00:00","dateModified":"2024-11-04T17:46:13+00:00","description":"Ihr Netzwerk in einer Topologie Ansicht \u00fcbersichtlich dargestellt. Schnell und pr\u00e4zise den operativen Status ihres Netzwerks auf einen Blick.","breadcrumb":{"@id":"https:\/\/eramon.de\/de\/produkt\/anwendungsmodule\/topology-view\/#breadcrumb"},"inLanguage":"de","potentialAction":[{"@type":"ReadAction","target":["https:\/\/eramon.de\/de\/produkt\/anwendungsmodule\/topology-view\/"]}]},{"@type":"BreadcrumbList","@id":"https:\/\/eramon.de\/de\/produkt\/anwendungsmodule\/topology-view\/#breadcrumb","itemListElement":[{"@type":"ListItem","position":1,"name":"Startseite","item":"https:\/\/eramon.de\/de\/"},{"@type":"ListItem","position":2,"name":"Das Produkt","item":"https:\/\/eramon.de\/de\/produkt\/"},{"@type":"ListItem","position":3,"name":"Anwendungsmodule","item":"https:\/\/eramon.de\/de\/produkt\/anwendungsmodule\/"},{"@type":"ListItem","position":4,"name":"Topology View"}]},{"@type":"WebSite","@id":"https:\/\/eramon.de\/de\/#website","url":"https:\/\/eramon.de\/de\/","name":"ERAMON","description":"Network Management","publisher":{"@id":"https:\/\/eramon.de\/de\/#organization"},"potentialAction":[{"@type":"SearchAction","target":{"@type":"EntryPoint","urlTemplate":"https:\/\/eramon.de\/de\/?s={search_term_string}"},"query-input":{"@type":"PropertyValueSpecification","valueRequired":true,"valueName":"search_term_string"}}],"inLanguage":"de"},{"@type":"Organization","@id":"https:\/\/eramon.de\/de\/#organization","name":"ERAMON GmbH","url":"https:\/\/eramon.de\/de\/","logo":{"@type":"ImageObject","inLanguage":"de","@id":"https:\/\/eramon.de\/de\/#\/schema\/logo\/image\/","url":"https:\/\/eramon.de\/wp-content\/uploads\/2021\/02\/eramon-logo@2x-2.png","contentUrl":"https:\/\/eramon.de\/wp-content\/uploads\/2021\/02\/eramon-logo@2x-2.png","width":612,"height":224,"caption":"ERAMON GmbH"},"image":{"@id":"https:\/\/eramon.de\/de\/#\/schema\/logo\/image\/"},"sameAs":["https:\/\/www.linkedin.com\/company\/eramon-gmbh\/"]}]}},"_links":{"self":[{"href":"https:\/\/eramon.de\/de\/wp-json\/wp\/v2\/pages\/311","targetHints":{"allow":["GET"]}}],"collection":[{"href":"https:\/\/eramon.de\/de\/wp-json\/wp\/v2\/pages"}],"about":[{"href":"https:\/\/eramon.de\/de\/wp-json\/wp\/v2\/types\/page"}],"author":[{"embeddable":true,"href":"https:\/\/eramon.de\/de\/wp-json\/wp\/v2\/users\/2"}],"replies":[{"embeddable":true,"href":"https:\/\/eramon.de\/de\/wp-json\/wp\/v2\/comments?post=311"}],"version-history":[{"count":15,"href":"https:\/\/eramon.de\/de\/wp-json\/wp\/v2\/pages\/311\/revisions"}],"predecessor-version":[{"id":3166,"href":"https:\/\/eramon.de\/de\/wp-json\/wp\/v2\/pages\/311\/revisions\/3166"}],"up":[{"embeddable":true,"href":"https:\/\/eramon.de\/de\/wp-json\/wp\/v2\/pages\/254"}],"wp:attachment":[{"href":"https:\/\/eramon.de\/de\/wp-json\/wp\/v2\/media?parent=311"}],"curies":[{"name":"wp","href":"https:\/\/api.w.org\/{rel}","templated":true}]}}