{"id":315,"date":"2020-05-06T17:12:11","date_gmt":"2020-05-06T15:12:11","guid":{"rendered":"https:\/\/eramon.de\/?page_id=315"},"modified":"2024-11-05T20:43:26","modified_gmt":"2024-11-05T19:43:26","slug":"traffic-analyse","status":"publish","type":"page","link":"https:\/\/eramon.de\/de\/produkt\/anwendungsmodule\/traffic-analyse\/","title":{"rendered":"Traffic-Analyse"},"content":{"rendered":"<div class=\"wpb-content-wrapper\"><p>[vc_row css=&#8220;.vc_custom_1588260516530{padding-bottom: 50px !important;}&#8220;][vc_column]<div id=\"ultimate-heading-509569f63e4436a61\" class=\"uvc-heading ult-adjust-bottom-margin ultimate-heading-509569f63e4436a61 uvc-2372 \" data-hspacer=\"line_only\"  data-halign=\"left\" style=\"text-align:left\"><div class=\"uvc-main-heading ult-responsive\"  data-ultimate-target='.uvc-heading.ultimate-heading-509569f63e4436a61 h3'  data-responsive-json-new='{\"font-size\":\"desktop:25px;\",\"line-height\":\"desktop:25px;\"}' ><h3 style=\"--font-weight:theme;color:#241f0c;margin-bottom:20px;\">Traffic-Analyse<\/h3><\/div><div class=\"uvc-heading-spacer line_only\" style=\"margin-bottom:32px;height:2px;\"><span class=\"uvc-headings-line\" style=\"border-style:solid;border-bottom-width:2px;border-color:#cad30b;width:102px;\"><\/span><\/div><\/div><div id=\"ultimate-heading-424369f63e4436b0d\" class=\"uvc-heading ult-adjust-bottom-margin ultimate-heading-424369f63e4436b0d uvc-3420 \" data-hspacer=\"line_only\"  data-halign=\"left\" style=\"text-align:left\"><div class=\"uvc-main-heading ult-responsive\"  data-ultimate-target='.uvc-heading.ultimate-heading-424369f63e4436b0d h3'  data-responsive-json-new='{\"font-size\":\"desktop:20px;\",\"line-height\":\"desktop:20px;\"}' ><h3 style=\"--font-weight:theme;color:#241f0c;margin-bottom:20px;\">Ihr Nutzen<\/h3><\/div><div class=\"uvc-heading-spacer line_only\" style=\"margin-bottom:32px;height:2px;\"><span class=\"uvc-headings-line\" style=\"border-style:solid;border-bottom-width:2px;border-color:#b4b4b4;width:51px;\"><\/span><\/div><\/div><div class=\"standard-arrow\"><p><span style=\"font-weight: 400;\">Die Traffic-Analyse von ERAMON bietet Ihnen eine umfassende Steuerung und \u00dcberwachung des Netzwerk Datenverkehrs. Durch unsere fortschrittlichen Analysewerkzeuge erhalten Sie nicht nur Unterst\u00fctzung bei der Fehleranalyse, sondern k\u00f6nnen auch Muster im Datenverkehr erkennen und unerlaubte Zugriffe sowie ungew\u00f6hnliche Datenfl\u00fcsse fr\u00fchzeitig identifizieren. Dies erm\u00f6glicht Ihnen, potenzielle Sicherheitsrisiken zu minimieren und die Netzwerksicherheit nachhaltig zu erh\u00f6hen.<\/span><\/p>\n<\/div>[vc_empty_space]<div id=\"ultimate-heading-518969f63e4436bf9\" class=\"uvc-heading ult-adjust-bottom-margin ultimate-heading-518969f63e4436bf9 uvc-901 \" data-hspacer=\"line_only\"  data-halign=\"left\" style=\"text-align:left\"><div class=\"uvc-main-heading ult-responsive\"  data-ultimate-target='.uvc-heading.ultimate-heading-518969f63e4436bf9 h3'  data-responsive-json-new='{\"font-size\":\"desktop:20px;\",\"line-height\":\"desktop:20px;\"}' ><h3 style=\"--font-weight:theme;color:#241f0c;margin-bottom:20px;\">Netflow<\/h3><\/div><div class=\"uvc-heading-spacer line_only\" style=\"margin-bottom:32px;height:2px;\"><span class=\"uvc-headings-line\" style=\"border-style:solid;border-bottom-width:2px;border-color:#b4b4b4;width:51px;\"><\/span><\/div><\/div><div class=\"standard-arrow\"><div class=\"col2 col-xs-12 col-md-6\">\n<div class=\"tiny-html\">\n<p>Die Erfassung von <a href=\"https:\/\/de.wikipedia.org\/wiki\/Netflow\">Netflow<\/a>-Daten erfolgt auf einem dedizierten <a href=\"https:\/\/de.wikipedia.org\/wiki\/Netflow\">Netflow<\/a>-Server, der eine Vielzahl von Auswertungen erm\u00f6glicht. <span style=\"font-weight: 400;\">Zu den wichtigsten Analysefunktionen z\u00e4hlen:<\/span><\/p>\n<ul>\n<li><strong>Top-Talker-IP<\/strong>: <span style=\"font-weight: 400;\">Identifizieren Sie die IP-Adressen, die den meisten Datenverkehr generieren, um m\u00f6gliche Engp\u00e4sse oder Sicherheitsvorf\u00e4lle zu analysieren.<\/span><\/li>\n<li><strong>Top-Talker-Protokoll<\/strong>: <span style=\"font-weight: 400;\">Analysieren Sie, welche Protokolle am h\u00e4ufigsten verwendet werden, um das Verhalten Ihres Netzwerks besser zu verstehen.<\/span><\/li>\n<li><strong>Traffic-Class per Hour OUT \/ IN<\/strong>: <span style=\"font-weight: 400;\">\u00dcberwachen Sie die verschiedenen Traffic-Klassen, um zu sehen, wie viel Datenverkehr zu bestimmten Zeiten gesendet oder empfangen wird. Dies hilft, den Bandbreitenverbrauch zu optimieren.<\/span><\/li>\n<li><strong>Traffic WWW per Hour<\/strong>: <span style=\"font-weight: 400;\">Erhalten Sie Einblicke in den Datenverkehr, der \u00fcber das WWW l\u00e4uft, um sicherzustellen, dass Ihre Internet Ressourcen effizient genutzt werden.<\/span><\/li>\n<\/ul>\n<\/div>\n<\/div>\n<\/div>[vc_single_image image=&#8220;425&#8243; img_size=&#8220;full&#8220; alignment=&#8220;center&#8220; image_hovers=&#8220;false&#8220; lazy_loading=&#8220;true&#8220;][\/vc_column][\/vc_row][vc_row css=&#8220;.vc_custom_1588260516530{padding-bottom: 50px !important;}&#8220;][vc_column]<div id=\"ultimate-heading-525569f63e4436cde\" class=\"uvc-heading ult-adjust-bottom-margin ultimate-heading-525569f63e4436cde uvc-2805 \" data-hspacer=\"line_only\"  data-halign=\"left\" style=\"text-align:left\"><div class=\"uvc-main-heading ult-responsive\"  data-ultimate-target='.uvc-heading.ultimate-heading-525569f63e4436cde h3'  data-responsive-json-new='{\"font-size\":\"desktop:20px;\",\"line-height\":\"desktop:20px;\"}' ><h3 style=\"--font-weight:theme;color:#241f0c;margin-bottom:20px;\">NBAR<\/h3><\/div><div class=\"uvc-heading-spacer line_only\" style=\"margin-bottom:32px;height:2px;\"><span class=\"uvc-headings-line\" style=\"border-style:solid;border-bottom-width:2px;border-color:#b4b4b4;width:51px;\"><\/span><\/div><\/div>[vc_column_text css=&#8220;&#8220;]<\/p>\n<div class=\"col2 col-xs-12 col-md-6\">\n<div class=\"tiny-html\">\n<p><span style=\"font-weight: 400;\">Ein weiterer entscheidender Bestandteil unserer Traffic-Analyse ist die NBAR-Technologie (Network Based Application Recognition). Mit dieser Technologie k\u00f6nnen Sie detaillierte Informationen \u00fcber die Anwendungen, die Ihren Netzwerkverkehr generieren, gewinnen. Das Top-Talker-Protokoll kann sowohl \u00fcber Netflow als auch \u00fcber <a href=\"https:\/\/eramon.de\/de\/produkt\/anwendungsmodule\/performance-management\/\">EPM<\/a> (ERAMON Performance Monitoring) ermittelt werden. Dies erm\u00f6glicht eine tiefere Einsicht in die Netzwerkperformance und unterst\u00fctzt Sie bei der Optimierung Ihrer Anwendungen.<\/span><\/p>\n<p>&nbsp;<\/p>\n<\/div>\n<\/div>\n<p>[\/vc_column_text]<div id=\"ultimate-heading-967869f63e4436d35\" class=\"uvc-heading ult-adjust-bottom-margin ultimate-heading-967869f63e4436d35 uvc-4992 \" data-hspacer=\"line_only\"  data-halign=\"left\" style=\"text-align:left\"><div class=\"uvc-main-heading ult-responsive\"  data-ultimate-target='.uvc-heading.ultimate-heading-967869f63e4436d35 h3'  data-responsive-json-new='{\"font-size\":\"desktop:20px;\",\"line-height\":\"desktop:20px;\"}' ><h3 style=\"--font-weight:theme;color:#241f0c;margin-bottom:20px;\">Vorteile der Traffic-Analyse<\/h3><\/div><div class=\"uvc-heading-spacer line_only\" style=\"margin-bottom:32px;height:2px;\"><span class=\"uvc-headings-line\" style=\"border-style:solid;border-bottom-width:2px;border-color:#b4b4b4;width:51px;\"><\/span><\/div><\/div>[vc_column_text css=&#8220;&#8220;]<\/p>\n<div class=\"col2 col-xs-12 col-md-6\">\n<div class=\"tiny-html\">\n<p style=\"text-align: left;\">Die Implementierung der Traffic-Analyse in Ihre Netzwerkinfrastruktur bringt zahlreiche Vorteile mit sich:<\/p>\n<ul style=\"text-align: left;\">\n<li><b>Erh\u00f6hung der Netzwerksicherheit<\/b>: Durch die fr\u00fchzeitige Erkennung von ungew\u00f6hnlichem Datenverkehr k\u00f6nnen Sicherheitsvorf\u00e4lle schneller identifiziert und behoben werden.<\/li>\n<li aria-level=\"1\"><b>Optimierung der Netzwerkressourcen<\/b>: Analysieren Sie den Bandbreitenverbrauch und identifizieren Sie ineffiziente Nutzung, um Ressourcen gezielt zu steuern und zu optimieren.<\/li>\n<li aria-level=\"1\"><b>Verf\u00fcgbarkeit von Echtzeit-Daten<\/b>: Unsere L\u00f6sung erm\u00f6glicht Ihnen den Zugriff auf Echtzeit-Datenanalysen, was eine schnelle Reaktion auf \u00c4nderungen im Datenverkehr erm\u00f6glicht.<\/li>\n<\/ul>\n<p style=\"text-align: left;\">Durch die Nutzung dieser fortschrittlichen Analysewerkzeuge k\u00f6nnen Sie die Effizienz und Sicherheit Ihres Netzwerks erheblich steigern und gleichzeitig die Grundlage f\u00fcr strategische Entscheidungen legen. Mit der Traffic-Analyse von ERAMON haben Sie die Kontrolle \u00fcber Ihren Datenverkehr und die Sicherheit Ihres Netzwerks.<\/p>\n<\/div>\n<\/div>\n<p>[\/vc_column_text][\/vc_column][\/vc_row]<\/p>\n<\/div>","protected":false},"excerpt":{"rendered":"<p>[vc_row css=&#8220;.vc_custom_1588260516530{padding-bottom: 50px !important;}&#8220;][vc_column][vc_empty_space][vc_single_image image=&#8220;425&#8243; img_size=&#8220;full&#8220; alignment=&#8220;center&#8220; image_hovers=&#8220;false&#8220; lazy_loading=&#8220;true&#8220;][\/vc_column][\/vc_row][vc_row css=&#8220;.vc_custom_1588260516530{padding-bottom: 50px !important;}&#8220;][vc_column][vc_column_text css=&#8220;&#8220;] Ein weiterer entscheidender Bestandteil unserer Traffic-Analyse ist die NBAR-Technologie (Network Based Application Recognition). Mit dieser Technologie k\u00f6nnen Sie detaillierte Informationen \u00fcber die Anwendungen, die Ihren Netzwerkverkehr generieren, gewinnen. Das Top-Talker-Protokoll kann sowohl \u00fcber Netflow als auch \u00fcber EPM (ERAMON Performance Monitoring) ermittelt&hellip;<\/p>\n","protected":false},"author":2,"featured_media":0,"parent":254,"menu_order":0,"comment_status":"closed","ping_status":"closed","template":"","meta":{"_monsterinsights_skip_tracking":false,"_monsterinsights_sitenote_active":false,"_monsterinsights_sitenote_note":"","_monsterinsights_sitenote_category":0,"footnotes":""},"class_list":["post-315","page","type-page","status-publish","hentry","description-off"],"yoast_head":"<!-- This site is optimized with the Yoast SEO plugin v27.5 - https:\/\/yoast.com\/product\/yoast-seo-wordpress\/ -->\n<title>Network Traffic-Analyse | Netflow-Reporting | ERAMON GmbH<\/title>\n<meta name=\"description\" content=\"Die Netzwerk-Management-Software von ERAMON bietet eine individuelle Monitoring-L\u00f6sung f\u00fcr Tracking von Netzwerk- und Applikationsressourcen\" \/>\n<meta name=\"robots\" content=\"index, follow, max-snippet:-1, max-image-preview:large, max-video-preview:-1\" \/>\n<link rel=\"canonical\" href=\"https:\/\/eramon.de\/de\/produkt\/anwendungsmodule\/traffic-analyse\/\" \/>\n<meta property=\"og:locale\" content=\"de_DE\" \/>\n<meta property=\"og:type\" content=\"article\" \/>\n<meta property=\"og:title\" content=\"Network Traffic-Analyse | Netflow-Reporting | ERAMON GmbH\" \/>\n<meta property=\"og:description\" content=\"ERAMON bietet mit dem Modul eine individuelle Monitoring-L\u00f6sung f\u00fcr effizientes Tracking von Netzwerk und Applikationsressourcen\" \/>\n<meta property=\"og:url\" content=\"https:\/\/eramon.de\/de\/produkt\/anwendungsmodule\/traffic-analyse\/\" \/>\n<meta property=\"og:site_name\" content=\"ERAMON\" \/>\n<meta property=\"article:modified_time\" content=\"2024-11-05T19:43:26+00:00\" \/>\n<meta name=\"twitter:card\" content=\"summary_large_image\" \/>\n<meta name=\"twitter:title\" content=\"Network Traffic-Analyse | Netflow-Reporting | ERAMON GmbH\" \/>\n<meta name=\"twitter:description\" content=\"ERAMON bietet mit dem Modul eine individuelle Monitoring-L\u00f6sung f\u00fcr effizientes Tracking von Netzwerk und Applikationsressourcen\" \/>\n<meta name=\"twitter:label1\" content=\"Gesch\u00e4tzte Lesezeit\" \/>\n\t<meta name=\"twitter:data1\" content=\"3\u00a0Minuten\" \/>\n<script type=\"application\/ld+json\" class=\"yoast-schema-graph\">{\"@context\":\"https:\\\/\\\/schema.org\",\"@graph\":[{\"@type\":\"WebPage\",\"@id\":\"https:\\\/\\\/eramon.de\\\/de\\\/produkt\\\/anwendungsmodule\\\/traffic-analyse\\\/\",\"url\":\"https:\\\/\\\/eramon.de\\\/de\\\/produkt\\\/anwendungsmodule\\\/traffic-analyse\\\/\",\"name\":\"Network Traffic-Analyse | Netflow-Reporting | ERAMON GmbH\",\"isPartOf\":{\"@id\":\"https:\\\/\\\/eramon.de\\\/de\\\/#website\"},\"datePublished\":\"2020-05-06T15:12:11+00:00\",\"dateModified\":\"2024-11-05T19:43:26+00:00\",\"description\":\"Die Netzwerk-Management-Software von ERAMON bietet eine individuelle Monitoring-L\u00f6sung f\u00fcr Tracking von Netzwerk- und Applikationsressourcen\",\"breadcrumb\":{\"@id\":\"https:\\\/\\\/eramon.de\\\/de\\\/produkt\\\/anwendungsmodule\\\/traffic-analyse\\\/#breadcrumb\"},\"inLanguage\":\"de\",\"potentialAction\":[{\"@type\":\"ReadAction\",\"target\":[\"https:\\\/\\\/eramon.de\\\/de\\\/produkt\\\/anwendungsmodule\\\/traffic-analyse\\\/\"]}]},{\"@type\":\"BreadcrumbList\",\"@id\":\"https:\\\/\\\/eramon.de\\\/de\\\/produkt\\\/anwendungsmodule\\\/traffic-analyse\\\/#breadcrumb\",\"itemListElement\":[{\"@type\":\"ListItem\",\"position\":1,\"name\":\"Startseite\",\"item\":\"https:\\\/\\\/eramon.de\\\/de\\\/\"},{\"@type\":\"ListItem\",\"position\":2,\"name\":\"Das Produkt\",\"item\":\"https:\\\/\\\/eramon.de\\\/de\\\/produkt\\\/\"},{\"@type\":\"ListItem\",\"position\":3,\"name\":\"Anwendungsmodule\",\"item\":\"https:\\\/\\\/eramon.de\\\/de\\\/produkt\\\/anwendungsmodule\\\/\"},{\"@type\":\"ListItem\",\"position\":4,\"name\":\"Traffic-Analyse\"}]},{\"@type\":\"WebSite\",\"@id\":\"https:\\\/\\\/eramon.de\\\/de\\\/#website\",\"url\":\"https:\\\/\\\/eramon.de\\\/de\\\/\",\"name\":\"ERAMON\",\"description\":\"Network Management\",\"publisher\":{\"@id\":\"https:\\\/\\\/eramon.de\\\/de\\\/#organization\"},\"potentialAction\":[{\"@type\":\"SearchAction\",\"target\":{\"@type\":\"EntryPoint\",\"urlTemplate\":\"https:\\\/\\\/eramon.de\\\/de\\\/?s={search_term_string}\"},\"query-input\":{\"@type\":\"PropertyValueSpecification\",\"valueRequired\":true,\"valueName\":\"search_term_string\"}}],\"inLanguage\":\"de\"},{\"@type\":\"Organization\",\"@id\":\"https:\\\/\\\/eramon.de\\\/de\\\/#organization\",\"name\":\"ERAMON GmbH\",\"url\":\"https:\\\/\\\/eramon.de\\\/de\\\/\",\"logo\":{\"@type\":\"ImageObject\",\"inLanguage\":\"de\",\"@id\":\"https:\\\/\\\/eramon.de\\\/de\\\/#\\\/schema\\\/logo\\\/image\\\/\",\"url\":\"https:\\\/\\\/eramon.de\\\/wp-content\\\/uploads\\\/2021\\\/02\\\/eramon-logo@2x-2.png\",\"contentUrl\":\"https:\\\/\\\/eramon.de\\\/wp-content\\\/uploads\\\/2021\\\/02\\\/eramon-logo@2x-2.png\",\"width\":612,\"height\":224,\"caption\":\"ERAMON GmbH\"},\"image\":{\"@id\":\"https:\\\/\\\/eramon.de\\\/de\\\/#\\\/schema\\\/logo\\\/image\\\/\"},\"sameAs\":[\"https:\\\/\\\/www.linkedin.com\\\/company\\\/eramon-gmbh\\\/\"]}]}<\/script>\n<!-- \/ Yoast SEO plugin. -->","yoast_head_json":{"title":"Network Traffic-Analyse | Netflow-Reporting | ERAMON GmbH","description":"Die Netzwerk-Management-Software von ERAMON bietet eine individuelle Monitoring-L\u00f6sung f\u00fcr Tracking von Netzwerk- und Applikationsressourcen","robots":{"index":"index","follow":"follow","max-snippet":"max-snippet:-1","max-image-preview":"max-image-preview:large","max-video-preview":"max-video-preview:-1"},"canonical":"https:\/\/eramon.de\/de\/produkt\/anwendungsmodule\/traffic-analyse\/","og_locale":"de_DE","og_type":"article","og_title":"Network Traffic-Analyse | Netflow-Reporting | ERAMON GmbH","og_description":"ERAMON bietet mit dem Modul eine individuelle Monitoring-L\u00f6sung f\u00fcr effizientes Tracking von Netzwerk und Applikationsressourcen","og_url":"https:\/\/eramon.de\/de\/produkt\/anwendungsmodule\/traffic-analyse\/","og_site_name":"ERAMON","article_modified_time":"2024-11-05T19:43:26+00:00","twitter_card":"summary_large_image","twitter_title":"Network Traffic-Analyse | Netflow-Reporting | ERAMON GmbH","twitter_description":"ERAMON bietet mit dem Modul eine individuelle Monitoring-L\u00f6sung f\u00fcr effizientes Tracking von Netzwerk und Applikationsressourcen","twitter_misc":{"Gesch\u00e4tzte Lesezeit":"3\u00a0Minuten"},"schema":{"@context":"https:\/\/schema.org","@graph":[{"@type":"WebPage","@id":"https:\/\/eramon.de\/de\/produkt\/anwendungsmodule\/traffic-analyse\/","url":"https:\/\/eramon.de\/de\/produkt\/anwendungsmodule\/traffic-analyse\/","name":"Network Traffic-Analyse | Netflow-Reporting | ERAMON GmbH","isPartOf":{"@id":"https:\/\/eramon.de\/de\/#website"},"datePublished":"2020-05-06T15:12:11+00:00","dateModified":"2024-11-05T19:43:26+00:00","description":"Die Netzwerk-Management-Software von ERAMON bietet eine individuelle Monitoring-L\u00f6sung f\u00fcr Tracking von Netzwerk- und Applikationsressourcen","breadcrumb":{"@id":"https:\/\/eramon.de\/de\/produkt\/anwendungsmodule\/traffic-analyse\/#breadcrumb"},"inLanguage":"de","potentialAction":[{"@type":"ReadAction","target":["https:\/\/eramon.de\/de\/produkt\/anwendungsmodule\/traffic-analyse\/"]}]},{"@type":"BreadcrumbList","@id":"https:\/\/eramon.de\/de\/produkt\/anwendungsmodule\/traffic-analyse\/#breadcrumb","itemListElement":[{"@type":"ListItem","position":1,"name":"Startseite","item":"https:\/\/eramon.de\/de\/"},{"@type":"ListItem","position":2,"name":"Das Produkt","item":"https:\/\/eramon.de\/de\/produkt\/"},{"@type":"ListItem","position":3,"name":"Anwendungsmodule","item":"https:\/\/eramon.de\/de\/produkt\/anwendungsmodule\/"},{"@type":"ListItem","position":4,"name":"Traffic-Analyse"}]},{"@type":"WebSite","@id":"https:\/\/eramon.de\/de\/#website","url":"https:\/\/eramon.de\/de\/","name":"ERAMON","description":"Network Management","publisher":{"@id":"https:\/\/eramon.de\/de\/#organization"},"potentialAction":[{"@type":"SearchAction","target":{"@type":"EntryPoint","urlTemplate":"https:\/\/eramon.de\/de\/?s={search_term_string}"},"query-input":{"@type":"PropertyValueSpecification","valueRequired":true,"valueName":"search_term_string"}}],"inLanguage":"de"},{"@type":"Organization","@id":"https:\/\/eramon.de\/de\/#organization","name":"ERAMON GmbH","url":"https:\/\/eramon.de\/de\/","logo":{"@type":"ImageObject","inLanguage":"de","@id":"https:\/\/eramon.de\/de\/#\/schema\/logo\/image\/","url":"https:\/\/eramon.de\/wp-content\/uploads\/2021\/02\/eramon-logo@2x-2.png","contentUrl":"https:\/\/eramon.de\/wp-content\/uploads\/2021\/02\/eramon-logo@2x-2.png","width":612,"height":224,"caption":"ERAMON GmbH"},"image":{"@id":"https:\/\/eramon.de\/de\/#\/schema\/logo\/image\/"},"sameAs":["https:\/\/www.linkedin.com\/company\/eramon-gmbh\/"]}]}},"_links":{"self":[{"href":"https:\/\/eramon.de\/de\/wp-json\/wp\/v2\/pages\/315","targetHints":{"allow":["GET"]}}],"collection":[{"href":"https:\/\/eramon.de\/de\/wp-json\/wp\/v2\/pages"}],"about":[{"href":"https:\/\/eramon.de\/de\/wp-json\/wp\/v2\/types\/page"}],"author":[{"embeddable":true,"href":"https:\/\/eramon.de\/de\/wp-json\/wp\/v2\/users\/2"}],"replies":[{"embeddable":true,"href":"https:\/\/eramon.de\/de\/wp-json\/wp\/v2\/comments?post=315"}],"version-history":[{"count":17,"href":"https:\/\/eramon.de\/de\/wp-json\/wp\/v2\/pages\/315\/revisions"}],"predecessor-version":[{"id":3212,"href":"https:\/\/eramon.de\/de\/wp-json\/wp\/v2\/pages\/315\/revisions\/3212"}],"up":[{"embeddable":true,"href":"https:\/\/eramon.de\/de\/wp-json\/wp\/v2\/pages\/254"}],"wp:attachment":[{"href":"https:\/\/eramon.de\/de\/wp-json\/wp\/v2\/media?parent=315"}],"curies":[{"name":"wp","href":"https:\/\/api.w.org\/{rel}","templated":true}]}}