{"id":322,"date":"2020-05-07T09:12:23","date_gmt":"2020-05-07T07:12:23","guid":{"rendered":"https:\/\/eramon.de\/?page_id=322"},"modified":"2024-11-03T18:50:44","modified_gmt":"2024-11-03T17:50:44","slug":"unternehmen","status":"publish","type":"page","link":"https:\/\/eramon.de\/de\/unternehmen\/","title":{"rendered":"Unternehmen"},"content":{"rendered":"<div class=\"wpb-content-wrapper\"><p>[vc_row css=&#8220;.vc_custom_1588260516530{padding-bottom: 50px !important;}&#8220;][vc_column]<div id=\"ultimate-heading-707769eb842a91ab6\" class=\"uvc-heading ult-adjust-bottom-margin ultimate-heading-707769eb842a91ab6 uvc-8316 \" data-hspacer=\"line_only\"  data-halign=\"left\" style=\"text-align:left\"><div class=\"uvc-main-heading ult-responsive\"  data-ultimate-target='.uvc-heading.ultimate-heading-707769eb842a91ab6 h1'  data-responsive-json-new='{\"font-size\":\"desktop:25px;\",\"line-height\":\"desktop:25px;\"}' ><h1 style=\"--font-weight:theme;color:#241f0c;margin-bottom:20px;\">ERAMON GmbH<\/h1><\/div><div class=\"uvc-heading-spacer line_only\" style=\"margin-bottom:32px;height:2px;\"><span class=\"uvc-headings-line\" style=\"border-style:solid;border-bottom-width:2px;border-color:#cad30b;width:102px;\"><\/span><\/div><\/div>[vc_column_text]<\/p>\n<div class=\"col2 col-xs-12 col-md-6\">\n<div class=\"tiny-html\">\n<h3>&#8230; die Plattform f\u00fcr integriertes Netzmanagement in den Bereichen WAN-\/LAN- und IT-Infrastrukturen.<\/h3>\n<\/div>\n<\/div>\n<p>[\/vc_column_text][\/vc_column][\/vc_row][vc_row css=&#8220;.vc_custom_1588260516530{padding-bottom: 50px !important;}&#8220;][vc_column]<div id=\"ultimate-heading-478869eb842a91b89\" class=\"uvc-heading ult-adjust-bottom-margin ultimate-heading-478869eb842a91b89 uvc-7272 \" data-hspacer=\"line_only\"  data-halign=\"left\" style=\"text-align:left\"><div class=\"uvc-main-heading ult-responsive\"  data-ultimate-target='.uvc-heading.ultimate-heading-478869eb842a91b89 h3'  data-responsive-json-new='{\"font-size\":\"desktop:20px;\",\"line-height\":\"desktop:20px;\"}' ><h3 style=\"--font-weight:theme;color:#241f0c;margin-bottom:20px;\">Die Entwicklung von ERAMON<\/h3><\/div><div class=\"uvc-heading-spacer line_only\" style=\"margin-bottom:32px;height:2px;\"><span class=\"uvc-headings-line\" style=\"border-style:solid;border-bottom-width:2px;border-color:#b4b4b4;width:51px;\"><\/span><\/div><\/div>[vc_column_text css=&#8220;&#8220;]<\/p>\n<div class=\"tiny-html\">\n<p>Die ERAMON GmbH ist das Ergebnis einer Entwicklung, die bereits in den fr\u00fchen 1990er Jahren begann, als von der Hassler &amp; Mair GmbH ein Weitverkehrsnetz aufgebaut und sp\u00e4ter als eines der ersten mit <a href=\"https:\/\/de.wikipedia.org\/wiki\/Multiprotocol_Label_Switching\">MPLS-Technik<\/a> betrieben wurde. Seit dieser Zeit sind die Anforderungen an IT-Infrastrukturen in Bezug auf Geschwindigkeit, Komplexit\u00e4t und Technologievielfalt enorm gestiegen. Ebenso sind die Herausforderungen an das Management solcher Netzwerkumgebungen dramatisch gewachsen.<\/p>\n<div class=\"col2 col-xs-12 col-md-6\">\n<div class=\"tiny-html\">\n<p>Die jahrelange praktische Erfahrung aus diesem Umfeld m\u00fcndete 2002 in die Entwicklung von ERAMON (<strong>E<\/strong>ngineering, <strong>R<\/strong>ollout <strong>a<\/strong>nd <strong>M<\/strong>anagement <strong>o<\/strong>f <strong>N<\/strong>etworks) \u2013 einer integrierten und modularen Netz- und Systemmanagement-L\u00f6sung, mit der sich sehr komfortabel und flexibel WAN-\/LAN-Infrastrukturen (auch MPLS-Netze) managen und \u00fcberwachen lassen. Die ERAMON GmbH kann dabei helfen, durch Konsolidierung der eingesetzten Ressourcen die Qualit\u00e4t im Netzwerkmanagement zu erh\u00f6hen und Investitionen zu senken. Dies best\u00e4tigen unsere Kunden.<\/p>\n<\/div>\n<\/div>\n<\/div>\n<p>[\/vc_column_text][\/vc_column][\/vc_row][vc_row css=&#8220;.vc_custom_1588260516530{padding-bottom: 50px !important;}&#8220;][vc_column]<div id=\"ultimate-heading-788869eb842a91c22\" class=\"uvc-heading ult-adjust-bottom-margin ultimate-heading-788869eb842a91c22 uvc-2086 \" data-hspacer=\"line_only\"  data-halign=\"left\" style=\"text-align:left\"><div class=\"uvc-main-heading ult-responsive\"  data-ultimate-target='.uvc-heading.ultimate-heading-788869eb842a91c22 h3'  data-responsive-json-new='{\"font-size\":\"desktop:20px;\",\"line-height\":\"desktop:20px;\"}' ><h3 style=\"--font-weight:theme;color:#241f0c;margin-bottom:20px;\">Markt\/Anwendung<\/h3><\/div><div class=\"uvc-heading-spacer line_only\" style=\"margin-bottom:32px;height:2px;\"><span class=\"uvc-headings-line\" style=\"border-style:solid;border-bottom-width:2px;border-color:#b4b4b4;width:51px;\"><\/span><\/div><\/div>[vc_column_text css=&#8220;&#8220;]<\/p>\n<div class=\"tiny-html\">\n<div class=\"col1 col-xs-12 col-md-6\">\n<div class=\"tiny-html\">\n<p>Die Bedeutung stabiler und sicherer WAN-\/LAN-Infrastrukturen f\u00fcr den Unternehmenserfolg ist in den letzten Jahren stetig gestiegen und betrifft nahezu alle Wirtschaftsbereiche und Branchen. Neue Applikationen erfordern gr\u00f6\u00dfere Systemressourcen und der Trend nach Virtualisierung verlangt nach mehr Flexibilit\u00e4t im Netz. Ein gestiegener Bandbreitenbedarf auf der einen und der sinnvolle Einsatz von Investitionen auf der anderen Seite, zunehmende Mobilit\u00e4t und Flexibilit\u00e4t von Anwendungen und Nutzern, aber auch zertifizierte Sicherheitsstandards \u2013 das sind die Herausforderungen, vor denen die Betreiber von IT-\/TK-Netzwerken stehen.<\/p>\n<h3>Effizienz durch B\u00fcndelung<\/h3>\n<\/div>\n<\/div>\n<div class=\"col2 col-xs-12 col-md-6\">\n<div class=\"tiny-html\">\n<p>Um in diesem dynamischen Umfeld nicht nur zu \u00fcberleben, sondern auch auf zuk\u00fcnftige Anforderungen reagieren zu k\u00f6nnen, sind immer mehr Werkzeuge n\u00f6tig, mit denen die Bereiche <a href=\"https:\/\/eramon.de\/de\/produkt\/fcaps\/#configuration\">Inventory<\/a>, <a href=\"https:\/\/eramon.de\/de\/produkt\/fcaps\/#fault\">Fehleranalyse<\/a>, <a href=\"https:\/\/eramon.de\/de\/produkt\/fcaps\/#performance\">Bandbreitenmanagement<\/a>, <a href=\"https:\/\/eramon.de\/de\/produkt\/anwendungsmodule\/sla\/\">SLA-\u00dcberwachung<\/a> etc. in der geforderten Qualit\u00e4t abgedeckt werden. Abgesehen von den hohen Anschaffungskosten wird es allerdings zunehmend schwieriger, einen Mix aus Software-Tools zu managen. Da die Einzell\u00f6sungen auf Prozesse einwirken, die sich gegenseitig durchdringen und beeinflussen, f\u00fchrt jedes Einzel-Update oder -Upgrade zu einem potenzierten Administrationsaufwand und verursacht enorme, nicht planbare Kosten. Folgerichtig gehen viele Unternehmen dazu \u00fcber, die heute eingesetzten Werkzeuge im WAN- und LAN-Bereich zu konsolidieren, die Prozesse zu vereinfachen, um somit der Kostenexplosion entgegen zu wirken. Genau dieser Grundgedanke der Konsolidierung der Software-Tools war die Basis f\u00fcr die Entwicklung von ERAMON.<\/p>\n<\/div>\n<\/div>\n<\/div>\n<p>[\/vc_column_text][\/vc_column][\/vc_row][vc_row css=&#8220;.vc_custom_1588260516530{padding-bottom: 50px !important;}&#8220;][vc_column width=&#8220;1\/2&#8243;]<div id=\"ultimate-heading-508769eb842a91caf\" class=\"uvc-heading ult-adjust-bottom-margin ultimate-heading-508769eb842a91caf uvc-848 \" data-hspacer=\"line_only\"  data-halign=\"left\" style=\"text-align:left\"><div class=\"uvc-main-heading ult-responsive\"  data-ultimate-target='.uvc-heading.ultimate-heading-508769eb842a91caf h3'  data-responsive-json-new='{\"font-size\":\"desktop:20px;\",\"line-height\":\"desktop:20px;\"}' ><h3 style=\"--font-weight:theme;color:#241f0c;margin-bottom:20px;\">ERAMON<\/h3><\/div><div class=\"uvc-heading-spacer line_only\" style=\"margin-bottom:32px;height:2px;\"><span class=\"uvc-headings-line\" style=\"border-style:solid;border-bottom-width:2px;border-color:#b4b4b4;width:51px;\"><\/span><\/div><\/div>[vc_column_text]<\/p>\n<div class=\"tiny-html\">\n<div class=\"col2 col-xs-12 col-md-6\">\n<div class=\"tiny-html\">\n<p>Mit dieser Software wurde ein Werkzeug entwickelt, das den Betrieb und die Verwaltung von WANs\/LANs auf einer Plattform zusammenfasst. Ab sofort ben\u00f6tigen Sie keine verschiedenen Programme mehr; die Informationen stehen transparent f\u00fcr Sie bereit und alle Aktionen k\u00f6nnen von einer Basis ausgehen.\u00a0ERAMON bietet eine optimale und umfassende End-to-End Management-L\u00f6sung f\u00fcr heterogene IT-Infrastrukturen durch die Kombination flexibler und schl\u00fcsselfertiger Module.<\/p>\n<\/div>\n<\/div>\n<\/div>\n<p>[\/vc_column_text][\/vc_column][vc_column width=&#8220;1\/2&#8243;][vc_single_image image=&#8220;1973&#8243; img_size=&#8220;full&#8220; css=&#8220;&#8220; el_id=&#8220;ERAMON GmbH&#8220;][\/vc_column][\/vc_row]<\/p>\n<\/div>","protected":false},"excerpt":{"rendered":"<p>[vc_row css=&#8220;.vc_custom_1588260516530{padding-bottom: 50px !important;}&#8220;][vc_column][vc_column_text] &#8230; die Plattform f\u00fcr integriertes Netzmanagement in den Bereichen WAN-\/LAN- und IT-Infrastrukturen. [\/vc_column_text][\/vc_column][\/vc_row][vc_row css=&#8220;.vc_custom_1588260516530{padding-bottom: 50px !important;}&#8220;][vc_column][vc_column_text css=&#8220;&#8220;] Die ERAMON GmbH ist das Ergebnis einer Entwicklung, die bereits in den fr\u00fchen 1990er Jahren begann, als von der Hassler &amp; Mair GmbH ein Weitverkehrsnetz aufgebaut und sp\u00e4ter als eines der ersten mit MPLS-Technik&hellip;<\/p>\n","protected":false},"author":2,"featured_media":0,"parent":0,"menu_order":0,"comment_status":"closed","ping_status":"closed","template":"","meta":{"_monsterinsights_skip_tracking":false,"_monsterinsights_sitenote_active":false,"_monsterinsights_sitenote_note":"","_monsterinsights_sitenote_category":0,"footnotes":""},"class_list":["post-322","page","type-page","status-publish","hentry","description-off"],"yoast_head":"<!-- This site is optimized with the Yoast SEO plugin v27.4 - https:\/\/yoast.com\/product\/yoast-seo-wordpress\/ -->\n<title>Unternehmen | Netzwerkmanagement | ERAMON GmbH<\/title>\n<meta name=\"description\" content=\"Unser Unternehmen ERAMON GmbH ist auf den individuellen Einsatz von Software-Management f\u00fcr Datennetze spezialisiert | Hier erfahren Sie mehr.\" \/>\n<meta name=\"robots\" content=\"index, follow, max-snippet:-1, max-image-preview:large, max-video-preview:-1\" \/>\n<link rel=\"canonical\" href=\"https:\/\/eramon.de\/de\/unternehmen\/\" \/>\n<meta property=\"og:locale\" content=\"de_DE\" \/>\n<meta property=\"og:type\" content=\"article\" \/>\n<meta property=\"og:title\" content=\"Unternehmen | Netzwerkmanagement | ERAMON GmbH\" \/>\n<meta property=\"og:description\" content=\"Unser Unternehmen ERAMON GmbH ist auf den individuellen Einsatz von Software-Management f\u00fcr Datennetze spezialisiert | Hier erfahren Sie mehr\" \/>\n<meta property=\"og:url\" content=\"https:\/\/eramon.de\/de\/unternehmen\/\" \/>\n<meta property=\"og:site_name\" content=\"ERAMON\" \/>\n<meta property=\"article:modified_time\" content=\"2024-11-03T17:50:44+00:00\" \/>\n<meta name=\"twitter:card\" content=\"summary_large_image\" \/>\n<meta name=\"twitter:title\" content=\"Unternehmen | Netzwerkmanagement | ERAMON GmbH\" \/>\n<meta name=\"twitter:description\" content=\"Unser Unternehmen ERAMON GmbH ist auf den individuellen Einsatz von Software-Management f\u00fcr Datennetze spezialisiert | Hier erfahren Sie mehr\" \/>\n<meta name=\"twitter:label1\" content=\"Gesch\u00e4tzte Lesezeit\" \/>\n\t<meta name=\"twitter:data1\" content=\"3\u00a0Minuten\" \/>\n<script type=\"application\/ld+json\" class=\"yoast-schema-graph\">{\"@context\":\"https:\\\/\\\/schema.org\",\"@graph\":[{\"@type\":\"WebPage\",\"@id\":\"https:\\\/\\\/eramon.de\\\/de\\\/unternehmen\\\/\",\"url\":\"https:\\\/\\\/eramon.de\\\/de\\\/unternehmen\\\/\",\"name\":\"Unternehmen | Netzwerkmanagement | ERAMON GmbH\",\"isPartOf\":{\"@id\":\"https:\\\/\\\/eramon.de\\\/de\\\/#website\"},\"datePublished\":\"2020-05-07T07:12:23+00:00\",\"dateModified\":\"2024-11-03T17:50:44+00:00\",\"description\":\"Unser Unternehmen ERAMON GmbH ist auf den individuellen Einsatz von Software-Management f\u00fcr Datennetze spezialisiert | Hier erfahren Sie mehr.\",\"breadcrumb\":{\"@id\":\"https:\\\/\\\/eramon.de\\\/de\\\/unternehmen\\\/#breadcrumb\"},\"inLanguage\":\"de\",\"potentialAction\":[{\"@type\":\"ReadAction\",\"target\":[\"https:\\\/\\\/eramon.de\\\/de\\\/unternehmen\\\/\"]}]},{\"@type\":\"BreadcrumbList\",\"@id\":\"https:\\\/\\\/eramon.de\\\/de\\\/unternehmen\\\/#breadcrumb\",\"itemListElement\":[{\"@type\":\"ListItem\",\"position\":1,\"name\":\"Startseite\",\"item\":\"https:\\\/\\\/eramon.de\\\/de\\\/\"},{\"@type\":\"ListItem\",\"position\":2,\"name\":\"Unternehmen\"}]},{\"@type\":\"WebSite\",\"@id\":\"https:\\\/\\\/eramon.de\\\/de\\\/#website\",\"url\":\"https:\\\/\\\/eramon.de\\\/de\\\/\",\"name\":\"ERAMON\",\"description\":\"Network Management\",\"publisher\":{\"@id\":\"https:\\\/\\\/eramon.de\\\/de\\\/#organization\"},\"potentialAction\":[{\"@type\":\"SearchAction\",\"target\":{\"@type\":\"EntryPoint\",\"urlTemplate\":\"https:\\\/\\\/eramon.de\\\/de\\\/?s={search_term_string}\"},\"query-input\":{\"@type\":\"PropertyValueSpecification\",\"valueRequired\":true,\"valueName\":\"search_term_string\"}}],\"inLanguage\":\"de\"},{\"@type\":\"Organization\",\"@id\":\"https:\\\/\\\/eramon.de\\\/de\\\/#organization\",\"name\":\"ERAMON GmbH\",\"url\":\"https:\\\/\\\/eramon.de\\\/de\\\/\",\"logo\":{\"@type\":\"ImageObject\",\"inLanguage\":\"de\",\"@id\":\"https:\\\/\\\/eramon.de\\\/de\\\/#\\\/schema\\\/logo\\\/image\\\/\",\"url\":\"https:\\\/\\\/eramon.de\\\/wp-content\\\/uploads\\\/2021\\\/02\\\/eramon-logo@2x-2.png\",\"contentUrl\":\"https:\\\/\\\/eramon.de\\\/wp-content\\\/uploads\\\/2021\\\/02\\\/eramon-logo@2x-2.png\",\"width\":612,\"height\":224,\"caption\":\"ERAMON GmbH\"},\"image\":{\"@id\":\"https:\\\/\\\/eramon.de\\\/de\\\/#\\\/schema\\\/logo\\\/image\\\/\"},\"sameAs\":[\"https:\\\/\\\/www.linkedin.com\\\/company\\\/eramon-gmbh\\\/\"]}]}<\/script>\n<!-- \/ Yoast SEO plugin. -->","yoast_head_json":{"title":"Unternehmen | Netzwerkmanagement | ERAMON GmbH","description":"Unser Unternehmen ERAMON GmbH ist auf den individuellen Einsatz von Software-Management f\u00fcr Datennetze spezialisiert | Hier erfahren Sie mehr.","robots":{"index":"index","follow":"follow","max-snippet":"max-snippet:-1","max-image-preview":"max-image-preview:large","max-video-preview":"max-video-preview:-1"},"canonical":"https:\/\/eramon.de\/de\/unternehmen\/","og_locale":"de_DE","og_type":"article","og_title":"Unternehmen | Netzwerkmanagement | ERAMON GmbH","og_description":"Unser Unternehmen ERAMON GmbH ist auf den individuellen Einsatz von Software-Management f\u00fcr Datennetze spezialisiert | Hier erfahren Sie mehr","og_url":"https:\/\/eramon.de\/de\/unternehmen\/","og_site_name":"ERAMON","article_modified_time":"2024-11-03T17:50:44+00:00","twitter_card":"summary_large_image","twitter_title":"Unternehmen | Netzwerkmanagement | ERAMON GmbH","twitter_description":"Unser Unternehmen ERAMON GmbH ist auf den individuellen Einsatz von Software-Management f\u00fcr Datennetze spezialisiert | Hier erfahren Sie mehr","twitter_misc":{"Gesch\u00e4tzte Lesezeit":"3\u00a0Minuten"},"schema":{"@context":"https:\/\/schema.org","@graph":[{"@type":"WebPage","@id":"https:\/\/eramon.de\/de\/unternehmen\/","url":"https:\/\/eramon.de\/de\/unternehmen\/","name":"Unternehmen | Netzwerkmanagement | ERAMON GmbH","isPartOf":{"@id":"https:\/\/eramon.de\/de\/#website"},"datePublished":"2020-05-07T07:12:23+00:00","dateModified":"2024-11-03T17:50:44+00:00","description":"Unser Unternehmen ERAMON GmbH ist auf den individuellen Einsatz von Software-Management f\u00fcr Datennetze spezialisiert | Hier erfahren Sie mehr.","breadcrumb":{"@id":"https:\/\/eramon.de\/de\/unternehmen\/#breadcrumb"},"inLanguage":"de","potentialAction":[{"@type":"ReadAction","target":["https:\/\/eramon.de\/de\/unternehmen\/"]}]},{"@type":"BreadcrumbList","@id":"https:\/\/eramon.de\/de\/unternehmen\/#breadcrumb","itemListElement":[{"@type":"ListItem","position":1,"name":"Startseite","item":"https:\/\/eramon.de\/de\/"},{"@type":"ListItem","position":2,"name":"Unternehmen"}]},{"@type":"WebSite","@id":"https:\/\/eramon.de\/de\/#website","url":"https:\/\/eramon.de\/de\/","name":"ERAMON","description":"Network Management","publisher":{"@id":"https:\/\/eramon.de\/de\/#organization"},"potentialAction":[{"@type":"SearchAction","target":{"@type":"EntryPoint","urlTemplate":"https:\/\/eramon.de\/de\/?s={search_term_string}"},"query-input":{"@type":"PropertyValueSpecification","valueRequired":true,"valueName":"search_term_string"}}],"inLanguage":"de"},{"@type":"Organization","@id":"https:\/\/eramon.de\/de\/#organization","name":"ERAMON GmbH","url":"https:\/\/eramon.de\/de\/","logo":{"@type":"ImageObject","inLanguage":"de","@id":"https:\/\/eramon.de\/de\/#\/schema\/logo\/image\/","url":"https:\/\/eramon.de\/wp-content\/uploads\/2021\/02\/eramon-logo@2x-2.png","contentUrl":"https:\/\/eramon.de\/wp-content\/uploads\/2021\/02\/eramon-logo@2x-2.png","width":612,"height":224,"caption":"ERAMON GmbH"},"image":{"@id":"https:\/\/eramon.de\/de\/#\/schema\/logo\/image\/"},"sameAs":["https:\/\/www.linkedin.com\/company\/eramon-gmbh\/"]}]}},"_links":{"self":[{"href":"https:\/\/eramon.de\/de\/wp-json\/wp\/v2\/pages\/322","targetHints":{"allow":["GET"]}}],"collection":[{"href":"https:\/\/eramon.de\/de\/wp-json\/wp\/v2\/pages"}],"about":[{"href":"https:\/\/eramon.de\/de\/wp-json\/wp\/v2\/types\/page"}],"author":[{"embeddable":true,"href":"https:\/\/eramon.de\/de\/wp-json\/wp\/v2\/users\/2"}],"replies":[{"embeddable":true,"href":"https:\/\/eramon.de\/de\/wp-json\/wp\/v2\/comments?post=322"}],"version-history":[{"count":20,"href":"https:\/\/eramon.de\/de\/wp-json\/wp\/v2\/pages\/322\/revisions"}],"predecessor-version":[{"id":3131,"href":"https:\/\/eramon.de\/de\/wp-json\/wp\/v2\/pages\/322\/revisions\/3131"}],"wp:attachment":[{"href":"https:\/\/eramon.de\/de\/wp-json\/wp\/v2\/media?parent=322"}],"curies":[{"name":"wp","href":"https:\/\/api.w.org\/{rel}","templated":true}]}}