{"id":324,"date":"2020-05-07T09:12:38","date_gmt":"2020-05-07T07:12:38","guid":{"rendered":"https:\/\/eramon.de\/?page_id=324"},"modified":"2025-09-16T09:56:47","modified_gmt":"2025-09-16T07:56:47","slug":"karriere","status":"publish","type":"page","link":"https:\/\/eramon.de\/de\/karriere\/","title":{"rendered":"Karriere"},"content":{"rendered":"<div class=\"wpb-content-wrapper\"><p>[vc_row parallax=&#8220;content-moving-fade&#8220; parallax_image=&#8220;1869&#8243; css=&#8220;.vc_custom_1646320083246{padding-top: 20px !important;padding-bottom: 40px !important;}&#8220;][vc_column]<div id=\"ultimate-heading-448369eb7fafdae6a\" class=\"uvc-heading ult-adjust-bottom-margin ultimate-heading-448369eb7fafdae6a uvc-7747 \" data-hspacer=\"no_spacer\"  data-halign=\"left\" style=\"text-align:left\"><div class=\"uvc-heading-spacer no_spacer\" style=\"top\"><\/div><div class=\"uvc-main-heading ult-responsive\"  data-ultimate-target='.uvc-heading.ultimate-heading-448369eb7fafdae6a h2'  data-responsive-json-new='{\"font-size\":\"desktop:40px;mobile_landscape:25px;mobile:25px;\",\"line-height\":\"desktop:40px;tablet:20px;tablet_portrait:20px;mobile_landscape:20px;mobile:20px;\"}' ><h2 style=\"font-weight:bold;color:#ffffff;margin-bottom:20px;\">MACH, WAS DU LIEBST!<\/h2><\/div><\/div><div id=\"ultimate-heading-878269eb7fafdaefb\" class=\"uvc-heading ult-adjust-bottom-margin ultimate-heading-878269eb7fafdaefb uvc-4933 \" data-hspacer=\"no_spacer\"  data-halign=\"left\" style=\"text-align:left\"><div class=\"uvc-heading-spacer no_spacer\" style=\"top\"><\/div><div class=\"uvc-main-heading ult-responsive\"  data-ultimate-target='.uvc-heading.ultimate-heading-878269eb7fafdaefb h2'  data-responsive-json-new='{\"font-size\":\"desktop:70px;mobile_landscape:40px;mobile:40px;\",\"line-height\":\"desktop:70px;mobile_landscape:70px;mobile:70px;\"}' ><h2 style=\"font-weight:bold;color:#ffffff;margin-bottom:20px;\">DEINE KARRIERE<\/h2><\/div><\/div><div id=\"ultimate-heading-7069eb7fafdaf50\" class=\"uvc-heading ult-adjust-bottom-margin ultimate-heading-7069eb7fafdaf50 uvc-365 \" data-hspacer=\"no_spacer\"  data-halign=\"left\" style=\"text-align:left\"><div class=\"uvc-heading-spacer no_spacer\" style=\"top\"><\/div><div class=\"uvc-main-heading ult-responsive\"  data-ultimate-target='.uvc-heading.ultimate-heading-7069eb7fafdaf50 h2'  data-responsive-json-new='{\"font-size\":\"desktop:70px;mobile_landscape:40px;mobile:40px;\",\"line-height\":\"desktop:70px;mobile_landscape:40px;mobile:40px;\"}' ><h2 style=\"font-weight:bold;color:#cad30b;\">BEI ERAMON<\/h2><\/div><\/div>[\/vc_column][\/vc_row][vc_row css=&#8220;.vc_custom_1591080297241{padding-bottom: 10px !important;}&#8220;][vc_column width=&#8220;2\/3&#8243;]<div id=\"ultimate-heading-716069eb7fafdafd4\" class=\"uvc-heading ult-adjust-bottom-margin ultimate-heading-716069eb7fafdafd4 uvc-5190 \" data-hspacer=\"line_only\"  data-halign=\"left\" style=\"text-align:left\"><div class=\"uvc-main-heading ult-responsive\"  data-ultimate-target='.uvc-heading.ultimate-heading-716069eb7fafdafd4 h1'  data-responsive-json-new='{\"font-size\":\"desktop:25px;\",\"line-height\":\"desktop:25px;\"}' ><h1 style=\"--font-weight:theme;color:#241f0c;margin-bottom:20px;\">Aktuelle Stellenangebote<\/h1><\/div><div class=\"uvc-heading-spacer line_only\" style=\"margin-bottom:32px;height:2px;\"><span class=\"uvc-headings-line\" style=\"border-style:solid;border-bottom-width:2px;border-color:#cad30b;width:102px;\"><\/span><\/div><\/div>[vc_column_text]Hier findest Du eine Auflistung unserer offenen Stellen. Wir sind st\u00e4ndig auf der Suche nach Verst\u00e4rkung. Bitte z\u00f6gere nicht, Dich bei uns zu bewerben![\/vc_column_text][\/vc_column][vc_column width=&#8220;1\/3&#8243;][vc_single_image image=&#8220;1750&#8243; img_size=&#8220;400&#215;460&#8243; alignment=&#8220;right&#8220; image_hovers=&#8220;false&#8220;][\/vc_column][\/vc_row][vc_row][vc_column]<div class=\"ult-spacer spacer-69eb7fafdb016\" data-id=\"69eb7fafdb016\" data-height=\"20\" data-height-mobile=\"20\" data-height-tab=\"20\" data-height-tab-portrait=\"\" data-height-mobile-landscape=\"\" style=\"clear:both;display:block;\"><\/div>[vc_text_separator title=&#8220;Gute Gr\u00fcnde f\u00fcr ERAMON&#8220; color=&#8220;black&#8220;]<div class=\"ult-spacer spacer-69eb7fafdb03b\" data-id=\"69eb7fafdb03b\" data-height=\"20\" data-height-mobile=\"20\" data-height-tab=\"20\" data-height-tab-portrait=\"\" data-height-mobile-landscape=\"\" style=\"clear:both;display:block;\"><\/div>[\/vc_column][\/vc_row][vc_row bg_type=&#8220;bg_color&#8220; bg_override=&#8220;full&#8220;][vc_column]<div class=\"uavc-list-icon uavc-list-icon-wrapper ult-adjust-bottom-margin   vc_custom_1669044760442  vc_custom_1669044760442\"><ul class=\"uavc-list\"><li><div class=\"uavc-list-content\" id=\"list-icon-wrap-6338\">\n<div class=\"uavc-list-icon  \" data-animation=\"\" data-animation-delay=\"03\" style=\"margin-right:40px;\"><div class=\"ult-just-icon-wrapper  \"><div class=\"align-icon\" style=\"text-align:center;\">\n<div class=\"aio-icon none \"  style=\"color:#333333;font-size:30px;display:inline-block;\">\n\t<i class=\"icomoon-the7-font-the7-home-022\"><\/i>\n<\/div><\/div><\/div>\n<\/div><span  data-ultimate-target='#list-icon-wrap-6338 .uavc-list-desc'  data-responsive-json-new='{\"font-size\":\"\",\"line-height\":\"\"}'  class=\"uavc-list-desc ult-responsive\" style=\"\"><strong>Remote Arbeitsplatz:<\/strong> Arbeiten aus dem Homeoffice ist m\u00f6glich<\/p>\n<p><\/span><\/div><\/li><li><div class=\"uavc-list-content\" id=\"list-icon-wrap-7149\">\n<div class=\"uavc-list-icon  \" data-animation=\"\" data-animation-delay=\"03\" style=\"margin-right:40px;\"><div class=\"ult-just-icon-wrapper  \"><div class=\"align-icon\" style=\"text-align:center;\">\n<div class=\"aio-icon none \"  style=\"color:#333333;font-size:30px;display:inline-block;\">\n\t<i class=\"fas fa-tasks\"><\/i>\n<\/div><\/div><\/div>\n<\/div><span  data-ultimate-target='#list-icon-wrap-7149 .uavc-list-desc'  data-responsive-json-new='{\"font-size\":\"\",\"line-height\":\"\"}'  class=\"uavc-list-desc ult-responsive\" style=\"\"><strong>Aufgaben:<\/strong> Ein breites Aufgabenspektrum \u2013 basierend auf Deinen Kenntnissen und F\u00e4higkeiten<\/p>\n<p><\/span><\/div><\/li><li><div class=\"uavc-list-content\" id=\"list-icon-wrap-4655\">\n<div class=\"uavc-list-icon  \" data-animation=\"\" data-animation-delay=\"03\" style=\"margin-right:40px;\"><div class=\"ult-just-icon-wrapper  \"><div class=\"align-icon\" style=\"text-align:center;\">\n<div class=\"aio-icon none \"  style=\"color:#333333;font-size:30px;display:inline-block;\">\n\t<i class=\"icomoon-the7-font-the7-heart-filled\"><\/i>\n<\/div><\/div><\/div>\n<\/div><span  data-ultimate-target='#list-icon-wrap-4655 .uavc-list-desc'  data-responsive-json-new='{\"font-size\":\"\",\"line-height\":\"\"}'  class=\"uavc-list-desc ult-responsive\" style=\"\"><strong>Arbeiten:<\/strong> Wir glauben an Dich und Deine F\u00e4higkeiten, daher ist eigenverantwortliches Arbeiten mehr als erw\u00fcnscht<\/p>\n<p><\/span><\/div><\/li><li><div class=\"uavc-list-content\" id=\"list-icon-wrap-2321\">\n<div class=\"uavc-list-icon  \" data-animation=\"\" data-animation-delay=\"03\" style=\"margin-right:40px;\"><div class=\"ult-just-icon-wrapper  \"><div class=\"align-icon\" style=\"text-align:center;\">\n<div class=\"aio-icon none \"  style=\"color:#333333;font-size:30px;display:inline-block;\">\n\t<i class=\"icomoon-the7-font-the7-login-03\"><\/i>\n<\/div><\/div><\/div>\n<\/div><span  data-ultimate-target='#list-icon-wrap-2321 .uavc-list-desc'  data-responsive-json-new='{\"font-size\":\"\",\"line-height\":\"\"}'  class=\"uavc-list-desc ult-responsive\" style=\"\"><strong>Kommunikation:<\/strong> Neben kurzen und schnellen Entscheidungswegen hast Du regelm\u00e4\u00dfige 1:1 Sessions f\u00fcr offenen Austausch<\/p>\n<p><\/span><\/div><\/li><li><div class=\"uavc-list-content\" id=\"list-icon-wrap-3866\">\n<div class=\"uavc-list-icon  \" data-animation=\"\" data-animation-delay=\"03\" style=\"margin-right:40px;\"><div class=\"ult-just-icon-wrapper  \"><div class=\"align-icon\" style=\"text-align:center;\">\n<div class=\"aio-icon none \"  style=\"color:#333333;font-size:30px;display:inline-block;\">\n\t<i class=\"fas fa-desktop\"><\/i>\n<\/div><\/div><\/div>\n<\/div><span  data-ultimate-target='#list-icon-wrap-3866 .uavc-list-desc'  data-responsive-json-new='{\"font-size\":\"\",\"line-height\":\"\"}'  class=\"uavc-list-desc ult-responsive\" style=\"\"><strong>Tech:<\/strong> Moderne Arbeitsplatzausstattung ist f\u00fcr uns ein absolutes Muss<\/p>\n<p><\/span><\/div><\/li><li><div class=\"uavc-list-content\" id=\"list-icon-wrap-5402\">\n<div class=\"uavc-list-icon  \" data-animation=\"\" data-animation-delay=\"03\" style=\"margin-right:40px;\"><div class=\"ult-just-icon-wrapper  \"><div class=\"align-icon\" style=\"text-align:center;\">\n<div class=\"aio-icon none \"  style=\"color:#333333;font-size:30px;display:inline-block;\">\n\t<i class=\"fas fa-pizza-slice\"><\/i>\n<\/div><\/div><\/div>\n<\/div><span  data-ultimate-target='#list-icon-wrap-5402 .uavc-list-desc'  data-responsive-json-new='{\"font-size\":\"\",\"line-height\":\"\"}'  class=\"uavc-list-desc ult-responsive\" style=\"\"><strong>Essen und Getr\u00e4nke:<\/strong> Warme und kalte Getr\u00e4nke und Sweets stehen kostenlos bereit<\/p>\n<p><\/span><\/div><\/li><li><div class=\"uavc-list-content\" id=\"list-icon-wrap-8744\">\n<div class=\"uavc-list-icon  \" data-animation=\"\" data-animation-delay=\"03\" style=\"margin-right:40px;\"><div class=\"ult-just-icon-wrapper  \"><div class=\"align-icon\" style=\"text-align:center;\">\n<div class=\"aio-icon none \"  style=\"color:#333333;font-size:30px;display:inline-block;\">\n\t<i class=\"fas fa-user-graduate\"><\/i>\n<\/div><\/div><\/div>\n<\/div><span  data-ultimate-target='#list-icon-wrap-8744 .uavc-list-desc'  data-responsive-json-new='{\"font-size\":\"\",\"line-height\":\"\"}'  class=\"uavc-list-desc ult-responsive\" style=\"\"><strong>Lernen:<\/strong> W\u00f6chentliche Entwicklungs-Meetings zum Austausch unter Kollegen \u00fcber Technologien und andere Ideen<\/p>\n<p><\/span><\/div><\/li><li><div class=\"uavc-list-content\" id=\"list-icon-wrap-6213\">\n<div class=\"uavc-list-icon  \" data-animation=\"\" data-animation-delay=\"03\" style=\"margin-right:40px;\"><div class=\"ult-just-icon-wrapper  \"><div class=\"align-icon\" style=\"text-align:center;\">\n<div class=\"aio-icon none \"  style=\"color:#333333;font-size:30px;display:inline-block;\">\n\t<i class=\"fas fa-car-side\"><\/i>\n<\/div><\/div><\/div>\n<\/div><span  data-ultimate-target='#list-icon-wrap-6213 .uavc-list-desc'  data-responsive-json-new='{\"font-size\":\"\",\"line-height\":\"\"}'  class=\"uavc-list-desc ult-responsive\" style=\"\"><strong>Anfahrt:<\/strong> G\u00fcnstig an der A8 gelegen kommst Du mit dem Auto aber auch mit \u00f6ffentlichen Verkehrsmitteln bequem ins B\u00fcro<\/p>\n<p><\/span><\/div><\/li><li><div class=\"uavc-list-content\" id=\"list-icon-wrap-5596\">\n<div class=\"uavc-list-icon  \" data-animation=\"\" data-animation-delay=\"03\" style=\"margin-right:40px;\"><div class=\"ult-just-icon-wrapper  \"><div class=\"align-icon\" style=\"text-align:center;\">\n<div class=\"aio-icon none \"  style=\"color:#333333;font-size:30px;display:inline-block;\">\n\t<i class=\"fas fa-parking\"><\/i>\n<\/div><\/div><\/div>\n<\/div><span  data-ultimate-target='#list-icon-wrap-5596 .uavc-list-desc'  data-responsive-json-new='{\"font-size\":\"\",\"line-height\":\"\"}'  class=\"uavc-list-desc ult-responsive\" style=\"\"><strong>Parkplatz:<\/strong> F\u00fcr einen eigenen Parkplatz ist gesorgt<\/p>\n<p><\/span><\/div><\/li><\/ul><\/div>[\/vc_column][\/vc_row]<\/p>\n<\/div>","protected":false},"excerpt":{"rendered":"<p>[vc_row parallax=&#8220;content-moving-fade&#8220; parallax_image=&#8220;1869&#8243; css=&#8220;.vc_custom_1646320083246{padding-top: 20px !important;padding-bottom: 40px !important;}&#8220;][vc_column][\/vc_column][\/vc_row][vc_row css=&#8220;.vc_custom_1591080297241{padding-bottom: 10px !important;}&#8220;][vc_column width=&#8220;2\/3&#8243;][vc_column_text]Hier findest Du eine Auflistung unserer offenen Stellen. Wir sind st\u00e4ndig auf der Suche nach Verst\u00e4rkung. Bitte z\u00f6gere nicht, Dich bei uns zu bewerben![\/vc_column_text][\/vc_column][vc_column width=&#8220;1\/3&#8243;][vc_single_image image=&#8220;1750&#8243; img_size=&#8220;400&#215;460&#8243; alignment=&#8220;right&#8220; image_hovers=&#8220;false&#8220;][\/vc_column][\/vc_row][vc_row][vc_column][vc_text_separator title=&#8220;Gute Gr\u00fcnde f\u00fcr ERAMON&#8220; color=&#8220;black&#8220;][\/vc_column][\/vc_row][vc_row bg_type=&#8220;bg_color&#8220; bg_override=&#8220;full&#8220;][vc_column][\/vc_column][\/vc_row]<\/p>\n","protected":false},"author":2,"featured_media":1869,"parent":0,"menu_order":0,"comment_status":"closed","ping_status":"closed","template":"","meta":{"_monsterinsights_skip_tracking":false,"_monsterinsights_sitenote_active":false,"_monsterinsights_sitenote_note":"","_monsterinsights_sitenote_category":0,"footnotes":""},"class_list":["post-324","page","type-page","status-publish","has-post-thumbnail","hentry","description-off"],"yoast_head":"<!-- This site is optimized with the Yoast SEO plugin v27.4 - https:\/\/yoast.com\/product\/yoast-seo-wordpress\/ -->\n<title>Karriere | Offene Stellenangebote | ERAMON GmbH<\/title>\n<meta name=\"description\" content=\"Software agil und gut strukturiert zu entwickeln ist Deine Passion? Du m\u00f6chtest Teil des ERAMON Teams werden? Hier erf\u00e4hrst Du mehr\" \/>\n<meta name=\"robots\" content=\"index, follow, max-snippet:-1, max-image-preview:large, max-video-preview:-1\" \/>\n<link rel=\"canonical\" href=\"https:\/\/eramon.de\/de\/karriere\/\" \/>\n<meta property=\"og:locale\" content=\"de_DE\" \/>\n<meta property=\"og:type\" content=\"article\" \/>\n<meta property=\"og:title\" content=\"Karriere | Offene Stellenangebote | ERAMON GmbH\" \/>\n<meta property=\"og:description\" content=\"Wir sind ein Entwicklungsteam mit breitem Skill- und Erfahrungsspektrum. Sie m\u00f6chten ein Teil des Teams von ERAMON werden? Erfahren Sie hier mehr\" \/>\n<meta property=\"og:url\" content=\"https:\/\/eramon.de\/de\/karriere\/\" \/>\n<meta property=\"og:site_name\" content=\"ERAMON\" \/>\n<meta property=\"article:modified_time\" content=\"2025-09-16T07:56:47+00:00\" \/>\n<meta property=\"og:image\" content=\"https:\/\/eramon.de\/wp-content\/uploads\/2022\/03\/team-g8f2f38214_1920.jpg\" \/>\n\t<meta property=\"og:image:width\" content=\"1920\" \/>\n\t<meta property=\"og:image:height\" content=\"1280\" \/>\n\t<meta property=\"og:image:type\" content=\"image\/jpeg\" \/>\n<meta name=\"twitter:card\" content=\"summary_large_image\" \/>\n<meta name=\"twitter:title\" content=\"Karriere | Offene Stellenangebote | ERAMON GmbH\" \/>\n<meta name=\"twitter:description\" content=\"Wir sind ein Entwicklungsteam mit breitem Skill- und Erfahrungsspektrum. Sie m\u00f6chten ein Teil des Teams von ERAMON werden? Erfahren Sie hier mehr\" \/>\n<meta name=\"twitter:label1\" content=\"Gesch\u00e4tzte Lesezeit\" \/>\n\t<meta name=\"twitter:data1\" content=\"3\u00a0Minuten\" \/>\n<script type=\"application\/ld+json\" class=\"yoast-schema-graph\">{\"@context\":\"https:\\\/\\\/schema.org\",\"@graph\":[{\"@type\":\"WebPage\",\"@id\":\"https:\\\/\\\/eramon.de\\\/de\\\/karriere\\\/\",\"url\":\"https:\\\/\\\/eramon.de\\\/de\\\/karriere\\\/\",\"name\":\"Karriere | Offene Stellenangebote | ERAMON GmbH\",\"isPartOf\":{\"@id\":\"https:\\\/\\\/eramon.de\\\/de\\\/#website\"},\"primaryImageOfPage\":{\"@id\":\"https:\\\/\\\/eramon.de\\\/de\\\/karriere\\\/#primaryimage\"},\"image\":{\"@id\":\"https:\\\/\\\/eramon.de\\\/de\\\/karriere\\\/#primaryimage\"},\"thumbnailUrl\":\"https:\\\/\\\/eramon.de\\\/wp-content\\\/uploads\\\/2022\\\/03\\\/team-g8f2f38214_1920.jpg\",\"datePublished\":\"2020-05-07T07:12:38+00:00\",\"dateModified\":\"2025-09-16T07:56:47+00:00\",\"description\":\"Software agil und gut strukturiert zu entwickeln ist Deine Passion? Du m\u00f6chtest Teil des ERAMON Teams werden? Hier erf\u00e4hrst Du mehr\",\"breadcrumb\":{\"@id\":\"https:\\\/\\\/eramon.de\\\/de\\\/karriere\\\/#breadcrumb\"},\"inLanguage\":\"de\",\"potentialAction\":[{\"@type\":\"ReadAction\",\"target\":[\"https:\\\/\\\/eramon.de\\\/de\\\/karriere\\\/\"]}]},{\"@type\":\"ImageObject\",\"inLanguage\":\"de\",\"@id\":\"https:\\\/\\\/eramon.de\\\/de\\\/karriere\\\/#primaryimage\",\"url\":\"https:\\\/\\\/eramon.de\\\/wp-content\\\/uploads\\\/2022\\\/03\\\/team-g8f2f38214_1920.jpg\",\"contentUrl\":\"https:\\\/\\\/eramon.de\\\/wp-content\\\/uploads\\\/2022\\\/03\\\/team-g8f2f38214_1920.jpg\",\"width\":1920,\"height\":1280},{\"@type\":\"BreadcrumbList\",\"@id\":\"https:\\\/\\\/eramon.de\\\/de\\\/karriere\\\/#breadcrumb\",\"itemListElement\":[{\"@type\":\"ListItem\",\"position\":1,\"name\":\"Startseite\",\"item\":\"https:\\\/\\\/eramon.de\\\/de\\\/\"},{\"@type\":\"ListItem\",\"position\":2,\"name\":\"Karriere\"}]},{\"@type\":\"WebSite\",\"@id\":\"https:\\\/\\\/eramon.de\\\/de\\\/#website\",\"url\":\"https:\\\/\\\/eramon.de\\\/de\\\/\",\"name\":\"ERAMON\",\"description\":\"Network Management\",\"publisher\":{\"@id\":\"https:\\\/\\\/eramon.de\\\/de\\\/#organization\"},\"potentialAction\":[{\"@type\":\"SearchAction\",\"target\":{\"@type\":\"EntryPoint\",\"urlTemplate\":\"https:\\\/\\\/eramon.de\\\/de\\\/?s={search_term_string}\"},\"query-input\":{\"@type\":\"PropertyValueSpecification\",\"valueRequired\":true,\"valueName\":\"search_term_string\"}}],\"inLanguage\":\"de\"},{\"@type\":\"Organization\",\"@id\":\"https:\\\/\\\/eramon.de\\\/de\\\/#organization\",\"name\":\"ERAMON GmbH\",\"url\":\"https:\\\/\\\/eramon.de\\\/de\\\/\",\"logo\":{\"@type\":\"ImageObject\",\"inLanguage\":\"de\",\"@id\":\"https:\\\/\\\/eramon.de\\\/de\\\/#\\\/schema\\\/logo\\\/image\\\/\",\"url\":\"https:\\\/\\\/eramon.de\\\/wp-content\\\/uploads\\\/2021\\\/02\\\/eramon-logo@2x-2.png\",\"contentUrl\":\"https:\\\/\\\/eramon.de\\\/wp-content\\\/uploads\\\/2021\\\/02\\\/eramon-logo@2x-2.png\",\"width\":612,\"height\":224,\"caption\":\"ERAMON GmbH\"},\"image\":{\"@id\":\"https:\\\/\\\/eramon.de\\\/de\\\/#\\\/schema\\\/logo\\\/image\\\/\"},\"sameAs\":[\"https:\\\/\\\/www.linkedin.com\\\/company\\\/eramon-gmbh\\\/\"]}]}<\/script>\n<!-- \/ Yoast SEO plugin. -->","yoast_head_json":{"title":"Karriere | Offene Stellenangebote | ERAMON GmbH","description":"Software agil und gut strukturiert zu entwickeln ist Deine Passion? Du m\u00f6chtest Teil des ERAMON Teams werden? Hier erf\u00e4hrst Du mehr","robots":{"index":"index","follow":"follow","max-snippet":"max-snippet:-1","max-image-preview":"max-image-preview:large","max-video-preview":"max-video-preview:-1"},"canonical":"https:\/\/eramon.de\/de\/karriere\/","og_locale":"de_DE","og_type":"article","og_title":"Karriere | Offene Stellenangebote | ERAMON GmbH","og_description":"Wir sind ein Entwicklungsteam mit breitem Skill- und Erfahrungsspektrum. Sie m\u00f6chten ein Teil des Teams von ERAMON werden? Erfahren Sie hier mehr","og_url":"https:\/\/eramon.de\/de\/karriere\/","og_site_name":"ERAMON","article_modified_time":"2025-09-16T07:56:47+00:00","og_image":[{"width":1920,"height":1280,"url":"https:\/\/eramon.de\/wp-content\/uploads\/2022\/03\/team-g8f2f38214_1920.jpg","type":"image\/jpeg"}],"twitter_card":"summary_large_image","twitter_title":"Karriere | Offene Stellenangebote | ERAMON GmbH","twitter_description":"Wir sind ein Entwicklungsteam mit breitem Skill- und Erfahrungsspektrum. Sie m\u00f6chten ein Teil des Teams von ERAMON werden? Erfahren Sie hier mehr","twitter_misc":{"Gesch\u00e4tzte Lesezeit":"3\u00a0Minuten"},"schema":{"@context":"https:\/\/schema.org","@graph":[{"@type":"WebPage","@id":"https:\/\/eramon.de\/de\/karriere\/","url":"https:\/\/eramon.de\/de\/karriere\/","name":"Karriere | Offene Stellenangebote | ERAMON GmbH","isPartOf":{"@id":"https:\/\/eramon.de\/de\/#website"},"primaryImageOfPage":{"@id":"https:\/\/eramon.de\/de\/karriere\/#primaryimage"},"image":{"@id":"https:\/\/eramon.de\/de\/karriere\/#primaryimage"},"thumbnailUrl":"https:\/\/eramon.de\/wp-content\/uploads\/2022\/03\/team-g8f2f38214_1920.jpg","datePublished":"2020-05-07T07:12:38+00:00","dateModified":"2025-09-16T07:56:47+00:00","description":"Software agil und gut strukturiert zu entwickeln ist Deine Passion? Du m\u00f6chtest Teil des ERAMON Teams werden? Hier erf\u00e4hrst Du mehr","breadcrumb":{"@id":"https:\/\/eramon.de\/de\/karriere\/#breadcrumb"},"inLanguage":"de","potentialAction":[{"@type":"ReadAction","target":["https:\/\/eramon.de\/de\/karriere\/"]}]},{"@type":"ImageObject","inLanguage":"de","@id":"https:\/\/eramon.de\/de\/karriere\/#primaryimage","url":"https:\/\/eramon.de\/wp-content\/uploads\/2022\/03\/team-g8f2f38214_1920.jpg","contentUrl":"https:\/\/eramon.de\/wp-content\/uploads\/2022\/03\/team-g8f2f38214_1920.jpg","width":1920,"height":1280},{"@type":"BreadcrumbList","@id":"https:\/\/eramon.de\/de\/karriere\/#breadcrumb","itemListElement":[{"@type":"ListItem","position":1,"name":"Startseite","item":"https:\/\/eramon.de\/de\/"},{"@type":"ListItem","position":2,"name":"Karriere"}]},{"@type":"WebSite","@id":"https:\/\/eramon.de\/de\/#website","url":"https:\/\/eramon.de\/de\/","name":"ERAMON","description":"Network Management","publisher":{"@id":"https:\/\/eramon.de\/de\/#organization"},"potentialAction":[{"@type":"SearchAction","target":{"@type":"EntryPoint","urlTemplate":"https:\/\/eramon.de\/de\/?s={search_term_string}"},"query-input":{"@type":"PropertyValueSpecification","valueRequired":true,"valueName":"search_term_string"}}],"inLanguage":"de"},{"@type":"Organization","@id":"https:\/\/eramon.de\/de\/#organization","name":"ERAMON GmbH","url":"https:\/\/eramon.de\/de\/","logo":{"@type":"ImageObject","inLanguage":"de","@id":"https:\/\/eramon.de\/de\/#\/schema\/logo\/image\/","url":"https:\/\/eramon.de\/wp-content\/uploads\/2021\/02\/eramon-logo@2x-2.png","contentUrl":"https:\/\/eramon.de\/wp-content\/uploads\/2021\/02\/eramon-logo@2x-2.png","width":612,"height":224,"caption":"ERAMON GmbH"},"image":{"@id":"https:\/\/eramon.de\/de\/#\/schema\/logo\/image\/"},"sameAs":["https:\/\/www.linkedin.com\/company\/eramon-gmbh\/"]}]}},"_links":{"self":[{"href":"https:\/\/eramon.de\/de\/wp-json\/wp\/v2\/pages\/324","targetHints":{"allow":["GET"]}}],"collection":[{"href":"https:\/\/eramon.de\/de\/wp-json\/wp\/v2\/pages"}],"about":[{"href":"https:\/\/eramon.de\/de\/wp-json\/wp\/v2\/types\/page"}],"author":[{"embeddable":true,"href":"https:\/\/eramon.de\/de\/wp-json\/wp\/v2\/users\/2"}],"replies":[{"embeddable":true,"href":"https:\/\/eramon.de\/de\/wp-json\/wp\/v2\/comments?post=324"}],"version-history":[{"count":42,"href":"https:\/\/eramon.de\/de\/wp-json\/wp\/v2\/pages\/324\/revisions"}],"predecessor-version":[{"id":3500,"href":"https:\/\/eramon.de\/de\/wp-json\/wp\/v2\/pages\/324\/revisions\/3500"}],"wp:featuredmedia":[{"embeddable":true,"href":"https:\/\/eramon.de\/de\/wp-json\/wp\/v2\/media\/1869"}],"wp:attachment":[{"href":"https:\/\/eramon.de\/de\/wp-json\/wp\/v2\/media?parent=324"}],"curies":[{"name":"wp","href":"https:\/\/api.w.org\/{rel}","templated":true}]}}