{"id":3271,"date":"2024-11-15T09:56:30","date_gmt":"2024-11-15T08:56:30","guid":{"rendered":"https:\/\/eramon.de\/?page_id=3271"},"modified":"2024-11-15T10:03:54","modified_gmt":"2024-11-15T09:03:54","slug":"iso-9001-und-iso-27001-zertifizierungen","status":"publish","type":"page","link":"https:\/\/eramon.de\/de\/iso-9001-und-iso-27001-zertifizierungen\/","title":{"rendered":"ISO 9001 und ISO 27001 Zertifizierungen"},"content":{"rendered":"<div class=\"wpb-content-wrapper\"><p>[vc_row][vc_column]<div id=\"ultimate-heading-425669f072fde9e09\" class=\"uvc-heading ult-adjust-bottom-margin ultimate-heading-425669f072fde9e09 uvc-6937 \" data-hspacer=\"line_only\"  data-halign=\"left\" style=\"text-align:left\"><div class=\"uvc-main-heading ult-responsive\"  data-ultimate-target='.uvc-heading.ultimate-heading-425669f072fde9e09 h1'  data-responsive-json-new='{\"font-size\":\"desktop:25px;\",\"line-height\":\"desktop:25px;\"}' ><h1 style=\"--font-weight:theme;color:#241f0c;margin-bottom:20px;\">ERAMON erh\u00e4lt ISO 9001 und ISO 27001 Zertifizierungen<\/h1><\/div><div class=\"uvc-heading-spacer line_only\" style=\"margin-bottom:32px;height:2px;\"><span class=\"uvc-headings-line\" style=\"border-style:solid;border-bottom-width:2px;border-color:#cad30b;width:102px;\"><\/span><\/div><\/div>[\/vc_column][\/vc_row][vc_row][vc_column width=&#8220;2\/3&#8243;][vc_column_text css=&#8220;&#8220;]<span class=\"outlook-search-highlight\" data-markjs=\"true\"><strong>Augsburg, den 08. Juli 2024<\/strong> &#8211; Der Netzwerkmanagement-Spezialist ERAMON<\/span>\u00a0gibt bekannt, dass das Unternehmen offiziell nach den internationalen Standards ISO 9001 und ISO 27001 zertifiziert ist. Der Erhalt beider Zertifizierungen unterstreicht das Engagement von\u00a0<span class=\"outlook-search-highlight\" data-markjs=\"true\">ERAMON<\/span>\u00a0f\u00fcr Qualit\u00e4t und Informationssicherheit.<\/p>\n<p>Die ISO 9001 ist eine weltweit anerkannte Norm, die Anforderungen an ein Qualit\u00e4tsmanagementsystem stellt und sich auf kontinuierliche Verbesserung und Kundenzufriedenheit konzentriert. Diese Zertifizierung best\u00e4tigt die F\u00e4higkeit von\u00a0<span class=\"outlook-search-highlight\" data-markjs=\"true\">ERAMON<\/span>, Produkte und Dienstleistungen konsistent zu liefern, die Kundenanforderungen und regulatorische Anforderungen erf\u00fcllen.<\/p>\n<p>Mit der ISO 27001 Zertifizierung bekr\u00e4ftigt\u00a0<span class=\"outlook-search-highlight\" data-markjs=\"true\">ERAMON<\/span>\u00a0sein Engagement f\u00fcr Sicherheitsstandards im Informationssicherheitsmanagement. Diese Norm legt spezifische Anforderungen f\u00fcr ein Informationssicherheitsmanagementsystem (ISMS) fest, um die Vertraulichkeit, Integrit\u00e4t und Verf\u00fcgbarkeit von Informationen zu gew\u00e4hrleisten.\u00a0<span class=\"outlook-search-highlight\" data-markjs=\"true\">ERAMON<\/span>\u00a0belegt durch diese Zertifizierung die Implementierung effektiver Sicherheitsma\u00dfnahmen zum Schutz sensibler Daten und Informationen.<\/p>\n<p>Kunden von\u00a0<span class=\"outlook-search-highlight\" data-markjs=\"true\">ERAMON<\/span>\u00a0k\u00f6nnen darauf vertrauen, dass ihre Daten in der Netzwerkmanagement-L\u00f6sung und den Dienstleistungen qualitativ hochwertig sind und sicher gesch\u00fctzt werden. Das Unternehmen bleibt seinem Ziel treu, kontinuierlich sowohl die Qualit\u00e4t als auch die Sicherheit seiner Produkte und Dienstleistungen zu verbessern, um die Kundenzufriedenheit und das Vertrauen in die Dienstleistungen von\u00a0<span class=\"outlook-search-highlight\" data-markjs=\"true\">ERAMON<\/span>\u00a0weiter zu st\u00e4rken.[\/vc_column_text][\/vc_column][vc_column width=&#8220;1\/3&#8243;][vc_single_image image=&#8220;2859&#8243; img_size=&#8220;full&#8220; css=&#8220;&#8220; image_hovers=&#8220;false&#8220;][vc_column_text css=&#8220;&#8220;]<strong>Pressekontakt<\/strong>: Florian Sch\u00f6nknecht<\/p>\n<p><a href=\"https:\/\/eramon.de\/de\/kontakt\/\">Hier geht&#8217;s zum Kontaktformular<\/a>[\/vc_column_text][\/vc_column][\/vc_row]<\/p>\n<\/div>","protected":false},"excerpt":{"rendered":"<p>[vc_row][vc_column][\/vc_column][\/vc_row][vc_row][vc_column width=&#8220;2\/3&#8243;][vc_column_text css=&#8220;&#8220;]Augsburg, den 08. Juli 2024 &#8211; Der Netzwerkmanagement-Spezialist ERAMON\u00a0gibt bekannt, dass das Unternehmen offiziell nach den internationalen Standards ISO 9001 und ISO 27001 zertifiziert ist. Der Erhalt beider Zertifizierungen unterstreicht das Engagement von\u00a0ERAMON\u00a0f\u00fcr Qualit\u00e4t und Informationssicherheit. Die ISO 9001 ist eine weltweit anerkannte Norm, die Anforderungen an ein Qualit\u00e4tsmanagementsystem stellt und sich auf&hellip;<\/p>\n","protected":false},"author":6,"featured_media":0,"parent":0,"menu_order":0,"comment_status":"closed","ping_status":"closed","template":"","meta":{"_monsterinsights_skip_tracking":false,"_monsterinsights_sitenote_active":false,"_monsterinsights_sitenote_note":"","_monsterinsights_sitenote_category":0,"footnotes":""},"class_list":["post-3271","page","type-page","status-publish","hentry","description-off"],"yoast_head":"<!-- This site is optimized with the Yoast SEO plugin v27.4 - https:\/\/yoast.com\/product\/yoast-seo-wordpress\/ -->\n<title>ISO 9001 und ISO 27001 Zertifizierungen - ERAMON<\/title>\n<meta name=\"description\" content=\"ERAMON erh\u00e4lt ISO 9001 und ISO 27001 Zertifizierungen\" \/>\n<meta name=\"robots\" content=\"index, follow, max-snippet:-1, max-image-preview:large, max-video-preview:-1\" \/>\n<link rel=\"canonical\" href=\"https:\/\/eramon.de\/de\/iso-9001-und-iso-27001-zertifizierungen\/\" \/>\n<meta property=\"og:locale\" content=\"de_DE\" \/>\n<meta property=\"og:type\" content=\"article\" \/>\n<meta property=\"og:title\" content=\"ISO 9001 und ISO 27001 Zertifizierungen - ERAMON\" \/>\n<meta property=\"og:description\" content=\"ERAMON erh\u00e4lt ISO 9001 und ISO 27001 Zertifizierungen\" \/>\n<meta property=\"og:url\" content=\"https:\/\/eramon.de\/de\/iso-9001-und-iso-27001-zertifizierungen\/\" \/>\n<meta property=\"og:site_name\" content=\"ERAMON\" \/>\n<meta property=\"article:modified_time\" content=\"2024-11-15T09:03:54+00:00\" \/>\n<meta name=\"twitter:card\" content=\"summary_large_image\" \/>\n<meta name=\"twitter:label1\" content=\"Gesch\u00e4tzte Lesezeit\" \/>\n\t<meta name=\"twitter:data1\" content=\"2\u00a0Minuten\" \/>\n<script type=\"application\/ld+json\" class=\"yoast-schema-graph\">{\"@context\":\"https:\\\/\\\/schema.org\",\"@graph\":[{\"@type\":\"WebPage\",\"@id\":\"https:\\\/\\\/eramon.de\\\/de\\\/iso-9001-und-iso-27001-zertifizierungen\\\/\",\"url\":\"https:\\\/\\\/eramon.de\\\/de\\\/iso-9001-und-iso-27001-zertifizierungen\\\/\",\"name\":\"ISO 9001 und ISO 27001 Zertifizierungen - ERAMON\",\"isPartOf\":{\"@id\":\"https:\\\/\\\/eramon.de\\\/de\\\/#website\"},\"datePublished\":\"2024-11-15T08:56:30+00:00\",\"dateModified\":\"2024-11-15T09:03:54+00:00\",\"description\":\"ERAMON erh\u00e4lt ISO 9001 und ISO 27001 Zertifizierungen\",\"breadcrumb\":{\"@id\":\"https:\\\/\\\/eramon.de\\\/de\\\/iso-9001-und-iso-27001-zertifizierungen\\\/#breadcrumb\"},\"inLanguage\":\"de\",\"potentialAction\":[{\"@type\":\"ReadAction\",\"target\":[\"https:\\\/\\\/eramon.de\\\/de\\\/iso-9001-und-iso-27001-zertifizierungen\\\/\"]}]},{\"@type\":\"BreadcrumbList\",\"@id\":\"https:\\\/\\\/eramon.de\\\/de\\\/iso-9001-und-iso-27001-zertifizierungen\\\/#breadcrumb\",\"itemListElement\":[{\"@type\":\"ListItem\",\"position\":1,\"name\":\"Startseite\",\"item\":\"https:\\\/\\\/eramon.de\\\/de\\\/\"},{\"@type\":\"ListItem\",\"position\":2,\"name\":\"ISO 9001 und ISO 27001 Zertifizierungen\"}]},{\"@type\":\"WebSite\",\"@id\":\"https:\\\/\\\/eramon.de\\\/de\\\/#website\",\"url\":\"https:\\\/\\\/eramon.de\\\/de\\\/\",\"name\":\"ERAMON\",\"description\":\"Network Management\",\"publisher\":{\"@id\":\"https:\\\/\\\/eramon.de\\\/de\\\/#organization\"},\"potentialAction\":[{\"@type\":\"SearchAction\",\"target\":{\"@type\":\"EntryPoint\",\"urlTemplate\":\"https:\\\/\\\/eramon.de\\\/de\\\/?s={search_term_string}\"},\"query-input\":{\"@type\":\"PropertyValueSpecification\",\"valueRequired\":true,\"valueName\":\"search_term_string\"}}],\"inLanguage\":\"de\"},{\"@type\":\"Organization\",\"@id\":\"https:\\\/\\\/eramon.de\\\/de\\\/#organization\",\"name\":\"ERAMON GmbH\",\"url\":\"https:\\\/\\\/eramon.de\\\/de\\\/\",\"logo\":{\"@type\":\"ImageObject\",\"inLanguage\":\"de\",\"@id\":\"https:\\\/\\\/eramon.de\\\/de\\\/#\\\/schema\\\/logo\\\/image\\\/\",\"url\":\"https:\\\/\\\/eramon.de\\\/wp-content\\\/uploads\\\/2021\\\/02\\\/eramon-logo@2x-2.png\",\"contentUrl\":\"https:\\\/\\\/eramon.de\\\/wp-content\\\/uploads\\\/2021\\\/02\\\/eramon-logo@2x-2.png\",\"width\":612,\"height\":224,\"caption\":\"ERAMON GmbH\"},\"image\":{\"@id\":\"https:\\\/\\\/eramon.de\\\/de\\\/#\\\/schema\\\/logo\\\/image\\\/\"},\"sameAs\":[\"https:\\\/\\\/www.linkedin.com\\\/company\\\/eramon-gmbh\\\/\"]}]}<\/script>\n<!-- \/ Yoast SEO plugin. -->","yoast_head_json":{"title":"ISO 9001 und ISO 27001 Zertifizierungen - ERAMON","description":"ERAMON erh\u00e4lt ISO 9001 und ISO 27001 Zertifizierungen","robots":{"index":"index","follow":"follow","max-snippet":"max-snippet:-1","max-image-preview":"max-image-preview:large","max-video-preview":"max-video-preview:-1"},"canonical":"https:\/\/eramon.de\/de\/iso-9001-und-iso-27001-zertifizierungen\/","og_locale":"de_DE","og_type":"article","og_title":"ISO 9001 und ISO 27001 Zertifizierungen - ERAMON","og_description":"ERAMON erh\u00e4lt ISO 9001 und ISO 27001 Zertifizierungen","og_url":"https:\/\/eramon.de\/de\/iso-9001-und-iso-27001-zertifizierungen\/","og_site_name":"ERAMON","article_modified_time":"2024-11-15T09:03:54+00:00","twitter_card":"summary_large_image","twitter_misc":{"Gesch\u00e4tzte Lesezeit":"2\u00a0Minuten"},"schema":{"@context":"https:\/\/schema.org","@graph":[{"@type":"WebPage","@id":"https:\/\/eramon.de\/de\/iso-9001-und-iso-27001-zertifizierungen\/","url":"https:\/\/eramon.de\/de\/iso-9001-und-iso-27001-zertifizierungen\/","name":"ISO 9001 und ISO 27001 Zertifizierungen - ERAMON","isPartOf":{"@id":"https:\/\/eramon.de\/de\/#website"},"datePublished":"2024-11-15T08:56:30+00:00","dateModified":"2024-11-15T09:03:54+00:00","description":"ERAMON erh\u00e4lt ISO 9001 und ISO 27001 Zertifizierungen","breadcrumb":{"@id":"https:\/\/eramon.de\/de\/iso-9001-und-iso-27001-zertifizierungen\/#breadcrumb"},"inLanguage":"de","potentialAction":[{"@type":"ReadAction","target":["https:\/\/eramon.de\/de\/iso-9001-und-iso-27001-zertifizierungen\/"]}]},{"@type":"BreadcrumbList","@id":"https:\/\/eramon.de\/de\/iso-9001-und-iso-27001-zertifizierungen\/#breadcrumb","itemListElement":[{"@type":"ListItem","position":1,"name":"Startseite","item":"https:\/\/eramon.de\/de\/"},{"@type":"ListItem","position":2,"name":"ISO 9001 und ISO 27001 Zertifizierungen"}]},{"@type":"WebSite","@id":"https:\/\/eramon.de\/de\/#website","url":"https:\/\/eramon.de\/de\/","name":"ERAMON","description":"Network Management","publisher":{"@id":"https:\/\/eramon.de\/de\/#organization"},"potentialAction":[{"@type":"SearchAction","target":{"@type":"EntryPoint","urlTemplate":"https:\/\/eramon.de\/de\/?s={search_term_string}"},"query-input":{"@type":"PropertyValueSpecification","valueRequired":true,"valueName":"search_term_string"}}],"inLanguage":"de"},{"@type":"Organization","@id":"https:\/\/eramon.de\/de\/#organization","name":"ERAMON GmbH","url":"https:\/\/eramon.de\/de\/","logo":{"@type":"ImageObject","inLanguage":"de","@id":"https:\/\/eramon.de\/de\/#\/schema\/logo\/image\/","url":"https:\/\/eramon.de\/wp-content\/uploads\/2021\/02\/eramon-logo@2x-2.png","contentUrl":"https:\/\/eramon.de\/wp-content\/uploads\/2021\/02\/eramon-logo@2x-2.png","width":612,"height":224,"caption":"ERAMON GmbH"},"image":{"@id":"https:\/\/eramon.de\/de\/#\/schema\/logo\/image\/"},"sameAs":["https:\/\/www.linkedin.com\/company\/eramon-gmbh\/"]}]}},"_links":{"self":[{"href":"https:\/\/eramon.de\/de\/wp-json\/wp\/v2\/pages\/3271","targetHints":{"allow":["GET"]}}],"collection":[{"href":"https:\/\/eramon.de\/de\/wp-json\/wp\/v2\/pages"}],"about":[{"href":"https:\/\/eramon.de\/de\/wp-json\/wp\/v2\/types\/page"}],"author":[{"embeddable":true,"href":"https:\/\/eramon.de\/de\/wp-json\/wp\/v2\/users\/6"}],"replies":[{"embeddable":true,"href":"https:\/\/eramon.de\/de\/wp-json\/wp\/v2\/comments?post=3271"}],"version-history":[{"count":4,"href":"https:\/\/eramon.de\/de\/wp-json\/wp\/v2\/pages\/3271\/revisions"}],"predecessor-version":[{"id":3276,"href":"https:\/\/eramon.de\/de\/wp-json\/wp\/v2\/pages\/3271\/revisions\/3276"}],"wp:attachment":[{"href":"https:\/\/eramon.de\/de\/wp-json\/wp\/v2\/media?parent=3271"}],"curies":[{"name":"wp","href":"https:\/\/api.w.org\/{rel}","templated":true}]}}