{"id":561,"date":"2020-05-08T12:32:47","date_gmt":"2020-05-08T10:32:47","guid":{"rendered":"https:\/\/eramon.de\/?page_id=561"},"modified":"2024-10-28T16:25:50","modified_gmt":"2024-10-28T15:25:50","slug":"schulungen","status":"publish","type":"page","link":"https:\/\/eramon.de\/de\/support\/schulungen\/","title":{"rendered":"Schulungsprogramm"},"content":{"rendered":"<div class=\"wpb-content-wrapper\"><p>[vc_row css=&#8220;.vc_custom_1588260516530{padding-bottom: 50px !important;}&#8220;][vc_column]<div id=\"ultimate-heading-412969eb8454a00cf\" class=\"uvc-heading ult-adjust-bottom-margin ultimate-heading-412969eb8454a00cf uvc-8771 \" data-hspacer=\"line_only\"  data-halign=\"left\" style=\"text-align:left\"><div class=\"uvc-main-heading ult-responsive\"  data-ultimate-target='.uvc-heading.ultimate-heading-412969eb8454a00cf h1'  data-responsive-json-new='{\"font-size\":\"desktop:25px;\",\"line-height\":\"desktop:25px;\"}' ><h1 style=\"--font-weight:theme;color:#241f0c;margin-bottom:20px;\">Schulungsprogramm<\/h1><\/div><div class=\"uvc-heading-spacer line_only\" style=\"margin-bottom:32px;height:2px;\"><span class=\"uvc-headings-line\" style=\"border-style:solid;border-bottom-width:2px;border-color:#cad30b;width:102px;\"><\/span><\/div><\/div>[vc_column_text css=&#8220;&#8220;]In unseren Schulungen f\u00fcr das ERAMON Netzwerkmanagementsystem bieten wir drei aufeinander aufbauende Zertifizierungsstufen an, die den Teilnehmern eine umfassende Kenntnis und effiziente Nutzung des Systems erm\u00f6glichen.[\/vc_column_text][vc_single_image image=&#8220;559&#8243; img_size=&#8220;full&#8220; alignment=&#8220;center&#8220; image_hovers=&#8220;false&#8220; lazy_loading=&#8220;true&#8220;][vc_column_text css=&#8220;&#8220;]<strong>ERAMON Operator:<\/strong> Die Einf\u00fchrungsschulung in das ERAMON System vermittelt ein grundlegendes Verst\u00e4ndnis der <a href=\"https:\/\/eramon.de\/de\/produkt\/architektur\/\">Architektur<\/a> und der Basisfunktionen des Netzwerkmanagementsystems. Teilnehmer lernen, wie sie \u00dcberwachungen einrichten und anpassen k\u00f6nnen, um die Netzwerkperformance kontinuierlich zu \u00fcberwachen und zu optimieren.<\/p>\n<p><strong>ERAMON Designer:<\/strong> In der Designer-Zertifizierung wird das Wissen vertieft, indem die Teilnehmer lernen, das System zu personalisieren. Es wird gezeigt, wie Event-Korrelationen durchgef\u00fchrt werden, um die Ursachen von Problemen effizient zu identifizieren und zu beheben. Die Schulung deckt auch die Nutzung und Anpassung von Templates ab, die f\u00fcr wiederkehrende Szenarien und spezifische Bed\u00fcrfnisse konfiguriert werden k\u00f6nnen.<\/p>\n<p><strong>ERAMON Admin<\/strong><b>:<\/b> Die Admin-Schulung konzentriert sich auf die Verwaltung und Sicherheit des Systems. Teilnehmer erfahren, wie sie Berechtigungen gezielt verwalten und globale Einstellungen vornehmen, um die Systemintegrit\u00e4t und -sicherheit zu gew\u00e4hrleisten. Zus\u00e4tzlich werden Regelwerke behandelt, die helfen, die Netzwerkadministration zu standardisieren und Automatisierungen im Netzwerkmanagement effektiv zu implementieren.<\/p>\n<p>Wenn Sie Interesse an einer unserer Schulungen haben, melden Sie sich einfach \u00fcber unser<a href=\"https:\/\/eramon.de\/de\/kontakt\/\"><strong> Kontakformular<\/strong><\/a> und wir setzen uns so schnell wie m\u00f6glich mit Ihnen in Verbindung.[\/vc_column_text][\/vc_column][\/vc_row]<\/p>\n<\/div>","protected":false},"excerpt":{"rendered":"<p>[vc_row css=&#8220;.vc_custom_1588260516530{padding-bottom: 50px !important;}&#8220;][vc_column][vc_column_text css=&#8220;&#8220;]In unseren Schulungen f\u00fcr das ERAMON Netzwerkmanagementsystem bieten wir drei aufeinander aufbauende Zertifizierungsstufen an, die den Teilnehmern eine umfassende Kenntnis und effiziente Nutzung des Systems erm\u00f6glichen.[\/vc_column_text][vc_single_image image=&#8220;559&#8243; img_size=&#8220;full&#8220; alignment=&#8220;center&#8220; image_hovers=&#8220;false&#8220; lazy_loading=&#8220;true&#8220;][vc_column_text css=&#8220;&#8220;]ERAMON Operator: Die Einf\u00fchrungsschulung in das ERAMON System vermittelt ein grundlegendes Verst\u00e4ndnis der Architektur und der Basisfunktionen des Netzwerkmanagementsystems. Teilnehmer&hellip;<\/p>\n","protected":false},"author":2,"featured_media":0,"parent":262,"menu_order":0,"comment_status":"closed","ping_status":"closed","template":"","meta":{"_monsterinsights_skip_tracking":false,"_monsterinsights_sitenote_active":false,"_monsterinsights_sitenote_note":"","_monsterinsights_sitenote_category":0,"footnotes":""},"class_list":["post-561","page","type-page","status-publish","hentry","description-off"],"yoast_head":"<!-- This site is optimized with the Yoast SEO plugin v27.4 - https:\/\/yoast.com\/product\/yoast-seo-wordpress\/ -->\n<title>Schulungen f\u00fcr unsere Software<\/title>\n<meta name=\"description\" content=\"Sie m\u00f6chten mehr \u00fcber Zertifizierungen von ERAMON erfahren? Kontaktiern Sie uns per Mail oder rufen Sie uns an. Wir informiren Sie gerne\" \/>\n<meta name=\"robots\" content=\"index, follow, max-snippet:-1, max-image-preview:large, max-video-preview:-1\" \/>\n<link rel=\"canonical\" href=\"https:\/\/eramon.de\/de\/support\/schulungen\/\" \/>\n<meta property=\"og:locale\" content=\"de_DE\" \/>\n<meta property=\"og:type\" content=\"article\" \/>\n<meta property=\"og:title\" content=\"Zertifizierungen &amp; Stufen | ERAMON GmbH\" \/>\n<meta property=\"og:description\" content=\"Sie m\u00f6chten mehr \u00fcber Zertifizierungen von ERAMON erfahren? Kontaktiern Sie uns per Mail oder rufen Sie uns an. Wir informiren Sie gerne\" \/>\n<meta property=\"og:url\" content=\"https:\/\/eramon.de\/de\/support\/schulungen\/\" \/>\n<meta property=\"og:site_name\" content=\"ERAMON\" \/>\n<meta property=\"article:modified_time\" content=\"2024-10-28T15:25:50+00:00\" \/>\n<meta name=\"twitter:card\" content=\"summary_large_image\" \/>\n<meta name=\"twitter:title\" content=\"Zertifizierungen &amp; Stufen | ERAMON GmbH\" \/>\n<meta name=\"twitter:description\" content=\"Sie m\u00f6chten mehr \u00fcber Zertifizierungen von ERAMON erfahren? Kontaktiern Sie uns per Mail oder rufen Sie uns an. Wir informiren Sie gerne\" \/>\n<meta name=\"twitter:label1\" content=\"Gesch\u00e4tzte Lesezeit\" \/>\n\t<meta name=\"twitter:data1\" content=\"2\u00a0Minuten\" \/>\n<script type=\"application\/ld+json\" class=\"yoast-schema-graph\">{\"@context\":\"https:\\\/\\\/schema.org\",\"@graph\":[{\"@type\":\"WebPage\",\"@id\":\"https:\\\/\\\/eramon.de\\\/de\\\/support\\\/schulungen\\\/\",\"url\":\"https:\\\/\\\/eramon.de\\\/de\\\/support\\\/schulungen\\\/\",\"name\":\"Schulungen f\u00fcr unsere Software\",\"isPartOf\":{\"@id\":\"https:\\\/\\\/eramon.de\\\/de\\\/#website\"},\"datePublished\":\"2020-05-08T10:32:47+00:00\",\"dateModified\":\"2024-10-28T15:25:50+00:00\",\"description\":\"Sie m\u00f6chten mehr \u00fcber Zertifizierungen von ERAMON erfahren? Kontaktiern Sie uns per Mail oder rufen Sie uns an. Wir informiren Sie gerne\",\"breadcrumb\":{\"@id\":\"https:\\\/\\\/eramon.de\\\/de\\\/support\\\/schulungen\\\/#breadcrumb\"},\"inLanguage\":\"de\",\"potentialAction\":[{\"@type\":\"ReadAction\",\"target\":[\"https:\\\/\\\/eramon.de\\\/de\\\/support\\\/schulungen\\\/\"]}]},{\"@type\":\"BreadcrumbList\",\"@id\":\"https:\\\/\\\/eramon.de\\\/de\\\/support\\\/schulungen\\\/#breadcrumb\",\"itemListElement\":[{\"@type\":\"ListItem\",\"position\":1,\"name\":\"Startseite\",\"item\":\"https:\\\/\\\/eramon.de\\\/de\\\/\"},{\"@type\":\"ListItem\",\"position\":2,\"name\":\"Support\",\"item\":\"https:\\\/\\\/eramon.de\\\/de\\\/support\\\/\"},{\"@type\":\"ListItem\",\"position\":3,\"name\":\"Schulungsprogramm\"}]},{\"@type\":\"WebSite\",\"@id\":\"https:\\\/\\\/eramon.de\\\/de\\\/#website\",\"url\":\"https:\\\/\\\/eramon.de\\\/de\\\/\",\"name\":\"ERAMON\",\"description\":\"Network Management\",\"publisher\":{\"@id\":\"https:\\\/\\\/eramon.de\\\/de\\\/#organization\"},\"potentialAction\":[{\"@type\":\"SearchAction\",\"target\":{\"@type\":\"EntryPoint\",\"urlTemplate\":\"https:\\\/\\\/eramon.de\\\/de\\\/?s={search_term_string}\"},\"query-input\":{\"@type\":\"PropertyValueSpecification\",\"valueRequired\":true,\"valueName\":\"search_term_string\"}}],\"inLanguage\":\"de\"},{\"@type\":\"Organization\",\"@id\":\"https:\\\/\\\/eramon.de\\\/de\\\/#organization\",\"name\":\"ERAMON GmbH\",\"url\":\"https:\\\/\\\/eramon.de\\\/de\\\/\",\"logo\":{\"@type\":\"ImageObject\",\"inLanguage\":\"de\",\"@id\":\"https:\\\/\\\/eramon.de\\\/de\\\/#\\\/schema\\\/logo\\\/image\\\/\",\"url\":\"https:\\\/\\\/eramon.de\\\/wp-content\\\/uploads\\\/2021\\\/02\\\/eramon-logo@2x-2.png\",\"contentUrl\":\"https:\\\/\\\/eramon.de\\\/wp-content\\\/uploads\\\/2021\\\/02\\\/eramon-logo@2x-2.png\",\"width\":612,\"height\":224,\"caption\":\"ERAMON GmbH\"},\"image\":{\"@id\":\"https:\\\/\\\/eramon.de\\\/de\\\/#\\\/schema\\\/logo\\\/image\\\/\"},\"sameAs\":[\"https:\\\/\\\/www.linkedin.com\\\/company\\\/eramon-gmbh\\\/\"]}]}<\/script>\n<!-- \/ Yoast SEO plugin. -->","yoast_head_json":{"title":"Schulungen f\u00fcr unsere Software","description":"Sie m\u00f6chten mehr \u00fcber Zertifizierungen von ERAMON erfahren? Kontaktiern Sie uns per Mail oder rufen Sie uns an. Wir informiren Sie gerne","robots":{"index":"index","follow":"follow","max-snippet":"max-snippet:-1","max-image-preview":"max-image-preview:large","max-video-preview":"max-video-preview:-1"},"canonical":"https:\/\/eramon.de\/de\/support\/schulungen\/","og_locale":"de_DE","og_type":"article","og_title":"Zertifizierungen & Stufen | ERAMON GmbH","og_description":"Sie m\u00f6chten mehr \u00fcber Zertifizierungen von ERAMON erfahren? Kontaktiern Sie uns per Mail oder rufen Sie uns an. Wir informiren Sie gerne","og_url":"https:\/\/eramon.de\/de\/support\/schulungen\/","og_site_name":"ERAMON","article_modified_time":"2024-10-28T15:25:50+00:00","twitter_card":"summary_large_image","twitter_title":"Zertifizierungen & Stufen | ERAMON GmbH","twitter_description":"Sie m\u00f6chten mehr \u00fcber Zertifizierungen von ERAMON erfahren? Kontaktiern Sie uns per Mail oder rufen Sie uns an. Wir informiren Sie gerne","twitter_misc":{"Gesch\u00e4tzte Lesezeit":"2\u00a0Minuten"},"schema":{"@context":"https:\/\/schema.org","@graph":[{"@type":"WebPage","@id":"https:\/\/eramon.de\/de\/support\/schulungen\/","url":"https:\/\/eramon.de\/de\/support\/schulungen\/","name":"Schulungen f\u00fcr unsere Software","isPartOf":{"@id":"https:\/\/eramon.de\/de\/#website"},"datePublished":"2020-05-08T10:32:47+00:00","dateModified":"2024-10-28T15:25:50+00:00","description":"Sie m\u00f6chten mehr \u00fcber Zertifizierungen von ERAMON erfahren? Kontaktiern Sie uns per Mail oder rufen Sie uns an. Wir informiren Sie gerne","breadcrumb":{"@id":"https:\/\/eramon.de\/de\/support\/schulungen\/#breadcrumb"},"inLanguage":"de","potentialAction":[{"@type":"ReadAction","target":["https:\/\/eramon.de\/de\/support\/schulungen\/"]}]},{"@type":"BreadcrumbList","@id":"https:\/\/eramon.de\/de\/support\/schulungen\/#breadcrumb","itemListElement":[{"@type":"ListItem","position":1,"name":"Startseite","item":"https:\/\/eramon.de\/de\/"},{"@type":"ListItem","position":2,"name":"Support","item":"https:\/\/eramon.de\/de\/support\/"},{"@type":"ListItem","position":3,"name":"Schulungsprogramm"}]},{"@type":"WebSite","@id":"https:\/\/eramon.de\/de\/#website","url":"https:\/\/eramon.de\/de\/","name":"ERAMON","description":"Network Management","publisher":{"@id":"https:\/\/eramon.de\/de\/#organization"},"potentialAction":[{"@type":"SearchAction","target":{"@type":"EntryPoint","urlTemplate":"https:\/\/eramon.de\/de\/?s={search_term_string}"},"query-input":{"@type":"PropertyValueSpecification","valueRequired":true,"valueName":"search_term_string"}}],"inLanguage":"de"},{"@type":"Organization","@id":"https:\/\/eramon.de\/de\/#organization","name":"ERAMON GmbH","url":"https:\/\/eramon.de\/de\/","logo":{"@type":"ImageObject","inLanguage":"de","@id":"https:\/\/eramon.de\/de\/#\/schema\/logo\/image\/","url":"https:\/\/eramon.de\/wp-content\/uploads\/2021\/02\/eramon-logo@2x-2.png","contentUrl":"https:\/\/eramon.de\/wp-content\/uploads\/2021\/02\/eramon-logo@2x-2.png","width":612,"height":224,"caption":"ERAMON GmbH"},"image":{"@id":"https:\/\/eramon.de\/de\/#\/schema\/logo\/image\/"},"sameAs":["https:\/\/www.linkedin.com\/company\/eramon-gmbh\/"]}]}},"_links":{"self":[{"href":"https:\/\/eramon.de\/de\/wp-json\/wp\/v2\/pages\/561","targetHints":{"allow":["GET"]}}],"collection":[{"href":"https:\/\/eramon.de\/de\/wp-json\/wp\/v2\/pages"}],"about":[{"href":"https:\/\/eramon.de\/de\/wp-json\/wp\/v2\/types\/page"}],"author":[{"embeddable":true,"href":"https:\/\/eramon.de\/de\/wp-json\/wp\/v2\/users\/2"}],"replies":[{"embeddable":true,"href":"https:\/\/eramon.de\/de\/wp-json\/wp\/v2\/comments?post=561"}],"version-history":[{"count":17,"href":"https:\/\/eramon.de\/de\/wp-json\/wp\/v2\/pages\/561\/revisions"}],"predecessor-version":[{"id":3087,"href":"https:\/\/eramon.de\/de\/wp-json\/wp\/v2\/pages\/561\/revisions\/3087"}],"up":[{"embeddable":true,"href":"https:\/\/eramon.de\/de\/wp-json\/wp\/v2\/pages\/262"}],"wp:attachment":[{"href":"https:\/\/eramon.de\/de\/wp-json\/wp\/v2\/media?parent=561"}],"curies":[{"name":"wp","href":"https:\/\/api.w.org\/{rel}","templated":true}]}}